{"id":32307,"date":"2026-05-01T01:34:36","date_gmt":"2026-05-01T01:34:36","guid":{"rendered":"https:\/\/emeniro.lovehorses.lv\/product\/gorenje-geit5c61xpg-indukcijas\/"},"modified":"2026-05-01T01:34:36","modified_gmt":"2026-05-01T01:34:36","slug":"gorenje-geit5c61xpg-indukcijas","status":"publish","type":"product","link":"https:\/\/emeniro.lovehorses.lv\/ru\/product\/gorenje-geit5c61xpg-indukcijas\/","title":{"rendered":"Gorenje GEIT5C61XPG \u0418\u043d\u0434\u0443\u043a\u0446\u0438\u043e\u043d\u043d\u0430\u044f \u043f\u043b\u0438\u0442\u0430"},"content":{"rendered":"<p>\u0411\u0440\u0435\u043d\u0434 Gorenje<\/p>\n<p>\u0422\u0438\u043f \u0432\u0430\u0440\u043e\u0447\u043d\u043e\u0439 \u043f\u0430\u043d\u0435\u043b\u0438 \u0418\u043d\u0434\u0443\u043a\u0446\u0438\u043e\u043d\u043d\u0430\u044f<br \/>\u0426\u0432\u0435\u0442 \u041d\u0435\u0440\u0436\u0430\u0432\u0435\u044e\u0449\u0430\u044f \u0441\u0442\u0430\u043b\u044c<br \/>\u041a\u043b\u0430\u0441\u0441 \u044d\u043d\u0435\u0440\u0433\u043e\u044d\u0444\u0444\u0435\u043a\u0442\u0438\u0432\u043d\u043e\u0441\u0442\u0438 A<br \/>\u041a\u043e\u043b\u0438\u0447\u0435\u0441\u0442\u0432\u043e \u043a\u043e\u043d\u0444\u043e\u0440\u043e\u043a 4<br \/>\u041a\u043e\u0434 \u043f\u0440\u043e\u0434\u0443\u043a\u0442\u0430 740742<br \/>EAN 3838782624988<br \/>\u0420\u0430\u0437\u043c\u0435\u0440\u044b, \u0432\u0435\u0441<br \/>\u0412\u044b\u0441\u043e\u0442\u0430 85 \u0441\u043c<br \/>\u0428\u0438\u0440\u0438\u043d\u0430 50 \u0441\u043c<br \/>\u0413\u043b\u0443\u0431\u0438\u043d\u0430 59.4 \u0441\u043c<br \/>\u0412\u0435\u0441 41.1 \u043a\u0433<br \/>\u0412\u0435\u0441 \u0441 \u0443\u043f\u0430\u043a\u043e\u0432\u043a\u043e\u0439 44.3 \u043a\u0433<br \/>\u041f\u0430\u0440\u0430\u043c\u0435\u0442\u0440\u044b \u0434\u0443\u0445\u043e\u0432\u043a\u0438<br \/>\u0422\u0438\u043f \u0434\u0443\u0445\u043e\u0432\u043a\u0438 \u042d\u043b\u0435\u043a\u0442\u0440\u0438\u0447\u0435\u0441\u043a\u0430\u044f<br \/>\u041e\u0431\u044a\u0435\u043c \u0434\u0443\u0445\u043e\u0432\u043a\u0438 70 \u043b<br \/>\u0420\u0435\u0436\u0438\u043c\u043e\u0432 11<br \/>\u0422\u0430\u0439\u043c\u0435\u0440 \u0434\u0443\u0445\u043e\u0432\u043a\u0438 \u0415\u0441\u0442\u044c<br \/>\u041a\u043e\u043d\u0432\u0435\u043a\u0446\u0438\u044f <br \/>\u0413\u0440\u0438\u043b\u044c \u0434\u0443\u0445\u043e\u0432\u043a\u0438 \u0415\u0441\u0442\u044c<br \/>\u0424\u0443\u043d\u043a\u0446\u0438\u044f \u043e\u0447\u0438\u0441\u0442\u043a\u0438 \u0434\u0443\u0445\u043e\u0432\u043a\u0438 \u041a\u0430\u0442\u0430\u043b\u0438\u0442\u0438\u0447\u0435\u0441\u043a\u0430\u044f<br \/>\u0422\u0435\u043b\u0435\u0441\u043a\u043e\u043f\u0438\u0447\u0435\u0441\u043a\u0438\u0435 \u043d\u0430\u043f\u0440\u0430\u0432\u043b\u044f\u044e\u0449\u0438\u0435 1 \u0443\u0440\u043e\u0432\u0435\u043d\u044c<br \/>\u041a\u043e\u043c\u043f\u043b\u0435\u043a\u0442\u0430\u0446\u0438\u044f 1 \u0441\u0442\u0430\u043d\u0434\u0430\u0440\u0442\u043d\u044b\u0439 \u043f\u0440\u043e\u0442\u0438\u0432\u0435\u043d\u044c, 1 \u0433\u043b\u0443\u0431\u043e\u043a\u0438\u0439 \u043f\u0440\u043e\u0442\u0438\u0432\u0435\u043d\u044c, 1 \u0440\u0435\u0448\u0435\u0442\u043a\u0430<\/p>","protected":false},"excerpt":{"rendered":"<p>Pre\u010du z\u012bme Gorenje Sildvirsma IndukcijasKr\u0101sa Ner\u016bs\u0113jo\u0161a t\u0113raudaEnergoefektivit\u0101tes klase ASildri\u0146\u0137u skaits 4Produkta kods 740742EAN 3838782624988Izm\u0113ri, svarsAugstums 85 cmPlatums 50 cmDzi\u013cums 59.4 cmSvars 41.1 kgSvars ar iepakojumu 44.3 kgCepe\u0161kr\u0101sns parametriCepe\u0161kr\u0101sns veids ElektriskaCepe\u0161kr\u0101sns tilpums 70 lRe\u017e\u012bmi 11Taimeris cepe\u0161kr\u0101snij IrKonvekcija Grils cepe\u0161kr\u0101snij IrCepe\u0161kr\u0101sns t\u012br\u012b\u0161anas funkcija Katal\u012btisk\u0101Teleskopisk\u0101s vadotnes 1 l\u012bme\u0146aPiederumi 1 standarta panna, 1 dzi\u013c\u0101 panna, 1 re\u017e\u0123is<\/p>","protected":false},"featured_media":32302,"comment_status":"open","ping_status":"closed","template":"","meta":{"_joinchat":[]},"product_brand":[271],"product_cat":[297],"product_tag":[],"class_list":{"0":"post-32307","1":"product","2":"type-product","3":"status-publish","4":"has-post-thumbnail","6":"product_brand-gorenje","7":"product_cat-sadzives-tehnika-elektriskas-plitis","9":"first","10":"instock","11":"shipping-taxable","12":"purchasable","13":"product-type-simple"},"_links":{"self":[{"href":"https:\/\/emeniro.lovehorses.lv\/ru\/wp-json\/wp\/v2\/product\/32307","targetHints":{"allow":["GET"]}}],"collection":[{"href":"https:\/\/emeniro.lovehorses.lv\/ru\/wp-json\/wp\/v2\/product"}],"about":[{"href":"https:\/\/emeniro.lovehorses.lv\/ru\/wp-json\/wp\/v2\/types\/product"}],"replies":[{"embeddable":true,"href":"https:\/\/emeniro.lovehorses.lv\/ru\/wp-json\/wp\/v2\/comments?post=32307"}],"wp:featuredmedia":[{"embeddable":true,"href":"https:\/\/emeniro.lovehorses.lv\/ru\/wp-json\/wp\/v2\/media\/32302"}],"wp:attachment":[{"href":"https:\/\/emeniro.lovehorses.lv\/ru\/wp-json\/wp\/v2\/media?parent=32307"}],"wp:term":[{"taxonomy":"product_brand","embeddable":true,"href":"https:\/\/emeniro.lovehorses.lv\/ru\/wp-json\/wp\/v2\/product_brand?post=32307"},{"taxonomy":"product_cat","embeddable":true,"href":"https:\/\/emeniro.lovehorses.lv\/ru\/wp-json\/wp\/v2\/product_cat?post=32307"},{"taxonomy":"product_tag","embeddable":true,"href":"https:\/\/emeniro.lovehorses.lv\/ru\/wp-json\/wp\/v2\/product_tag?post=32307"}],"curies":[{"name":"wp","href":"https:\/\/api.w.org\/{rel}","templated":true}]}}