{"id":32355,"date":"2026-05-01T01:35:39","date_gmt":"2026-05-01T01:35:39","guid":{"rendered":"https:\/\/emeniro.lovehorses.lv\/product\/samsung-%d0%ba%d0%be%d0%b4-ar09txfybwknee-ar09txfybwkxee\/"},"modified":"2026-05-01T01:35:39","modified_gmt":"2026-05-01T01:35:39","slug":"samsung-%d0%ba%d0%be%d0%b4-ar09txfybwknee-ar09txfybwkxee","status":"publish","type":"product","link":"https:\/\/emeniro.lovehorses.lv\/ru\/product\/samsung-%d0%ba%d0%be%d0%b4-ar09txfybwknee-ar09txfybwkxee\/","title":{"rendered":"Samsung \u041a\u043e\u0434 AR09TXFYBWKNEE + AR09TXFYBWKXEE"},"content":{"rendered":"<\/p>\n<p>\u041f\u043b\u043e\u0449\u0430\u0434\u044c \u043f\u043e\u043c\u0435\u0449\u0435\u043d\u0438\u044f (\u0434\u043e), \u043a\u0432.\u043c 30<br \/>COP (\u043d\u043e\u043c\u0438\u043d\u0430\u043b\u044c\u043d\u043e\u0435 \u0442\u0435\u043f\u043b\u043e) (A7\/W35) 4,74<br \/>EER (\u043d\u043e\u043c\u0438\u043d\u0430\u043b\u044c\u043d\u043e\u0435 \u043e\u0445\u043b\u0430\u0436\u0434\u0435\u043d\u0438\u0435) (A7\/W35) 4,63<br \/>SCOP 4.6<br \/>\u0420\u0430\u0431\u043e\u0447\u0430\u044f \u0442\u0435\u043c\u043f\u0435\u0440\u0430\u0442\u0443\u0440\u0430 \u043e\u0442\u043e\u043f\u043b\u0435\u043d\u0438\u044f -30 ~ 24 \u2103<br \/>\u0420\u0430\u0431\u043e\u0447\u0430\u044f \u0442\u0435\u043c\u043f\u0435\u0440\u0430\u0442\u0443\u0440\u0430 \u043e\u0445\u043b\u0430\u0436\u0434\u0435\u043d\u0438\u044f -15 ~ 46 \u2103<br \/>\u0411\u0435\u0441\u043f\u0440\u043e\u0432\u043e\u0434\u043d\u043e\u0439 \u0438\u043d\u0442\u0435\u0440\u043d\u0435\u0442<\/p>\n<p><\/p>\n<p>\u042d\u0442\u0430 \u0441\u0438\u0441\u0442\u0435\u043c\u0430 \u043d\u0435 \u0437\u0430\u043d\u0438\u043c\u0430\u0435\u0442 \u043c\u043d\u043e\u0433\u043e \u043c\u0435\u0441\u0442\u0430, \u043f\u043e\u044d\u0442\u043e\u043c\u0443 \u043e\u043d\u0430 \u0443\u0434\u043e\u0431\u043d\u0430 \u0434\u043b\u044f \u043e\u0442\u043e\u043f\u043b\u0435\u043d\u0438\u044f\/\u043e\u0445\u043b\u0430\u0436\u0434\u0435\u043d\u0438\u044f \u043e\u0434\u043d\u043e\u0439 \u0438\u043b\u0438 \u043d\u0435\u0441\u043a\u043e\u043b\u044c\u043a\u0438\u0445 \u043a\u043e\u043c\u043d\u0430\u0442, \u043a\u0432\u0430\u0440\u0442\u0438\u0440 \u0438\u043b\u0438 \u043d\u0435\u0431\u043e\u043b\u044c\u0448\u0438\u0445 \u0434\u043e\u043c\u043e\u0432.\u00a0<\/p>\n<p>Gaisa-gaisa\u00a0 siltums\u016bk\u0146i siltumu vai aukstumu p\u0101rnes tie\u0161i iek\u0161telpu gais\u0101, piem\u0113ram, gaisa kondicionieros. Invertors \u013cauj sasniegt \u0101tru apkuri un dzes\u0113\u0161anu ar minim\u0101lu elektroener\u0123ijas pat\u0113ri\u0146u. Galven\u0101s at\u0161\u0137ir\u012bbas starp gaiss-gaiss siltums\u016bk\u0146iem un gaisa kondicionieriem ir efektivit\u0101te un darba temperat\u016bra. Parastie gaisa kondicionieri bie\u017ei vien var sasild\u012bties tikai l\u012bdz \u0101ra temperat\u016brai -15\u00baC, un negat\u012bv\u0101 temperat\u016br\u0101 to efektivit\u0101te iev\u0113rojami samazin\u0101s. Tikm\u0113r gaiss-gaiss siltums\u016bk\u0146i var perfekti un efekt\u012bvi sild\u012bt pat l\u012bdz -30\u00baC, un to piel\u0101go\u0161ana \u0161\u0101diem apst\u0101k\u013ciem \u013cauj iek\u0101rtai kalpot ilg\u0101k.<\/p>\n<p>\u0412\u043e\u0437\u0434\u0443\u0448\u043d\u0430\u044f \u0441\u0438\u0441\u0442\u0435\u043c\u0430 \u043e\u0431\u043e\u0433\u0440\u0435\u0432\u0430\u0435\u0442 \u0442\u043e\u043b\u044c\u043a\u043e \u043e\u0434\u043d\u043e \u043f\u043e\u043c\u0435\u0449\u0435\u043d\u0438\u0435, \u043f\u043e\u044d\u0442\u043e\u043c\u0443 \u043e\u043d\u0430 \u043b\u0443\u0447\u0448\u0435 \u0432\u0441\u0435\u0433\u043e \u043f\u043e\u0434\u0445\u043e\u0434\u0438\u0442 \u0434\u043b\u044f \u043e\u0434\u043d\u043e\u0433\u043e \u0431\u043e\u043b\u044c\u0448\u043e\u0433\u043e \u043f\u043e\u043c\u0435\u0449\u0435\u043d\u0438\u044f. \u0412\u043e\u0437\u0434\u0443\u0448\u043d\u044b\u0435 \u0442\u0435\u043f\u043b\u043e\u0432\u044b\u0435 \u043d\u0430\u0441\u043e\u0441\u044b \u043c\u043e\u0436\u043d\u043e \u043a\u043e\u043c\u0431\u0438\u043d\u0438\u0440\u043e\u0432\u0430\u0442\u044c \u0441 \u043b\u044e\u0431\u044b\u043c\u0438 \u0441\u0442\u0430\u043d\u0434\u0430\u0440\u0442\u043d\u044b\u043c\u0438 \u0441\u0438\u0441\u0442\u0435\u043c\u0430\u043c\u0438 \u043e\u0442\u043e\u043f\u043b\u0435\u043d\u0438\u044f, \u0441\u043d\u0438\u0436\u0430\u044f \u0440\u0430\u0441\u0445\u043e\u0434\u044b \u043d\u0430 \u043e\u0442\u043e\u043f\u043b\u0435\u043d\u0438\u0435, \u0443\u043b\u0443\u0447\u0448\u0430\u044f \u043a\u0430\u0447\u0435\u0441\u0442\u0432\u043e \u0432\u043e\u0437\u0434\u0443\u0445\u0430 \u0432 \u043f\u043e\u043c\u0435\u0449\u0435\u043d\u0438\u0438 \u0438 \u043e\u0431\u0435\u0441\u043f\u0435\u0447\u0438\u0432\u0430\u044f \u043e\u043f\u0442\u0438\u043c\u0430\u043b\u044c\u043d\u044b\u0439 \u043c\u0438\u043a\u0440\u043e\u043a\u043b\u0438\u043c\u0430\u0442. \u042d\u0442\u043e \u043e\u0442\u043b\u0438\u0447\u043d\u044b\u0439 \u0432\u044b\u0431\u043e\u0440 \u0434\u043b\u044f \u044d\u043a\u043e\u043d\u043e\u043c\u0438\u0447\u043d\u043e\u0433\u043e \u0438 \u0431\u044b\u0441\u0442\u0440\u043e\u0433\u043e \u043e\u0431\u043e\u0433\u0440\u0435\u0432\u0430 \u043f\u043e\u043c\u0435\u0449\u0435\u043d\u0438\u0439.<\/p>\n<p><b>\u041f\u0440\u0435\u0438\u043c\u0443\u0449\u0435\u0441\u0442\u0432\u0430 \u0432\u043e\u0437\u0434\u0443\u0448\u043d\u043e\u0433\u043e \u0442\u0435\u043f\u043b\u043e\u0432\u043e\u0433\u043e \u043d\u0430\u0441\u043e\u0441\u0430:<\/b><\/p>\n<p>\u041d\u0435\u0442 \u043d\u0435\u043e\u0431\u0445\u043e\u0434\u0438\u043c\u043e\u0441\u0442\u0438 \u0443\u0441\u0442\u0430\u043d\u0430\u0432\u043b\u0438\u0432\u0430\u0442\u044c \u043e\u0442\u0434\u0435\u043b\u044c\u043d\u0443\u044e \u0441\u0438\u0441\u0442\u0435\u043c\u0443 \u043e\u0442\u043e\u043f\u043b\u0435\u043d\u0438\u044f, \u043d\u0430\u043f\u0440\u0438\u043c\u0435\u0440, \u0440\u0430\u0434\u0438\u0430\u0442\u043e\u0440\u044b \u0438\u043b\u0438 \u043a\u0430\u043d\u0430\u043b\u044b \u043f\u043e\u0434\u0430\u0447\u0438 \u0433\u043e\u0440\u044f\u0447\u0435\u0433\u043e \u0432\u043e\u0437\u0434\u0443\u0445\u0430.<\/p>\n<p>J\u016bs sa\u0146emat tr\u012bs funkcijas vien\u0101 sist\u0113m\u0101 \u2013 telpu apsild\u012b\u0161anu ziem\u0101, dzes\u0113\u0161anu vasar\u0101 un gaisa att\u012br\u012b\u0161anu.<\/p>\n<p>\u0412 \u0441\u0440\u0430\u0432\u043d\u0435\u043d\u0438\u0438 \u0441 \u0434\u0440\u0443\u0433\u0438\u043c\u0438 \u0441\u0438\u0441\u0442\u0435\u043c\u0430\u043c\u0438 \u043e\u0442\u043e\u043f\u043b\u0435\u043d\u0438\u044f \u0438\u043d\u0432\u0435\u0441\u0442\u0438\u0446\u0438\u0438 \u043d\u0435\u0432\u0435\u043b\u0438\u043a\u0438, \u0438 \u043e\u043d\u0438 \u0431\u044b\u0441\u0442\u0440\u043e \u043e\u043a\u0443\u043f\u0430\u044e\u0442\u0441\u044f.<\/p>\n<p>Gaiss-gaiss siltums\u016bk\u0146us var uzst\u0101d\u012bt jebkur\u0101 m\u0101j\u0101 \u2013 gan dz\u012bvojam\u0101, gan jaunuzcelt\u0101.<\/p>\n<p>\u0412\u044b\u0434\u0443\u0432\u0430\u0435\u043c\u044b\u0439 \u0432\u043e\u0437\u0434\u0443\u0448\u043d\u044b\u0439 \u043f\u043e\u0442\u043e\u043a \u0441\u043c\u0435\u0448\u0438\u0432\u0430\u0435\u0442 \u0432\u043e\u0437\u0434\u0443\u0445 \u0432 \u043f\u043e\u043c\u0435\u0449\u0435\u043d\u0438\u0438, \u043d\u0435\u043c\u043d\u043e\u0433\u043e \u0435\u0433\u043e \u043e\u0441\u0443\u0448\u0430\u044f, \u0447\u0442\u043e \u043f\u0440\u0435\u0434\u043e\u0442\u0432\u0440\u0430\u0449\u0430\u0435\u0442 \u043e\u0431\u0440\u0430\u0437\u043e\u0432\u0430\u043d\u0438\u0435 \u0438\/\u0438\u043b\u0438 \u0440\u0430\u0441\u043f\u0440\u043e\u0441\u0442\u0440\u0430\u043d\u0435\u043d\u0438\u0435 \u043f\u043b\u0435\u0441\u0435\u043d\u0438.<\/p>\n<p>\u00a0<\/p>\n<p>\u041d\u0430\u0441\u043b\u0430\u0436\u0434\u0430\u0439\u0442\u0435\u0441\u044c \u0431\u043e\u043b\u0435\u0435 \u0443\u043c\u043d\u043e\u0439 \u0436\u0438\u0437\u043d\u044c\u044e (AI Auto Comfort)<\/p>\n<p>\u0418\u0441\u043f\u043e\u043b\u044c\u0437\u0443\u0439\u0442\u0435 \u0444\u0443\u043d\u043a\u0446\u0438\u044e AI Auto Comfort \u0434\u043b\u044f \u0431\u043e\u043b\u0435\u0435 \u0443\u043c\u043d\u043e\u0439 \u0436\u0438\u0437\u043d\u0438. \u042d\u0442\u0430 \u0444\u0443\u043d\u043a\u0446\u0438\u044f \u0430\u0432\u0442\u043e\u043c\u0430\u0442\u0438\u0447\u0435\u0441\u043a\u0438 \u0430\u043d\u0430\u043b\u0438\u0437\u0438\u0440\u0443\u0435\u0442 \u0443\u0441\u043b\u043e\u0432\u0438\u044f \u0432 \u043f\u043e\u043c\u0435\u0449\u0435\u043d\u0438\u0438, \u043f\u0440\u0438\u0432\u044b\u0447\u043a\u0438 \u0438\u0441\u043f\u043e\u043b\u044c\u0437\u043e\u0432\u0430\u043d\u0438\u044f \u0443\u0441\u0442\u0440\u043e\u0439\u0441\u0442\u0432\u0430 \u0438 \u043e\u043f\u0442\u0438\u043c\u0438\u0437\u0438\u0440\u0443\u0435\u0442 \u0440\u0430\u0437\u043b\u0438\u0447\u043d\u044b\u0435 \u0440\u0435\u0436\u0438\u043c\u044b. \u0412 \u0437\u0430\u0432\u0438\u0441\u0438\u043c\u043e\u0441\u0442\u0438 \u043e\u0442 \u0436\u0435\u043b\u0430\u0435\u043c\u043e\u0439 \u0442\u0435\u043c\u043f\u0435\u0440\u0430\u0442\u0443\u0440\u044b \u0430\u0432\u0442\u043e\u043c\u0430\u0442\u0438\u0447\u0435\u0441\u043a\u0438 \u0430\u043a\u0442\u0438\u0432\u0438\u0440\u0443\u0435\u0442\u0441\u044f \u0440\u0435\u0436\u0438\u043c, \u043e\u0431\u0435\u0441\u043f\u0435\u0447\u0438\u0432\u0430\u044e\u0449\u0438\u0439 \u043e\u043f\u0442\u0438\u043c\u0430\u043b\u044c\u043d\u044b\u0435 \u0443\u0441\u043b\u043e\u0432\u0438\u044f.<\/p>\n<p><img decoding=\"async\" src=\"https:\/\/teplodar.eu\/img\/cms\/samsung\/Screenshot_4.jpg\" width=\"100%\" style=\"border-style: none\"><\/p>\n<p>Kontrol\u0113jiet att\u0101lin\u0101ti jebkur\u0101 laik\u0101 un viet\u0101 (SmartThings lietotne, izmantojot Wi-Fi \u2013 ier\u012bc\u0113 jau integr\u0113ta papildu ier\u012bce).<\/p>\n<p>\u041a\u043e\u043d\u0442\u0440\u043e\u043b\u0438\u0440\u0443\u0439\u0442\u0435 \u0442\u0435\u043c\u043f\u0435\u0440\u0430\u0442\u0443\u0440\u0443 \u0432 \u0434\u043e\u043c\u0435 \u0432 \u043b\u044e\u0431\u043e\u0435 \u0432\u0440\u0435\u043c\u044f \u0438 \u043c\u0435\u0441\u0442\u0435. \u0421 \u043f\u043e\u043c\u043e\u0449\u044c\u044e \u043f\u0440\u0438\u043b\u043e\u0436\u0435\u043d\u0438\u044f SmartThings \u0432\u044b \u043c\u043e\u0436\u0435\u0442\u0435 \u0443\u0434\u0430\u043b\u0435\u043d\u043d\u043e \u0443\u043f\u0440\u0430\u0432\u043b\u044f\u0442\u044c \u0438 \u043a\u043e\u043d\u0442\u0440\u043e\u043b\u0438\u0440\u043e\u0432\u0430\u0442\u044c \u043a\u043e\u043d\u0434\u0438\u0446\u0438\u043e\u043d\u0435\u0440 \u043e\u0434\u043d\u0438\u043c \u043a\u0430\u0441\u0430\u043d\u0438\u0435\u043c. \u041f\u0440\u043e\u0441\u0442\u043e \u0443\u043a\u0430\u0436\u0438\u0442\u0435 \u0441\u0432\u043e\u0438 \u043f\u0440\u0435\u0434\u043f\u043e\u0447\u0442\u0435\u043d\u0438\u044f \u0441\u0438\u0441\u0442\u0435\u043c\u0435 \u0438\u0441\u043a\u0443\u0441\u0441\u0442\u0432\u0435\u043d\u043d\u043e\u0433\u043e \u0438\u043d\u0442\u0435\u043b\u043b\u0435\u043a\u0442\u0430 (\u0418\u0418) \u0438 \u043d\u0430\u0441\u043b\u0430\u0436\u0434\u0430\u0439\u0442\u0435\u0441\u044c \u0441\u0432\u043e\u0431\u043e\u0434\u043e\u0439. \u041a\u0440\u043e\u043c\u0435 \u0442\u043e\u0433\u043e, \u0441\u0430\u043c\u0430 \u0441\u0438\u0441\u0442\u0435\u043c\u0430 \u043f\u0440\u0435\u0434\u043b\u043e\u0436\u0438\u0442 \u043e\u043f\u0442\u0438\u043c\u0430\u043b\u044c\u043d\u044b\u0435 \u043d\u0430\u0441\u0442\u0440\u043e\u0439\u043a\u0438.<\/p>\n<p>\u041e\u0445\u043b\u0430\u0436\u0434\u0430\u0435\u0442 \u0431\u044b\u0441\u0442\u0440\u0435\u0435 \u0438 \u044d\u0444\u0444\u0435\u043a\u0442\u0438\u0432\u043d\u0435\u0435 (\u0431\u044b\u0441\u0442\u0440\u043e\u0435 \u043e\u0445\u043b\u0430\u0436\u0434\u0435\u043d\u0438\u0435)<\/p>\n<p>\u0100tri atdzes\u0113 savu istabu no st\u016bra uz st\u016bri, lai j\u016bs var\u0113tu justies \u0113rti jebkur. Digit\u0101l\u0101 invertora Boost tehnolo\u0123ija atdzes\u0113 gaisu par 43% \u0101tr\u0101k. Turkl\u0101t uzlabotaj\u0101 vien\u012bbas dizain\u0101 ir 15% liel\u0101ks ventilators, 18% plat\u0101ks atv\u0113rums un 31% plat\u0101ki sp\u0101rni. T\u0101tad gaiss tiek izplat\u012bts t\u0101l\u0101k un pla\u0161\u0101k \u2013 pat l\u012bdz 15 metriem.<\/p>\n<p><img decoding=\"async\" src=\"https:\/\/teplodar.eu\/img\/cms\/samsung\/2.jpg\" width=\"100%\" style=\"border-style: none\"><\/p>\n<p>\u041b\u0443\u0447\u0448\u0438\u0439 \u0440\u0435\u0436\u0438\u043c \u0441\u043d\u0430 \u0432\u0441\u044e \u043d\u043e\u0447\u044c (\u0440\u0435\u0436\u0438\u043c \u0445\u043e\u0440\u043e\u0448\u0435\u0433\u043e \u0441\u043d\u0430)<\/p>\n<p>\u0420\u0435\u0436\u0438\u043c \u0445\u043e\u0440\u043e\u0448\u0435\u0433\u043e \u0441\u043d\u0430 \u2014 \u0441\u043f\u0435\u0446\u0438\u0430\u043b\u044c\u043d\u0430\u044f \u0444\u0443\u043d\u043a\u0446\u0438\u044f \u0434\u043b\u044f \u043c\u0430\u043a\u0441\u0438\u043c\u0430\u043b\u044c\u043d\u043e \u043a\u043e\u043c\u0444\u043e\u0440\u0442\u043d\u043e\u0433\u043e \u0441\u043d\u0430, \u0430\u0432\u0442\u043e\u043c\u0430\u0442\u0438\u0447\u0435\u0441\u043a\u0438 \u0440\u0435\u0433\u0443\u043b\u0438\u0440\u0443\u044e\u0449\u0430\u044f \u0442\u0435\u043c\u043f\u0435\u0440\u0430\u0442\u0443\u0440\u0443 \u0438 \u0432\u043b\u0430\u0436\u043d\u043e\u0441\u0442\u044c \u043e\u043a\u0440\u0443\u0436\u0430\u044e\u0449\u0435\u0439 \u0441\u0440\u0435\u0434\u044b. \u042d\u0442\u0430 \u0444\u0443\u043d\u043a\u0446\u0438\u044f \u043f\u043e\u043c\u043e\u0433\u0430\u0435\u0442 \u043f\u043e\u0434\u0434\u0435\u0440\u0436\u0438\u0432\u0430\u0442\u044c \u043e\u043f\u0442\u0438\u043c\u0430\u043b\u044c\u043d\u0443\u044e \u0442\u0435\u043c\u043f\u0435\u0440\u0430\u0442\u0443\u0440\u0443 \u0442\u0435\u043b\u0430 \u0434\u043b\u044f \u043c\u0430\u043a\u0441\u0438\u043c\u0430\u043b\u044c\u043d\u043e\u0433\u043e \u043e\u0442\u0434\u044b\u0445\u0430. \u041a\u0440\u043e\u043c\u0435 \u0442\u043e\u0433\u043e, \u043e\u043d\u0430 \u043c\u043e\u0436\u0435\u0442 \u0441\u043d\u0438\u0437\u0438\u0442\u044c \u044d\u043d\u0435\u0440\u0433\u043e\u043f\u043e\u0442\u0440\u0435\u0431\u043b\u0435\u043d\u0438\u0435 \u0434\u043e 36% \u043f\u043e \u0441\u0440\u0430\u0432\u043d\u0435\u043d\u0438\u044e \u0441 \u043e\u0431\u044b\u0447\u043d\u044b\u043c \u0440\u0435\u0436\u0438\u043c\u043e\u043c \u043e\u0445\u043b\u0430\u0436\u0434\u0435\u043d\u0438\u044f.<\/p>\n<p><img decoding=\"async\" src=\"https:\/\/teplodar.eu\/img\/cms\/samsung\/4.jpg\" width=\"100%\" style=\"border-style: none\"><\/p>\n<p>\u042d\u043a\u043e\u043d\u043e\u043c\u0438\u0442 \u044d\u043d\u0435\u0440\u0433\u0438\u044e, \u0434\u0435\u043d\u044c\u0433\u0438 \u0438 \u044d\u0444\u0444\u0435\u043a\u0442\u0438\u0432\u043d\u043e \u043e\u0445\u043b\u0430\u0436\u0434\u0430\u0435\u0442 (\u0440\u0435\u0436\u0438\u043c ECO)<\/p>\n<p>\u042d\u043a\u043e\u043d\u043e\u043c\u0438\u0442 \u044d\u043d\u0435\u0440\u0433\u0438\u044e, \u043e\u0434\u043d\u043e\u0432\u0440\u0435\u043c\u0435\u043d\u043d\u043e \u043f\u043e\u0434\u0434\u0435\u0440\u0436\u0438\u0432\u0430\u044f \u043f\u0440\u043e\u0445\u043b\u0430\u0434\u0443. \u041f\u043e \u0441\u0440\u0430\u0432\u043d\u0435\u043d\u0438\u044e \u0441 \u043e\u0431\u044b\u0447\u043d\u044b\u043c \u0440\u0435\u0436\u0438\u043c\u043e\u043c ECO \u0438\u0441\u043f\u043e\u043b\u044c\u0437\u0443\u0435\u0442 \u043c\u0435\u043d\u044c\u0448\u0443\u044e \u043c\u043e\u0449\u043d\u043e\u0441\u0442\u044c \u043a\u043e\u043c\u043f\u0440\u0435\u0441\u0441\u043e\u0440\u0430, \u0447\u0442\u043e \u0441\u043d\u0438\u0436\u0430\u0435\u0442 \u043f\u043e\u0442\u0440\u0435\u0431\u043b\u0435\u043d\u0438\u0435 \u044d\u043d\u0435\u0440\u0433\u0438\u0438 *. \u0415\u0441\u043b\u0438 \u043d\u0430 \u0443\u043b\u0438\u0446\u0435 \u043d\u0435 \u0441\u043b\u0438\u0448\u043a\u043e\u043c \u0436\u0430\u0440\u043a\u043e, \u0432\u044b \u043c\u043e\u0436\u0435\u0442\u0435 \u043e\u0445\u043b\u0430\u0436\u0434\u0430\u0442\u044c\u0441\u044f \u0431\u043e\u043b\u0435\u0435 \u044d\u0444\u0444\u0435\u043a\u0442\u0438\u0432\u043d\u043e, \u044d\u043a\u043e\u043d\u043e\u043c\u044f \u044d\u043d\u0435\u0440\u0433\u0438\u044e \u0438 \u0434\u0435\u043d\u044c\u0433\u0438, \u043d\u0435 \u0431\u0435\u0441\u043f\u043e\u043a\u043e\u044f\u0441\u044c \u043e \u0441\u0447\u0435\u0442\u0430\u0445 \u0437\u0430 \u044d\u043b\u0435\u043a\u0442\u0440\u043e\u044d\u043d\u0435\u0440\u0433\u0438\u044e.<\/p>\n<p>\u0421\u0435\u0432\u0435\u0440\u043d\u0430\u044f \u0441\u0435\u0440\u0438\u044f. \u041a\u043e\u043d\u0434\u0438\u0446\u0438\u043e\u043d\u0435\u0440\u044b Samsung \u0441\u0435\u0440\u0438\u0438 N \u0430\u0434\u0430\u043f\u0442\u0438\u0440\u043e\u0432\u0430\u043d\u044b \u0434\u043b\u044f \u0431\u043e\u043b\u0435\u0435 \u0445\u043e\u043b\u043e\u0434\u043d\u043e\u0433\u043e \u043a\u043b\u0438\u043c\u0430\u0442\u0430, \u0447\u0442\u043e \u043f\u043e\u0437\u0432\u043e\u043b\u044f\u0435\u0442 \u0438\u043c \u043b\u0435\u0433\u043a\u043e \u0440\u0430\u0431\u043e\u0442\u0430\u0442\u044c \u043f\u0440\u0438 \u043d\u0438\u0437\u043a\u0438\u0445 \u0442\u0435\u043c\u043f\u0435\u0440\u0430\u0442\u0443\u0440\u0430\u0445. \u042d\u0442\u0430 \u043c\u043e\u0434\u0435\u043b\u044c \u043c\u043e\u0436\u0435\u0442 \u043e\u0431\u043e\u0433\u0440\u0435\u0432\u0430\u0442\u044c \u043f\u043e\u043c\u0435\u0449\u0435\u043d\u0438\u044f \u043f\u0440\u0438 -30 \u00b0C.<\/p>\n<p>\u0417\u0430\u0449\u0438\u0449\u0435\u043d \u043e\u0442 \u043a\u043e\u0440\u0440\u043e\u0437\u0438\u0438 \u0434\u043b\u044f \u0434\u043b\u0438\u0442\u0435\u043b\u044c\u043d\u043e\u0433\u043e \u0441\u043e\u0445\u0440\u0430\u043d\u0435\u043d\u0438\u044f \u043f\u0440\u043e\u0445\u043b\u0430\u0434\u044b (Anti-Corrosion Fin)<\/p>\n<p>\u0421\u043e\u0445\u0440\u0430\u043d\u044f\u0439\u0442\u0435 \u043f\u0440\u0438\u044f\u0442\u043d\u0443\u044e \u043f\u0440\u043e\u0445\u043b\u0430\u0434\u0443 \u0434\u043e\u043b\u044c\u0448\u0435. Ocean Fin \u0438\u0437\u0433\u043e\u0442\u043e\u0432\u043b\u0435\u043d \u0438\u0437 \u043a\u043e\u0440\u0440\u043e\u0437\u0438\u043e\u043d\u043d\u043e\u0441\u0442\u043e\u0439\u043a\u043e\u0433\u043e \u043c\u0430\u0442\u0435\u0440\u0438\u0430\u043b\u0430, \u043a\u043e\u0442\u043e\u0440\u044b\u0439 \u0437\u0430\u0449\u0438\u0449\u0430\u0435\u0442 \u043e\u0442 \u0440\u0436\u0430\u0432\u0447\u0438\u043d\u044b, \u043f\u043e\u043c\u043e\u0433\u0430\u044f \u043f\u043e\u0434\u0434\u0435\u0440\u0436\u0438\u0432\u0430\u0442\u044c \u043e\u043f\u0442\u0438\u043c\u0430\u043b\u044c\u043d\u0443\u044e \u0440\u0430\u0431\u043e\u0442\u0443 \u0442\u0435\u043f\u043b\u043e\u043e\u0431\u043c\u0435\u043d\u043d\u0438\u043a\u0430. \u0423\u0434\u0438\u0432\u0438\u0442\u0435\u043b\u044c\u043d\u0430\u044f \u0443\u0441\u0442\u043e\u0439\u0447\u0438\u0432\u043e\u0441\u0442\u044c \u043a \u0440\u0436\u0430\u0432\u0447\u0438\u043d\u0435 \u043f\u043e\u0434\u0442\u0432\u0435\u0440\u0436\u0434\u0435\u043d\u0430 480 \u0447\u0430\u0441\u0430\u043c\u0438 \u0441\u043e\u043b\u0435\u0432\u043e\u0433\u043e \u0442\u0443\u043c\u0430\u043d\u0430.<\/p>\n<p><img decoding=\"async\" src=\"https:\/\/teplodar.eu\/img\/cms\/samsung\/6.jpg\" width=\"100%\" style=\"border-style: none\"><\/p>\n<p>Not\u012bra pats \u2013 autom\u0101tiski (tr\u012bspak\u0101pju autom\u0101tisk\u0101 t\u012br\u012b\u0161ana)<\/p>\n<p>\u041f\u043e\u0434\u0434\u0435\u0440\u0436\u0438\u0432\u0430\u0439\u0442\u0435 \u0432\u043d\u0443\u0442\u0440\u0435\u043d\u043d\u044e\u044e \u0447\u0430\u0441\u0442\u044c \u043a\u043e\u043d\u0434\u0438\u0446\u0438\u043e\u043d\u0435\u0440\u0430 \u0447\u0438\u0441\u0442\u043e\u0439 \u0431\u0435\u0437 \u0443\u0441\u0438\u043b\u0438\u0439! \u041f\u043e\u0441\u043b\u0435 \u0437\u0430\u0432\u0435\u0440\u0448\u0435\u043d\u0438\u044f \u0440\u0430\u0431\u043e\u0442\u044b \u0442\u0435\u043f\u043b\u043e\u043e\u0431\u043c\u0435\u043d\u043d\u0438\u043a\u0430 \u0444\u0443\u043d\u043a\u0446\u0438\u044f \u0430\u0432\u0442\u043e\u043c\u0430\u0442\u0438\u0447\u0435\u0441\u043a\u043e\u0439 \u043e\u0447\u0438\u0441\u0442\u043a\u0438 \u043f\u0440\u043e\u0441\u0443\u0448\u0438\u0432\u0430\u0435\u0442 \u0443\u0441\u0442\u0440\u043e\u0439\u0441\u0442\u0432\u043e \u0442\u0440\u0451\u0445\u0441\u0442\u0443\u043f\u0435\u043d\u0447\u0430\u0442\u043e\u0439 \u043f\u0440\u043e\u0446\u0435\u0434\u0443\u0440\u043e\u0439. \u041e\u043d\u0430 \u0443\u0441\u0442\u0440\u0430\u043d\u044f\u0435\u0442 \u0432\u043b\u0430\u0433\u0443, \u043f\u0440\u043e\u0434\u0443\u0432\u0430\u044f \u0432\u043e\u0437\u0434\u0443\u0445 \u0432 \u0442\u0435\u0447\u0435\u043d\u0438\u0435 10\u201330 \u043c\u0438\u043d\u0443\u0442. \u042d\u0442\u043e \u043f\u0440\u0435\u0434\u043e\u0442\u0432\u0440\u0430\u0449\u0430\u0435\u0442 \u043d\u0430\u043a\u043e\u043f\u043b\u0435\u043d\u0438\u0435 \u0431\u0430\u043a\u0442\u0435\u0440\u0438\u0439 \u0438 \u043d\u0435\u043f\u0440\u0438\u044f\u0442\u043d\u044b\u0435 \u0437\u0430\u043f\u0430\u0445\u0438.<\/p>","protected":false},"excerpt":{"rendered":"<p>Telpu plat\u012bba (l\u012bdz), Kv.M 30COP (nomin\u0101lais siltums) (A7\/W35) 4,74EER (nomin\u0101l\u0101 dzes\u0113\u0161ana) (A7\/W35) 4,63SCOP 4.6Darba temp. Apkures diapazons -30 ~ 24 \u2103Darba temp. Dzes\u0113\u0161anas diapazons -15 ~ 46 \u2103Bezvadu internets \u0160ai sist\u0113mai nav nepiecie\u0161ams daudz vietas, t\u0101p\u0113c t\u0101 ir praktiska vienas vai vair\u0101ku istabu, dz\u012bvok\u013cu vai mazu m\u0101ju apsild\u012b\u0161anai \/ dzes\u0113\u0161anai.\u00a0 Gaisa-gaisa\u00a0 siltums\u016bk\u0146i siltumu vai aukstumu [&hellip;]<\/p>\n","protected":false},"featured_media":32346,"comment_status":"open","ping_status":"closed","template":"","meta":{"_joinchat":[]},"product_brand":[139],"product_cat":[367],"product_tag":[],"class_list":{"0":"post-32355","1":"product","2":"type-product","3":"status-publish","4":"has-post-thumbnail","6":"product_brand-samsung","7":"product_cat-siltumtehnika-siltumsukni-kondicionieri","9":"first","10":"instock","11":"shipping-taxable","12":"purchasable","13":"product-type-simple"},"_links":{"self":[{"href":"https:\/\/emeniro.lovehorses.lv\/ru\/wp-json\/wp\/v2\/product\/32355","targetHints":{"allow":["GET"]}}],"collection":[{"href":"https:\/\/emeniro.lovehorses.lv\/ru\/wp-json\/wp\/v2\/product"}],"about":[{"href":"https:\/\/emeniro.lovehorses.lv\/ru\/wp-json\/wp\/v2\/types\/product"}],"replies":[{"embeddable":true,"href":"https:\/\/emeniro.lovehorses.lv\/ru\/wp-json\/wp\/v2\/comments?post=32355"}],"wp:featuredmedia":[{"embeddable":true,"href":"https:\/\/emeniro.lovehorses.lv\/ru\/wp-json\/wp\/v2\/media\/32346"}],"wp:attachment":[{"href":"https:\/\/emeniro.lovehorses.lv\/ru\/wp-json\/wp\/v2\/media?parent=32355"}],"wp:term":[{"taxonomy":"product_brand","embeddable":true,"href":"https:\/\/emeniro.lovehorses.lv\/ru\/wp-json\/wp\/v2\/product_brand?post=32355"},{"taxonomy":"product_cat","embeddable":true,"href":"https:\/\/emeniro.lovehorses.lv\/ru\/wp-json\/wp\/v2\/product_cat?post=32355"},{"taxonomy":"product_tag","embeddable":true,"href":"https:\/\/emeniro.lovehorses.lv\/ru\/wp-json\/wp\/v2\/product_tag?post=32355"}],"curies":[{"name":"wp","href":"https:\/\/api.w.org\/{rel}","templated":true}]}}