{"id":32550,"date":"2026-05-01T01:40:36","date_gmt":"2026-05-01T01:40:36","guid":{"rendered":"https:\/\/emeniro.lovehorses.lv\/product\/delonghi-etam29-660-sb\/"},"modified":"2026-05-01T01:40:36","modified_gmt":"2026-05-01T01:40:36","slug":"delonghi-etam29-660-sb","status":"publish","type":"product","link":"https:\/\/emeniro.lovehorses.lv\/ru\/product\/delonghi-etam29-660-sb\/","title":{"rendered":"Delonghi ETAM29.660.SB"},"content":{"rendered":"<\/p>\n<p class=\"translation-block\"><p><\/p><p><\/p><p><span class=\"VIiyi\" lang=\"lv\"><span class=\"JLqJ4b ChMk0b\" data-language-for-alternatives=\"lv\" data-language-to-translate-into=\"ru\" data-phrase-index=\"0\" data-number-of-phrases=\"41\">\u041e\u0431\u044a\u0435\u043c \u0432\u043e\u0434\u044f\u043d\u043e\u0433\u043e \u0440\u0435\u0437\u0435\u0440\u0432\u0443\u0430\u0440\u0430 (\u043b) 1.4<\/span><span class=\"JLqJ4b\" data-language-for-alternatives=\"lv\" data-language-to-translate-into=\"ru\" data-phrase-index=\"1\" data-number-of-phrases=\"41\"><br><\/span><span class=\"JLqJ4b ChMk0b\" data-language-for-alternatives=\"lv\" data-language-to-translate-into=\"ru\" data-phrase-index=\"2\" data-number-of-phrases=\"41\">\u041e\u0441\u043e\u0431\u044b\u0435 \u0444\u0443\u043d\u043a\u0446\u0438\u0438<\/span><span class=\"JLqJ4b\" data-language-for-alternatives=\"lv\" data-language-to-translate-into=\"ru\" data-phrase-index=\"3\" data-number-of-phrases=\"41\"><br><\/span><span class=\"JLqJ4b ChMk0b\" data-language-for-alternatives=\"lv\" data-language-to-translate-into=\"ru\" data-phrase-index=\"4\" data-number-of-phrases=\"41\">\u042f\u0437\u044b\u043a\u0438 \u043c\u0435\u043d\u044e \u043a\u043e\u0444\u0435\u043c\u0430\u0448\u0438\u043d\u044b: \u0438\u0441\u043f\u0430\u043d\u0441\u043a\u0438\u0439, \u0430\u043d\u0433\u043b\u0438\u0439\u0441\u043a\u0438\u0439, \u0438\u0442\u0430\u043b\u044c\u044f\u043d\u0441\u043a\u0438\u0439, \u043f\u043e\u043b\u044c\u0441\u043a\u0438\u0439, \u0444\u0440\u0430\u043d\u0446\u0443\u0437\u0441\u043a\u0438\u0439, \u0448\u0432\u0435\u0434\u0441\u043a\u0438\u0439, \u043d\u0435\u043c\u0435\u0446\u043a\u0438\u0439, \u0444\u0438\u043d\u0441\u043a\u0438\u0439, \u0447\u0435\u0448\u0441\u043a\u0438\u0439, \u0442\u0443\u0440\u0435\u0446\u043a\u0438\u0439, \u0440\u0443\u0441\u0441\u043a\u0438\u0439<\/span><span class=\"JLqJ4b\" data-language-for-alternatives=\"lv\" data-language-to-translate-into=\"ru\" data-phrase-index=\"5\" data-number-of-phrases=\"41\"><br><\/span><span class=\"JLqJ4b ChMk0b\" data-language-for-alternatives=\"lv\" data-language-to-translate-into=\"ru\" data-phrase-index=\"6\" data-number-of-phrases=\"41\">\u0426\u0432\u0435\u0442 \u0427\u0435\u0440\u043d\u044b\u0439 \/ \u041d\u0435\u0440\u0436\u0430\u0432\u0435\u044e\u0449\u0430\u044f \u0441\u0442\u0430\u043b\u044c<\/span><span class=\"JLqJ4b\" data-language-for-alternatives=\"lv\" data-language-to-translate-into=\"ru\" data-phrase-index=\"7\" data-number-of-phrases=\"41\"><br><\/span><span class=\"JLqJ4b ChMk0b\" data-language-for-alternatives=\"lv\" data-language-to-translate-into=\"ru\" data-phrase-index=\"8\" data-number-of-phrases=\"41\">\u042d\u043d\u0435\u0440\u0433\u0438\u044f<\/span><span class=\"JLqJ4b\" data-language-for-alternatives=\"lv\" data-language-to-translate-into=\"ru\" data-phrase-index=\"9\" data-number-of-phrases=\"41\"><br><\/span><span class=\"JLqJ4b ChMk0b\" data-language-for-alternatives=\"lv\" data-language-to-translate-into=\"ru\" data-phrase-index=\"10\" data-number-of-phrases=\"41\">\u041c\u043e\u0449\u043d\u043e\u0441\u0442\u044c (\u0412\u0442) 1450<\/span><span class=\"JLqJ4b\" data-language-for-alternatives=\"lv\" data-language-to-translate-into=\"ru\" data-phrase-index=\"11\" data-number-of-phrases=\"41\"><br><\/span><span class=\"JLqJ4b ChMk0b\" data-language-for-alternatives=\"lv\" data-language-to-translate-into=\"ru\" data-phrase-index=\"12\" data-number-of-phrases=\"41\">\u041a\u041e\u0424\u0415\u0412\u0410\u0420\u041a\u0418<\/span><span class=\"JLqJ4b\" data-language-for-alternatives=\"lv\" data-language-to-translate-into=\"ru\" data-phrase-index=\"13\" data-number-of-phrases=\"41\"><br><\/span><span class=\"JLqJ4b ChMk0b\" data-language-for-alternatives=\"lv\" data-language-to-translate-into=\"ru\" data-phrase-index=\"14\" data-number-of-phrases=\"41\">\u0422\u0438\u043f \u044d\u0441\u043f\u0440\u0435\u0441\u0441\u043e-\u043c\u0430\u0448\u0438\u043d\u044b<\/span><span class=\"JLqJ4b\" data-language-for-alternatives=\"lv\" data-language-to-translate-into=\"ru\" data-phrase-index=\"15\" data-number-of-phrases=\"41\"><br><\/span><span class=\"JLqJ4b ChMk0b\" data-language-for-alternatives=\"lv\" data-language-to-translate-into=\"ru\" data-phrase-index=\"16\" data-number-of-phrases=\"41\">\u0410\u0432\u0442\u043e\u043c\u0430\u0442\u0438\u0447\u0435\u0441\u043a\u0430\u044f<\/span><span class=\"JLqJ4b\" data-language-for-alternatives=\"lv\" data-language-to-translate-into=\"ru\" data-phrase-index=\"17\" data-number-of-phrases=\"41\"><br><\/span><span class=\"JLqJ4b ChMk0b\" data-language-for-alternatives=\"lv\" data-language-to-translate-into=\"ru\" data-phrase-index=\"18\" data-number-of-phrases=\"41\">\u0421\u0438\u0441\u0442\u0435\u043c\u0430 \u0432\u0437\u0431\u0438\u0432\u0430\u043d\u0438\u044f \u043c\u043e\u043b\u043e\u043a\u0430<\/span><span class=\"JLqJ4b\" data-language-for-alternatives=\"lv\" data-language-to-translate-into=\"ru\" data-phrase-index=\"19\" data-number-of-phrases=\"41\"><br><\/span><span class=\"JLqJ4b ChMk0b\" data-language-for-alternatives=\"lv\" data-language-to-translate-into=\"ru\" data-phrase-index=\"20\" data-number-of-phrases=\"41\">\u0412\u0441\u0442\u0440\u043e\u0435\u043d\u043d\u044b\u0439 \u0440\u0435\u0437\u0435\u0440\u0432\u0443\u0430\u0440 \u0434\u043b\u044f \u043c\u043e\u043b\u043e\u043a\u0430<\/span><span class=\"JLqJ4b\" data-language-for-alternatives=\"lv\" data-language-to-translate-into=\"ru\" data-phrase-index=\"21\" data-number-of-phrases=\"41\"><br><\/span><span class=\"JLqJ4b ChMk0b\" data-language-for-alternatives=\"lv\" data-language-to-translate-into=\"ru\" data-phrase-index=\"22\" data-number-of-phrases=\"41\">\u041e\u0431\u044a\u0435\u043c \u043a\u043e\u043d\u0442\u0435\u0439\u043d\u0435\u0440\u0430 \u0434\u043b\u044f \u0437\u0435\u0440\u0435\u043d (\u0433) 200<\/span><span class=\"JLqJ4b\" data-language-for-alternatives=\"lv\" data-language-to-translate-into=\"ru\" data-phrase-index=\"23\" data-number-of-phrases=\"41\"><br><\/span><span class=\"JLqJ4b ChMk0b\" data-language-for-alternatives=\"lv\" data-language-to-translate-into=\"ru\" data-phrase-index=\"24\" data-number-of-phrases=\"41\">\u041e\u0431\u044a\u0435\u043c \u0434\u043e\u0437\u0430\u0442\u043e\u0440\u0430 \u043c\u043e\u043b\u043e\u0442\u043e\u0433\u043e \u043a\u043e\u0444\u0435 (\u043f\u043e\u0440\u0446\u0438\u044f) 14<\/span><span class=\"JLqJ4b\" data-language-for-alternatives=\"lv\" data-language-to-translate-into=\"ru\" data-phrase-index=\"25\" data-number-of-phrases=\"41\"><br><\/span><span class=\"JLqJ4b ChMk0b\" data-language-for-alternatives=\"lv\" data-language-to-translate-into=\"ru\" data-phrase-index=\"26\" data-number-of-phrases=\"41\">\u041c\u043e\u0449\u043d\u043e\u0441\u0442\u044c \u043d\u0430\u0441\u043e\u0441\u0430 (\u0431\u0430\u0440) 15<\/span><span class=\"JLqJ4b\" data-language-for-alternatives=\"lv\" data-language-to-translate-into=\"ru\" data-phrase-index=\"27\" data-number-of-phrases=\"41\"><br><\/span><span class=\"JLqJ4b ChMk0b\" data-language-for-alternatives=\"lv\" data-language-to-translate-into=\"ru\" data-phrase-index=\"28\" data-number-of-phrases=\"41\">\u0412\u043e\u0437\u043c\u043e\u0436\u043d\u043e\u0441\u0442\u044c \u0438\u0441\u043f\u043e\u043b\u044c\u0437\u043e\u0432\u0430\u0442\u044c \u043c\u043e\u043b\u043e\u0442\u044b\u0439 \u043a\u043e\u0444\u0435<\/span><span class=\"JLqJ4b\" data-language-for-alternatives=\"lv\" data-language-to-translate-into=\"ru\" data-phrase-index=\"29\" data-number-of-phrases=\"41\"><br><\/span><span class=\"JLqJ4b ChMk0b\" data-language-for-alternatives=\"lv\" data-language-to-translate-into=\"ru\" data-phrase-index=\"30\" data-number-of-phrases=\"41\">\u041a\u0438\u0441\u043b\u043e\u0442\u043d\u043e\u0441\u0442\u044c \u043c\u043e\u043b\u043e\u043a\u0430<\/span><span class=\"JLqJ4b\" data-language-for-alternatives=\"lv\" data-language-to-translate-into=\"ru\" data-phrase-index=\"31\" data-number-of-phrases=\"41\"><br><\/span><span class=\"JLqJ4b ChMk0b\" data-language-for-alternatives=\"lv\" data-language-to-translate-into=\"ru\" data-phrase-index=\"32\" data-number-of-phrases=\"41\">\u041f\u0440\u0438\u0433\u043e\u0442\u043e\u0432\u043b\u0435\u043d\u0438\u0435 \u0434\u0432\u0443\u0445 \u0447\u0430\u0448\u0435\u043a \u043e\u0434\u043d\u043e\u0432\u0440\u0435\u043c\u0435\u043d\u043d\u043e<\/span><span class=\"JLqJ4b\" data-language-for-alternatives=\"lv\" data-language-to-translate-into=\"ru\" data-phrase-index=\"33\" data-number-of-phrases=\"41\"><br><\/span><span class=\"JLqJ4b ChMk0b\" data-language-for-alternatives=\"lv\" data-language-to-translate-into=\"ru\" data-phrase-index=\"34\" data-number-of-phrases=\"41\">\u0420\u0430\u0437\u043c\u0435\u0440\u044b (\u0440\u0435\u0434\u0430\u043a\u0442\u0438\u0440\u043e\u0432\u0430\u0442\u044c)<\/span><span class=\"JLqJ4b\" data-language-for-alternatives=\"lv\" data-language-to-translate-into=\"ru\" data-phrase-index=\"35\" data-number-of-phrases=\"41\"><br><\/span><span class=\"JLqJ4b ChMk0b\" data-language-for-alternatives=\"lv\" data-language-to-translate-into=\"ru\" data-phrase-index=\"36\" data-number-of-phrases=\"41\">\u0412\u044b\u0441\u043e\u0442\u0430 (\u0441\u043c) 34<\/span><span class=\"JLqJ4b\" data-language-for-alternatives=\"lv\" data-language-to-translate-into=\"ru\" data-phrase-index=\"37\" data-number-of-phrases=\"41\"><br><\/span><span class=\"JLqJ4b ChMk0b\" data-language-for-alternatives=\"lv\" data-language-to-translate-into=\"ru\" data-phrase-index=\"38\" data-number-of-phrases=\"41\">\u0428\u0438\u0440\u0438\u043d\u0430 (\u0441\u043c) 19,5<\/span><span class=\"JLqJ4b\" data-language-for-alternatives=\"lv\" data-language-to-translate-into=\"ru\" data-phrase-index=\"39\" data-number-of-phrases=\"41\"><br><\/span><span class=\"JLqJ4b ChMk0b\" data-language-for-alternatives=\"lv\" data-language-to-translate-into=\"ru\" data-phrase-index=\"40\" data-number-of-phrases=\"41\">\u0413\u043b\u0443\u0431\u0438\u043d\u0430 (\u0441\u043c) 47,7<\/span><\/span><\/p><p><\/p><\/p><\/p>","protected":false},"excerpt":{"rendered":"<p>\u016adens tvertnes tilpums (L) 1.4Speci\u0101las iesp\u0113jasKohvimasina izv\u0113lnes valodas: Sp\u0101nija, Inglise, It\u0101lija, Poola, Prantsuse, Zviedrija, Saksa, Somija, T\u0161ehhi, Turku, VeneKr\u0101sa Melna \/ Ner\u016bs\u0113jo\u0161ais t\u0113raudsEner\u0123ijaJauda (W) 1450KAFIJAS AUTOM\u0100TIEspresso ma\u0161\u012bnas tipsAutoPiena puto\u0161anas sist\u0113maIntegr\u0113ta piena tvertnePupi\u0146u tvertnes ietilp\u012bba (G) 200Kafijas biezumu trauka tilpums (porcija) 14S\u016bk\u0146a jauda (stienis) 15Sp\u0113ja izmantot malto kafijuPiensk\u0101beDivas gl\u0101zes vienai gatavo\u0161anai vienlaikusIzm\u0113ri (redi\u0123\u0113t)Augstums (cm) 34Platums (cm) [&hellip;]<\/p>\n","protected":false},"featured_media":32545,"comment_status":"open","ping_status":"closed","template":"","meta":{"_joinchat":[]},"product_brand":[],"product_cat":[314],"product_tag":[],"class_list":{"0":"post-32550","1":"product","2":"type-product","3":"status-publish","4":"has-post-thumbnail","6":"product_cat-maza-sadzives-tehnika-kafijas-automati","8":"first","9":"instock","10":"shipping-taxable","11":"purchasable","12":"product-type-simple"},"_links":{"self":[{"href":"https:\/\/emeniro.lovehorses.lv\/ru\/wp-json\/wp\/v2\/product\/32550","targetHints":{"allow":["GET"]}}],"collection":[{"href":"https:\/\/emeniro.lovehorses.lv\/ru\/wp-json\/wp\/v2\/product"}],"about":[{"href":"https:\/\/emeniro.lovehorses.lv\/ru\/wp-json\/wp\/v2\/types\/product"}],"replies":[{"embeddable":true,"href":"https:\/\/emeniro.lovehorses.lv\/ru\/wp-json\/wp\/v2\/comments?post=32550"}],"wp:featuredmedia":[{"embeddable":true,"href":"https:\/\/emeniro.lovehorses.lv\/ru\/wp-json\/wp\/v2\/media\/32545"}],"wp:attachment":[{"href":"https:\/\/emeniro.lovehorses.lv\/ru\/wp-json\/wp\/v2\/media?parent=32550"}],"wp:term":[{"taxonomy":"product_brand","embeddable":true,"href":"https:\/\/emeniro.lovehorses.lv\/ru\/wp-json\/wp\/v2\/product_brand?post=32550"},{"taxonomy":"product_cat","embeddable":true,"href":"https:\/\/emeniro.lovehorses.lv\/ru\/wp-json\/wp\/v2\/product_cat?post=32550"},{"taxonomy":"product_tag","embeddable":true,"href":"https:\/\/emeniro.lovehorses.lv\/ru\/wp-json\/wp\/v2\/product_tag?post=32550"}],"curies":[{"name":"wp","href":"https:\/\/api.w.org\/{rel}","templated":true}]}}