{"id":32623,"date":"2026-05-01T01:43:11","date_gmt":"2026-05-01T01:43:11","guid":{"rendered":"https:\/\/emeniro.lovehorses.lv\/product\/delonghi-rivelia-exam440-55-bg\/"},"modified":"2026-05-01T01:43:11","modified_gmt":"2026-05-01T01:43:11","slug":"delonghi-rivelia-exam440-55-bg","status":"publish","type":"product","link":"https:\/\/emeniro.lovehorses.lv\/ru\/product\/delonghi-rivelia-exam440-55-bg\/","title":{"rendered":"DeLonghi RIVELIA EXAM440.55.BG"},"content":{"rendered":"<p>Produkta veids\u00a0 \u00a0 \u00a0Autom\u0101tiskie kafijas autom\u0101ti<\/p>\n<p>Z\u012bmols\u00a0 \u00a0 \u00a0DeLonghi<br \/>Modelis\u00a0 \u00a0 \u00a0RIVELIA EXAM440.55.BG<br \/>Kafijas autom\u0101ta veids\u00a0 \u00a0 \u00a0Autom\u0101tisks<br \/>Piena sist\u0113mas tips\u00a0 \u00a0 \u00a0Piena tvertne<br \/>Jauda\u00a0 \u00a0 1450 W<br \/>Maksim\u0101lais darba spiediens\u00a0 \u00a0 19 Bar<br \/>Korpusa materi\u0101ls\u00a0 \u00a0 \u00a0Met\u0101ls, Plastmasa<br \/>Izcelsmes valsts\u00a0 \u00a0 \u00a0Rum\u0101nija<br \/>Kr\u0101sas nosaukums\u00a0 \u00a0 \u00a0Kr\u0113mkr\u0101sa<br \/>Kr\u0101sa\u00a0 \u00a0 \u00a0Br\u016bngans<br \/>Ekr\u0101ns\u00a0 \u00a0 \u00a0J\u0101<br \/>Ekr\u0101na tips\u00a0 \u00a0 \u00a0Kr\u0101su sk\u0101rienj\u016bt\u012bgs ekr\u0101ns<br \/>\u0412\u0438\u0434\u044b \u043a\u043e\u0444\u0435 \u0438 \u043f\u0440\u0438\u0433\u043e\u0442\u043e\u0432\u043b\u0435\u043d\u0438\u0435<br \/>Kafijas veids\u00a0 \u00a0 Kafijas pupi\u0146as, Malta kafija<br \/>Kafijas pagatavo\u0161anas metodes\u00a0 \u00a0 2 x Espresso, Caff\u00e8 Americano, Caff\u00e8 latte, CappuccinoMix, Cold Brew Coffee, Cold Brew Espresso, Cortado, Espresso, Espresso Lungo, Espresso Macchiato, Flat white, Kapu\u010dino, Karsts \u016bdens, Latte Macchiato, Long Coffee, Melna kafija, Uzkars\u0113ts piens<br \/>Kafijas stipruma regul\u0113\u0161ana\u00a0 \u00a0 J\u0101<br \/>\u0424\u0443\u043d\u043a\u0446\u0438\u0438 \u0438 \u0432\u043e\u0437\u043c\u043e\u0436\u043d\u043e\u0441\u0442\u0438<br \/>Kr\u016bzes uzsild\u012b\u0161ana\u00a0 \u00a0 N\u0113<br \/>Tvaika uzgalis\u00a0 \u00a0 N\u0113<br \/>Saglab\u0101 kafijas veidus\u00a0 \u00a0 J\u0101<br \/>Programm\u0113jama \u016bdens temperat\u016bra\u00a0 \u00a0 \u00a0J\u0101<br \/>Programm\u0113jams kafijas daudzums\u00a0 \u00a0 \u00a0J\u0101<br \/>Ar manometru\u00a0 \u00a0 N\u0113<br \/>Regul\u0113jams spiediens\u00a0 \u00a0 \u00a0N\u0113<br \/>Autom\u0101tisk\u0101 izsl\u0113g\u0161an\u0101s\u00a0 \u00a0 \u00a0J\u0101<br \/>Aukstu dz\u0113rienu pagatavo\u0161ana\u00a0 \u00a0 \u00a0J\u0101<br \/>Pulvera tekne maltai kafijai\u00a0 \u00a0 \u00a0J\u0101<br \/>Porcijas izv\u0113le melnai kafijai\u00a0 \u00a0 \u00a02<br \/>Porcijas izv\u0113le kafijai ar pienu\u00a0 \u00a0 \u00a01<br \/>Programm\u0113jams porcijas lielums\u00a0 \u00a0 \u00a0J\u0101<br \/>Karst\u0101 \u016bdens sagatavo\u0161ana\u00a0 \u00a0 \u00a0J\u0101<br \/>Karst\u0101 piena pagatavo\u0161ana\u00a0 \u00a0 \u00a0J\u0101<br \/>Vad\u012bbas tips\u00a0 \u00a0 \u00a0Sk\u0101rienj\u016bt\u012bga<br \/>\u041a\u043e\u0444\u0435\u043c\u043e\u043b\u043a\u0430<br \/>Kafijas dzirnavi\u0146as\u00a0 \u00a0 J\u0101<br \/>Kafijas pupi\u0146u ietilp\u012bba\u00a0 \u00a0 \u00a0250 g<br \/>Kafijas padeves kr\u0101na augstums\u00a0 \u00a0 \u00a080 \u2013 143 mm<br \/>\u0420\u0435\u0437\u0435\u0440\u0432\u0443\u0430\u0440\u044b<br \/>\u016adens tvertne\u00a0 \u00a0 \u00a01.4 l<br \/>Piena trauks\u00a0 \u00a0 J\u0101<br \/>\u0420\u0430\u0437\u043c\u0435\u0440\u044b \u0438 \u0432\u0435\u0441<br \/>Dzi\u013cums\u00a0 \u00a0 \u00a043 cm<br \/>Platums\u00a0 \u00a0 \u00a024.5 cm<br \/>Augstums\u00a0 \u00a0 \u00a038.5 cm<br \/>Svars\u00a0 \u00a0 \u00a09.7 kg<br \/>\u0414\u043e\u043f\u043e\u043b\u043d\u0438\u0442\u0435\u043b\u044c\u043d\u043e<br \/>Komplekt\u0101cija\u00a0 \u00a0 \u00a0Divi kafijas pupi\u0146u konteineri\u00a0<\/p><\/p>","protected":false},"excerpt":{"rendered":"<p>Produkta veids\u00a0 \u00a0 \u00a0Autom\u0101tiskie kafijas autom\u0101ti Z\u012bmols\u00a0 \u00a0 \u00a0DeLonghiModelis\u00a0 \u00a0 \u00a0RIVELIA EXAM440.55.BGKafijas autom\u0101ta veids\u00a0 \u00a0 \u00a0Autom\u0101tisksPiena sist\u0113mas tips\u00a0 \u00a0 \u00a0Piena tvertneJauda\u00a0 \u00a0 1450 WMaksim\u0101lais darba spiediens\u00a0 \u00a0 19 BarKorpusa materi\u0101ls\u00a0 \u00a0 \u00a0Met\u0101ls, PlastmasaIzcelsmes valsts\u00a0 \u00a0 \u00a0Rum\u0101nijaKr\u0101sas nosaukums\u00a0 \u00a0 \u00a0Kr\u0113mkr\u0101saKr\u0101sa\u00a0 \u00a0 \u00a0Br\u016bngansEkr\u0101ns\u00a0 \u00a0 \u00a0J\u0101Ekr\u0101na tips\u00a0 \u00a0 \u00a0Kr\u0101su sk\u0101rienj\u016bt\u012bgs ekr\u0101nsKafijas veidi un pagatavo\u0161anaKafijas veids\u00a0 \u00a0 Kafijas pupi\u0146as, [&hellip;]<\/p>\n","protected":false},"featured_media":32612,"comment_status":"open","ping_status":"closed","template":"","meta":[],"product_brand":[],"product_cat":[314],"product_tag":[],"class_list":{"0":"post-32623","1":"product","2":"type-product","3":"status-publish","4":"has-post-thumbnail","6":"product_cat-maza-sadzives-tehnika-kafijas-automati","8":"first","9":"instock","10":"shipping-taxable","11":"purchasable","12":"product-type-simple"},"_links":{"self":[{"href":"https:\/\/emeniro.lovehorses.lv\/ru\/wp-json\/wp\/v2\/product\/32623","targetHints":{"allow":["GET"]}}],"collection":[{"href":"https:\/\/emeniro.lovehorses.lv\/ru\/wp-json\/wp\/v2\/product"}],"about":[{"href":"https:\/\/emeniro.lovehorses.lv\/ru\/wp-json\/wp\/v2\/types\/product"}],"replies":[{"embeddable":true,"href":"https:\/\/emeniro.lovehorses.lv\/ru\/wp-json\/wp\/v2\/comments?post=32623"}],"wp:featuredmedia":[{"embeddable":true,"href":"https:\/\/emeniro.lovehorses.lv\/ru\/wp-json\/wp\/v2\/media\/32612"}],"wp:attachment":[{"href":"https:\/\/emeniro.lovehorses.lv\/ru\/wp-json\/wp\/v2\/media?parent=32623"}],"wp:term":[{"taxonomy":"product_brand","embeddable":true,"href":"https:\/\/emeniro.lovehorses.lv\/ru\/wp-json\/wp\/v2\/product_brand?post=32623"},{"taxonomy":"product_cat","embeddable":true,"href":"https:\/\/emeniro.lovehorses.lv\/ru\/wp-json\/wp\/v2\/product_cat?post=32623"},{"taxonomy":"product_tag","embeddable":true,"href":"https:\/\/emeniro.lovehorses.lv\/ru\/wp-json\/wp\/v2\/product_tag?post=32623"}],"curies":[{"name":"wp","href":"https:\/\/api.w.org\/{rel}","templated":true}]}}