{"id":32851,"date":"2026-05-01T01:49:20","date_gmt":"2026-05-01T01:49:20","guid":{"rendered":"https:\/\/emeniro.lovehorses.lv\/product\/bosch-mum5xw20\/"},"modified":"2026-05-01T01:49:20","modified_gmt":"2026-05-01T01:49:20","slug":"bosch-mum5xw20","status":"publish","type":"product","link":"https:\/\/emeniro.lovehorses.lv\/ru\/product\/bosch-mum5xw20\/","title":{"rendered":"Bosch MUM5XW20"},"content":{"rendered":"<p class=\"translation-block\"><p>\u0422\u043e\u0440\u0433\u043e\u0432\u0430\u044f \u043c\u0430\u0440\u043a\u0430 Bosch<br>\u041c\u043e\u0449\u043d\u043e\u0441\u0442\u044c 1000 \u0412\u0442<br>\u0412\u0435\u0441 7.51 \u043a\u0433<br>EAN 4242005185207<br>\u0414\u0440\u0443\u0433\u0438\u0435 \u043f\u0430\u0440\u0430\u043c\u0435\u0442\u0440\u044b<br>\u041a\u043e\u043b\u0438\u0447\u0435\u0441\u0442\u0432\u043e \u0441\u043a\u043e\u0440\u043e\u0441\u0442\u0435\u0439 7 + \u0438\u043c\u043f\u0443\u043b\u044c\u0441\u043d\u044b\u0439 \u0440\u0435\u0436\u0438\u043c<br>\u041e\u0431\u044a\u0435\u043c \u0447\u0430\u0448\u0438 \u0434\u043b\u044f \u0441\u043c\u0435\u0448\u0438\u0432\u0430\u043d\u0438\u044f 3.9 \u043b<br>\u041e\u0431\u044a\u0435\u043c \u0447\u0430\u0448\u0438 \u0431\u043b\u0435\u043d\u0434\u0435\u0440\u0430 1.25 \u043b<br>\u0412 \u043a\u043e\u043c\u043f\u043b\u0435\u043a\u0442\u0435 1 x \u041a\u0440\u044b\u0448\u043a\u0430, 1 x \u041d\u0430\u0440\u0435\u0437\u043d\u0430\u044f \u043c\u0430\u0448\u0438\u043d\u0430 \u0441 \u0442\u043e\u043b\u043a\u0430\u0442\u0435\u043b\u0435\u043c, 1 x \u0427\u0430\u0448\u0430 \u0434\u043b\u044f \u0432\u0437\u0431\u0438\u0432\u0430\u043d\u0438\u044f \u0438\u0437 \u043d\u0435\u0440\u0436\u0430\u0432\u0435\u044e\u0449\u0435\u0439 \u0441\u0442\u0430\u043b\u0438, 1 x \u041c\u0435\u0442\u0430\u043b\u043b\u0438\u0447\u0435\u0441\u043a\u0438\u0439 \u043a\u0440\u044e\u043a \u0434\u043b\u044f \u0442\u0435\u0441\u0442\u0430, 1 x \u041d\u0430\u0441\u0430\u0434\u043a\u0430 \u043c\u0438\u043a\u0441\u0435\u0440\u0430 \u0438\u0437 \u043f\u043b\u0430\u0441\u0442\u0438\u043a\u0430, 1 x \u0411\u0430\u0440\u0430\u0431\u0430\u043d \u0434\u043b\u044f \u0441\u0442\u0440\u0443\u0436\u043a\u0438, 1 x \u0411\u0430\u0440\u0430\u0431\u0430\u043d \u0434\u043b\u044f \u0442\u0451\u0440\u043a\u0438 \u0441\u0440\u0435\u0434\u043d\u0435\u0433\u043e \u0440\u0430\u0437\u043c\u0435\u0440\u0430, 1 x \u0411\u0430\u0440\u0430\u0431\u0430\u043d \u0434\u043b\u044f \u0440\u0435\u0437\u043a\u0438 \u0438 \u0442\u0451\u0440\u043a\u0438, 1 x \u041f\u043e\u0432\u043e\u0440\u043e\u0442\u043d\u044b\u0439 \u0440\u0435\u0436\u0443\u0449\u0438\u0439 \u0431\u0430\u0440\u0430\u0431\u0430\u043d, 1 x \u0421\u0443\u043c\u043a\u0430 \u0434\u043b\u044f \u0430\u043a\u0441\u0435\u0441\u0441\u0443\u0430\u0440\u043e\u0432 \u0442\u0435\u043c\u043d\u043e-\u0441\u0435\u0440\u043e\u0433\u043e \u0446\u0432\u0435\u0442\u0430<\/p><p><\/p><\/p><\/p>","protected":false},"excerpt":{"rendered":"<p>Pre\u010du z\u012bme BoschJauda 1000 WSvars 7.51 kgEAN 4242005185207Citi parametri\u0100trumu skaits 7 + puls\u0101cijas re\u017e\u012bmsJauk\u0161anas trauka tilpums 3.9 lBlendera trauka tilpums 1.25 lKomplekt\u0101 1 x V\u0101ks, 1 x Grie\u017eam\u0101 ma\u0161\u012bna ar b\u012bd\u012bt\u0101ju, 1 x Ner\u016bso\u0161\u0101 t\u0113rauda puto\u0161anas b\u013coda, 1 x Met\u0101la m\u012bklas \u0101\u0137is, 1 x Miksera uzgalis, plastmasas, 1 x Skaidi\u0146u ripa, 1 x R\u012bves ripa, [&hellip;]<\/p>\n","protected":false},"featured_media":32847,"comment_status":"open","ping_status":"closed","template":"","meta":{"_joinchat":[]},"product_brand":[281],"product_cat":[308],"product_tag":[],"class_list":{"0":"post-32851","1":"product","2":"type-product","3":"status-publish","4":"has-post-thumbnail","6":"product_brand-bosch","7":"product_cat-maza-sadzives-tehnika-virtuves-kombaini","9":"first","10":"instock","11":"shipping-taxable","12":"purchasable","13":"product-type-simple"},"_links":{"self":[{"href":"https:\/\/emeniro.lovehorses.lv\/ru\/wp-json\/wp\/v2\/product\/32851","targetHints":{"allow":["GET"]}}],"collection":[{"href":"https:\/\/emeniro.lovehorses.lv\/ru\/wp-json\/wp\/v2\/product"}],"about":[{"href":"https:\/\/emeniro.lovehorses.lv\/ru\/wp-json\/wp\/v2\/types\/product"}],"replies":[{"embeddable":true,"href":"https:\/\/emeniro.lovehorses.lv\/ru\/wp-json\/wp\/v2\/comments?post=32851"}],"wp:featuredmedia":[{"embeddable":true,"href":"https:\/\/emeniro.lovehorses.lv\/ru\/wp-json\/wp\/v2\/media\/32847"}],"wp:attachment":[{"href":"https:\/\/emeniro.lovehorses.lv\/ru\/wp-json\/wp\/v2\/media?parent=32851"}],"wp:term":[{"taxonomy":"product_brand","embeddable":true,"href":"https:\/\/emeniro.lovehorses.lv\/ru\/wp-json\/wp\/v2\/product_brand?post=32851"},{"taxonomy":"product_cat","embeddable":true,"href":"https:\/\/emeniro.lovehorses.lv\/ru\/wp-json\/wp\/v2\/product_cat?post=32851"},{"taxonomy":"product_tag","embeddable":true,"href":"https:\/\/emeniro.lovehorses.lv\/ru\/wp-json\/wp\/v2\/product_tag?post=32851"}],"curies":[{"name":"wp","href":"https:\/\/api.w.org\/{rel}","templated":true}]}}