{"id":32940,"date":"2026-05-01T01:52:50","date_gmt":"2026-05-01T01:52:50","guid":{"rendered":"https:\/\/emeniro.lovehorses.lv\/product\/duux-dxcf11\/"},"modified":"2026-05-01T01:52:50","modified_gmt":"2026-05-01T01:52:50","slug":"duux-dxcf11","status":"publish","type":"product","link":"https:\/\/emeniro.lovehorses.lv\/ru\/product\/duux-dxcf11\/","title":{"rendered":"Duux DXCF11"},"content":{"rendered":"<p>\u0425\u0430\u0440\u0430\u043a\u0442\u0435\u0440\u0438\u0441\u0442\u0438\u043a\u0438 \u0438\u0437\u0434\u0435\u043b\u0438\u044f<\/p>\n<p>\u041e\u0431\u0449\u0438\u0435 \u043f\u0430\u0440\u0430\u043c\u0435\u0442\u0440\u044b<br \/>Produkta veids\u00a0 \u00a0 \u00a0Gr\u012bdas ventilatori<br \/>Z\u012bmols\u00a0 \u00a0 \u00a0Duux<br \/>Modelis\u00a0 \u00a0 \u00a0DXCF11<br \/>Garums\u00a0 \u00a0 \u00a034 cm<br \/>Platums\u00a0 \u00a0 \u00a034 cm<br \/>Augstums\u00a0 \u00a0 \u00a088 cm<br \/>Diametrs\u00a0 \u00a0 34 cm<br \/>Svars\u00a0 \u00a0 \u00a06 kg<br \/>Jauda\u00a0 \u00a0 27 W<br \/>Kr\u0101sa\u00a0 \u00a0 \u00a0Balta<br \/>Materi\u0101ls\u00a0 \u00a0 \u00a0Alum\u012bnijs<br \/>Produktivit\u0101te, m\u00b3\/h\u00a0 \u00a0 \u00a0710<br \/>Trok\u0161\u0146a l\u012bmenis\u00a0 \u00a0 \u00a013 dB<br \/>Korpusa grie\u0161an\u0101s gr\u0101di\u00a0 \u00a0 \u00a090 \u00b0<br \/>\u0100trumu skaits\u00a0 \u00a0 26<br \/>Funkcijas\u00a0 \u00a0 \u00a0Klusais miega re\u017e\u012bms, Ventil\u0101cija<br \/>Att\u0101lin\u0101t\u0101s vad\u012bbas funkcija\u00a0 \u00a0 \u00a0J\u0101<br \/>Garantija\u00a0 \u00a0 \u00a024 m\u0113n<br \/>Papildus inform\u0101cija\u00a0 \u00a0 \u00a0T\u0101lvad\u012bbas pults + vied\u0101 lietotne<br \/>Izcelsmes valsts\u00a0 \u00a0 \u00a0\u0136\u012bna\u00a0<\/p><\/p>","protected":false},"excerpt":{"rendered":"<p>Izstr\u0101d\u0101juma \u012bpa\u0161\u012bbas Kop\u0113jie parametriProdukta veids\u00a0 \u00a0 \u00a0Gr\u012bdas ventilatoriZ\u012bmols\u00a0 \u00a0 \u00a0DuuxModelis\u00a0 \u00a0 \u00a0DXCF11Garums\u00a0 \u00a0 \u00a034 cmPlatums\u00a0 \u00a0 \u00a034 cmAugstums\u00a0 \u00a0 \u00a088 cmDiametrs\u00a0 \u00a0 34 cmSvars\u00a0 \u00a0 \u00a06 kgJauda\u00a0 \u00a0 27 WKr\u0101sa\u00a0 \u00a0 \u00a0BaltaMateri\u0101ls\u00a0 \u00a0 \u00a0Alum\u012bnijsProduktivit\u0101te, m\u00b3\/h\u00a0 \u00a0 \u00a0710Trok\u0161\u0146a l\u012bmenis\u00a0 \u00a0 \u00a013 dBKorpusa grie\u0161an\u0101s gr\u0101di\u00a0 \u00a0 \u00a090 \u00b0\u0100trumu skaits\u00a0 \u00a0 26Funkcijas\u00a0 \u00a0 \u00a0Klusais miega re\u017e\u012bms, Ventil\u0101cijaAtt\u0101lin\u0101t\u0101s vad\u012bbas [&hellip;]<\/p>\n","protected":false},"featured_media":32923,"comment_status":"open","ping_status":"closed","template":"","meta":[],"product_brand":[],"product_cat":[319],"product_tag":[],"class_list":{"0":"post-32940","1":"product","2":"type-product","3":"status-publish","4":"has-post-thumbnail","6":"product_cat-maza-sadzives-tehnika-gaisa-ventilatori","8":"first","9":"instock","10":"shipping-taxable","11":"purchasable","12":"product-type-simple"},"_links":{"self":[{"href":"https:\/\/emeniro.lovehorses.lv\/ru\/wp-json\/wp\/v2\/product\/32940","targetHints":{"allow":["GET"]}}],"collection":[{"href":"https:\/\/emeniro.lovehorses.lv\/ru\/wp-json\/wp\/v2\/product"}],"about":[{"href":"https:\/\/emeniro.lovehorses.lv\/ru\/wp-json\/wp\/v2\/types\/product"}],"replies":[{"embeddable":true,"href":"https:\/\/emeniro.lovehorses.lv\/ru\/wp-json\/wp\/v2\/comments?post=32940"}],"wp:featuredmedia":[{"embeddable":true,"href":"https:\/\/emeniro.lovehorses.lv\/ru\/wp-json\/wp\/v2\/media\/32923"}],"wp:attachment":[{"href":"https:\/\/emeniro.lovehorses.lv\/ru\/wp-json\/wp\/v2\/media?parent=32940"}],"wp:term":[{"taxonomy":"product_brand","embeddable":true,"href":"https:\/\/emeniro.lovehorses.lv\/ru\/wp-json\/wp\/v2\/product_brand?post=32940"},{"taxonomy":"product_cat","embeddable":true,"href":"https:\/\/emeniro.lovehorses.lv\/ru\/wp-json\/wp\/v2\/product_cat?post=32940"},{"taxonomy":"product_tag","embeddable":true,"href":"https:\/\/emeniro.lovehorses.lv\/ru\/wp-json\/wp\/v2\/product_tag?post=32940"}],"curies":[{"name":"wp","href":"https:\/\/api.w.org\/{rel}","templated":true}]}}