{"id":33109,"date":"2026-05-01T01:56:52","date_gmt":"2026-05-01T01:56:52","guid":{"rendered":"https:\/\/emeniro.lovehorses.lv\/product\/philips-ep4449-70\/"},"modified":"2026-05-01T01:56:52","modified_gmt":"2026-05-01T01:56:52","slug":"philips-ep4449-70","status":"publish","type":"product","link":"https:\/\/emeniro.lovehorses.lv\/ru\/product\/philips-ep4449-70\/","title":{"rendered":"Philips EP4449\/70"},"content":{"rendered":"<p>Produkta veids\u00a0 \u00a0 \u00a0Autom\u0101tiskie kafijas autom\u0101ti<\/p>\n<p>Z\u012bmols\u00a0 \u00a0 \u00a0Philips<br \/>Modelis\u00a0 \u00a0 \u00a0EP4449\/70<br \/>Kafijas autom\u0101ta veids\u00a0 \u00a0 \u00a0Autom\u0101tisks<br \/>Piena sist\u0113mas tips\u00a0 \u00a0 \u00a0Piena tvertne<br \/>Jauda\u00a0 \u00a0 1500 W<br \/>Maksim\u0101lais darba spiediens\u00a0 \u00a0 15 Bar<br \/>Korpusa materi\u0101ls\u00a0 \u00a0 \u00a0Met\u0101ls, Plastmasa<br \/>Izcelsmes valsts\u00a0 \u00a0 \u00a0Rum\u0101nija<br \/>Kr\u0101sa\u00a0 \u00a0 \u00a0Melna, Pel\u0113ka<br \/>Ekr\u0101ns\u00a0 \u00a0 \u00a0J\u0101<br \/>\u0412\u0438\u0434\u044b \u043a\u043e\u0444\u0435 \u0438 \u043f\u0440\u0438\u0433\u043e\u0442\u043e\u0432\u043b\u0435\u043d\u0438\u0435<br \/>Kafijas veids\u00a0 \u00a0 Kafijas pupi\u0146as, Malta kafija<br \/>Kafijas pagatavo\u0161anas metodes\u00a0 \u00a0 2 x Espresso, 2 x Meln\u0101 kafija, Caff\u00e8 Americano, Caff\u00e8 Crema, Caff\u00e8 latte, Caf\u00e9 au lait, Espresso, Ice Coffe, Kapu\u010dino, Karsts \u016bdens, Latte Macchiato, Melna kafija, Ristretto, Uzkars\u0113ts piens<br \/>Kafijas stipruma regul\u0113\u0161ana\u00a0 \u00a0 J\u0101<br \/>\u0424\u0443\u043d\u043a\u0446\u0438\u0438 \u0438 \u0432\u043e\u0437\u043c\u043e\u0436\u043d\u043e\u0441\u0442\u0438<br \/>\u016adens ciet\u012bbas regul\u0113\u0161ana\u00a0 \u00a0 N\u0113<br \/>Vienlaic\u012bgi sagatavo vair\u0101kas devas\u00a0 \u00a0 N\u0113<br \/>Kr\u016bzes uzsild\u012b\u0161ana\u00a0 \u00a0 N\u0113<br \/>Tvaika uzgalis\u00a0 \u00a0 N\u0113<br \/>Saglab\u0101 kafijas veidus\u00a0 \u00a0 J\u0101<br \/>Ar manometru\u00a0 \u00a0 N\u0113<br \/>Aukstu dz\u0113rienu pagatavo\u0161ana\u00a0 \u00a0 \u00a0J\u0101<br \/>Programm\u0113jams porcijas lielums\u00a0 \u00a0 \u00a0J\u0101<br \/>Karst\u0101 \u016bdens sagatavo\u0161ana\u00a0 \u00a0 \u00a0J\u0101<br \/>Karst\u0101 piena pagatavo\u0161ana\u00a0 \u00a0 \u00a0J\u0101<br \/>Vad\u012bbas tips\u00a0 \u00a0 \u00a0Sk\u0101rienj\u016bt\u012bga<br \/>\u041a\u043e\u0444\u0435\u043c\u043e\u043b\u043a\u0430<br \/>Kafijas dzirnavi\u0146as\u00a0 \u00a0 J\u0101<br \/>Regul\u0113jama kafijas smalcin\u0101\u0161ana\u00a0 \u00a0 J\u0101<br \/>Kafijas pupi\u0146u ietilp\u012bba\u00a0 \u00a0 \u00a0275 g<br \/>Kafijas padeves kr\u0101na augstums\u00a0 \u00a0 \u00a085 \u2013 145 mm<br \/>\u0420\u0435\u0437\u0435\u0440\u0432\u0443\u0430\u0440\u044b<br \/>\u016adens tvertne\u00a0 \u00a0 \u00a01.8 l<br \/>Piena trauks\u00a0 \u00a0 J\u0101<br \/>\u041e\u0447\u0438\u0441\u0442\u043a\u0430<br \/>Autom\u0101tiska mazg\u0101\u0161ana\u00a0 \u00a0 J\u0101<br \/>Autom\u0101tisk\u0101 atka\u013c\u0137o\u0161an\u0101s\u00a0 \u00a0 N\u0113<br \/>\u0420\u0430\u0437\u043c\u0435\u0440\u044b \u0438 \u0432\u0435\u0441<br \/>Dzi\u013cums\u00a0 \u00a0 \u00a043.3 cm<br \/>Platums\u00a0 \u00a0 \u00a024.6 cm<br \/>Augstums\u00a0 \u00a0 \u00a037.1 cm<br \/>Svars\u00a0 \u00a0 \u00a08 kg\u00a0<\/p><\/p>","protected":false},"excerpt":{"rendered":"<p>Produkta veids\u00a0 \u00a0 \u00a0Autom\u0101tiskie kafijas autom\u0101ti Z\u012bmols\u00a0 \u00a0 \u00a0PhilipsModelis\u00a0 \u00a0 \u00a0EP4449\/70Kafijas autom\u0101ta veids\u00a0 \u00a0 \u00a0Autom\u0101tisksPiena sist\u0113mas tips\u00a0 \u00a0 \u00a0Piena tvertneJauda\u00a0 \u00a0 1500 WMaksim\u0101lais darba spiediens\u00a0 \u00a0 15 BarKorpusa materi\u0101ls\u00a0 \u00a0 \u00a0Met\u0101ls, PlastmasaIzcelsmes valsts\u00a0 \u00a0 \u00a0Rum\u0101nijaKr\u0101sa\u00a0 \u00a0 \u00a0Melna, Pel\u0113kaEkr\u0101ns\u00a0 \u00a0 \u00a0J\u0101Kafijas veidi un pagatavo\u0161anaKafijas veids\u00a0 \u00a0 Kafijas pupi\u0146as, Malta kafijaKafijas pagatavo\u0161anas metodes\u00a0 \u00a0 2 x Espresso, [&hellip;]<\/p>\n","protected":false},"featured_media":33105,"comment_status":"open","ping_status":"closed","template":"","meta":[],"product_brand":[307],"product_cat":[314],"product_tag":[],"class_list":{"0":"post-33109","1":"product","2":"type-product","3":"status-publish","4":"has-post-thumbnail","6":"product_brand-philips","7":"product_cat-maza-sadzives-tehnika-kafijas-automati","9":"first","10":"instock","11":"shipping-taxable","12":"purchasable","13":"product-type-simple"},"_links":{"self":[{"href":"https:\/\/emeniro.lovehorses.lv\/ru\/wp-json\/wp\/v2\/product\/33109","targetHints":{"allow":["GET"]}}],"collection":[{"href":"https:\/\/emeniro.lovehorses.lv\/ru\/wp-json\/wp\/v2\/product"}],"about":[{"href":"https:\/\/emeniro.lovehorses.lv\/ru\/wp-json\/wp\/v2\/types\/product"}],"replies":[{"embeddable":true,"href":"https:\/\/emeniro.lovehorses.lv\/ru\/wp-json\/wp\/v2\/comments?post=33109"}],"wp:featuredmedia":[{"embeddable":true,"href":"https:\/\/emeniro.lovehorses.lv\/ru\/wp-json\/wp\/v2\/media\/33105"}],"wp:attachment":[{"href":"https:\/\/emeniro.lovehorses.lv\/ru\/wp-json\/wp\/v2\/media?parent=33109"}],"wp:term":[{"taxonomy":"product_brand","embeddable":true,"href":"https:\/\/emeniro.lovehorses.lv\/ru\/wp-json\/wp\/v2\/product_brand?post=33109"},{"taxonomy":"product_cat","embeddable":true,"href":"https:\/\/emeniro.lovehorses.lv\/ru\/wp-json\/wp\/v2\/product_cat?post=33109"},{"taxonomy":"product_tag","embeddable":true,"href":"https:\/\/emeniro.lovehorses.lv\/ru\/wp-json\/wp\/v2\/product_tag?post=33109"}],"curies":[{"name":"wp","href":"https:\/\/api.w.org\/{rel}","templated":true}]}}