{"id":33241,"date":"2026-05-01T01:59:33","date_gmt":"2026-05-01T01:59:33","guid":{"rendered":"https:\/\/emeniro.lovehorses.lv\/product\/gorenje-mo20a4x\/"},"modified":"2026-05-01T01:59:33","modified_gmt":"2026-05-01T01:59:33","slug":"gorenje-mo20a4x","status":"publish","type":"product","link":"https:\/\/emeniro.lovehorses.lv\/ru\/product\/gorenje-mo20a4x\/","title":{"rendered":"Gorenje MO20A4X"},"content":{"rendered":"<p>\u0411\u0440\u0435\u043d\u0434 Gorenje<\/p>\n<p>\u041a\u043e\u0434 \u043f\u0440\u043e\u0434\u0443\u043a\u0442\u0430 733240<br \/>\u0426\u0432\u0435\u0442 \u041d\u0435\u0440\u0436\u0430\u0432\u0435\u044e\u0449\u0430\u044f \u0441\u0442\u0430\u043b\u044c<br \/>\u041e\u0431\u044a\u0435\u043c 20 \u043b<br \/>EAN 3838782176555<br \/>\u0420\u0430\u0437\u043c\u0435\u0440\u044b, \u0432\u0435\u0441<br \/>\u0420\u0430\u0437\u043c\u0435\u0440\u044b (\u0428x\u0412x\u0413) \u043c\u043c 451x257x343<br \/>\u0412\u0435\u0441 11.3 \u043a\u0433<br \/>\u0412\u0435\u0441 \u0441 \u0443\u043f\u0430\u043a\u043e\u0432\u043a\u043e\u0439 13.1 \u043a\u0433<br \/>\u041f\u0430\u0440\u0430\u043c\u0435\u0442\u0440\u044b \u043c\u0438\u043a\u0440\u043e\u0432\u043e\u043b\u043d\u043e\u0432\u043e\u0439 \u043f\u0435\u0447\u0438<br \/>\u0423\u043f\u0440\u0430\u0432\u043b\u0435\u043d\u0438\u0435 \u042d\u043b\u0435\u043a\u0442\u0440\u043e\u043d\u043d\u043e\u0435<br \/>\u041c\u043e\u0449\u043d\u043e\u0441\u0442\u044c \u043c\u0438\u043a\u0440\u043e\u0432\u043e\u043b\u043d 800 \u0412\u0442<br \/>\u041c\u043e\u0449\u043d\u043e\u0441\u0442\u044c \u0433\u0440\u0438\u043b\u044f (\u0412\u0442) 1000<\/p>","protected":false},"excerpt":{"rendered":"<p>Pre\u010du z\u012bme Gorenje Produkta kods 733240Kr\u0101sa Ner\u016bs\u0113jo\u0161a t\u0113raudaTilpums 20 lEAN 3838782176555Izm\u0113ri, svarsIzm\u0113rs (PxAxDz) mm 451x257x343Svars 11.3 kgSvars ar iepakojumu 13.1 kgMikrovi\u013c\u0146u kr\u0101sns parametriVad\u012bba ElektroniskaMikrovi\u013c\u0146u izejas jauda 800 WGrila jauda (W) 1000<\/p>","protected":false},"featured_media":33236,"comment_status":"open","ping_status":"closed","template":"","meta":{"_joinchat":[]},"product_brand":[271],"product_cat":[273],"product_tag":[],"class_list":{"0":"post-33241","1":"product","2":"type-product","3":"status-publish","4":"has-post-thumbnail","6":"product_brand-gorenje","7":"product_cat-sadzives-tehnika-mikrovilnu-krasnis","9":"first","10":"instock","11":"shipping-taxable","12":"purchasable","13":"product-type-simple"},"_links":{"self":[{"href":"https:\/\/emeniro.lovehorses.lv\/ru\/wp-json\/wp\/v2\/product\/33241","targetHints":{"allow":["GET"]}}],"collection":[{"href":"https:\/\/emeniro.lovehorses.lv\/ru\/wp-json\/wp\/v2\/product"}],"about":[{"href":"https:\/\/emeniro.lovehorses.lv\/ru\/wp-json\/wp\/v2\/types\/product"}],"replies":[{"embeddable":true,"href":"https:\/\/emeniro.lovehorses.lv\/ru\/wp-json\/wp\/v2\/comments?post=33241"}],"wp:featuredmedia":[{"embeddable":true,"href":"https:\/\/emeniro.lovehorses.lv\/ru\/wp-json\/wp\/v2\/media\/33236"}],"wp:attachment":[{"href":"https:\/\/emeniro.lovehorses.lv\/ru\/wp-json\/wp\/v2\/media?parent=33241"}],"wp:term":[{"taxonomy":"product_brand","embeddable":true,"href":"https:\/\/emeniro.lovehorses.lv\/ru\/wp-json\/wp\/v2\/product_brand?post=33241"},{"taxonomy":"product_cat","embeddable":true,"href":"https:\/\/emeniro.lovehorses.lv\/ru\/wp-json\/wp\/v2\/product_cat?post=33241"},{"taxonomy":"product_tag","embeddable":true,"href":"https:\/\/emeniro.lovehorses.lv\/ru\/wp-json\/wp\/v2\/product_tag?post=33241"}],"curies":[{"name":"wp","href":"https:\/\/api.w.org\/{rel}","templated":true}]}}