{"id":33375,"date":"2026-05-01T02:02:42","date_gmt":"2026-05-01T02:02:42","guid":{"rendered":"https:\/\/emeniro.lovehorses.lv\/product\/samsung-ae090rnydeg-eu-ae040rxedeg-eu-mwr-ww10n-siltumsuknis-komplekts-arejais-ieksejais-bloki\/"},"modified":"2026-05-01T02:02:42","modified_gmt":"2026-05-01T02:02:42","slug":"samsung-ae090rnydeg-eu-ae040rxedeg-eu-mwr-ww10n-siltumsuknis-komplekts-arejais-ieksejais-bloki","status":"publish","type":"product","link":"https:\/\/emeniro.lovehorses.lv\/ru\/product\/samsung-ae090rnydeg-eu-ae040rxedeg-eu-mwr-ww10n-siltumsuknis-komplekts-arejais-ieksejais-bloki\/","title":{"rendered":"Samsung AE090RNYDEG\/EU + AE040RXEDEG\/EU + MWR-WW10N \u0422\u0435\u043f\u043b\u043e\u0432\u043e\u0439 \u043d\u0430\u0441\u043e\u0441 \u041a\u043e\u043c\u043f\u043b\u0435\u043a\u0442 \u041d\u0430\u0440\u0443\u0436\u043d\u044b\u0439 + \u0432\u043d\u0443\u0442\u0440\u0435\u043d\u043d\u0438\u0435 \u0431\u043b\u043e\u043a\u0438"},"content":{"rendered":"<\/p>\n<p>\u041f\u043b\u043e\u0449\u0430\u0434\u044c \u043f\u043e\u043c\u0435\u0449\u0435\u043d\u0438\u044f (\u0434\u043e), 80 \u043a\u0432.\u043c<br \/>\u0420\u0430\u0437\u043c\u0435\u0440\u044b, \u043c\u043c 510x850x315<br \/>\u041c\u043e\u0449\u043d\u043e\u0441\u0442\u044c, \u043a\u0412\u0442 6,0<br \/>\u041f\u043e\u0434\u043a\u043b\u044e\u0447\u0435\u043d\u0438\u0435 \u043a \u044d\u043b\u0435\u043a\u0442\u0440\u043e\u0441\u0435\u0442\u0438, \u0412<br \/>\u0412\u043d\u0443\u0442\u0440\u0435\u043d\u043d\u0438\u0439 \u0431\u043b\u043e\u043a 1F 230\u0412 \/ \u041d\u0430\u0440\u0443\u0436\u043d\u044b\u0439 \u0431\u043b\u043e\u043a 1F 230\u0412<br \/>COP (\u043d\u043e\u043c\u0438\u043d\u0430\u043b\u044c\u043d\u043e\u0435 \u0442\u0435\u043f\u043b\u043e) (A7\/W35) 5,20<br \/>EER (\u043d\u043e\u043c\u0438\u043d\u0430\u043b\u044c\u043d\u043e\u0435 \u043e\u0445\u043b\u0430\u0436\u0434\u0435\u043d\u0438\u0435) (A7\/W35) 4,59<br \/>SCOP 4.58<br \/>\u0420\u0430\u0431\u043e\u0447\u0430\u044f \u0442\u0435\u043c\u043f\u0435\u0440\u0430\u0442\u0443\u0440\u0430. \u0414\u0438\u0430\u043f\u0430\u0437\u043e\u043d \u043e\u0442\u043e\u043f\u043b\u0435\u043d\u0438\u044f -25 ~ 35 \u2103<br \/>\u0420\u0430\u0431\u043e\u0447\u0430\u044f \u0442\u0435\u043c\u043f\u0435\u0440\u0430\u0442\u0443\u0440\u0430. \u0414\u0438\u0430\u043f\u0430\u0437\u043e\u043d \u043e\u0445\u043b\u0430\u0436\u0434\u0435\u043d\u0438\u044f -10 ~ 46 \u2103<br \/>\u0423\u0440\u043e\u0432\u0435\u043d\u044c \u0448\u0443\u043c\u0430 40 DBA<br \/>\u041f\u0440\u0438\u043d\u0446\u0438\u043f \u0440\u0430\u0431\u043e\u0442\u044b \u0412\u043e\u0437\u0434\u0443\u0445 \u2013 \u0432\u043e\u0434\u0430<\/p>\n<p>Videi draudz\u012bga apkure \u2013 neietekm\u0113 ozona sl\u0101ni<br \/>\u042d\u043a\u043e\u043b\u043e\u0433\u0438\u0447\u043d\u044b\u0439 \u0445\u043b\u0430\u0434\u0430\u0433\u0435\u043d\u0442 R32<br \/>\u0421\u043d\u0438\u0437\u044c\u0442\u0435 \u0432\u043b\u0438\u044f\u043d\u0438\u0435 \u043d\u0430 \u0438\u0437\u043c\u0435\u043d\u0435\u043d\u0438\u0435 \u043a\u043b\u0438\u043c\u0430\u0442\u0430 \u0441 \u043f\u043e\u043c\u043e\u0449\u044c\u044e Samsung EHS (Eco Heating System). \u0425\u043b\u0430\u0434\u0430\u0433\u0435\u043d\u0442 R32 \u0438\u043c\u0435\u0435\u0442 \u043d\u0443\u043b\u0435\u0432\u043e\u0439 \u043f\u043e\u0442\u0435\u043d\u0446\u0438\u0430\u043b \u043e\u0437\u043e\u043d\u043e\u0440\u0430\u0437\u0440\u0443\u0448\u0430\u044e\u0449\u0435\u0433\u043e \u0432\u043e\u0437\u0434\u0435\u0439\u0441\u0442\u0432\u0438\u044f (ODP) \u0438 \u0431\u043e\u043b\u0435\u0435 \u043d\u0438\u0437\u043a\u0438\u0439 \u0433\u043b\u043e\u0431\u0430\u043b\u044c\u043d\u044b\u0439 \u043f\u043e\u0442\u0435\u043d\u0446\u0438\u0430\u043b \u043f\u043e\u0442\u0435\u043f\u043b\u0435\u043d\u0438\u044f (GWP) \u043f\u043e \u0441\u0440\u0430\u0432\u043d\u0435\u043d\u0438\u044e \u0441 \u043e\u0431\u044b\u0447\u043d\u044b\u043c\u0438 \u0445\u043b\u0430\u0434\u0430\u0433\u0435\u043d\u0442\u0430\u043c\u0438. * \u042d\u0442\u043e \u0442\u0430\u043a\u0436\u0435 \u0443\u043c\u0435\u043d\u044c\u0448\u0430\u0435\u0442 \u043a\u043e\u043b\u0438\u0447\u0435\u0441\u0442\u0432\u043e \u043d\u0435\u043e\u0431\u0445\u043e\u0434\u0438\u043c\u043e\u0433\u043e \u0445\u043b\u0430\u0434\u0430\u0433\u0435\u043d\u0442\u0430 \u0438 \u0432\u044b\u0431\u0440\u043e\u0441\u044b CO2. **<\/p>\n<p>* \u041a\u043b\u0430\u0441\u0441 GWP: R32 = 675 \u0445\u043b\u0430\u0434\u0430\u0433\u0435\u043d\u0442 \u043f\u043e \u0441\u0440\u0430\u0432\u043d\u0435\u043d\u0438\u044e \u0441 R410A = 2088.<\/p>\n<p>** Samsung EHS MONO, SPLIT (R32) \u0442\u0440\u0435\u0431\u0443\u0435\u0442 \u0432\u0441\u0435\u0433\u043e 83% \u0445\u043b\u0430\u0434\u0430\u0433\u0435\u043d\u0442\u0430, \u0438\u0441\u043f\u043e\u043b\u044c\u0437\u0443\u0435\u043c\u043e\u0433\u043e \u0432 \u0441\u0442\u0430\u043d\u0434\u0430\u0440\u0442\u043d\u043e\u0439 \u0441\u0438\u0441\u0442\u0435\u043c\u0435 \u043e\u0442\u043e\u043f\u043b\u0435\u043d\u0438\u044f \u0442\u043e\u0439 \u0436\u0435 \u043c\u043e\u0449\u043d\u043e\u0441\u0442\u0438 (R410A). \u0422\u0430\u043a\u0438\u043c \u043e\u0431\u0440\u0430\u0437\u043e\u043c, \u0443\u0440\u043e\u0432\u0435\u043d\u044c \u0432\u044b\u0431\u0440\u043e\u0441\u043e\u0432 CO2 \u0441\u0438\u0441\u0442\u0435\u043c\u044b EHS \u0441\u043e\u0441\u0442\u0430\u0432\u043b\u044f\u0435\u0442 560 (675 x 0,83), \u0447\u0442\u043e \u043d\u0430 73% \u043c\u0435\u043d\u044c\u0448\u0435, \u0447\u0435\u043c 2088, \u0441\u043e\u0437\u0434\u0430\u0432\u0430\u0435\u043c\u044b\u0445 \u0441\u0442\u0430\u043d\u0434\u0430\u0440\u0442\u043d\u043e\u0439 \u0441\u0438\u0441\u0442\u0435\u043c\u043e\u0439 \u043e\u0442\u043e\u043f\u043b\u0435\u043d\u0438\u044f.<\/p>\n<p>\u0421\u043d\u0438\u0436\u0430\u0439\u0442\u0435 \u044d\u043d\u0435\u0440\u0433\u043e\u043f\u043e\u0442\u0440\u0435\u0431\u043b\u0435\u043d\u0438\u0435 \u0438 \u044d\u043a\u043e\u043d\u043e\u043c\u044c\u0442\u0435 \u0434\u0435\u043d\u044c\u0433\u0438<br \/>\u0420\u0430\u0437\u043d\u043e\u043e\u0431\u0440\u0430\u0437\u043d\u044b\u0435 \u0444\u0443\u043d\u043a\u0446\u0438\u0438 \u0434\u043b\u044f \u044d\u043a\u043e\u043d\u043e\u043c\u0438\u0438 \u044d\u043d\u0435\u0440\u0433\u0438\u0438<br \/>\u042d\u043a\u043e\u043d\u043e\u043c\u044c\u0442\u0435 \u044d\u043d\u0435\u0440\u0433\u0438\u044e \u0431\u043b\u0430\u0433\u043e\u0434\u0430\u0440\u044f \u0443\u0441\u043e\u0432\u0435\u0440\u0448\u0435\u043d\u0441\u0442\u0432\u043e\u0432\u0430\u043d\u043d\u044b\u043c \u0444\u0443\u043d\u043a\u0446\u0438\u044f\u043c. \u0423\u043f\u0440\u0430\u0432\u043b\u0435\u043d\u0438\u0435 \u043f\u043e 2 \u0437\u043e\u043d\u0430\u043c \u043e\u043f\u0442\u0438\u043c\u0438\u0437\u0438\u0440\u0443\u0435\u0442 \u0442\u0435\u043c\u043f\u0435\u0440\u0430\u0442\u0443\u0440\u0443 \u0432 \u0434\u0432\u0443\u0445 \u043e\u0442\u0434\u0435\u043b\u044c\u043d\u044b\u0445 \u0437\u043e\u043d\u0430\u0445. \u0424\u0443\u043d\u043a\u0446\u0438\u044f, \u0430\u043a\u0442\u0438\u0432\u0438\u0440\u0443\u0435\u043c\u0430\u044f \u0444\u043e\u0442\u043e\u044d\u043b\u0435\u043c\u0435\u043d\u0442\u043e\u043c, \u043f\u0440\u043e\u0432\u0435\u0440\u044f\u0435\u0442 \u0441\u043e\u0441\u0442\u043e\u044f\u043d\u0438\u0435 \u0441\u043e\u043b\u043d\u0435\u0447\u043d\u044b\u0445 \u043f\u0430\u043d\u0435\u043b\u0435\u0439 \u0438 \u0441\u043e\u043a\u0440\u0430\u0449\u0430\u0435\u0442 \u043f\u043e\u0442\u0440\u0435\u0431\u043b\u0435\u043d\u0438\u0435 \u044d\u043d\u0435\u0440\u0433\u0438\u0438 \u0438\u0437 \u0441\u0435\u0442\u0438. \u041a\u0440\u043e\u043c\u0435 \u0442\u043e\u0433\u043e, Smart Grid Ready \u043f\u043e\u043c\u043e\u0433\u0430\u0435\u0442 \u0438\u0441\u043f\u043e\u043b\u044c\u0437\u043e\u0432\u0430\u0442\u044c \u044d\u043a\u043e\u043d\u043e\u043c\u0438\u0447\u043d\u0443\u044e \u0438 \u0443\u0441\u0442\u043e\u0439\u0447\u0438\u0432\u0443\u044e \u044d\u043b\u0435\u043a\u0442\u0440\u043e\u044d\u043d\u0435\u0440\u0433\u0438\u044e.<\/p>\n<p>\u0423\u0434\u043e\u0431\u043d\u043e\u0435 \u0438 \u0438\u043d\u0442\u0443\u0438\u0442\u0438\u0432\u043d\u043e \u043f\u043e\u043d\u044f\u0442\u043d\u043e\u0435 \u0443\u043f\u0440\u0430\u0432\u043b\u0435\u043d\u0438\u0435.<br \/>\u041d\u043e\u0432\u044b\u0439 \u043f\u0440\u043e\u0432\u043e\u0434\u043d\u043e\u0439 \u043f\u0443\u043b\u044c\u0442 \u0434\u0438\u0441\u0442\u0430\u043d\u0446\u0438\u043e\u043d\u043d\u043e\u0433\u043e \u0443\u043f\u0440\u0430\u0432\u043b\u0435\u043d\u0438\u044f<br \/>\u0411\u044b\u0441\u0442\u0440\u044b\u0439 \u0438 \u0438\u043d\u0442\u0443\u0438\u0442\u0438\u0432\u043d\u044b\u0439 \u043c\u043e\u043d\u0438\u0442\u043e\u0440\u0438\u043d\u0433 \u0443\u0441\u043b\u043e\u0432\u0438\u0439 \u0432 \u0434\u043e\u043c\u0435. \u0423 \u043d\u043e\u0432\u043e\u0433\u043e \u043f\u0440\u043e\u0432\u043e\u0434\u043d\u043e\u0433\u043e \u043f\u0443\u043b\u044c\u0442\u0430 \u0434\u0438\u0441\u0442\u0430\u043d\u0446\u0438\u043e\u043d\u043d\u043e\u0433\u043e \u0443\u043f\u0440\u0430\u0432\u043b\u0435\u043d\u0438\u044f \u0431\u043e\u043b\u044c\u0448\u043e\u0439 \u044f\u0440\u043a\u0438\u0439 \u0446\u0432\u0435\u0442\u043d\u043e\u0439 \u0434\u0438\u0441\u043f\u043b\u0435\u0439, \u0441\u0435\u043d\u0441\u043e\u0440\u043d\u043e\u0435 \u0443\u043f\u0440\u0430\u0432\u043b\u0435\u043d\u0438\u0435 \u0438 \u0432\u044b\u0431\u043e\u0440 \u044f\u0437\u044b\u043a\u0430. * \u041f\u0443\u043b\u044c\u0442 \u043c\u043e\u0436\u043d\u043e \u0443\u0441\u0442\u0430\u043d\u043e\u0432\u0438\u0442\u044c \u0433\u0434\u0435 \u0443\u0433\u043e\u0434\u043d\u043e, \u0438 \u0432 \u043a\u0430\u0436\u0434\u043e\u0439 \u0437\u043e\u043d\u0435 \u043c\u043e\u0436\u043d\u043e \u0437\u0430\u0434\u0430\u0432\u0430\u0442\u044c \u0440\u0430\u0437\u043d\u044b\u0435 \u0442\u0435\u043c\u043f\u0435\u0440\u0430\u0442\u0443\u0440\u044b.<\/p>\n<p>* \u0414\u043e\u0441\u0442\u0443\u043f\u043d\u044b\u0435 \u044f\u0437\u044b\u043a\u0438: \u0430\u043d\u0433\u043b\u0438\u0439\u0441\u043a\u0438\u0439, \u043d\u0435\u043c\u0435\u0446\u043a\u0438\u0439, \u0438\u0441\u043f\u0430\u043d\u0441\u043a\u0438\u0439, \u0444\u0440\u0430\u043d\u0446\u0443\u0437\u0441\u043a\u0438\u0439, \u0438\u0442\u0430\u043b\u044c\u044f\u043d\u0441\u043a\u0438\u0439 \u0438 \u043f\u043e\u043b\u044c\u0441\u043a\u0438\u0439.<\/p>\n<p>\u0423\u0434\u043e\u0431\u043d\u043e\u0435 \u0434\u0438\u0441\u0442\u0430\u043d\u0446\u0438\u043e\u043d\u043d\u043e\u0435 \u0443\u043f\u0440\u0430\u0432\u043b\u0435\u043d\u0438\u0435 \u0441\u043e \u0441\u043c\u0430\u0440\u0442\u0444\u043e\u043d\u0430<br \/>\u0423\u043c\u043d\u043e\u0435 \u043f\u043e\u0434\u043a\u043b\u044e\u0447\u0435\u043d\u0438\u0435<br \/>\u0423\u043f\u0440\u0430\u0432\u043b\u044f\u0439\u0442\u0435 \u0432\u0430\u0448\u0438\u043c Samsung EHS \u0432 \u043f\u0443\u0442\u0438. Smart Connectivity \u043f\u043e\u0437\u0432\u043e\u043b\u044f\u0435\u0442 \u0432\u043a\u043b\u044e\u0447\u0430\u0442\u044c\/\u0432\u044b\u043a\u043b\u044e\u0447\u0430\u0442\u044c \u0443\u0441\u0442\u0440\u043e\u0439\u0441\u0442\u0432\u043e \u0438\u0437 \u043b\u044e\u0431\u043e\u0439 \u0442\u043e\u0447\u043a\u0438 \u0447\u0435\u0440\u0435\u0437 \u043f\u0440\u0438\u043b\u043e\u0436\u0435\u043d\u0438\u0435 SmartThings. * \u041a\u0440\u043e\u043c\u0435 \u0442\u043e\u0433\u043e, \u0441 \u043f\u043e\u043c\u043e\u0449\u044c\u044e \u0441\u0435\u043d\u0441\u043e\u0440\u043d\u043e\u0433\u043e \u0443\u043f\u0440\u0430\u0432\u043b\u0435\u043d\u0438\u044f \u043c\u043e\u0436\u043d\u043e \u043a\u043e\u043d\u0442\u0440\u043e\u043b\u0438\u0440\u043e\u0432\u0430\u0442\u044c \u0440\u0435\u0436\u0438\u043c\u044b \u0438 \u043d\u0430\u0441\u0442\u0440\u043e\u0439\u043a\u0438, \u043f\u043b\u0430\u043d\u0438\u0440\u043e\u0432\u0430\u0442\u044c \u0437\u0430\u043f\u0443\u0441\u043a\/\u043e\u0441\u0442\u0430\u043d\u043e\u0432\u043a\u0443, \u0441\u043b\u0435\u0434\u0438\u0442\u044c \u0437\u0430 \u043f\u043e\u0442\u0440\u0435\u0431\u043b\u0435\u043d\u0438\u0435\u043c \u044d\u043d\u0435\u0440\u0433\u0438\u0438, \u043d\u0430\u0441\u0442\u0440\u0430\u0438\u0432\u0430\u0442\u044c \u043b\u0435\u0442\u043d\u0435\u0435 \u0432\u0440\u0435\u043c\u044f \u0438 \u043e\u0431\u043d\u0430\u0440\u0443\u0436\u0438\u0432\u0430\u0442\u044c \u043e\u0448\u0438\u0431\u043a\u0438.<\/p>\n<p>* \u0414\u043e\u0441\u0442\u0443\u043f\u043d\u043e \u0434\u043b\u044f \u0443\u0441\u0442\u0440\u043e\u0439\u0441\u0442\u0432 iPhone \u0438 Android. \u0422\u0440\u0435\u0431\u0443\u0435\u0442\u0441\u044f \u043f\u043e\u0434\u043a\u043b\u044e\u0447\u0435\u043d\u0438\u0435 Wi-Fi, \u0430\u043a\u043a\u0430\u0443\u043d\u0442 Samsung \u0438 \u0434\u043e\u043f\u043e\u043b\u043d\u0438\u0442\u0435\u043b\u044c\u043d\u044b\u0439 Wi-Fi \u043a\u043e\u043c\u043f\u043b\u0435\u043a\u0442 (MIM-H04N).<\/p>\n<p>\u042d\u043d\u0435\u0440\u0433\u043e\u044d\u0444\u0444\u0435\u043a\u0442\u0438\u0432\u043d\u043e\u0441\u0442\u044c A+++ \u043e\u0431\u0435\u0441\u043f\u0435\u0447\u0438\u0432\u0430\u0435\u0442 \u0435\u0449\u0451 \u0431\u043e\u043b\u044c\u0448\u0443\u044e \u044d\u043a\u043e\u043d\u043e\u043c\u0438\u044e<br \/>Augstas klases energoefektivit\u0101te \u2013 SCOP A +++<br \/>\u041c\u0435\u043d\u044c\u0448\u0435 \u0431\u0435\u0441\u043f\u043e\u043a\u043e\u0439\u0441\u0442\u0432 \u043e \u0437\u0430\u0442\u0440\u0430\u0442\u0430\u0445 \u043d\u0430 \u043e\u0442\u043e\u043f\u043b\u0435\u043d\u0438\u0435. \u0412\u0441\u0435 \u0444\u0443\u043d\u043a\u0446\u0438\u0438 \u0443\u0441\u0442\u0440\u043e\u0439\u0441\u0442\u0432\u0430 \u043e\u0431\u0435\u0441\u043f\u0435\u0447\u0438\u0432\u0430\u044e\u0442 \u044d\u043d\u0435\u0440\u0433\u043e\u044d\u0444\u0444\u0435\u043a\u0442\u0438\u0432\u043d\u043e\u0441\u0442\u044c SCOP A +++. * \u0422\u0430\u043a\u0438\u043c \u043e\u0431\u0440\u0430\u0437\u043e\u043c, \u0443\u0441\u0442\u0440\u043e\u0439\u0441\u0442\u0432\u043e \u0440\u0430\u0431\u043e\u0442\u0430\u0435\u0442 \u043e\u0447\u0435\u043d\u044c \u044d\u0444\u0444\u0435\u043a\u0442\u0438\u0432\u043d\u043e, \u043e\u0431\u0435\u0441\u043f\u0435\u0447\u0438\u0432\u0430\u044f \u0432\u044b\u0441\u043e\u043a\u0443\u044e \u0442\u0435\u043f\u043b\u043e\u0432\u0443\u044e \u043f\u0440\u043e\u0438\u0437\u0432\u043e\u0434\u0438\u0442\u0435\u043b\u044c\u043d\u043e\u0441\u0442\u044c \u0441 \u0438\u0441\u043f\u043e\u043b\u044c\u0437\u043e\u0432\u0430\u043d\u0438\u0435\u043c \u0445\u043b\u0430\u0434\u0430\u0433\u0435\u043d\u0442\u0430 R32 \u043f\u0440\u0438 \u0432\u044b\u0441\u043e\u043a\u043e\u043c PdesignH (\u043a\u0412\u0442). **<\/p>\n<p>* \u041d\u0430 \u043e\u0441\u043d\u043e\u0432\u0435 \u0438\u0441\u043f\u044b\u0442\u0430\u043d\u0438\u0439, \u043e\u043f\u0440\u0435\u0434\u0435\u043b\u0451\u043d\u043d\u044b\u0445 \u0432 EN14825.<\/p>\n<p>** PdesignH \u0441\u043e\u0441\u0442\u0430\u0432\u043b\u044f\u0435\u0442 \u0431\u043e\u043b\u0435\u0435 100% \u043d\u043e\u043c\u0438\u043d\u0430\u043b\u044c\u043d\u043e\u0439 \u043c\u043e\u0449\u043d\u043e\u0441\u0442\u0438, \u043e\u0431\u0435\u0441\u043f\u0435\u0447\u0438\u0432\u0430\u044f \u044d\u0444\u0444\u0435\u043a\u0442\u0438\u0432\u043d\u044b\u0439 \u043e\u0431\u043e\u0433\u0440\u0435\u0432 \u043f\u0440\u0438 \u043d\u0438\u0437\u043a\u0438\u0445 \u0442\u0435\u043c\u043f\u0435\u0440\u0430\u0442\u0443\u0440\u0430\u0445. \u041e\u0441\u043d\u043e\u0432\u0430\u043d\u043e \u043d\u0430 \u0441\u0442\u0430\u043d\u0434\u0430\u0440\u0442\u0435 -10\u00b0C (\u043d\u043e\u043c\u0438\u043d\u0430\u043b\u044c\u043d\u044b\u0435: 7\u00b0C \u043f\u0440\u0438 \u0441\u0442\u0430\u043d\u0434\u0430\u0440\u0442\u043d\u044b\u0445 \u0443\u0441\u043b\u043e\u0432\u0438\u044f\u0445).<\/p>","protected":false},"excerpt":{"rendered":"<p>Telpu plat\u012bba (l\u012bdz), 80 kv.mIzm\u0113rs, mm 510x850x315Jauda, kW6,0Elektr\u012bbas piesl\u0113gums, VIek\u0161telpu bloks 1F 230V \/ \u0100ra bloks 1F 230VCOP (nomin\u0101lais siltums) (A7\/W35) 5.20EER (nomin\u0101l\u0101 dzes\u0113\u0161ana) (A7\/W35) 4,59SCOP 4.58Darba temp. Apkures diapazons -25 ~ 35 \u2103Darba temp. Dzes\u0113\u0161anas diapazons -10 ~ 46 \u2103Trok\u0161\u0146a l\u012bmenis 40 DBADarb\u012bbas princips Gaiss \u2013 \u016bdens Videi draudz\u012bga apkure \u2013 neietekm\u0113 ozona sl\u0101niVidei [&hellip;]<\/p>\n","protected":false},"featured_media":33371,"comment_status":"open","ping_status":"closed","template":"","meta":{"_joinchat":[]},"product_brand":[139],"product_cat":[316],"product_tag":[],"class_list":{"0":"post-33375","1":"product","2":"type-product","3":"status-publish","4":"has-post-thumbnail","6":"product_brand-samsung","7":"product_cat-siltumtehnika-kondicionieri","9":"first","10":"instock","11":"shipping-taxable","12":"purchasable","13":"product-type-simple"},"_links":{"self":[{"href":"https:\/\/emeniro.lovehorses.lv\/ru\/wp-json\/wp\/v2\/product\/33375","targetHints":{"allow":["GET"]}}],"collection":[{"href":"https:\/\/emeniro.lovehorses.lv\/ru\/wp-json\/wp\/v2\/product"}],"about":[{"href":"https:\/\/emeniro.lovehorses.lv\/ru\/wp-json\/wp\/v2\/types\/product"}],"replies":[{"embeddable":true,"href":"https:\/\/emeniro.lovehorses.lv\/ru\/wp-json\/wp\/v2\/comments?post=33375"}],"wp:featuredmedia":[{"embeddable":true,"href":"https:\/\/emeniro.lovehorses.lv\/ru\/wp-json\/wp\/v2\/media\/33371"}],"wp:attachment":[{"href":"https:\/\/emeniro.lovehorses.lv\/ru\/wp-json\/wp\/v2\/media?parent=33375"}],"wp:term":[{"taxonomy":"product_brand","embeddable":true,"href":"https:\/\/emeniro.lovehorses.lv\/ru\/wp-json\/wp\/v2\/product_brand?post=33375"},{"taxonomy":"product_cat","embeddable":true,"href":"https:\/\/emeniro.lovehorses.lv\/ru\/wp-json\/wp\/v2\/product_cat?post=33375"},{"taxonomy":"product_tag","embeddable":true,"href":"https:\/\/emeniro.lovehorses.lv\/ru\/wp-json\/wp\/v2\/product_tag?post=33375"}],"curies":[{"name":"wp","href":"https:\/\/api.w.org\/{rel}","templated":true}]}}