{"id":33384,"date":"2026-05-01T02:02:54","date_gmt":"2026-05-01T02:02:54","guid":{"rendered":"https:\/\/emeniro.lovehorses.lv\/product\/bosch-mesm731m\/"},"modified":"2026-05-01T02:02:54","modified_gmt":"2026-05-01T02:02:54","slug":"bosch-mesm731m","status":"publish","type":"product","link":"https:\/\/emeniro.lovehorses.lv\/ru\/product\/bosch-mesm731m\/","title":{"rendered":"Bosch MESM731M"},"content":{"rendered":"<\/p>\n<p>\u0411\u0440\u0435\u043d\u0434 Bosch<br \/>Sulu spiedes tips L\u0113ngaitas<br \/>Jauda 150 W<br \/>\u0426\u0432\u0435\u0442 \u0427\u0435\u0440\u043d\u044b\u0439<br \/>EAN 4242002974187<br \/>\u041e\u0431\u044a\u0435\u043c<br \/>Sulas trauks 1 l<br \/>Atlikumu trauks 1.3 l<\/p>","protected":false},"excerpt":{"rendered":"<p>Pre\u010du z\u012bme BoschSulu spiedes tips L\u0113ngaitasJauda 150 WKr\u0101sa MelnaEAN 4242002974187TilpumsSulas trauks 1 lAtlikumu trauks 1.3 l<\/p>","protected":false},"featured_media":33381,"comment_status":"open","ping_status":"closed","template":"","meta":[],"product_brand":[281],"product_cat":[363],"product_tag":[],"class_list":{"0":"post-33384","1":"product","2":"type-product","3":"status-publish","4":"has-post-thumbnail","6":"product_brand-bosch","7":"product_cat-maza-sadzives-tehnika-sulu-spiedes","9":"first","10":"instock","11":"shipping-taxable","12":"purchasable","13":"product-type-simple"},"_links":{"self":[{"href":"https:\/\/emeniro.lovehorses.lv\/ru\/wp-json\/wp\/v2\/product\/33384","targetHints":{"allow":["GET"]}}],"collection":[{"href":"https:\/\/emeniro.lovehorses.lv\/ru\/wp-json\/wp\/v2\/product"}],"about":[{"href":"https:\/\/emeniro.lovehorses.lv\/ru\/wp-json\/wp\/v2\/types\/product"}],"replies":[{"embeddable":true,"href":"https:\/\/emeniro.lovehorses.lv\/ru\/wp-json\/wp\/v2\/comments?post=33384"}],"wp:featuredmedia":[{"embeddable":true,"href":"https:\/\/emeniro.lovehorses.lv\/ru\/wp-json\/wp\/v2\/media\/33381"}],"wp:attachment":[{"href":"https:\/\/emeniro.lovehorses.lv\/ru\/wp-json\/wp\/v2\/media?parent=33384"}],"wp:term":[{"taxonomy":"product_brand","embeddable":true,"href":"https:\/\/emeniro.lovehorses.lv\/ru\/wp-json\/wp\/v2\/product_brand?post=33384"},{"taxonomy":"product_cat","embeddable":true,"href":"https:\/\/emeniro.lovehorses.lv\/ru\/wp-json\/wp\/v2\/product_cat?post=33384"},{"taxonomy":"product_tag","embeddable":true,"href":"https:\/\/emeniro.lovehorses.lv\/ru\/wp-json\/wp\/v2\/product_tag?post=33384"}],"curies":[{"name":"wp","href":"https:\/\/api.w.org\/{rel}","templated":true}]}}