{"id":33395,"date":"2026-05-01T02:03:10","date_gmt":"2026-05-01T02:03:10","guid":{"rendered":"https:\/\/emeniro.lovehorses.lv\/product\/bosch-mmbm7g3m\/"},"modified":"2026-05-01T02:03:10","modified_gmt":"2026-05-01T02:03:10","slug":"bosch-mmbm7g3m","status":"publish","type":"product","link":"https:\/\/emeniro.lovehorses.lv\/ru\/product\/bosch-mmbm7g3m\/","title":{"rendered":"Bosch MMBM7G3M"},"content":{"rendered":"<\/p>\n<p>\u0411\u0440\u0435\u043d\u0434 Bosch<br \/>\u0422\u0438\u043f \u0411\u043b\u0435\u043d\u0434\u0435\u0440<br \/>\u0426\u0432\u0435\u0442 \u041d\u0435\u0440\u0436\u0430\u0432\u0435\u044e\u0449\u0430\u044f \u0441\u0442\u0430\u043b\u044c\/\u0427\u0435\u0440\u043d\u044b\u0439<br \/>\u041c\u043e\u0449\u043d\u043e\u0441\u0442\u044c 350 \u0412\u0442<br \/>Tilpums (l) \u2013<br \/>EAN 4242002934570<br \/>\u0414\u0440\u0443\u0433\u0438\u0435 \u043f\u0430\u0440\u0430\u043c\u0435\u0442\u0440\u044b<br \/>\u041a\u043e\u043b\u0438\u0447\u0435\u0441\u0442\u0432\u043e \u0441\u043a\u043e\u0440\u043e\u0441\u0442\u0435\u0439 2<br \/>Komplekt\u0101 2 x V\u0101ks, 1 x Univers\u0101lais smalcin\u0101t\u0101js, Tritan 2Go pudele (500 ml) \u2013 ide\u0101la dienas gait\u0101s, ar paroc\u012bgu v\u0101ci\u0146u dzer\u0161anai<\/p>","protected":false},"excerpt":{"rendered":"<p>Pre\u010du z\u012bme BoschVeids BlenderisKr\u0101sa Ner\u016bs\u0113jo\u0161a t\u0113rauda\/MelnaJauda 350 WTilpums (l) \u2013EAN 4242002934570Citi parametri\u0100trumu skaits 2Komplekt\u0101 2 x V\u0101ks, 1 x Univers\u0101lais smalcin\u0101t\u0101js, Tritan 2Go pudele (500 ml) \u2013 ide\u0101la dienas gait\u0101s, ar paroc\u012bgu v\u0101ci\u0146u dzer\u0161anai<\/p>","protected":false},"featured_media":33391,"comment_status":"open","ping_status":"closed","template":"","meta":{"_joinchat":[]},"product_brand":[281],"product_cat":[325],"product_tag":[],"class_list":{"0":"post-33395","1":"product","2":"type-product","3":"status-publish","4":"has-post-thumbnail","6":"product_brand-bosch","7":"product_cat-maza-sadzives-tehnika-blenderi-smalcinataji","9":"first","10":"instock","11":"shipping-taxable","12":"purchasable","13":"product-type-simple"},"_links":{"self":[{"href":"https:\/\/emeniro.lovehorses.lv\/ru\/wp-json\/wp\/v2\/product\/33395","targetHints":{"allow":["GET"]}}],"collection":[{"href":"https:\/\/emeniro.lovehorses.lv\/ru\/wp-json\/wp\/v2\/product"}],"about":[{"href":"https:\/\/emeniro.lovehorses.lv\/ru\/wp-json\/wp\/v2\/types\/product"}],"replies":[{"embeddable":true,"href":"https:\/\/emeniro.lovehorses.lv\/ru\/wp-json\/wp\/v2\/comments?post=33395"}],"wp:featuredmedia":[{"embeddable":true,"href":"https:\/\/emeniro.lovehorses.lv\/ru\/wp-json\/wp\/v2\/media\/33391"}],"wp:attachment":[{"href":"https:\/\/emeniro.lovehorses.lv\/ru\/wp-json\/wp\/v2\/media?parent=33395"}],"wp:term":[{"taxonomy":"product_brand","embeddable":true,"href":"https:\/\/emeniro.lovehorses.lv\/ru\/wp-json\/wp\/v2\/product_brand?post=33395"},{"taxonomy":"product_cat","embeddable":true,"href":"https:\/\/emeniro.lovehorses.lv\/ru\/wp-json\/wp\/v2\/product_cat?post=33395"},{"taxonomy":"product_tag","embeddable":true,"href":"https:\/\/emeniro.lovehorses.lv\/ru\/wp-json\/wp\/v2\/product_tag?post=33395"}],"curies":[{"name":"wp","href":"https:\/\/api.w.org\/{rel}","templated":true}]}}