{"id":33461,"date":"2026-05-01T02:05:10","date_gmt":"2026-05-01T02:05:10","guid":{"rendered":"https:\/\/emeniro.lovehorses.lv\/product\/vega-kcd28-m-loncin-212-cc-benzina-sniega-putejs-ar-elektrisko-starteri\/"},"modified":"2026-05-01T02:05:10","modified_gmt":"2026-05-01T02:05:10","slug":"vega-kcd28-m-loncin-212-cc-benzina-sniega-putejs-ar-elektrisko-starteri","status":"publish","type":"product","link":"https:\/\/emeniro.lovehorses.lv\/ru\/product\/vega-kcd28-m-loncin-212-cc-benzina-sniega-putejs-ar-elektrisko-starteri\/","title":{"rendered":"Vega KCD28-M \u0431\u0435\u043d\u0437\u0438\u043d\u043e\u0432\u044b\u0439 \u0441\u043d\u0435\u0433\u043e\u0443\u0431\u043e\u0440\u0449\u0438\u043a Loncin 212 cc \u0441 \u044d\u043b\u0435\u043a\u0442\u0440\u0438\u0447\u0435\u0441\u043a\u0438\u043c \u0441\u0442\u0430\u0440\u0442\u0435\u0440\u043e\u043c"},"content":{"rendered":"<p><span class=\"HwtZe\" lang=\"lv\"><span class=\"jCAhz ChMk0b\"><span class=\"ryNqvb\">\u041f\u0440\u043e\u0438\u0437\u0432\u043e\u0434\u0438\u0442\u0435\u043b\u044c: Vega<\/span><\/span><\/span><\/p>\n<p><span class=\"HwtZe\" lang=\"lv\"><span class=\"jCAhz ChMk0b\"><span class=\"ryNqvb\">\u0422\u0438\u043f \u0434\u0432\u0438\u0433\u0430\u0442\u0435\u043b\u044f: \u0412\u043d\u0443\u0442\u0440\u0435\u043d\u043d\u0435\u0433\u043e \u0441\u0433\u043e\u0440\u0430\u043d\u0438\u044f<br \/>\u041c\u043e\u0434\u0435\u043b\u044c \u0434\u0432\u0438\u0433\u0430\u0442\u0435\u043b\u044f: Loncin 212 cm\u00b3<br \/>\u041e\u0431\u044a\u0435\u043c \u0434\u0432\u0438\u0433\u0430\u0442\u0435\u043b\u044f: 212 cm\u00b3<br \/>\u0420\u0430\u0431\u043e\u0447\u0430\u044f \u0448\u0438\u0440\u0438\u043d\u0430: 71 \u0441\u043c<br \/>\u0414\u0430\u043b\u044c\u043d\u043e\u0441\u0442\u044c \u0432\u044b\u0431\u0440\u043e\u0441\u0430 \u0441\u043d\u0435\u0433\u0430: \u0414\u043e 11 \u043c<br \/>\u0422\u0438\u043f \u043f\u0440\u0438\u0432\u043e\u0434\u0430: 6 \u043f\u0435\u0440\u0435\u0434\u0430\u0447 \u0432\u043f\u0435\u0440\u0435\u0434, 2 \u043d\u0430\u0437\u0430\u0434<br \/>\u0420\u0430\u043c\u0430: \u0421\u0432\u0430\u0440\u0435\u043d\u043d\u0430\u044f \u0441\u0442\u0430\u043b\u044c<br \/>\u0421\u0442\u0430\u0440\u0442\u0435\u0440: \u042d\u043b\u0435\u043a\u0442\u0440\u0438\u0447\u0435\u0441\u043a\u0438\u0439 \u0441 \u0432\u043e\u0437\u0432\u0440\u0430\u0442\u043e\u043c<br \/>Rite\u0146i: Met\u0101ls 13\u2033 x 4,1\u2033<br \/>\u0421\u0431\u043e\u0440 \u0441\u043d\u0435\u0433\u0430: \u0421\u0442\u0430\u043b\u044c<br \/>\u0422\u0440\u0443\u0431\u0430 \u0432\u044b\u0431\u0440\u043e\u0441\u0430: \u0421\u0442\u0430\u043b\u044c<br \/>\u0423\u043f\u0440\u0430\u0432\u043b\u0435\u043d\u0438\u0435 \u0442\u0440\u0443\u0431\u043e\u0439 \u0432\u044b\u0431\u0440\u043e\u0441\u0430: \u0420\u0443\u0447\u043d\u043e\u0435 \u0441 \u043f\u0430\u043d\u0435\u043b\u0438, \u0440\u0435\u0433\u0443\u043b\u0438\u0440\u0443\u0435\u043c\u043e\u0435 \u0440\u0430\u0441\u0441\u0442\u043e\u044f\u043d\u0438\u0435 \u0438 \u043d\u0430\u043f\u0440\u0430\u0432\u043b\u0435\u043d\u0438\u0435 \u0432\u044b\u0431\u0440\u043e\u0441\u0430 (190\u00b0)<br \/>\u0421\u043a\u043e\u043b\u044c\u0437\u044f\u0449\u0438\u0435 \u043b\u044b\u0436\u0438: \u0420\u0435\u0433\u0443\u043b\u0438\u0440\u0443\u0435\u043c\u044b\u0435<br \/>\u041e\u0441\u0432\u0435\u0449\u0435\u043d\u0438\u0435: LED<\/span><\/span><\/span><\/p><\/p>","protected":false},"excerpt":{"rendered":"<p>Ra\u017eot\u0101js: Vega Dzin\u0113ja tips: Iek\u0161dedzesDzin\u0113ja modelis: Loncin 212 cm\u00b3Dzin\u0113ja tilpums: 212 cm\u00b3Darba platums: 71 cmSniega metiena att\u0101lums: L\u012bdz 11 mPiedzi\u0146as tips: 6 \u0101trumi uz priek\u0161u, 2 \u0101trumi atpaka\u013cR\u0101mis: Metin\u0101ts t\u0113raudsStarteris: Elektrisks, ar atsitienuRite\u0146i: Met\u0101ls 13\u2033 x 4,1\u2033Sniega sav\u0101k\u0161ana: T\u0113raudsIzme\u0161anas tornis: T\u0113raudsIzme\u0161anas tor\u0146a vad\u012bba: Manu\u0101la no pane\u013ca, regul\u0113jams att\u0101lums un izme\u0161anas virziens (190\u00b0)Sl\u012bdes: Regul\u0113jamasApgaismojums: LED<\/p>","protected":false},"featured_media":33460,"comment_status":"open","ping_status":"closed","template":"","meta":{"_joinchat":[]},"product_brand":[],"product_cat":[300],"product_tag":[],"class_list":{"0":"post-33461","1":"product","2":"type-product","3":"status-publish","4":"has-post-thumbnail","6":"product_cat-darza-tehnika-sniega-puteji","8":"first","9":"instock","10":"shipping-taxable","11":"purchasable","12":"product-type-simple"},"_links":{"self":[{"href":"https:\/\/emeniro.lovehorses.lv\/ru\/wp-json\/wp\/v2\/product\/33461","targetHints":{"allow":["GET"]}}],"collection":[{"href":"https:\/\/emeniro.lovehorses.lv\/ru\/wp-json\/wp\/v2\/product"}],"about":[{"href":"https:\/\/emeniro.lovehorses.lv\/ru\/wp-json\/wp\/v2\/types\/product"}],"replies":[{"embeddable":true,"href":"https:\/\/emeniro.lovehorses.lv\/ru\/wp-json\/wp\/v2\/comments?post=33461"}],"wp:featuredmedia":[{"embeddable":true,"href":"https:\/\/emeniro.lovehorses.lv\/ru\/wp-json\/wp\/v2\/media\/33460"}],"wp:attachment":[{"href":"https:\/\/emeniro.lovehorses.lv\/ru\/wp-json\/wp\/v2\/media?parent=33461"}],"wp:term":[{"taxonomy":"product_brand","embeddable":true,"href":"https:\/\/emeniro.lovehorses.lv\/ru\/wp-json\/wp\/v2\/product_brand?post=33461"},{"taxonomy":"product_cat","embeddable":true,"href":"https:\/\/emeniro.lovehorses.lv\/ru\/wp-json\/wp\/v2\/product_cat?post=33461"},{"taxonomy":"product_tag","embeddable":true,"href":"https:\/\/emeniro.lovehorses.lv\/ru\/wp-json\/wp\/v2\/product_tag?post=33461"}],"curies":[{"name":"wp","href":"https:\/\/api.w.org\/{rel}","templated":true}]}}