{"id":33658,"date":"2026-05-01T02:09:42","date_gmt":"2026-05-01T02:09:42","guid":{"rendered":"https:\/\/emeniro.lovehorses.lv\/product\/delonghi-ecam550-65-sb\/"},"modified":"2026-05-01T02:09:42","modified_gmt":"2026-05-01T02:09:42","slug":"delonghi-ecam550-65-sb","status":"publish","type":"product","link":"https:\/\/emeniro.lovehorses.lv\/ru\/product\/delonghi-ecam550-65-sb\/","title":{"rendered":"De&#8217;Longhi ECAM550.65.SB"},"content":{"rendered":"<\/p>\n<p>\u016adens tvertnes tilpums (l)2<br \/>\u041e\u0441\u043e\u0431\u044b\u0435 \u0432\u043e\u0437\u043c\u043e\u0436\u043d\u043e\u0441\u0442\u0438<br \/>Kafijas autom\u0101tu izv\u0113lnes valodas: sp\u0101\u0146u, ang\u013cu, it\u0101\u013cu, norv\u0113\u0123u, po\u013cu, zviedru, v\u0101cu, somu, \u010dehu, turku<br \/>\u042d\u043d\u0435\u0440\u0433\u0438\u044f<br \/>Jauda (W) 1450<br \/>KAFIJAS AUTOM\u0100TI<br \/>Espresso autom\u0101ta tips<br \/>auto<br \/>Piena puto\u0161anas sist\u0113ma<br \/>Integr\u0113ta piena tvertne<br \/>Kafijas pupi\u0146u tvertnes tilpums (G) 360<br \/>Kafijas biezumu tvertnes ietilp\u012bba (porcija) 14<br \/>S\u016bk\u0146a jauda (stie\u0146a)19<br \/>Iesp\u0113ja izmantot malto kafiju<br \/>Piena termoss<br \/>piensk\u0101bes<br \/>Divas tases vienai narkotikai vienlaikus<br \/>Ekr\u0101ns 3.5<br \/>izm\u0113riem<br \/>Augstums (cm) 49,2<br \/>Platums (cm) 32,6<br \/>Dzi\u013cums (cm) 52,7<\/p><\/p>","protected":false},"excerpt":{"rendered":"<p>\u016adens tvertnes tilpums (l)2Speci\u0101las iesp\u0113jasKafijas autom\u0101tu izv\u0113lnes valodas: sp\u0101\u0146u, ang\u013cu, it\u0101\u013cu, norv\u0113\u0123u, po\u013cu, zviedru, v\u0101cu, somu, \u010dehu, turkuEner\u0123ijaJauda (W) 1450KAFIJAS AUTOM\u0100TIEspresso autom\u0101ta tipsautoPiena puto\u0161anas sist\u0113maIntegr\u0113ta piena tvertneKafijas pupi\u0146u tvertnes tilpums (G) 360Kafijas biezumu tvertnes ietilp\u012bba (porcija) 14S\u016bk\u0146a jauda (stie\u0146a)19Iesp\u0113ja izmantot malto kafijuPiena termosspiensk\u0101besDivas tases vienai narkotikai vienlaikusEkr\u0101ns 3.5izm\u0113riemAugstums (cm) 49,2Platums (cm) 32,6Dzi\u013cums (cm) 52,7<\/p>","protected":false},"featured_media":33654,"comment_status":"open","ping_status":"closed","template":"","meta":[],"product_brand":[],"product_cat":[314],"product_tag":[],"class_list":{"0":"post-33658","1":"product","2":"type-product","3":"status-publish","4":"has-post-thumbnail","6":"product_cat-maza-sadzives-tehnika-kafijas-automati","8":"first","9":"instock","10":"shipping-taxable","11":"purchasable","12":"product-type-simple"},"_links":{"self":[{"href":"https:\/\/emeniro.lovehorses.lv\/ru\/wp-json\/wp\/v2\/product\/33658","targetHints":{"allow":["GET"]}}],"collection":[{"href":"https:\/\/emeniro.lovehorses.lv\/ru\/wp-json\/wp\/v2\/product"}],"about":[{"href":"https:\/\/emeniro.lovehorses.lv\/ru\/wp-json\/wp\/v2\/types\/product"}],"replies":[{"embeddable":true,"href":"https:\/\/emeniro.lovehorses.lv\/ru\/wp-json\/wp\/v2\/comments?post=33658"}],"wp:featuredmedia":[{"embeddable":true,"href":"https:\/\/emeniro.lovehorses.lv\/ru\/wp-json\/wp\/v2\/media\/33654"}],"wp:attachment":[{"href":"https:\/\/emeniro.lovehorses.lv\/ru\/wp-json\/wp\/v2\/media?parent=33658"}],"wp:term":[{"taxonomy":"product_brand","embeddable":true,"href":"https:\/\/emeniro.lovehorses.lv\/ru\/wp-json\/wp\/v2\/product_brand?post=33658"},{"taxonomy":"product_cat","embeddable":true,"href":"https:\/\/emeniro.lovehorses.lv\/ru\/wp-json\/wp\/v2\/product_cat?post=33658"},{"taxonomy":"product_tag","embeddable":true,"href":"https:\/\/emeniro.lovehorses.lv\/ru\/wp-json\/wp\/v2\/product_tag?post=33658"}],"curies":[{"name":"wp","href":"https:\/\/api.w.org\/{rel}","templated":true}]}}