{"id":33783,"date":"2026-05-01T02:12:50","date_gmt":"2026-05-01T02:12:50","guid":{"rendered":"https:\/\/emeniro.lovehorses.lv\/product\/gorenje-dk63mclb\/"},"modified":"2026-05-01T02:12:50","modified_gmt":"2026-05-01T02:12:50","slug":"gorenje-dk63mclb","status":"publish","type":"product","link":"https:\/\/emeniro.lovehorses.lv\/ru\/product\/gorenje-dk63mclb\/","title":{"rendered":"Gorenje DK63MCLB"},"content":{"rendered":"<\/p>\n<p><span class=\"jCAhz ChMk0b\"><span class=\"ryNqvb\">Kapuces tips Dome<\/span><\/span><span class=\"jCAhz\"><span class=\"ryNqvb\"><br \/><\/span><\/span><span class=\"jCAhz ChMk0b\"><span class=\"ryNqvb\">Melna kr\u0101sa<\/span><\/span><span class=\"jCAhz\"><span class=\"ryNqvb\"><br \/><\/span><\/span><span class=\"jCAhz ChMk0b\"><span class=\"ryNqvb\">D ener\u0123ijas klase<\/span><\/span><span class=\"jCAhz\"><span class=\"ryNqvb\"><br \/><\/span><\/span><span class=\"jCAhz ChMk0b\"><span class=\"ryNqvb\">\u041a\u043b\u0430\u0441\u0441 \u0433\u0438\u0434\u0440\u043e\u0434\u0438\u043d\u0430\u043c\u0438\u0447\u0435\u0441\u043a\u043e\u0439 \u044d\u0444\u0444\u0435\u043a\u0442\u0438\u0432\u043d\u043e\u0441\u0442\u0438 D<\/span><\/span><span class=\"jCAhz\"><span class=\"ryNqvb\"><br \/><\/span><\/span><span class=\"jCAhz ChMk0b\"><span class=\"ryNqvb\">\u041a\u043b\u0430\u0441\u0441 \u044d\u0444\u0444\u0435\u043a\u0442\u0438\u0432\u043d\u043e\u0441\u0442\u0438 \u043e\u0441\u0432\u0435\u0449\u0435\u043d\u0438\u044f A<\/span><\/span><span class=\"jCAhz\"><span class=\"ryNqvb\"><br \/><\/span><\/span><span class=\"jCAhz ChMk0b\"><span class=\"ryNqvb\">\u041a\u043b\u0430\u0441\u0441 \u044d\u0444\u0444\u0435\u043a\u0442\u0438\u0432\u043d\u043e\u0441\u0442\u0438 \u0444\u0438\u043b\u044c\u0442\u0440\u0430\u0446\u0438\u0438 \u0436\u0438\u0440\u0430 E<\/span><\/span><span class=\"jCAhz\"><span class=\"ryNqvb\"><br \/><\/span><\/span><span class=\"jCAhz ChMk0b\"><span class=\"ryNqvb\">EAN\u00a03838942334689<\/span><\/span><span class=\"jCAhz\"><span class=\"ryNqvb\"><br \/><\/span><\/span><span class=\"jCAhz ChMk0b\"><span class=\"ryNqvb\">\u0420\u0430\u0437\u043c\u0435\u0440\u044b, \u0432\u0435\u0441<\/span><\/span><span class=\"jCAhz\"><span class=\"ryNqvb\"><br \/><\/span><\/span><span class=\"jCAhz ChMk0b\"><span class=\"ryNqvb\">\u0428\u0438\u0440\u0438\u043d\u0430 60 \u0441\u043c<\/span><\/span><span class=\"jCAhz\"><span class=\"ryNqvb\"><br \/><\/span><\/span><span class=\"jCAhz ChMk0b\"><span class=\"ryNqvb\">\u0412\u044b\u0441\u043e\u0442\u0430 114 \u0441\u043c<\/span><\/span><span class=\"jCAhz\"><span class=\"ryNqvb\"><br \/><\/span><\/span><span class=\"jCAhz ChMk0b\"><span class=\"ryNqvb\">\u0413\u043b\u0443\u0431\u0438\u043d\u0430 50 \u0441\u043c<\/span><\/span><span class=\"jCAhz\"><span class=\"ryNqvb\"><br \/><\/span><\/span><span class=\"jCAhz ChMk0b\"><span class=\"ryNqvb\">Svars (bez iepakojuma) 15,9 kg<\/span><\/span><span class=\"jCAhz\"><span class=\"ryNqvb\"><br \/><\/span><\/span><span class=\"jCAhz ChMk0b\"><span class=\"ryNqvb\">BRUTO svars (iepakojuma svars) 19,5 kg<\/span><\/span><span class=\"jCAhz\"><span class=\"ryNqvb\"><br \/><\/span><\/span><span class=\"jCAhz ChMk0b\"><span class=\"ryNqvb\">Performance<\/span><\/span><span class=\"jCAhz\"><span class=\"ryNqvb\"><br \/><\/span><\/span><span class=\"jCAhz ChMk0b\"><span class=\"ryNqvb\">Jauda 621 m\u00b3\/h<\/span><\/span><span class=\"jCAhz\"><span class=\"ryNqvb\"><br \/><\/span><\/span><span class=\"jCAhz ChMk0b\"><span class=\"ryNqvb\">Dzin\u0113ju skaits 1<\/span><\/span><span class=\"jCAhz\"><span class=\"ryNqvb\"><br \/><\/span><\/span><span class=\"jCAhz ChMk0b\"><span class=\"ryNqvb\">\u0423\u043f\u0440\u0430\u0432\u043b\u0435\u043d\u0438\u0435<\/span><\/span><span class=\"jCAhz\"><span class=\"ryNqvb\"><br \/><\/span><\/span><span class=\"jCAhz ChMk0b\"><span class=\"ryNqvb\">Vad\u012bbas veids Meh\u0101niskais<\/span><\/span><span class=\"jCAhz\"><span class=\"ryNqvb\"><br \/><\/span><\/span><span class=\"jCAhz ChMk0b\"><span class=\"ryNqvb\">\u041a\u043e\u043b\u0438\u0447\u0435\u0441\u0442\u0432\u043e \u0441\u043a\u043e\u0440\u043e\u0441\u0442\u0435\u0439 4<\/span><\/span><span class=\"jCAhz\"><span class=\"ryNqvb\"><br \/><\/span><\/span><span class=\"jCAhz ChMk0b\"><span class=\"ryNqvb\">\u0414\u043e\u043f\u043e\u043b\u043d\u0438\u0442\u0435\u043b\u044c\u043d\u044b\u0435 \u0444\u0443\u043d\u043a\u0446\u0438\u0438<\/span><\/span><span class=\"jCAhz\"><span class=\"ryNqvb\"><br \/><\/span><\/span><span class=\"jCAhz ChMk0b\"><span class=\"ryNqvb\">LED apgaismojums<\/span><\/span><span class=\"jCAhz\"><span class=\"ryNqvb\"><br \/><\/span><\/span><span class=\"jCAhz ChMk0b\"><span class=\"ryNqvb\">Filtra tips Alum\u012bnijs<\/span><\/span><\/p><\/p>","protected":false},"excerpt":{"rendered":"<p>Kapuces tips DomeMelna kr\u0101saD ener\u0123ijas klaseHidrodinamisk\u0101s efektivit\u0101tes klase DApgaismojuma efektivit\u0101tes klase ATauku filtr\u0113\u0161anas efektivit\u0101tes klase EEAN\u00a03838942334689Izm\u0113ri, svarsPlatums 60 cmAugstums 114 cmDzi\u013cums 50 cmSvars (bez iepakojuma) 15,9 kgBRUTO svars (iepakojuma svars) 19,5 kgPerformanceJauda 621 m\u00b3\/hDzin\u0113ju skaits 1KontroleVad\u012bbas veids Meh\u0101niskais\u0100trumu skaits 4Papildu iesp\u0113jasLED apgaismojumsFiltra tips Alum\u012bnijs<\/p>","protected":false},"featured_media":33779,"comment_status":"open","ping_status":"closed","template":"","meta":[],"product_brand":[271],"product_cat":[270],"product_tag":[],"class_list":{"0":"post-33783","1":"product","2":"type-product","3":"status-publish","4":"has-post-thumbnail","6":"product_brand-gorenje","7":"product_cat-sadzives-tehnika-tvaika-nosuceji","9":"first","10":"instock","11":"shipping-taxable","12":"purchasable","13":"product-type-simple"},"_links":{"self":[{"href":"https:\/\/emeniro.lovehorses.lv\/ru\/wp-json\/wp\/v2\/product\/33783","targetHints":{"allow":["GET"]}}],"collection":[{"href":"https:\/\/emeniro.lovehorses.lv\/ru\/wp-json\/wp\/v2\/product"}],"about":[{"href":"https:\/\/emeniro.lovehorses.lv\/ru\/wp-json\/wp\/v2\/types\/product"}],"replies":[{"embeddable":true,"href":"https:\/\/emeniro.lovehorses.lv\/ru\/wp-json\/wp\/v2\/comments?post=33783"}],"wp:featuredmedia":[{"embeddable":true,"href":"https:\/\/emeniro.lovehorses.lv\/ru\/wp-json\/wp\/v2\/media\/33779"}],"wp:attachment":[{"href":"https:\/\/emeniro.lovehorses.lv\/ru\/wp-json\/wp\/v2\/media?parent=33783"}],"wp:term":[{"taxonomy":"product_brand","embeddable":true,"href":"https:\/\/emeniro.lovehorses.lv\/ru\/wp-json\/wp\/v2\/product_brand?post=33783"},{"taxonomy":"product_cat","embeddable":true,"href":"https:\/\/emeniro.lovehorses.lv\/ru\/wp-json\/wp\/v2\/product_cat?post=33783"},{"taxonomy":"product_tag","embeddable":true,"href":"https:\/\/emeniro.lovehorses.lv\/ru\/wp-json\/wp\/v2\/product_tag?post=33783"}],"curies":[{"name":"wp","href":"https:\/\/api.w.org\/{rel}","templated":true}]}}