{"id":33806,"date":"2026-05-01T02:13:24","date_gmt":"2026-05-01T02:13:24","guid":{"rendered":"https:\/\/emeniro.lovehorses.lv\/product\/electrolux-ecfb01\/"},"modified":"2026-05-01T02:13:24","modified_gmt":"2026-05-01T02:13:24","slug":"electrolux-ecfb01","status":"publish","type":"product","link":"https:\/\/emeniro.lovehorses.lv\/ru\/product\/electrolux-ecfb01\/","title":{"rendered":"Electrolux ECFB01"},"content":{"rendered":"<\/p>\n<p><span class=\"jCAhz ChMk0b\"><span class=\"ryNqvb\">\u041f\u0440\u043e\u0438\u0437\u0432\u043e\u0434\u0438\u0442\u0435\u043b\u044c Electrolux<\/span><\/span><span class=\"jCAhz\"><span class=\"ryNqvb\"><br \/><\/span><\/span><span class=\"jCAhz ChMk0b\"><span class=\"ryNqvb\">\u0423\u0433\u043e\u043b\u044c\u043d\u044b\u0439 \u0444\u0438\u043b\u044c\u0442\u0440 \u0442\u0438\u043f\u0430<\/span><\/span><span class=\"jCAhz\"><span class=\"ryNqvb\"><br \/><\/span><\/span><span class=\"jCAhz ChMk0b\"><span class=\"ryNqvb\">\u041f\u0440\u0438\u043c\u0435\u043d\u0435\u043d\u0438\u0435 \u0434\u043b\u044f \u0432\u044b\u0442\u044f\u0436\u0435\u043a<\/span><\/span><span class=\"jCAhz\"><span class=\"ryNqvb\"><br \/><\/span><\/span><span class=\"jCAhz ChMk0b\"><span class=\"ryNqvb\">\u0412 \u0443\u043f\u0430\u043a\u043e\u0432\u043a\u0435 1<\/span><\/span><span class=\"jCAhz\"><span class=\"ryNqvb\"><br \/><\/span><\/span><span class=\"jCAhz ChMk0b\"><span class=\"ryNqvb\">Izm\u0113ri (cm) 24\u00d719,3\u00d71<\/span><\/span><span class=\"jCAhz\"><span class=\"ryNqvb\"><br \/><\/span><\/span><span class=\"jCAhz ChMk0b\"><span class=\"ryNqvb\">\u0414\u043e\u043f\u043e\u043b\u043d\u0438\u0442\u0435\u043b\u044c\u043d\u0430\u044f \u0438\u043d\u0444\u043e\u0440\u043c\u0430\u0446\u0438\u044f \u041f\u043e\u0434\u0445\u043e\u0434\u0438\u0442 \u0434\u043b\u044f \u0432\u044b\u0442\u044f\u0436\u0435\u043a: LFT766X, LFG716X, LFG719X<\/span><\/span><\/p><\/p>","protected":false},"excerpt":{"rendered":"<p>Ra\u017eot\u0101js ElectroluxTipa oglek\u013ca filtrsPielietojums kapuc\u0113mIepakojum\u0101 1Izm\u0113ri (cm) 24\u00d719,3\u00d71Papildinform\u0101cija Piem\u0113rots tvaika nos\u016bc\u0113jiem: LFT766X, LFG716X, LFG719X<\/p>","protected":false},"featured_media":33805,"comment_status":"open","ping_status":"closed","template":"","meta":{"_joinchat":[]},"product_brand":[265],"product_cat":[270],"product_tag":[],"class_list":{"0":"post-33806","1":"product","2":"type-product","3":"status-publish","4":"has-post-thumbnail","6":"product_brand-electrolux","7":"product_cat-sadzives-tehnika-tvaika-nosuceji","9":"first","10":"instock","11":"shipping-taxable","12":"purchasable","13":"product-type-simple"},"_links":{"self":[{"href":"https:\/\/emeniro.lovehorses.lv\/ru\/wp-json\/wp\/v2\/product\/33806","targetHints":{"allow":["GET"]}}],"collection":[{"href":"https:\/\/emeniro.lovehorses.lv\/ru\/wp-json\/wp\/v2\/product"}],"about":[{"href":"https:\/\/emeniro.lovehorses.lv\/ru\/wp-json\/wp\/v2\/types\/product"}],"replies":[{"embeddable":true,"href":"https:\/\/emeniro.lovehorses.lv\/ru\/wp-json\/wp\/v2\/comments?post=33806"}],"wp:featuredmedia":[{"embeddable":true,"href":"https:\/\/emeniro.lovehorses.lv\/ru\/wp-json\/wp\/v2\/media\/33805"}],"wp:attachment":[{"href":"https:\/\/emeniro.lovehorses.lv\/ru\/wp-json\/wp\/v2\/media?parent=33806"}],"wp:term":[{"taxonomy":"product_brand","embeddable":true,"href":"https:\/\/emeniro.lovehorses.lv\/ru\/wp-json\/wp\/v2\/product_brand?post=33806"},{"taxonomy":"product_cat","embeddable":true,"href":"https:\/\/emeniro.lovehorses.lv\/ru\/wp-json\/wp\/v2\/product_cat?post=33806"},{"taxonomy":"product_tag","embeddable":true,"href":"https:\/\/emeniro.lovehorses.lv\/ru\/wp-json\/wp\/v2\/product_tag?post=33806"}],"curies":[{"name":"wp","href":"https:\/\/api.w.org\/{rel}","templated":true}]}}