{"id":33937,"date":"2026-05-01T02:17:34","date_gmt":"2026-05-01T02:17:34","guid":{"rendered":"https:\/\/emeniro.lovehorses.lv\/product\/eleyus-atr-l14-200-52bl-eleyus-atr52bl\/"},"modified":"2026-05-01T02:17:34","modified_gmt":"2026-05-01T02:17:34","slug":"eleyus-atr-l14-200-52bl-eleyus-atr52bl","status":"publish","type":"product","link":"https:\/\/emeniro.lovehorses.lv\/ru\/product\/eleyus-atr-l14-200-52bl-eleyus-atr52bl\/","title":{"rendered":"ELEYUS ATR L14 200 52BL Eleyus ATR52BL"},"content":{"rendered":"<p>\u0422\u043e\u0440\u0433\u043e\u0432\u0430\u044f \u043c\u0430\u0440\u043a\u0430 Eleyus<\/p>\n<p>\u0422\u0438\u043f \u041f\u043e\u043b\u043d\u043e\u0441\u0442\u044c\u044e \u0432\u0441\u0442\u0440\u043e\u0435\u043d\u043d\u0430\u044f<br \/>\u0426\u0432\u0435\u0442 \u0427\u0435\u0440\u043d\u044b\u0439<br \/>\u041a\u043b\u0430\u0441\u0441 \u044d\u043d\u0435\u0440\u0433\u043e\u044d\u0444\u0444\u0435\u043a\u0442\u0438\u0432\u043d\u043e\u0441\u0442\u0438 C<br \/>\u041a\u043b\u0430\u0441\u0441 \u0433\u0438\u0434\u0440\u043e\u0434\u0438\u043d\u0430\u043c\u0438\u0447\u0435\u0441\u043a\u043e\u0439 \u044d\u0444\u0444\u0435\u043a\u0442\u0438\u0432\u043d\u043e\u0441\u0442\u0438 E<br \/>\u041a\u043b\u0430\u0441\u0441 \u044d\u0444\u0444\u0435\u043a\u0442\u0438\u0432\u043d\u043e\u0441\u0442\u0438 \u043e\u0441\u0432\u0435\u0449\u0435\u043d\u0438\u044f A<br \/>\u041a\u043b\u0430\u0441\u0441 \u044d\u0444\u0444\u0435\u043a\u0442\u0438\u0432\u043d\u043e\u0441\u0442\u0438 \u0444\u0438\u043b\u044c\u0442\u0440\u0430\u0446\u0438\u0438 \u0436\u0438\u0440\u0430 E<br \/>\u0420\u0430\u0437\u043c\u0435\u0440\u044b, \u0432\u0435\u0441<br \/>\u0412\u044b\u0441\u043e\u0442\u0430 17.7 \u0441\u043c<br \/>\u0428\u0438\u0440\u0438\u043d\u0430 52 \u0441\u043c<br \/>\u0413\u043b\u0443\u0431\u0438\u043d\u0430 29.5 \u0441\u043c<br \/>\u041f\u0440\u043e\u0438\u0437\u0432\u043e\u0434\u0438\u0442\u0435\u043b\u044c\u043d\u043e\u0441\u0442\u044c<br \/>\u041c\u043e\u0449\u043d\u043e\u0441\u0442\u044c \u043c\u00b3\/\u0447<br \/>\u041f\u0440\u043e\u0438\u0437\u0432\u043e\u0434\u0438\u0442\u0435\u043b\u044c\u043d\u043e\u0441\u0442\u044c \u0432\u0441\u0430\u0441\u044b\u0432\u0430\u043d\u0438\u044f 424 \u043c\u00b3\/\u0447<br \/>\u041a\u043e\u043b\u0438\u0447\u0435\u0441\u0442\u0432\u043e \u043c\u043e\u0442\u043e\u0440\u043e\u0432 1<br \/>\u0423\u043f\u0440\u0430\u0432\u043b\u0435\u043d\u0438\u0435<br \/>\u0423\u043f\u0440\u0430\u0432\u043b\u0435\u043d\u0438\u0435 \u0421\u0435\u043d\u0441\u043e\u0440\u043d\u043e\u0435<br \/>\u041a\u043e\u043b\u0438\u0447\u0435\u0441\u0442\u0432\u043e \u0441\u043a\u043e\u0440\u043e\u0441\u0442\u0435\u0439 3<br \/>\u0414\u0440\u0443\u0433\u0438\u0435 \u043f\u0430\u0440\u0430\u043c\u0435\u0442\u0440\u044b<br \/>\u0423\u0440\u043e\u0432\u0435\u043d\u044c \u0448\u0443\u043c\u0430 (\u0434\u0411) 67<br \/>\u041e\u0441\u0432\u0435\u0449\u0435\u043d\u0438\u0435 2 x 3 \u0412\u0442, LED<br \/>\u0422\u0438\u043f \u0444\u0438\u043b\u044c\u0442\u0440\u0430 \u0410\u043b\u044e\u043c\u0438\u043d\u0438\u0435\u0432\u044b\u0439<\/p>\n<p>\u0414\u043e\u043f\u043e\u043b\u043d\u0438\u0442\u0435\u043b\u044c\u043d\u043e\u0435 \u043e\u0431\u043e\u0440\u0443\u0434\u043e\u0432\u0430\u043d\u0438\u0435<br \/>\u041a\u043e\u0434 \u0443\u0433\u043e\u043b\u044c\u043d\u043e\u0433\u043e \u0444\u0438\u043b\u044c\u0442\u0440\u0430 FWE14<\/p>\n<h3>\u0421\u0432\u044f\u0437\u0430\u043d\u043d\u044b\u0435 \u0442\u043e\u0432\u0430\u0440\u044b<\/h3>\n<p><\/p>\n<figure><a href=\"https:\/\/pta.lv\/lv\/aksesuari-un-tirisanas-lidzekli\/tvaika-nosucejiem\/eleyus-fwe-14-eleyus-l14-ser\" class=\"image\"><img decoding=\"async\" src=\"https:\/\/pta-media.s3.eu-central-1.amazonaws.com\/uploaded\/26\/0ff65a86f27456cba8ac303ecabc8d6e580ae927b9dcb0a74d5e7c14c6d783.jpeg.512x512.jpeg\" style=\"border-style: none;max-height: 15rem;flex: 0 0 auto\"><\/a><\/figure>\n<\/p>\n<p>\u0411\u0440\u0435\u043d\u0434:Eleyus<br \/>\u0422\u0438\u043f: \u0423\u0433\u043e\u043b\u044c\u043d\u044b\u0439 \u0444\u0438\u043b\u044c\u0442\u0440<br \/>\u041f\u0440\u0438\u043c\u0435\u043d\u0435\u043d\u0438\u0435 (\u0430\u043a\u0441\u0435\u0441\u0441\u0443\u0430\u0440\u044b) \u0414\u043b\u044f \u0432\u044b\u0442\u044f\u0436\u0435\u043a<br \/>\u0412 \u043a\u043e\u043c\u043f\u043b\u0435\u043a\u0442 \u0432\u0445\u043e\u0434\u0438\u0442 1 \u0448\u0442.<br \/>\u0414\u043e\u043f\u043e\u043b\u043d\u0438\u0442\u0435\u043b\u044c\u043d\u0430\u044f \u0438\u043d\u0444\u043e\u0440\u043c\u0430\u0446\u0438\u044f \u041f\u043e\u0434\u0445\u043e\u0434\u0438\u0442 \u0434\u043b\u044f \u043c\u043e\u0434\u0435\u043b\u0435\u0439: VLN L 14 150xxx, Lana, MOD L 14 200xxx, MOD L 14 150xxx, KNT L 14 200xxx, VLN L 14 150xxx, TLS L 14 150xxx, TLS L 14 200xxx, Storm 700xxx, Storm 960xxx<\/p>\n<p><a href=\"https:\/\/pta.lv\/lv\/aksesuari-un-tirisanas-lidzekli\/tvaika-nosucejiem\/eleyus-fwe-14-eleyus-l14-ser\" class=\"details\"><\/a><\/p>","protected":false},"excerpt":{"rendered":"<p>Pre\u010du z\u012bme Eleyus Veids Piln\u012bb\u0101 ieb\u016bv\u0113jamsKr\u0101sa MelnaEnergoefektivit\u0101tes klase CHidrodinamisk\u0101s efektivit\u0101tes klase EApgaismojuma efektivit\u0101tes klase ATauku filtr\u0113\u0161anas efektivit\u0101tes klase EIzm\u0113ri, svarsAugstums 17.7 cmPlatums 52 cmDzi\u013cums 29.5 cmVeiktsp\u0113jaJauda m\u00b3\/hNos\u016bk\u0161anas jauda 424 m\u00b3\/hMotoru skaits 1Vad\u012bbaVad\u012bba Sk\u0101rienvad\u012bba\u0100trumu skaits 3Citi parametriTrok\u0161\u0146a l\u012bmenis (dB) 67Apgaismojums 2 x 3 W, LEDFiltra veids Alum\u012bnija Papildapr\u012bkojumsOgles filtra kods FWE14 Saist\u012btie produkti Pre\u010du z\u012bme:EleyusVeids: Ogles [&hellip;]<\/p>\n","protected":false},"featured_media":33931,"comment_status":"open","ping_status":"closed","template":"","meta":{"_joinchat":[]},"product_brand":[],"product_cat":[298],"product_tag":[],"class_list":{"0":"post-33937","1":"product","2":"type-product","3":"status-publish","4":"has-post-thumbnail","6":"product_cat-iebuvejama-sadzives-tehnika-iebuvejamie-tvaika-nosuceji","8":"first","9":"instock","10":"shipping-taxable","11":"purchasable","12":"product-type-simple"},"_links":{"self":[{"href":"https:\/\/emeniro.lovehorses.lv\/ru\/wp-json\/wp\/v2\/product\/33937","targetHints":{"allow":["GET"]}}],"collection":[{"href":"https:\/\/emeniro.lovehorses.lv\/ru\/wp-json\/wp\/v2\/product"}],"about":[{"href":"https:\/\/emeniro.lovehorses.lv\/ru\/wp-json\/wp\/v2\/types\/product"}],"replies":[{"embeddable":true,"href":"https:\/\/emeniro.lovehorses.lv\/ru\/wp-json\/wp\/v2\/comments?post=33937"}],"wp:featuredmedia":[{"embeddable":true,"href":"https:\/\/emeniro.lovehorses.lv\/ru\/wp-json\/wp\/v2\/media\/33931"}],"wp:attachment":[{"href":"https:\/\/emeniro.lovehorses.lv\/ru\/wp-json\/wp\/v2\/media?parent=33937"}],"wp:term":[{"taxonomy":"product_brand","embeddable":true,"href":"https:\/\/emeniro.lovehorses.lv\/ru\/wp-json\/wp\/v2\/product_brand?post=33937"},{"taxonomy":"product_cat","embeddable":true,"href":"https:\/\/emeniro.lovehorses.lv\/ru\/wp-json\/wp\/v2\/product_cat?post=33937"},{"taxonomy":"product_tag","embeddable":true,"href":"https:\/\/emeniro.lovehorses.lv\/ru\/wp-json\/wp\/v2\/product_tag?post=33937"}],"curies":[{"name":"wp","href":"https:\/\/api.w.org\/{rel}","templated":true}]}}