{"id":34046,"date":"2026-05-01T02:20:45","date_gmt":"2026-05-01T02:20:45","guid":{"rendered":"https:\/\/emeniro.lovehorses.lv\/product\/bosch-bbh85b1\/"},"modified":"2026-05-01T02:20:45","modified_gmt":"2026-05-01T02:20:45","slug":"bosch-bbh85b1","status":"publish","type":"product","link":"https:\/\/emeniro.lovehorses.lv\/ru\/product\/bosch-bbh85b1\/","title":{"rendered":"Bosch BBH85B1"},"content":{"rendered":"<\/p>\n<p>\u041f\u0440\u043e\u0438\u0437\u0432\u043e\u0434\u0438\u0442\u0435\u043b\u044c Bosch<br \/>\u0422\u0438\u043f \u043f\u044b\u043b\u0435\u0441\u043e\u0441\u0430: \u0420\u0443\u0447\u043d\u043e\u0439 \u0431\u0435\u0441\u043f\u0440\u043e\u0432\u043e\u0434\u043d\u043e\u0439<br \/>\u0422\u0438\u043f \u043c\u0443\u0441\u043e\u0440\u0430: \u0421\u0443\u0445\u043e\u0439<br \/>\u0427\u0435\u0440\u043d\u044b\u0439 \u0446\u0432\u0435\u0442<br \/>\u041f\u0438\u0442\u0430\u043d\u0438\u0435: \u0410\u043a\u043a\u0443\u043c\u0443\u043b\u044f\u0442\u043e\u0440<br \/>\u0422\u0438\u043f \u0430\u043a\u043a\u0443\u043c\u0443\u043b\u044f\u0442\u043e\u0440\u0430 Li-Ion<br \/>\u041d\u0430\u043f\u0440\u044f\u0436\u0435\u043d\u0438\u0435 (\u0412): 20<br \/>\u0412\u0440\u0435\u043c\u044f \u0437\u0430\u0440\u044f\u0434\u043a\u0438 (\u0447): 6<br \/>\u0412\u0440\u0435\u043c\u044f \u0440\u0430\u0431\u043e\u0442\u044b (\u043c\u0438\u043d): \u0434\u043e 45<br \/>EAN 4242005226412<br \/>\u0420\u0430\u0437\u043c\u0435\u0440\u044b, \u0432\u0435\u0441<br \/>Izm\u0113ri, cm 116\u00d728,5\u00d718,5<br \/>\u0412\u0435\u0441 (\u0431\u0435\u0437 \u0443\u043f\u0430\u043a\u043e\u0432\u043a\u0438) 3,4 \u043a\u0433<br \/>\u0411\u0420\u0423\u0422\u041e \u0432\u0435\u0441 (\u0441 \u0443\u043f\u0430\u043a\u043e\u0432\u043a\u043e\u0439) 5 \u043a\u0433<br \/>\u0414\u043e\u043f\u043e\u043b\u043d\u0438\u0442\u0435\u043b\u044c\u043d\u044b\u0435 \u0444\u0443\u043d\u043a\u0446\u0438\u0438<br \/>\u0422\u0438\u043f \u0444\u0438\u043b\u044c\u0442\u0440\u0430: \u0413\u0438\u0433\u0438\u0435\u043d\u0438\u0447\u0435\u0441\u043a\u0438\u0439 \u0444\u0438\u043b\u044c\u0442\u0440<br \/>\u041e\u0431\u044a\u0435\u043c \u043a\u043e\u043d\u0442\u0435\u0439\u043d\u0435\u0440\u0430 \u0434\u043b\u044f \u043f\u044b\u043b\u0438 0,9 \u043b<br \/>\u0423\u0440\u043e\u0432\u0435\u043d\u044c \u0448\u0443\u043c\u0430 81 \u0434\u0411<\/p>","protected":false},"excerpt":{"rendered":"<p>Ra\u017eot\u0101js BoschPutek\u013cs\u016bc\u0113ja tips: Rokas bezvaduAtkritumu veids SaussMelna kr\u0101saBaro\u0161anas sist\u0113ma AkumulatorsAkumulatora tips Li-IonSpriegums (V) 20Uzl\u0101des laiks (h) 6Darb\u012bbas laiks (min.) l\u012bdz 45EAN 4242005226412Izm\u0113ri, svarsIzm\u0113ri, cm 116\u00d728,5\u00d718,5Svars (bez iepakojuma) 3,4 kgBRUTO svars (svars ar iepakojumu) 5 kgPapildu iesp\u0113jasFiltra veids Higi\u0113nas filtrsPutek\u013cu tvertnes tilpums 0,9 lTrok\u0161\u0146a l\u012bmenis 81 dB<\/p>","protected":false},"featured_media":34041,"comment_status":"open","ping_status":"closed","template":"","meta":{"_joinchat":[]},"product_brand":[281],"product_cat":[282],"product_tag":[],"class_list":{"0":"post-34046","1":"product","2":"type-product","3":"status-publish","4":"has-post-thumbnail","6":"product_brand-bosch","7":"product_cat-sadzives-tehnika-puteklu-suceji","9":"first","10":"instock","11":"shipping-taxable","12":"purchasable","13":"product-type-simple"},"_links":{"self":[{"href":"https:\/\/emeniro.lovehorses.lv\/ru\/wp-json\/wp\/v2\/product\/34046","targetHints":{"allow":["GET"]}}],"collection":[{"href":"https:\/\/emeniro.lovehorses.lv\/ru\/wp-json\/wp\/v2\/product"}],"about":[{"href":"https:\/\/emeniro.lovehorses.lv\/ru\/wp-json\/wp\/v2\/types\/product"}],"replies":[{"embeddable":true,"href":"https:\/\/emeniro.lovehorses.lv\/ru\/wp-json\/wp\/v2\/comments?post=34046"}],"wp:featuredmedia":[{"embeddable":true,"href":"https:\/\/emeniro.lovehorses.lv\/ru\/wp-json\/wp\/v2\/media\/34041"}],"wp:attachment":[{"href":"https:\/\/emeniro.lovehorses.lv\/ru\/wp-json\/wp\/v2\/media?parent=34046"}],"wp:term":[{"taxonomy":"product_brand","embeddable":true,"href":"https:\/\/emeniro.lovehorses.lv\/ru\/wp-json\/wp\/v2\/product_brand?post=34046"},{"taxonomy":"product_cat","embeddable":true,"href":"https:\/\/emeniro.lovehorses.lv\/ru\/wp-json\/wp\/v2\/product_cat?post=34046"},{"taxonomy":"product_tag","embeddable":true,"href":"https:\/\/emeniro.lovehorses.lv\/ru\/wp-json\/wp\/v2\/product_tag?post=34046"}],"curies":[{"name":"wp","href":"https:\/\/api.w.org\/{rel}","templated":true}]}}