{"id":34062,"date":"2026-05-01T02:21:04","date_gmt":"2026-05-01T02:21:04","guid":{"rendered":"https:\/\/emeniro.lovehorses.lv\/product\/bosch-bbh3zoo28\/"},"modified":"2026-05-01T02:21:04","modified_gmt":"2026-05-01T02:21:04","slug":"bosch-bbh3zoo28","status":"publish","type":"product","link":"https:\/\/emeniro.lovehorses.lv\/ru\/product\/bosch-bbh3zoo28\/","title":{"rendered":"Bosch BBH3ZOO28"},"content":{"rendered":"<\/p>\n<p>\u041f\u0440\u043e\u0438\u0437\u0432\u043e\u0434\u0438\u0442\u0435\u043b\u044c Bosch<br \/>\u0422\u0438\u043f \u043f\u044b\u043b\u0435\u0441\u043e\u0441\u0430: \u0420\u0443\u0447\u043d\u043e\u0439 \u0431\u0435\u0441\u043f\u0440\u043e\u0432\u043e\u0434\u043d\u043e\u0439<br \/>\u0422\u0438\u043f \u043c\u0443\u0441\u043e\u0440\u0430: \u0421\u0443\u0445\u043e\u0439<br \/>\u0426\u0432\u0435\u0442 \u041a\u0440\u0430\u0441\u043d\u044b\u0439<br \/>\u041f\u0438\u0442\u0430\u043d\u0438\u0435: \u0410\u043a\u043a\u0443\u043c\u0443\u043b\u044f\u0442\u043e\u0440<br \/>\u0422\u0438\u043f \u0430\u043a\u043a\u0443\u043c\u0443\u043b\u044f\u0442\u043e\u0440\u0430 Li-Ion<br \/>\u041d\u0430\u043f\u0440\u044f\u0436\u0435\u043d\u0438\u0435 (\u0412) 25.2<br \/>\u0412\u0440\u0435\u043c\u044f \u0437\u0430\u0440\u044f\u0434\u043a\u0438 (\u0447): 5<br \/>\u0412\u0440\u0435\u043c\u044f \u0440\u0430\u0431\u043e\u0442\u044b (\u043c\u0438\u043d.) \u0434\u043e 55<br \/>EAN 4242005278497<br \/>\u0420\u0430\u0437\u043c\u0435\u0440\u044b, \u0432\u0435\u0441<br \/>Izm\u0113ri, cm 115\u00d726,5\u00d718<br \/>\u0412\u0435\u0441 (\u0431\u0435\u0437 \u0443\u043f\u0430\u043a\u043e\u0432\u043a\u0438) 3,8 \u043a\u0433<br \/>\u0412\u0435\u0441 \u0431\u0440\u0443\u0442\u0442\u043e (\u0441 \u0443\u043f\u0430\u043a\u043e\u0432\u043a\u043e\u0439) 4,3 \u043a\u0433<br \/>\u0414\u043e\u043f\u043e\u043b\u043d\u0438\u0442\u0435\u043b\u044c\u043d\u044b\u0435 \u0444\u0443\u043d\u043a\u0446\u0438\u0438<br \/>\u041e\u0431\u044a\u0435\u043c \u043f\u044b\u043b\u0435\u0441\u0431\u043e\u0440\u043d\u0438\u043a\u0430 0,4 \u043b<br \/>\u0423\u0440\u043e\u0432\u0435\u043d\u044c \u0448\u0443\u043c\u0430 82 \u0434\u0411<\/p>","protected":false},"excerpt":{"rendered":"<p>Ra\u017eot\u0101js BoschPutek\u013cs\u016bc\u0113ja tips: Rokas bezvaduAtkritumu veids SaussKr\u0101sa SarkanaBaro\u0161anas sist\u0113ma AkumulatorsAkumulatora tips Li-IonSpriegums (V) 25.2Uzl\u0101des laiks (h) 5Darb\u012bbas laiks (min.) l\u012bdz 55EAN 4242005278497Izm\u0113ri, svarsIzm\u0113ri, cm 115\u00d726,5\u00d718Svars (bez iepakojuma) 3,8 kgBRUTO svars (svars ar iepakojumu) 4,3 kgPapildu iesp\u0113jasPutek\u013cu tvertnes tilpums 0,4 lTrok\u0161\u0146a l\u012bmenis 82 dB<\/p>","protected":false},"featured_media":34054,"comment_status":"open","ping_status":"closed","template":"","meta":{"_joinchat":[]},"product_brand":[281],"product_cat":[282],"product_tag":[],"class_list":{"0":"post-34062","1":"product","2":"type-product","3":"status-publish","4":"has-post-thumbnail","6":"product_brand-bosch","7":"product_cat-sadzives-tehnika-puteklu-suceji","9":"first","10":"instock","11":"shipping-taxable","12":"purchasable","13":"product-type-simple"},"_links":{"self":[{"href":"https:\/\/emeniro.lovehorses.lv\/ru\/wp-json\/wp\/v2\/product\/34062","targetHints":{"allow":["GET"]}}],"collection":[{"href":"https:\/\/emeniro.lovehorses.lv\/ru\/wp-json\/wp\/v2\/product"}],"about":[{"href":"https:\/\/emeniro.lovehorses.lv\/ru\/wp-json\/wp\/v2\/types\/product"}],"replies":[{"embeddable":true,"href":"https:\/\/emeniro.lovehorses.lv\/ru\/wp-json\/wp\/v2\/comments?post=34062"}],"wp:featuredmedia":[{"embeddable":true,"href":"https:\/\/emeniro.lovehorses.lv\/ru\/wp-json\/wp\/v2\/media\/34054"}],"wp:attachment":[{"href":"https:\/\/emeniro.lovehorses.lv\/ru\/wp-json\/wp\/v2\/media?parent=34062"}],"wp:term":[{"taxonomy":"product_brand","embeddable":true,"href":"https:\/\/emeniro.lovehorses.lv\/ru\/wp-json\/wp\/v2\/product_brand?post=34062"},{"taxonomy":"product_cat","embeddable":true,"href":"https:\/\/emeniro.lovehorses.lv\/ru\/wp-json\/wp\/v2\/product_cat?post=34062"},{"taxonomy":"product_tag","embeddable":true,"href":"https:\/\/emeniro.lovehorses.lv\/ru\/wp-json\/wp\/v2\/product_tag?post=34062"}],"curies":[{"name":"wp","href":"https:\/\/api.w.org\/{rel}","templated":true}]}}