{"id":34067,"date":"2026-05-01T02:21:11","date_gmt":"2026-05-01T02:21:11","guid":{"rendered":"https:\/\/emeniro.lovehorses.lv\/product\/bosch-bbs711anm\/"},"modified":"2026-05-01T02:21:11","modified_gmt":"2026-05-01T02:21:11","slug":"bosch-bbs711anm","status":"publish","type":"product","link":"https:\/\/emeniro.lovehorses.lv\/ru\/product\/bosch-bbs711anm\/","title":{"rendered":"Bosch BBS711ANM"},"content":{"rendered":"<\/p>\n<p>\u041f\u0440\u043e\u0438\u0437\u0432\u043e\u0434\u0438\u0442\u0435\u043b\u044c Bosch<br \/>\u0422\u0438\u043f \u043f\u044b\u043b\u0435\u0441\u043e\u0441\u0430: \u0420\u0443\u0447\u043d\u043e\u0439 \u0431\u0435\u0441\u043f\u0440\u043e\u0432\u043e\u0434\u043d\u043e\u0439<br \/>\u0422\u0438\u043f \u043c\u0443\u0441\u043e\u0440\u0430: \u0421\u0443\u0445\u043e\u0439<br \/>\u0426\u0432\u0435\u0442 \u041a\u0440\u0430\u0441\u043d\u044b\u0439<br \/>\u041f\u0438\u0442\u0430\u043d\u0438\u0435: \u0410\u043a\u043a\u0443\u043c\u0443\u043b\u044f\u0442\u043e\u0440<br \/>\u0422\u0438\u043f \u0430\u043a\u043a\u0443\u043c\u0443\u043b\u044f\u0442\u043e\u0440\u0430 Li-Ion<br \/>\u041d\u0430\u043f\u0440\u044f\u0436\u0435\u043d\u0438\u0435 (\u0412): 18<br \/>\u0401\u043c\u043a\u043e\u0441\u0442\u044c \u0430\u043a\u043a\u0443\u043c\u0443\u043b\u044f\u0442\u043e\u0440\u0430: 3000<br \/>\u0412\u0440\u0435\u043c\u044f \u0437\u0430\u0440\u044f\u0434\u043a\u0438 (\u0447): 5<br \/>\u0412\u0440\u0435\u043c\u044f \u0440\u0430\u0431\u043e\u0442\u044b (\u043c\u0438\u043d): \u0434\u043e 40<br \/>EAN 4242005306640<br \/>\u0420\u0430\u0437\u043c\u0435\u0440\u044b, \u0432\u0435\u0441<br \/>Izm\u0113ri, cm 132\u00d725,1\u00d720,2<br \/>\u0412\u0435\u0441 (\u0431\u0435\u0437 \u0443\u043f\u0430\u043a\u043e\u0432\u043a\u0438): 2,9 \u043a\u0433<br \/>\u0412\u0435\u0441 \u0431\u0440\u0443\u0442\u0442\u043e (\u0441 \u0443\u043f\u0430\u043a\u043e\u0432\u043a\u043e\u0439): 4 \u043a\u0433<br \/>\u0414\u043e\u043f\u043e\u043b\u043d\u0438\u0442\u0435\u043b\u044c\u043d\u044b\u0435 \u0444\u0443\u043d\u043a\u0446\u0438\u0438<br \/>\u0422\u0438\u043f \u0444\u0438\u043b\u044c\u0442\u0440\u0430: PureAir HEPA \u0444\u0438\u043b\u044c\u0442\u0440\u044b<br \/>\u041e\u0431\u044a\u0451\u043c \u043f\u044b\u043b\u0435\u0441\u0431\u043e\u0440\u043d\u0438\u043a\u0430: 0,3 \u043b<\/p>","protected":false},"excerpt":{"rendered":"<p>Ra\u017eot\u0101js BoschPutek\u013cs\u016bc\u0113ja tips: Rokas bezvaduAtkritumu veids SaussKr\u0101sa SarkanaBaro\u0161anas sist\u0113ma AkumulatorsAkumulatora tips Li-IonSpriegums (V) 18Akumulatora ietilp\u012bba 3000Uzl\u0101des laiks (h) 5Darb\u012bbas laiks (min.) l\u012bdz 40EAN 4242005306640Izm\u0113ri, svarsIzm\u0113ri, cm 132\u00d725,1\u00d720,2Svars (bez iepakojuma) 2,9 kgBRUTO svars (svars ar iepakojumu) 4 kgPapildu iesp\u0113jasFiltra tips PureAir HEPA filtriPutek\u013cu tvertnes tilpums 0,3 l<\/p>","protected":false},"featured_media":34063,"comment_status":"open","ping_status":"closed","template":"","meta":{"_joinchat":[]},"product_brand":[281],"product_cat":[282],"product_tag":[],"class_list":{"0":"post-34067","1":"product","2":"type-product","3":"status-publish","4":"has-post-thumbnail","6":"product_brand-bosch","7":"product_cat-sadzives-tehnika-puteklu-suceji","9":"first","10":"instock","11":"shipping-taxable","12":"purchasable","13":"product-type-simple"},"_links":{"self":[{"href":"https:\/\/emeniro.lovehorses.lv\/ru\/wp-json\/wp\/v2\/product\/34067","targetHints":{"allow":["GET"]}}],"collection":[{"href":"https:\/\/emeniro.lovehorses.lv\/ru\/wp-json\/wp\/v2\/product"}],"about":[{"href":"https:\/\/emeniro.lovehorses.lv\/ru\/wp-json\/wp\/v2\/types\/product"}],"replies":[{"embeddable":true,"href":"https:\/\/emeniro.lovehorses.lv\/ru\/wp-json\/wp\/v2\/comments?post=34067"}],"wp:featuredmedia":[{"embeddable":true,"href":"https:\/\/emeniro.lovehorses.lv\/ru\/wp-json\/wp\/v2\/media\/34063"}],"wp:attachment":[{"href":"https:\/\/emeniro.lovehorses.lv\/ru\/wp-json\/wp\/v2\/media?parent=34067"}],"wp:term":[{"taxonomy":"product_brand","embeddable":true,"href":"https:\/\/emeniro.lovehorses.lv\/ru\/wp-json\/wp\/v2\/product_brand?post=34067"},{"taxonomy":"product_cat","embeddable":true,"href":"https:\/\/emeniro.lovehorses.lv\/ru\/wp-json\/wp\/v2\/product_cat?post=34067"},{"taxonomy":"product_tag","embeddable":true,"href":"https:\/\/emeniro.lovehorses.lv\/ru\/wp-json\/wp\/v2\/product_tag?post=34067"}],"curies":[{"name":"wp","href":"https:\/\/api.w.org\/{rel}","templated":true}]}}