{"id":34247,"date":"2026-05-01T02:26:11","date_gmt":"2026-05-01T02:26:11","guid":{"rendered":"https:\/\/emeniro.lovehorses.lv\/product\/whirlpool-akz9-6240nb\/"},"modified":"2026-05-01T02:26:11","modified_gmt":"2026-05-01T02:26:11","slug":"whirlpool-akz9-6240nb","status":"publish","type":"product","link":"https:\/\/emeniro.lovehorses.lv\/ru\/product\/whirlpool-akz9-6240nb\/","title":{"rendered":"Whirlpool AKZ9 6240NB"},"content":{"rendered":"<\/p>\n<p>Cepe\u0161kr\u0101sns veids Elektrisk\u0101<br \/>Kr\u0101sa Melns<br \/>Ra\u017eot\u0101ja kr\u0101sa Melns<br \/>Garantijas periods 24 m\u0113ne\u0161i<br \/>Svari (kg) 33 kg<br \/>Izm\u0113ri PxAxG (cm) 59,5 x 59,9 x 56,4 cm<br \/>Platums (cm) 59,5 cm<br \/>Platums od 58 do 60 cm<br \/>Augstums (cm) 59,9 cm<br \/>Augstums od 59 cm<br \/>Dzi\u013cums (cm) 56,4 cm<br \/>Dzi\u013cums od 56 do 56,9 cm<br \/>Tehniskie parametri<br \/>Tilpums (l) 73 l<br \/>Tilpums od 70 l<br \/>Savienojuma jauda (W) 2000 W<br \/>Ener\u0123ijas pat\u0113ri\u0146\u0161 \u2013 parast\u0101 apkure [kWh \/ cikls] 0,91 kWh<br \/>Ener\u0123ijas pat\u0113ri\u0146\u0161 \u2013 karstais gaiss [kWh\/cikls] 0,7 kWh<br \/>Baro\u0161anas spriegums (V) 220 \u2013 240 V<br \/>Funkcijas Programy automatyczne \/ Termoobieg \/ Szybkie nagrzewanie \/ Grill<br \/>Kontrole Mechaniczne i Elektroniczne<br \/>Displejs J\u0101<br \/>Apgaismojums J\u0101<br \/>Cepe\u0161kr\u0101sns r\u016bti\u0146u skaits 3<br \/>Ga\u013cas termometrs N\u0113<br \/>Vad\u012bt\u0101ju veids Drabinki<br \/>Cepe\u0161kr\u0101sns iek\u0161puse Emalja<br \/>Funkcijas<br \/>True Fan Cooking J\u0101<br \/>Grils (tosteris) J\u0101<br \/>Autom\u0101tisk\u0101s cep\u0161anas programmas J\u0101<br \/>Cepe\u0161kr\u0101sns t\u012br\u012b\u0161ana Katal\u012btiskais<br \/>\u0100tra apkure J\u0101<br \/>Vec\u0101ku atsl\u0113ga J\u0101<br \/>Papildu<br \/>Vad\u012bbas pane\u013ca materi\u0101ls Stikls<\/p>\n","protected":false},"excerpt":{"rendered":"<p>Cepe\u0161kr\u0101sns veids Elektrisk\u0101Kr\u0101sa MelnsRa\u017eot\u0101ja kr\u0101sa MelnsGarantijas periods 24 m\u0113ne\u0161iSvari (kg) 33 kgIzm\u0113ri PxAxG (cm) 59,5 x 59,9 x 56,4 cmPlatums (cm) 59,5 cmPlatums od 58 do 60 cmAugstums (cm) 59,9 cmAugstums od 59 cmDzi\u013cums (cm) 56,4 cmDzi\u013cums od 56 do 56,9 cmTehniskie parametriTilpums (l) 73 lTilpums od 70 lSavienojuma jauda (W) 2000 WEner\u0123ijas pat\u0113ri\u0146\u0161 \u2013 [&hellip;]<\/p>\n","protected":false},"featured_media":34241,"comment_status":"open","ping_status":"closed","template":"","meta":{"_joinchat":[]},"product_brand":[286],"product_cat":[266],"product_tag":[],"class_list":{"0":"post-34247","1":"product","2":"type-product","3":"status-publish","4":"has-post-thumbnail","6":"product_brand-whirlpool","7":"product_cat-iebuvejama-sadzives-tehnika-iebuvejamas-cepeskrasnis","9":"first","10":"instock","11":"shipping-taxable","12":"purchasable","13":"product-type-simple"},"_links":{"self":[{"href":"https:\/\/emeniro.lovehorses.lv\/ru\/wp-json\/wp\/v2\/product\/34247","targetHints":{"allow":["GET"]}}],"collection":[{"href":"https:\/\/emeniro.lovehorses.lv\/ru\/wp-json\/wp\/v2\/product"}],"about":[{"href":"https:\/\/emeniro.lovehorses.lv\/ru\/wp-json\/wp\/v2\/types\/product"}],"replies":[{"embeddable":true,"href":"https:\/\/emeniro.lovehorses.lv\/ru\/wp-json\/wp\/v2\/comments?post=34247"}],"wp:featuredmedia":[{"embeddable":true,"href":"https:\/\/emeniro.lovehorses.lv\/ru\/wp-json\/wp\/v2\/media\/34241"}],"wp:attachment":[{"href":"https:\/\/emeniro.lovehorses.lv\/ru\/wp-json\/wp\/v2\/media?parent=34247"}],"wp:term":[{"taxonomy":"product_brand","embeddable":true,"href":"https:\/\/emeniro.lovehorses.lv\/ru\/wp-json\/wp\/v2\/product_brand?post=34247"},{"taxonomy":"product_cat","embeddable":true,"href":"https:\/\/emeniro.lovehorses.lv\/ru\/wp-json\/wp\/v2\/product_cat?post=34247"},{"taxonomy":"product_tag","embeddable":true,"href":"https:\/\/emeniro.lovehorses.lv\/ru\/wp-json\/wp\/v2\/product_tag?post=34247"}],"curies":[{"name":"wp","href":"https:\/\/api.w.org\/{rel}","templated":true}]}}