{"id":34255,"date":"2026-05-01T02:26:22","date_gmt":"2026-05-01T02:26:22","guid":{"rendered":"https:\/\/emeniro.lovehorses.lv\/product\/gorenje-gk6c4wf\/"},"modified":"2026-05-01T02:26:22","modified_gmt":"2026-05-01T02:26:22","slug":"gorenje-gk6c4wf","status":"publish","type":"product","link":"https:\/\/emeniro.lovehorses.lv\/ru\/product\/gorenje-gk6c4wf\/","title":{"rendered":"Gorenje GK6C4WF"},"content":{"rendered":"<\/p>\n<p>\u041f\u0440\u043e\u0438\u0437\u0432\u043e\u0434\u0438\u0442\u0435\u043b\u044c Gorenje<br \/>Virsmas veids G\u0101ze<br \/>balta kr\u0101sa<br \/>A ener\u0123ijas klase<br \/>\u041a\u043e\u043b\u0438\u0447\u0435\u0441\u0442\u0432\u043e \u0433\u0430\u0437\u043e\u0432\u044b\u0445 \u043a\u043e\u043d\u0444\u043e\u0440\u043e\u043a 4<br \/>Elektrisk\u0101 aizdedze J\u0101<br \/>EAN 3838782622717<br \/>\u0420\u0430\u0437\u043c\u0435\u0440\u044b, \u0432\u0435\u0441<br \/>\u0412\u044b\u0441\u043e\u0442\u0430 85 \u0441\u043c<br \/>\u0428\u0438\u0440\u0438\u043d\u0430 60 \u0441\u043c<br \/>\u0413\u043b\u0443\u0431\u0438\u043d\u0430 60 \u0441\u043c<br \/>Svars (bez iepakojuma) 50,4 kg<br \/>BRUTO svars (svars ar iepakojumu) 53,8 kg<br \/>\u041f\u0430\u0440\u0430\u043c\u0435\u0442\u0440\u044b \u0434\u0443\u0445\u043e\u0432\u043a\u0438<br \/>Cepe\u0161kr\u0101sns veids Elektrisk\u0101<br \/>\u041e\u0431\u044a\u0435\u043c \u0434\u0443\u0445\u043e\u0432\u043a\u0438 71 \u043b<br \/>Re\u017e\u012bmu skaits 9<br \/>Cepe\u0161kr\u0101sns taimeris J\u0101<br \/>\u041a\u043e\u043d\u0432\u0435\u043a\u0446\u0438\u044f<br \/>\u0413\u0440\u0438\u043b\u044c \u0414\u0430<br \/>Cepe\u0161kr\u0101sns t\u012br\u012b\u0161anas funkcija Hidrol\u012bze<br \/>Stikla pl\u0101ksnes p\u0101rsegs<br \/>Papildu iesp\u0113jas<br \/>Deg\u013cu g\u0101zes kontrole<br \/>Piederumi 1 standarta panna, 1 dzi\u013ca panna, 1 re\u017e\u0123is<\/p>","protected":false},"excerpt":{"rendered":"<p>Ra\u017eot\u0101js GorenjeVirsmas veids G\u0101zebalta kr\u0101saA ener\u0123ijas klaseG\u0101zes deg\u013cu skaits 4Elektrisk\u0101 aizdedze J\u0101EAN 3838782622717Izm\u0113ri, svarsAugstums 85 cmPlatums 60 cmDzi\u013cums 60 cmSvars (bez iepakojuma) 50,4 kgBRUTO svars (svars ar iepakojumu) 53,8 kgCepe\u0161kr\u0101sns parametriCepe\u0161kr\u0101sns veids Elektrisk\u0101Cepe\u0161kr\u0101sns tilpums 71 lRe\u017e\u012bmu skaits 9Cepe\u0161kr\u0101sns taimeris J\u0101KonvekcijaGrils J\u0101Cepe\u0161kr\u0101sns t\u012br\u012b\u0161anas funkcija Hidrol\u012bzeStikla pl\u0101ksnes p\u0101rsegsPapildu iesp\u0113jasDeg\u013cu g\u0101zes kontrolePiederumi 1 standarta panna, 1 dzi\u013ca panna, [&hellip;]<\/p>\n","protected":false},"featured_media":34253,"comment_status":"open","ping_status":"closed","template":"","meta":[],"product_brand":[271],"product_cat":[277],"product_tag":[],"class_list":{"0":"post-34255","1":"product","2":"type-product","3":"status-publish","4":"has-post-thumbnail","6":"product_brand-gorenje","7":"product_cat-sadzives-tehnika-gazes-plitis","9":"first","10":"instock","11":"shipping-taxable","12":"purchasable","13":"product-type-simple"},"_links":{"self":[{"href":"https:\/\/emeniro.lovehorses.lv\/ru\/wp-json\/wp\/v2\/product\/34255","targetHints":{"allow":["GET"]}}],"collection":[{"href":"https:\/\/emeniro.lovehorses.lv\/ru\/wp-json\/wp\/v2\/product"}],"about":[{"href":"https:\/\/emeniro.lovehorses.lv\/ru\/wp-json\/wp\/v2\/types\/product"}],"replies":[{"embeddable":true,"href":"https:\/\/emeniro.lovehorses.lv\/ru\/wp-json\/wp\/v2\/comments?post=34255"}],"wp:featuredmedia":[{"embeddable":true,"href":"https:\/\/emeniro.lovehorses.lv\/ru\/wp-json\/wp\/v2\/media\/34253"}],"wp:attachment":[{"href":"https:\/\/emeniro.lovehorses.lv\/ru\/wp-json\/wp\/v2\/media?parent=34255"}],"wp:term":[{"taxonomy":"product_brand","embeddable":true,"href":"https:\/\/emeniro.lovehorses.lv\/ru\/wp-json\/wp\/v2\/product_brand?post=34255"},{"taxonomy":"product_cat","embeddable":true,"href":"https:\/\/emeniro.lovehorses.lv\/ru\/wp-json\/wp\/v2\/product_cat?post=34255"},{"taxonomy":"product_tag","embeddable":true,"href":"https:\/\/emeniro.lovehorses.lv\/ru\/wp-json\/wp\/v2\/product_tag?post=34255"}],"curies":[{"name":"wp","href":"https:\/\/api.w.org\/{rel}","templated":true}]}}