{"id":34281,"date":"2026-05-01T02:26:55","date_gmt":"2026-05-01T02:26:55","guid":{"rendered":"https:\/\/emeniro.lovehorses.lv\/product\/lg-55ur75003lk-uhd-wifi\/"},"modified":"2026-05-01T02:26:55","modified_gmt":"2026-05-01T02:26:55","slug":"lg-55ur75003lk-uhd-wifi","status":"publish","type":"product","link":"https:\/\/emeniro.lovehorses.lv\/ru\/product\/lg-55ur75003lk-uhd-wifi\/","title":{"rendered":"LG 55UR75003LK UHD WiFi"},"content":{"rendered":"<p>Pre\u010du z\u012bme\u00a0\u00a0\u00a0 LG<\/p>\n<p>\u00a0\u00a0\u00a0 Oper\u0113t\u0101jsist\u0113ma\u00a0\u00a0\u00a0 webOS<br \/>\u00a0\u00a0\u00a0 Procesora kodolu skaits\u00a0\u00a0\u00a0 4<br \/>\u00a0\u00a0\u00a0 Kr\u0101sa\u00a0\u00a0\u00a0 Melna<br \/>\u00a0\u00a0\u00a0 EAN\u00a0\u00a0\u00a0 8806087074918<br \/>\u041d\u043e\u0432\u0430\u044f \u044d\u043d\u0435\u0440\u0433\u0435\u0442\u0438\u0447\u0435\u0441\u043a\u0430\u044f \u043c\u0430\u0440\u043a\u0438\u0440\u043e\u0432\u043a\u0430 \u0441 2021 \u0433\u043e\u0434\u0430<br \/>\u00a0\u00a0\u00a0 Energoefektivit\u0101tes klase (SDR)\u00a0\u00a0\u00a0 G<br \/>\u00a0\u00a0\u00a0 Ener\u0123ijas pat\u0113ri\u0146\u0161 standarta dinamisk\u0101 diapazona re\u017e\u012bm\u0101 (SDR), 1000 h\u00a0\u00a0\u00a0 81 kWh<br \/>\u00a0\u00a0\u00a0 Energoefektivit\u0101tes klase (HDR)\u00a0\u00a0\u00a0 G<br \/>\u00a0\u00a0\u00a0 Ener\u0123ijas pat\u0113ri\u0146\u0161 augsta dinamisk\u0101 diapazona re\u017e\u012bm\u0101 (HDR), 1000 h\u00a0\u00a0\u00a0 121 kWh<br \/>\u00a0\u00a0\u00a0 Ekr\u0101na izm\u0113rs (collas\/cm)\u00a0\u00a0\u00a0 55\/139<br \/>\u00a0\u00a0\u00a0 Ekr\u0101na iz\u0161\u0137irtsp\u0113ja\u00a0\u00a0\u00a0 3840 x 2160 (Ultra HD)<br \/>\u042d\u043a\u0440\u0430\u043d<br \/>\u00a0\u00a0\u00a0 Ekr\u0101na tips\u00a0\u00a0\u00a0 Plakans (Flat)<br \/>\u0421\u043e\u0435\u0434\u0438\u043d\u0435\u043d\u0438\u044f<br \/>\u00a0\u00a0\u00a0 HDMI\u00a0\u00a0\u00a0 3<br \/>\u00a0\u00a0\u00a0 USB\u00a0\u00a0\u00a0 2<br \/>\u00a0\u00a0\u00a0 CI slots\u00a0\u00a0\u00a0 Ir<br \/>\u00a0\u00a0\u00a0 Ethernet (RJ45)\u00a0\u00a0\u00a0 Ir<br \/>\u00a0\u00a0\u00a0 Optisk\u0101 audio izeja\u00a0\u00a0\u00a0 Ir<br \/>\u0411\u0435\u0441\u043f\u0440\u043e\u0432\u043e\u0434\u043d\u044b\u0435 \u0441\u043e\u0435\u0434\u0438\u043d\u0435\u043d\u0438\u044f<br \/>\u00a0\u00a0\u00a0 Wi-Fi\u00a0\u00a0\u00a0 Ir<br \/>\u00a0\u00a0\u00a0 Bluetooth\u00a0\u00a0\u00a0 Ir<br \/>\u041f\u0440\u0438\u0435\u043c\u043d\u0438\u043a\u0438<br \/>\u00a0\u00a0\u00a0 DVB-T\u00a0\u00a0\u00a0 Ir<br \/>\u00a0\u00a0\u00a0 DVB-T2\u00a0\u00a0\u00a0 Ir<br \/>\u00a0\u00a0\u00a0 DVB-C\u00a0\u00a0\u00a0 Ir<br \/>\u00a0\u00a0\u00a0 DVB-S\u00a0\u00a0\u00a0 Ir<br \/>\u00a0\u00a0\u00a0 DVB-S2\u00a0\u00a0\u00a0 Ir<br \/>\u0420\u0430\u0437\u043c\u0435\u0440\u044b, \u0432\u0435\u0441<br \/>\u00a0\u00a0\u00a0 Augstums\u00a0\u00a0\u00a0 71.5 cm<br \/>\u00a0\u00a0\u00a0 Augstums ar stat\u012bvu\u00a0\u00a0\u00a0 78 cm<br \/>\u00a0\u00a0\u00a0 Platums\u00a0\u00a0\u00a0 123.5 cm<br \/>\u00a0\u00a0\u00a0 Dzi\u013cums\u00a0\u00a0\u00a0 5.8 cm<br \/>\u00a0\u00a0\u00a0 Dzi\u013cums ar stat\u012bvu\u00a0\u00a0\u00a0 23 m<br \/>\u00a0\u00a0\u00a0 Svars\u00a0\u00a0\u00a0 14.1 kg<br \/>\u00a0\u00a0\u00a0 Svars ar iepakojumu\u00a0\u00a0\u00a0 16 kg<br \/>\u0414\u0440\u0443\u0433\u0438\u0435 \u043f\u0430\u0440\u0430\u043c\u0435\u0442\u0440\u044b<br \/>\u00a0\u00a0\u00a0 Att\u0101lums starp skr\u016bvju viet\u0101m stiprin\u0101\u0161ainai pie sienas (mm)\u00a0\u00a0\u00a0 300\u00d7300<\/p><\/p>","protected":false},"excerpt":{"rendered":"<p>Pre\u010du z\u012bme\u00a0\u00a0\u00a0 LG \u00a0\u00a0\u00a0 Oper\u0113t\u0101jsist\u0113ma\u00a0\u00a0\u00a0 webOS\u00a0\u00a0\u00a0 Procesora kodolu skaits\u00a0\u00a0\u00a0 4\u00a0\u00a0\u00a0 Kr\u0101sa\u00a0\u00a0\u00a0 Melna\u00a0\u00a0\u00a0 EAN\u00a0\u00a0\u00a0 8806087074918Jaunais energomar\u0137\u0113jums no 2021.gada\u00a0\u00a0\u00a0 Energoefektivit\u0101tes klase (SDR)\u00a0\u00a0\u00a0 G\u00a0\u00a0\u00a0 Ener\u0123ijas pat\u0113ri\u0146\u0161 standarta dinamisk\u0101 diapazona re\u017e\u012bm\u0101 (SDR), 1000 h\u00a0\u00a0\u00a0 81 kWh\u00a0\u00a0\u00a0 Energoefektivit\u0101tes klase (HDR)\u00a0\u00a0\u00a0 G\u00a0\u00a0\u00a0 Ener\u0123ijas pat\u0113ri\u0146\u0161 augsta dinamisk\u0101 diapazona re\u017e\u012bm\u0101 (HDR), 1000 h\u00a0\u00a0\u00a0 121 kWh\u00a0\u00a0\u00a0 Ekr\u0101na izm\u0113rs (collas\/cm)\u00a0\u00a0\u00a0 55\/139\u00a0\u00a0\u00a0 Ekr\u0101na iz\u0161\u0137irtsp\u0113ja\u00a0\u00a0\u00a0 3840 x [&hellip;]<\/p>\n","protected":false},"featured_media":34275,"comment_status":"open","ping_status":"closed","template":"","meta":[],"product_brand":[112],"product_cat":[294],"product_tag":[],"class_list":{"0":"post-34281","1":"product","2":"type-product","3":"status-publish","4":"has-post-thumbnail","6":"product_brand-lg","7":"product_cat-tv-foto-video-audio-televizori-un-aksesuari-led-televizori","9":"first","10":"instock","11":"shipping-taxable","12":"purchasable","13":"product-type-simple"},"_links":{"self":[{"href":"https:\/\/emeniro.lovehorses.lv\/ru\/wp-json\/wp\/v2\/product\/34281","targetHints":{"allow":["GET"]}}],"collection":[{"href":"https:\/\/emeniro.lovehorses.lv\/ru\/wp-json\/wp\/v2\/product"}],"about":[{"href":"https:\/\/emeniro.lovehorses.lv\/ru\/wp-json\/wp\/v2\/types\/product"}],"replies":[{"embeddable":true,"href":"https:\/\/emeniro.lovehorses.lv\/ru\/wp-json\/wp\/v2\/comments?post=34281"}],"wp:featuredmedia":[{"embeddable":true,"href":"https:\/\/emeniro.lovehorses.lv\/ru\/wp-json\/wp\/v2\/media\/34275"}],"wp:attachment":[{"href":"https:\/\/emeniro.lovehorses.lv\/ru\/wp-json\/wp\/v2\/media?parent=34281"}],"wp:term":[{"taxonomy":"product_brand","embeddable":true,"href":"https:\/\/emeniro.lovehorses.lv\/ru\/wp-json\/wp\/v2\/product_brand?post=34281"},{"taxonomy":"product_cat","embeddable":true,"href":"https:\/\/emeniro.lovehorses.lv\/ru\/wp-json\/wp\/v2\/product_cat?post=34281"},{"taxonomy":"product_tag","embeddable":true,"href":"https:\/\/emeniro.lovehorses.lv\/ru\/wp-json\/wp\/v2\/product_tag?post=34281"}],"curies":[{"name":"wp","href":"https:\/\/api.w.org\/{rel}","templated":true}]}}