{"id":34479,"date":"2026-05-01T02:31:53","date_gmt":"2026-05-01T02:31:53","guid":{"rendered":"https:\/\/emeniro.lovehorses.lv\/product\/gorenje-gtw641kb\/"},"modified":"2026-05-01T02:31:53","modified_gmt":"2026-05-01T02:31:53","slug":"gorenje-gtw641kb","status":"publish","type":"product","link":"https:\/\/emeniro.lovehorses.lv\/ru\/product\/gorenje-gtw641kb\/","title":{"rendered":"Gorenje GTW641KB"},"content":{"rendered":"<\/p>\n<p>A xP x D, mm 130\u00d7600\u00d7520<br \/>\u0426\u0432\u0435\u0442 \u0427\u0435\u0440\u043d\u044b\u0439<br \/>\u0422\u0438\u043f \u043f\u043e\u0432\u0435\u0440\u0445\u043d\u043e\u0441\u0442\u0438 \u0413\u0430\u0437\u043e\u0432\u0430\u044f<br \/>\u0423\u043f\u0440\u0430\u0432\u043b\u0435\u043d\u0438\u0435 \u041f\u043e\u0432\u043e\u0440\u043e\u0442\u043d\u044b\u0435 \u043f\u0435\u0440\u0435\u043a\u043b\u044e\u0447\u0430\u0442\u0435\u043b\u0438<br \/>\u0420\u0430\u0441\u043f\u043e\u043b\u043e\u0436\u0435\u043d\u0438\u0435 \u0443\u043f\u0440\u0430\u0432\u043b\u0435\u043d\u0438\u044f \u0421\u043f\u0435\u0440\u0435\u0434\u0438<br \/>\u041a\u043e\u043b\u0438\u0447\u0435\u0441\u0442\u0432\u043e \u043d\u0430\u0433\u0440\u0435\u0432\u0430\u0442\u0435\u043b\u044c\u043d\u044b\u0445 \u0437\u043e\u043d 4<br \/>\u042d\u043b\u0435\u043a\u0442\u0440\u043e\u043d\u043d\u0430\u044f \u0440\u043e\u0437\u0436\u0438\u0433 \u0415\u0441\u0442\u044c<br \/>G\u0101zes kontrole \u2013<br \/>\u0427\u0443\u0433\u0443\u043d\u043d\u044b\u0435 \u0440\u0435\u0448\u0435\u0442\u043a\u0438 \u0415\u0441\u0442\u044c<\/p>","protected":false},"excerpt":{"rendered":"<p>A xP x D, mm 130\u00d7600\u00d7520Kr\u0101sa MelnaVirsmas tips G\u0101zes virsmaVad\u012bba Klo\u0137u vad\u012bbaVad\u012bbas novietojums Priek\u0161\u0101Sild\u012b\u0161anas zonu skaits 4Elektrisk\u0101 aizdedze IrG\u0101zes kontrole \u2013\u010cuguna trauku tur\u0113t\u0101ji Ir<\/p>","protected":false},"featured_media":34478,"comment_status":"open","ping_status":"closed","template":"","meta":{"_joinchat":[]},"product_brand":[271],"product_cat":[268],"product_tag":[],"class_list":{"0":"post-34479","1":"product","2":"type-product","3":"status-publish","4":"has-post-thumbnail","6":"product_brand-gorenje","7":"product_cat-iebuvejama-sadzives-tehnika-iebuvejamas-gazes-plits-virsmas","9":"first","10":"instock","11":"shipping-taxable","12":"purchasable","13":"product-type-simple"},"_links":{"self":[{"href":"https:\/\/emeniro.lovehorses.lv\/ru\/wp-json\/wp\/v2\/product\/34479","targetHints":{"allow":["GET"]}}],"collection":[{"href":"https:\/\/emeniro.lovehorses.lv\/ru\/wp-json\/wp\/v2\/product"}],"about":[{"href":"https:\/\/emeniro.lovehorses.lv\/ru\/wp-json\/wp\/v2\/types\/product"}],"replies":[{"embeddable":true,"href":"https:\/\/emeniro.lovehorses.lv\/ru\/wp-json\/wp\/v2\/comments?post=34479"}],"wp:featuredmedia":[{"embeddable":true,"href":"https:\/\/emeniro.lovehorses.lv\/ru\/wp-json\/wp\/v2\/media\/34478"}],"wp:attachment":[{"href":"https:\/\/emeniro.lovehorses.lv\/ru\/wp-json\/wp\/v2\/media?parent=34479"}],"wp:term":[{"taxonomy":"product_brand","embeddable":true,"href":"https:\/\/emeniro.lovehorses.lv\/ru\/wp-json\/wp\/v2\/product_brand?post=34479"},{"taxonomy":"product_cat","embeddable":true,"href":"https:\/\/emeniro.lovehorses.lv\/ru\/wp-json\/wp\/v2\/product_cat?post=34479"},{"taxonomy":"product_tag","embeddable":true,"href":"https:\/\/emeniro.lovehorses.lv\/ru\/wp-json\/wp\/v2\/product_tag?post=34479"}],"curies":[{"name":"wp","href":"https:\/\/api.w.org\/{rel}","templated":true}]}}