{"id":34573,"date":"2026-05-01T02:34:30","date_gmt":"2026-05-01T02:34:30","guid":{"rendered":"https:\/\/emeniro.lovehorses.lv\/product\/standart-kl38-69f\/"},"modified":"2026-05-01T02:34:30","modified_gmt":"2026-05-01T02:34:30","slug":"standart-kl38-69f","status":"publish","type":"product","link":"https:\/\/emeniro.lovehorses.lv\/ru\/product\/standart-kl38-69f\/","title":{"rendered":"Standart KL38-69F"},"content":{"rendered":"<p>Produkta veids\u00a0 \u00a0 \u00a0TV tur\u0113t\u0101js<\/p>\n<p>Z\u012bmols\u00a0 \u00a0 \u00a0Standart<br \/>Modelis\u00a0 \u00a0 \u00a0KL38-69F<br \/>Platums\u00a0 \u00a0 \u00a093.8 cm<br \/>Dzi\u013cums\u00a0 \u00a0 \u00a03 cm<br \/>Augstums\u00a0 \u00a0 \u00a062.5 cm<br \/>Svars\u00a0 \u00a0 \u00a02.510 kg<br \/>Uzst\u0101d\u012b\u0161ana\u00a0 \u00a0 \u00a0Pie sienas<br \/>Ekr\u0101na izm\u0113rs pa diagon\u0101li\u00a0 \u00a0 \u00a043 \u2013 100 \u201c<br \/>Rot\u0101cijas le\u0146\u0137is\u00a0 \u00a0 \u00a00 \u00b0<br \/>Apgrie\u0161anas le\u0146\u0137is\u00a0 \u00a0 \u00a00 \u00b0<br \/>Svara ierobe\u017eojums\u00a0 \u00a0 \u00a075 kg<br \/>VESA standarts<br \/>\u00a0 \u00a0 100 x 100, 100 x 150, 100 x 200, 150 x 100, 150 x 150, 200 x 100, 200 x 200, 200 x 300, 200 x 400, 300 x 200, 300 x 300, 300 x 400, 400 x 200, 400 x 300, 400 x 400, 400 x 600, 50 x 50, 500 x 300, 500 x 400, 600 x 200, 600 x 300, 600 x 400, 600 x 600, 700 x 400, 75 x 75, 800 x 400, 800 x 500, 800 x 600, 900 x 600<br \/>Att\u0101lums l\u012bdz sienai\u00a0 \u00a0 \u00a03 cm<br \/>Oblig\u0101t\u0101 garantija\u00a0 \u00a0 \u00a036 m\u0113n<br \/>Iepakojuma garums\u00a0 \u00a0 \u00a0935 m<br \/>Iepakojuma platums\u00a0 \u00a0 \u00a032 m<br \/>Iepakojuma augstums\u00a0 \u00a0 \u00a0155 m<br \/>Produkta svars ar iepakojumu\u00a0 \u00a0 \u00a02820 g\u00a0<\/p><\/p>","protected":false},"excerpt":{"rendered":"<p>Produkta veids\u00a0 \u00a0 \u00a0TV tur\u0113t\u0101js Z\u012bmols\u00a0 \u00a0 \u00a0StandartModelis\u00a0 \u00a0 \u00a0KL38-69FPlatums\u00a0 \u00a0 \u00a093.8 cmDzi\u013cums\u00a0 \u00a0 \u00a03 cmAugstums\u00a0 \u00a0 \u00a062.5 cmSvars\u00a0 \u00a0 \u00a02.510 kgUzst\u0101d\u012b\u0161ana\u00a0 \u00a0 \u00a0Pie sienasEkr\u0101na izm\u0113rs pa diagon\u0101li\u00a0 \u00a0 \u00a043 \u2013 100 \u201cRot\u0101cijas le\u0146\u0137is\u00a0 \u00a0 \u00a00 \u00b0Apgrie\u0161anas le\u0146\u0137is\u00a0 \u00a0 \u00a00 \u00b0Svara ierobe\u017eojums\u00a0 \u00a0 \u00a075 kgVESA standarts\u00a0 \u00a0 100 x 100, 100 x 150, 100 x [&hellip;]<\/p>\n","protected":false},"featured_media":34564,"comment_status":"open","ping_status":"closed","template":"","meta":[],"product_brand":[],"product_cat":[326],"product_tag":[],"class_list":{"0":"post-34573","1":"product","2":"type-product","3":"status-publish","4":"has-post-thumbnail","6":"product_cat-tv-foto-video-audio-televizori-un-aksesuari-televizoru-kronsteini","8":"first","9":"instock","10":"shipping-taxable","11":"purchasable","12":"product-type-simple"},"_links":{"self":[{"href":"https:\/\/emeniro.lovehorses.lv\/ru\/wp-json\/wp\/v2\/product\/34573","targetHints":{"allow":["GET"]}}],"collection":[{"href":"https:\/\/emeniro.lovehorses.lv\/ru\/wp-json\/wp\/v2\/product"}],"about":[{"href":"https:\/\/emeniro.lovehorses.lv\/ru\/wp-json\/wp\/v2\/types\/product"}],"replies":[{"embeddable":true,"href":"https:\/\/emeniro.lovehorses.lv\/ru\/wp-json\/wp\/v2\/comments?post=34573"}],"wp:featuredmedia":[{"embeddable":true,"href":"https:\/\/emeniro.lovehorses.lv\/ru\/wp-json\/wp\/v2\/media\/34564"}],"wp:attachment":[{"href":"https:\/\/emeniro.lovehorses.lv\/ru\/wp-json\/wp\/v2\/media?parent=34573"}],"wp:term":[{"taxonomy":"product_brand","embeddable":true,"href":"https:\/\/emeniro.lovehorses.lv\/ru\/wp-json\/wp\/v2\/product_brand?post=34573"},{"taxonomy":"product_cat","embeddable":true,"href":"https:\/\/emeniro.lovehorses.lv\/ru\/wp-json\/wp\/v2\/product_cat?post=34573"},{"taxonomy":"product_tag","embeddable":true,"href":"https:\/\/emeniro.lovehorses.lv\/ru\/wp-json\/wp\/v2\/product_tag?post=34573"}],"curies":[{"name":"wp","href":"https:\/\/api.w.org\/{rel}","templated":true}]}}