{"id":34730,"date":"2026-05-01T02:38:51","date_gmt":"2026-05-01T02:38:51","guid":{"rendered":"https:\/\/emeniro.lovehorses.lv\/product\/al-ko-700-e-snowline-71-cm\/"},"modified":"2026-05-01T02:38:51","modified_gmt":"2026-05-01T02:38:51","slug":"al-ko-700-e-snowline-71-cm","status":"publish","type":"product","link":"https:\/\/emeniro.lovehorses.lv\/ru\/product\/al-ko-700-e-snowline-71-cm\/","title":{"rendered":"AL-KO 700 E Snowline 71 cm"},"content":{"rendered":"<p><span class=\"HwtZe\" lang=\"lv\"><span class=\"jCAhz ChMk0b\"><span class=\"ryNqvb\">Dzin\u0113ja tips: iek\u0161dedzes, \u010detrtaktu, ar aug\u0161\u0113jo v\u0101rstu.<\/span><\/span><span class=\"jCAhz ChMk0b\"><span class=\"ryNqvb\"><\/span><\/span><\/span><\/p>\n<p><span class=\"HwtZe\" lang=\"lv\"><span class=\"jCAhz ChMk0b\"><span class=\"ryNqvb\">Dzin\u0113ja ra\u017eot\u0101js: AL-KO.<\/span><\/span><span class=\"jCAhz ChMk0b\"><span class=\"ryNqvb\"><br \/>Dzin\u0113ja tilpums: 375 cm3.<\/span><\/span><span class=\"jCAhz ChMk0b\"><span class=\"ryNqvb\"><br \/>Nomin\u0101l\u0101 dzin\u0113ja jauda: 7,8 kW.<\/span><\/span><span class=\"jCAhz ChMk0b\"><span class=\"ryNqvb\"><br \/>Starteris: atsitiena starteris, elektriskais 230 V.<br \/>Piedzi\u0146a: pa\u0161g\u0101j\u0113js ar lieliem gumijas rite\u0146iem.<\/span><\/span><span class=\"jCAhz ChMk0b\"><span class=\"ryNqvb\"><br \/>Darba platums: 70 cm.<\/span><\/span><span class=\"jCAhz ChMk0b\"><span class=\"ryNqvb\"><br \/>Darba augstums: 54,5 cm.<\/span><\/span><span class=\"jCAhz ChMk0b\"><span class=\"ryNqvb\"><br \/>Rotora tips: zobains, t\u0113rauda, 2 pak\u0101pju.<\/span><\/span><span class=\"jCAhz ChMk0b\"><span class=\"ryNqvb\"><br \/>Maksim\u0101lais sniega izme\u0161anas att\u0101lums: 15 m.<br \/>P\u0101rnesumu skaits: uz priek\u0161u: 6, atpaka\u013cgait\u0101: 2.<br \/>Izvades caurules grie\u0161an\u0101s le\u0146\u0137is: 190\u00b0.<\/span><\/span><span class=\"jCAhz ChMk0b\"><span class=\"ryNqvb\"><br \/>Izme\u0161anas virziena regul\u0113\u0161ana: manu\u0101la no operatora poz\u012bcijas.<\/span><\/span><span class=\"jCAhz ChMk0b\"><span class=\"ryNqvb\"><br \/>Priek\u0161\u0113jie lukturi: j\u0101, halog\u0113na.<\/span><\/span><span class=\"jCAhz ChMk0b\"><span class=\"ryNqvb\"><br \/>Apsild\u0101mi rokturi: j\u0101.<\/span><\/span><\/span><\/p><\/p>","protected":false},"excerpt":{"rendered":"<p>Dzin\u0113ja tips: iek\u0161dedzes, \u010detrtaktu, ar aug\u0161\u0113jo v\u0101rstu. Dzin\u0113ja ra\u017eot\u0101js: AL-KO.Dzin\u0113ja tilpums: 375 cm3.Nomin\u0101l\u0101 dzin\u0113ja jauda: 7,8 kW.Starteris: atsitiena starteris, elektriskais 230 V.Piedzi\u0146a: pa\u0161g\u0101j\u0113js ar lieliem gumijas rite\u0146iem.Darba platums: 70 cm.Darba augstums: 54,5 cm.Rotora tips: zobains, t\u0113rauda, 2 pak\u0101pju.Maksim\u0101lais sniega izme\u0161anas att\u0101lums: 15 m.P\u0101rnesumu skaits: uz priek\u0161u: 6, atpaka\u013cgait\u0101: 2.Izvades caurules grie\u0161an\u0101s le\u0146\u0137is: 190\u00b0.Izme\u0161anas virziena regul\u0113\u0161ana: [&hellip;]<\/p>\n","protected":false},"featured_media":34727,"comment_status":"open","ping_status":"closed","template":"","meta":[],"product_brand":[],"product_cat":[300],"product_tag":[],"class_list":{"0":"post-34730","1":"product","2":"type-product","3":"status-publish","4":"has-post-thumbnail","6":"product_cat-darza-tehnika-sniega-puteji","8":"first","9":"instock","10":"shipping-taxable","11":"purchasable","12":"product-type-simple"},"_links":{"self":[{"href":"https:\/\/emeniro.lovehorses.lv\/ru\/wp-json\/wp\/v2\/product\/34730","targetHints":{"allow":["GET"]}}],"collection":[{"href":"https:\/\/emeniro.lovehorses.lv\/ru\/wp-json\/wp\/v2\/product"}],"about":[{"href":"https:\/\/emeniro.lovehorses.lv\/ru\/wp-json\/wp\/v2\/types\/product"}],"replies":[{"embeddable":true,"href":"https:\/\/emeniro.lovehorses.lv\/ru\/wp-json\/wp\/v2\/comments?post=34730"}],"wp:featuredmedia":[{"embeddable":true,"href":"https:\/\/emeniro.lovehorses.lv\/ru\/wp-json\/wp\/v2\/media\/34727"}],"wp:attachment":[{"href":"https:\/\/emeniro.lovehorses.lv\/ru\/wp-json\/wp\/v2\/media?parent=34730"}],"wp:term":[{"taxonomy":"product_brand","embeddable":true,"href":"https:\/\/emeniro.lovehorses.lv\/ru\/wp-json\/wp\/v2\/product_brand?post=34730"},{"taxonomy":"product_cat","embeddable":true,"href":"https:\/\/emeniro.lovehorses.lv\/ru\/wp-json\/wp\/v2\/product_cat?post=34730"},{"taxonomy":"product_tag","embeddable":true,"href":"https:\/\/emeniro.lovehorses.lv\/ru\/wp-json\/wp\/v2\/product_tag?post=34730"}],"curies":[{"name":"wp","href":"https:\/\/api.w.org\/{rel}","templated":true}]}}