{"id":35377,"date":"2026-05-01T02:56:37","date_gmt":"2026-05-01T02:56:37","guid":{"rendered":"https:\/\/emeniro.lovehorses.lv\/product\/samsung-mg23t5018ck-ba\/"},"modified":"2026-05-01T02:56:37","modified_gmt":"2026-05-01T02:56:37","slug":"samsung-mg23t5018ck-ba","status":"publish","type":"product","link":"https:\/\/emeniro.lovehorses.lv\/ru\/product\/samsung-mg23t5018ck-ba\/","title":{"rendered":"Samsung MG23T5018CK\/BA"},"content":{"rendered":"<table width=\"70%\">\n<tr>\n<td>\n<table class=\"spec\">\n<tr class=\"odd\">\n<td class=\"specleft\">\u041e\u0441\u043e\u0431\u044b\u0435 \u0445\u0430\u0440\u0430\u043a\u0442\u0435\u0440\u0438\u0441\u0442\u0438\u043a\u0438<\/td>\n<td class=\"specright\">\u0424\u0443\u043d\u043a\u0446\u0438\u044f Grill Fry (\u0445\u0440\u0443\u0441\u0442\u044f\u0449\u0430\u044f \u043f\u043b\u0430\u0441\u0442\u0438\u043d\u0430), \u0444\u0443\u043d\u043a\u0446\u0438\u044f \u0431\u044b\u0441\u0442\u0440\u043e\u0439 \u0440\u0430\u0437\u043c\u043e\u0440\u043e\u0437\u043a\u0438, \u0441\u0438\u0441\u0442\u0435\u043c\u0430 \u0442\u0440\u043e\u0439\u043d\u043e\u0433\u043e \u0440\u0430\u0441\u043f\u0440\u0435\u0434\u0435\u043b\u0435\u043d\u0438\u044f, \u044d\u043a\u043e\u0440\u0435\u0436\u0438\u043c, Auto Cook, \u043a\u0435\u0440\u0430\u043c\u0438\u0447\u0435\u0441\u043a\u0430\u044f \u0432\u043d\u0443\u0442\u0440\u0435\u043d\u043d\u044f\u044f \u043f\u043e\u0432\u0435\u0440\u0445\u043d\u043e\u0441\u0442\u044c<\/td>\n<\/tr>\n<tr class=\"even\">\n<td class=\"specleft\">\u0414\u0438\u0430\u043c\u0435\u0442\u0440 \u043e\u0441\u043d\u043e\u0432\u0430\u043d\u0438\u044f (\u0441\u043c)<\/td>\n<td class=\"specright\">28,8<\/td>\n<\/tr>\n<tr class=\"odd\">\n<td class=\"specleft\">\u0426\u0432\u0435\u0442<\/td>\n<td class=\"specright\">\u0427\u0435\u0440\u043d\u044b\u0439<\/td>\n<\/tr>\n<tr class=\"even\">\n<td class=\"specleft\">\u0413\u043b\u0443\u0431\u0438\u043d\u0430 (\u0441\u043c)<\/td>\n<td class=\"specright\">38,1<\/td>\n<\/tr>\n<tr class=\"odd\">\n<td class=\"specleft\">\u0414\u0438\u0441\u043f\u043b\u0435\u0439<\/td>\n<td class=\"specright\">+<\/td>\n<\/tr>\n<tr class=\"even\">\n<td class=\"specleft\">\u0413\u0440\u0438\u043b\u044c<\/td>\n<td class=\"specright\">+<\/td>\n<\/tr>\n<tr class=\"odd\">\n<td class=\"specleft\">\u041c\u043e\u0449\u043d\u043e\u0441\u0442\u044c \u0433\u0440\u0438\u043b\u044f (\u0412\u0442)<\/td>\n<td class=\"specright\">1100<\/td>\n<\/tr>\n<tr class=\"even\">\n<td class=\"specleft\">\u0412\u0435\u0441 \u0431\u0440\u0443\u0442\u0442\u043e (\u0432\u0435\u0441 \u0443\u043f\u0430\u043a\u043e\u0432\u043a\u0438 \u043a\u0433)<\/td>\n<td class=\"specright\">14,3<\/td>\n<\/tr>\n<tr class=\"odd\">\n<td class=\"specleft\">\u0412\u044b\u0441\u043e\u0442\u0430 (\u0441\u043c)<\/td>\n<td class=\"specright\">27,5<\/td>\n<\/tr>\n<tr class=\"even\">\n<td class=\"specleft\">\u0422\u0438\u043f \u043c\u0438\u043a\u0440\u043e\u0432\u043e\u043b\u043d\u043e\u0432\u043e\u0439 \u043f\u0435\u0447\u0438<\/td>\n<td class=\"specright\">\u041e\u0442\u0434\u0435\u043b\u044c\u043d\u043e\u0441\u0442\u043e\u044f\u0449\u0430\u044f<\/td>\n<\/tr>\n<tr class=\"odd\">\n<td class=\"specleft\">\u041c\u043e\u0449\u043d\u043e\u0441\u0442\u044c \u043c\u0438\u043a\u0440\u043e\u0432\u043e\u043b\u043d (\u0412\u0442)<\/td>\n<td class=\"specright\">800<\/td>\n<\/tr>\n<tr class=\"even\">\n<td class=\"specleft\">\u041e\u0431\u044a\u0435\u043c \u043a\u0430\u043c\u0435\u0440\u044b (\u043b)<\/td>\n<td class=\"specright\">23<\/td>\n<\/tr>\n<tr class=\"odd\">\n<td class=\"specleft\">\u0412\u0440\u0430\u0449\u0430\u044e\u0449\u0430\u044f\u0441\u044f \u043f\u043e\u0434\u0441\u0442\u0430\u0432\u043a\u0430<\/td>\n<td class=\"specright\">+<\/td>\n<\/tr>\n<tr class=\"even\">\n<td class=\"specleft\">\u0422\u0430\u0439\u043c\u0435\u0440<\/td>\n<td class=\"specright\">\u0426\u0438\u0444\u0440\u043e\u0432\u043e\u0439<\/td>\n<\/tr>\n<tr class=\"odd\">\n<td class=\"specleft\">\u0412\u0435\u0441 (\u043a\u0433)<\/td>\n<td class=\"specright\">12,7<\/td>\n<\/tr>\n<tr class=\"even\">\n<td class=\"specleft\">\u0428\u0438\u0440\u0438\u043d\u0430(\u0441\u043c)<\/td>\n<td class=\"specright\">48,9<\/td>\n<\/tr>\n<\/table>\n<\/td>\n<\/tr>\n<\/table>","protected":false},"excerpt":{"rendered":"<p>Special features Grill Fry (Crispy Plate) funktsioon, kiiresulatamine funktsioon, Triple Distribution s\u00fcsteem, \u00f6kore\u017eiim, Auto Cook, keraamiline sisemus Base diameter (cm) 28,8 Color Black Depth (cm) 38,1 Display + Grill + Grill power (W) 1100 Gross weight (package kg) 14,3 Height (cm) 27,5 Microwave oven type Freestanding Microwave power (W) 800 Oven Capacity (l) 23 Rotating [&hellip;]<\/p>\n","protected":false},"featured_media":35372,"comment_status":"open","ping_status":"closed","template":"","meta":{"_joinchat":[]},"product_brand":[139],"product_cat":[273],"product_tag":[],"class_list":{"0":"post-35377","1":"product","2":"type-product","3":"status-publish","4":"has-post-thumbnail","6":"product_brand-samsung","7":"product_cat-sadzives-tehnika-mikrovilnu-krasnis","9":"first","10":"instock","11":"shipping-taxable","12":"purchasable","13":"product-type-simple"},"_links":{"self":[{"href":"https:\/\/emeniro.lovehorses.lv\/ru\/wp-json\/wp\/v2\/product\/35377","targetHints":{"allow":["GET"]}}],"collection":[{"href":"https:\/\/emeniro.lovehorses.lv\/ru\/wp-json\/wp\/v2\/product"}],"about":[{"href":"https:\/\/emeniro.lovehorses.lv\/ru\/wp-json\/wp\/v2\/types\/product"}],"replies":[{"embeddable":true,"href":"https:\/\/emeniro.lovehorses.lv\/ru\/wp-json\/wp\/v2\/comments?post=35377"}],"wp:featuredmedia":[{"embeddable":true,"href":"https:\/\/emeniro.lovehorses.lv\/ru\/wp-json\/wp\/v2\/media\/35372"}],"wp:attachment":[{"href":"https:\/\/emeniro.lovehorses.lv\/ru\/wp-json\/wp\/v2\/media?parent=35377"}],"wp:term":[{"taxonomy":"product_brand","embeddable":true,"href":"https:\/\/emeniro.lovehorses.lv\/ru\/wp-json\/wp\/v2\/product_brand?post=35377"},{"taxonomy":"product_cat","embeddable":true,"href":"https:\/\/emeniro.lovehorses.lv\/ru\/wp-json\/wp\/v2\/product_cat?post=35377"},{"taxonomy":"product_tag","embeddable":true,"href":"https:\/\/emeniro.lovehorses.lv\/ru\/wp-json\/wp\/v2\/product_tag?post=35377"}],"curies":[{"name":"wp","href":"https:\/\/api.w.org\/{rel}","templated":true}]}}