{"id":36082,"date":"2026-05-01T03:14:01","date_gmt":"2026-05-01T03:14:01","guid":{"rendered":"https:\/\/emeniro.lovehorses.lv\/product\/ravanson-kwge-k50n\/"},"modified":"2026-05-01T03:14:01","modified_gmt":"2026-05-01T03:14:01","slug":"ravanson-kwge-k50n","status":"publish","type":"product","link":"https:\/\/emeniro.lovehorses.lv\/ru\/product\/ravanson-kwge-k50n\/","title":{"rendered":"Ravanson KWGE-K50N"},"content":{"rendered":"<\/p>\n<p>Produkta veids\u00a0\u00a0\u00a0\u00a0 Br\u012bvi st\u0101vo\u0161a pl\u012bts<br \/>Ieb\u016bv\u0113ts displejs\u00a0\u00a0\u00a0\u00a0 N\u0113<br \/>Kontroles veids\u00a0\u00a0\u00a0\u00a0 Rot\u0113jo\u0161ais<br \/>Produkta kr\u0101sa\u00a0\u00a0\u00a0\u00a0 Balts<br \/>Energoefektivit\u0101tes klase\u00a0\u00a0\u00a0\u00a0 A<br \/>Platums\u00a0\u00a0\u00a0\u00a0 500 mm<br \/>Augstums\u00a0\u00a0\u00a0\u00a0 850 mm<br \/>Dzi\u013cums\u00a0\u00a0\u00a0\u00a0 500 mm<br \/>Stikla durvju pane\u013cu skaits\u00a0\u00a0\u00a0\u00a0 2<br \/>Cepe\u0161kr\u0101sns baro\u0161anas avots\u00a0\u00a0\u00a0\u00a0 Elektrisk\u0101<br \/>Kr\u0101sns skaits\u00a0\u00a0\u00a0\u00a0 1<br \/>Gatavo\u0161anas zonu skaits\u00a0\u00a0\u00a0\u00a0 4 zona(s)<br \/>1. gatavo\u0161anas zonas veids\u00a0\u00a0\u00a0\u00a0 Mazs<br \/>4. gatavo\u0161anas zonas jauda\u00a0\u00a0\u00a0\u00a0 2440 W<br \/>3. gatavo\u0161anas zonas jauda\u00a0\u00a0\u00a0\u00a0 2440 W<br \/>2. gatavo\u0161anas zonas jauda\u00a0\u00a0\u00a0\u00a0 1780 W<br \/>4. gatavo\u0161anas zonas tips\u00a0\u00a0\u00a0\u00a0 \u012apa\u0161i liels<br \/>1. gatavo\u0161anas zonas jauda\u00a0\u00a0\u00a0\u00a0 890 W<br \/>2. gatavo\u0161anas zonas tips\u00a0\u00a0\u00a0\u00a0 Vid\u0113ja<br \/>Pl\u012bts veids\u00a0\u00a0\u00a0\u00a0 G\u0101ze<br \/>3. gatavo\u0161anas zonas tips\u00a0\u00a0\u00a0\u00a0 Liels<br \/>G\u0101zes gatavo\u0161anas zonu skaits\u00a0\u00a0\u00a0\u00a0 4 zona(s)<\/p><\/p>","protected":false},"excerpt":{"rendered":"<p>Produkta veids\u00a0\u00a0\u00a0\u00a0 Br\u012bvi st\u0101vo\u0161a pl\u012btsIeb\u016bv\u0113ts displejs\u00a0\u00a0\u00a0\u00a0 N\u0113Kontroles veids\u00a0\u00a0\u00a0\u00a0 Rot\u0113jo\u0161aisProdukta kr\u0101sa\u00a0\u00a0\u00a0\u00a0 BaltsEnergoefektivit\u0101tes klase\u00a0\u00a0\u00a0\u00a0 APlatums\u00a0\u00a0\u00a0\u00a0 500 mmAugstums\u00a0\u00a0\u00a0\u00a0 850 mmDzi\u013cums\u00a0\u00a0\u00a0\u00a0 500 mmStikla durvju pane\u013cu skaits\u00a0\u00a0\u00a0\u00a0 2Cepe\u0161kr\u0101sns baro\u0161anas avots\u00a0\u00a0\u00a0\u00a0 Elektrisk\u0101Kr\u0101sns skaits\u00a0\u00a0\u00a0\u00a0 1Gatavo\u0161anas zonu skaits\u00a0\u00a0\u00a0\u00a0 4 zona(s)1. gatavo\u0161anas zonas veids\u00a0\u00a0\u00a0\u00a0 Mazs4. gatavo\u0161anas zonas jauda\u00a0\u00a0\u00a0\u00a0 2440 W3. gatavo\u0161anas zonas jauda\u00a0\u00a0\u00a0\u00a0 2440 W2. gatavo\u0161anas zonas jauda\u00a0\u00a0\u00a0\u00a0 1780 W4. gatavo\u0161anas zonas tips\u00a0\u00a0\u00a0\u00a0 \u012apa\u0161i [&hellip;]<\/p>\n","protected":false},"featured_media":36079,"comment_status":"open","ping_status":"closed","template":"","meta":[],"product_brand":[],"product_cat":[277],"product_tag":[],"class_list":{"0":"post-36082","1":"product","2":"type-product","3":"status-publish","4":"has-post-thumbnail","6":"product_cat-sadzives-tehnika-gazes-plitis","8":"first","9":"outofstock","10":"shipping-taxable","11":"purchasable","12":"product-type-simple"},"_links":{"self":[{"href":"https:\/\/emeniro.lovehorses.lv\/ru\/wp-json\/wp\/v2\/product\/36082","targetHints":{"allow":["GET"]}}],"collection":[{"href":"https:\/\/emeniro.lovehorses.lv\/ru\/wp-json\/wp\/v2\/product"}],"about":[{"href":"https:\/\/emeniro.lovehorses.lv\/ru\/wp-json\/wp\/v2\/types\/product"}],"replies":[{"embeddable":true,"href":"https:\/\/emeniro.lovehorses.lv\/ru\/wp-json\/wp\/v2\/comments?post=36082"}],"wp:featuredmedia":[{"embeddable":true,"href":"https:\/\/emeniro.lovehorses.lv\/ru\/wp-json\/wp\/v2\/media\/36079"}],"wp:attachment":[{"href":"https:\/\/emeniro.lovehorses.lv\/ru\/wp-json\/wp\/v2\/media?parent=36082"}],"wp:term":[{"taxonomy":"product_brand","embeddable":true,"href":"https:\/\/emeniro.lovehorses.lv\/ru\/wp-json\/wp\/v2\/product_brand?post=36082"},{"taxonomy":"product_cat","embeddable":true,"href":"https:\/\/emeniro.lovehorses.lv\/ru\/wp-json\/wp\/v2\/product_cat?post=36082"},{"taxonomy":"product_tag","embeddable":true,"href":"https:\/\/emeniro.lovehorses.lv\/ru\/wp-json\/wp\/v2\/product_tag?post=36082"}],"curies":[{"name":"wp","href":"https:\/\/api.w.org\/{rel}","templated":true}]}}