{"id":36302,"date":"2026-05-01T03:22:20","date_gmt":"2026-05-01T03:22:20","guid":{"rendered":"https:\/\/emeniro.lovehorses.lv\/product\/marshall-kilburn-ii\/"},"modified":"2026-05-01T03:22:20","modified_gmt":"2026-05-01T03:22:20","slug":"marshall-kilburn-ii","status":"publish","type":"product","link":"https:\/\/emeniro.lovehorses.lv\/ru\/product\/marshall-kilburn-ii\/","title":{"rendered":"Marshall Kilburn II"},"content":{"rendered":"<p>Z\u012bmols\u00a0 \u00a0 \u00a0Marshall<\/p>\n<p>Produkta veids\u00a0 \u00a0 \u00a0Bezvadu ska\u013crunis<br \/>Kolekcija\u00a0 \u00a0 \u00a0Kilburn II<br \/>Kr\u0101sa\u00a0 \u00a0 \u00a0Melna<br \/>\u0412\u043e\u0441\u043f\u0440\u043e\u0438\u0437\u0432\u0435\u0434\u0435\u043d\u0438\u0435 \u0430\u0443\u0434\u0438\u043e<br \/>Ska\u0146as jauda\u00a0 \u00a0 36 W<br \/>Audio failu form\u0101ti\u00a0 \u00a0 MP3<br \/>Jut\u012bba\u00a0 \u00a0 \u00a0100 dB<br \/>\u0411\u0435\u0441\u043f\u0440\u043e\u0432\u043e\u0434\u043d\u044b\u0435 \u0438 \u0444\u0438\u0437\u0438\u0447\u0435\u0441\u043a\u0438\u0435 \u043f\u043e\u0434\u043a\u043b\u044e\u0447\u0435\u043d\u0438\u044f<br \/>Bluetooth interfeiss\u00a0 \u00a0 J\u0101<br \/>WiFi savienojums\u00a0 \u00a0 N\u0113<br \/>Savienojumi\u00a0 \u00a0 3.5 mm (AUX), Bluetooth<br \/>\u0412\u043e\u0441\u043f\u0440\u043e\u0438\u0437\u0432\u0435\u0434\u0435\u043d\u0438\u0435 \u0440\u0430\u0434\u0438\u043e<br \/>Radio uztv\u0113r\u0113js\u00a0 \u00a0 Nav<br \/>\u0410\u043a\u043a\u0443\u043c\u0443\u043b\u044f\u0442\u043e\u0440<br \/>Darb\u012bbas ilgums p\u0113c uzl\u0101des\u00a0 \u00a0 \u00a020 h<br \/>Uzl\u0101des laiks\u00a0 \u00a0 \u00a02.5 h<br \/>Elektroapg\u0101de\u00a0 \u00a0 \u00a0Akumulators<br \/>Akumulatora tips\u00a0 \u00a0 \u00a0Li-ion<br \/>\u0424\u0438\u0437\u0438\u0447\u0435\u0441\u043a\u0438\u0435 \u043f\u0430\u0440\u0430\u043c\u0435\u0442\u0440\u044b<br \/>Platums\u00a0 \u00a0 \u00a0243 mm<br \/>Augstums\u00a0 \u00a0 \u00a0162 mm<br \/>Dzi\u013cums\u00a0 \u00a0 \u00a0140 mm<br \/>Svars\u00a0 \u00a0 \u00a02500 g<br \/>\u0414\u043e\u043f\u043e\u043b\u043d\u0438\u0442\u0435\u043b\u044c\u043d\u043e<br \/>Hands-free (bezroku) funkcija\u00a0 \u00a0 \u00a0N\u0113<br \/>\u012apa\u0161a aizsardz\u012bba\u00a0 \u00a0 \u00a0\u016adensnecaurlaid\u012bgs<br \/>Frekvences diapazons\u00a0 \u00a0 \u00a052 \u2013 20000 Hz<br \/>Maksim\u0101lais darb\u012bbas att\u0101lums\u00a0 \u00a0 \u00a09 m<br \/>Ar t\u0101lvad\u012bbas pulti\u00a0 \u00a0 \u00a0N\u0113<br \/>Papildus inform\u0101cija\u00a0 \u00a0 \u00a0\u0112rts rokturis\u00a0<\/p><\/p>","protected":false},"excerpt":{"rendered":"<p>Z\u012bmols\u00a0 \u00a0 \u00a0Marshall Produkta veids\u00a0 \u00a0 \u00a0Bezvadu ska\u013crunisKolekcija\u00a0 \u00a0 \u00a0Kilburn IIKr\u0101sa\u00a0 \u00a0 \u00a0MelnaAudio atska\u0146o\u0161anaSka\u0146as jauda\u00a0 \u00a0 36 WAudio failu form\u0101ti\u00a0 \u00a0 MP3Jut\u012bba\u00a0 \u00a0 \u00a0100 dBBezvadu un fiziskie savienojumiBluetooth interfeiss\u00a0 \u00a0 J\u0101WiFi savienojums\u00a0 \u00a0 N\u0113Savienojumi\u00a0 \u00a0 3.5 mm (AUX), BluetoothRadio atska\u0146o\u0161anaRadio uztv\u0113r\u0113js\u00a0 \u00a0 NavAkumulatorsDarb\u012bbas ilgums p\u0113c uzl\u0101des\u00a0 \u00a0 \u00a020 hUzl\u0101des laiks\u00a0 \u00a0 \u00a02.5 hElektroapg\u0101de\u00a0 \u00a0 \u00a0AkumulatorsAkumulatora [&hellip;]<\/p>\n","protected":false},"featured_media":36287,"comment_status":"open","ping_status":"closed","template":"","meta":{"_joinchat":[]},"product_brand":[],"product_cat":[304],"product_tag":[],"class_list":{"0":"post-36302","1":"product","2":"type-product","3":"status-publish","4":"has-post-thumbnail","6":"product_cat-tv-foto-video-audio-audio-aparatura-skalruni","8":"first","9":"instock","10":"shipping-taxable","11":"purchasable","12":"product-type-simple"},"_links":{"self":[{"href":"https:\/\/emeniro.lovehorses.lv\/ru\/wp-json\/wp\/v2\/product\/36302","targetHints":{"allow":["GET"]}}],"collection":[{"href":"https:\/\/emeniro.lovehorses.lv\/ru\/wp-json\/wp\/v2\/product"}],"about":[{"href":"https:\/\/emeniro.lovehorses.lv\/ru\/wp-json\/wp\/v2\/types\/product"}],"replies":[{"embeddable":true,"href":"https:\/\/emeniro.lovehorses.lv\/ru\/wp-json\/wp\/v2\/comments?post=36302"}],"wp:featuredmedia":[{"embeddable":true,"href":"https:\/\/emeniro.lovehorses.lv\/ru\/wp-json\/wp\/v2\/media\/36287"}],"wp:attachment":[{"href":"https:\/\/emeniro.lovehorses.lv\/ru\/wp-json\/wp\/v2\/media?parent=36302"}],"wp:term":[{"taxonomy":"product_brand","embeddable":true,"href":"https:\/\/emeniro.lovehorses.lv\/ru\/wp-json\/wp\/v2\/product_brand?post=36302"},{"taxonomy":"product_cat","embeddable":true,"href":"https:\/\/emeniro.lovehorses.lv\/ru\/wp-json\/wp\/v2\/product_cat?post=36302"},{"taxonomy":"product_tag","embeddable":true,"href":"https:\/\/emeniro.lovehorses.lv\/ru\/wp-json\/wp\/v2\/product_tag?post=36302"}],"curies":[{"name":"wp","href":"https:\/\/api.w.org\/{rel}","templated":true}]}}