{"id":36831,"date":"2026-05-01T03:38:21","date_gmt":"2026-05-01T03:38:21","guid":{"rendered":"https:\/\/emeniro.lovehorses.lv\/product\/bosch-mfw2515w\/"},"modified":"2026-05-01T03:38:21","modified_gmt":"2026-05-01T03:38:21","slug":"bosch-mfw2515w","status":"publish","type":"product","link":"https:\/\/emeniro.lovehorses.lv\/ru\/product\/bosch-mfw2515w\/","title":{"rendered":"Bosch MFW2515W"},"content":{"rendered":"<table width=\"70%\">\n<tr>\n<td>\n<table class=\"spec\">\n<tr class=\"odd\">\n<td class=\"specleft\">\u041e\u0441\u043e\u0431\u044b\u0435 \u0445\u0430\u0440\u0430\u043a\u0442\u0435\u0440\u0438\u0441\u0442\u0438\u043a\u0438<\/td>\n<td class=\"specright\">Mahlapress \u2013 v\u00e4rske mahla valmistamiseks puu- ja k\u00f6\u00f6giviljadest; suudab isegi s\u00f5stardelt varred eemaldada.  Roostevabast terasest kettad, kompaktne disain<\/td>\n<\/tr>\n<tr class=\"even\">\n<td class=\"specleft\">\u0414\u043e\u043f\u043e\u043b\u043d\u0438\u0442\u0435\u043b\u044c\u043d\u0430\u044f \u043d\u0430\u0441\u0430\u0434\u043a\u0430<\/td>\n<td class=\"specright\">+<\/td>\n<\/tr>\n<tr class=\"odd\">\n<td class=\"specleft\">\u0426\u0432\u0435\u0442<\/td>\n<td class=\"specright\">\u0411\u0435\u043b\u044b\u0439<\/td>\n<\/tr>\n<tr class=\"even\">\n<td class=\"specleft\">\u0412 \u043a\u043e\u043c\u043f\u043b\u0435\u043a\u0442\u0435<\/td>\n<td class=\"specright\">1 x \u0412\u043e\u0440\u043e\u043d\u043a\u0430, 1 x \u0427\u0430\u0448\u0430, 1 x \u0421\u043e\u043a\u043e\u0432\u044b\u0436\u0438\u043c\u0430\u043b\u043a\u0430, 1 x \u0422\u043e\u043b\u043a\u0430\u0442\u0435\u043b\u044c, 1 x \u0412\u043e\u0440\u043e\u043d\u043a\u0430 \u0434\u043b\u044f \u0444\u0430\u0440\u0448\u0430, 1 x \u0421\u0438\u0442\u043e 8 \u043c\u043c, 1 x \u0421\u0438\u0442\u043e 3,8 \u043c\u043c<\/td>\n<\/tr>\n<tr class=\"odd\">\n<td class=\"specleft\">\u0423\u0440\u043e\u0432\u0435\u043d\u044c \u0448\u0443\u043c\u0430 (\u0434\u0411)<\/td>\n<td class=\"specright\">80<\/td>\n<\/tr>\n<tr class=\"even\">\n<td class=\"specleft\">\u041c\u043e\u0449\u043d\u043e\u0441\u0442\u044c (\u0412\u0442)<\/td>\n<td class=\"specright\">1500<\/td>\n<\/tr>\n<tr class=\"odd\">\n<td class=\"specleft\">\u0422\u0438\u043f<\/td>\n<td class=\"specright\">\u041c\u044f\u0441\u043e\u0440\u0443\u0431\u043a\u0430<\/td>\n<\/tr>\n<tr class=\"even\">\n<td class=\"specleft\">\u0412\u0435\u0441 (\u043a\u0433)<\/td>\n<td class=\"specright\">3,8<\/td>\n<\/tr>\n<\/table>\n<\/td>\n<\/tr>\n<\/table>","protected":false},"excerpt":{"rendered":"<p>Special features Mahlapress \u2013 v\u00e4rske mahla valmistamiseks puu- ja k\u00f6\u00f6giviljadest; suudab isegi s\u00f5stardelt varred eemaldada. Roostevabast terasest kettad, kompaktne disain Additional nozzle + Color White Included 1 x Lehter, 1 x Kauss, 1 x Mahlapress, 1 x Allasurumissilinder, 1 x Vorstit\u00e4itelehter, 1 x S\u00f5el 8 mm, 1 x S\u00f5el 3,8 mm Noise level (dB) 80 [&hellip;]<\/p>\n","protected":false},"featured_media":36826,"comment_status":"open","ping_status":"closed","template":"","meta":{"_joinchat":[]},"product_brand":[281],"product_cat":[361],"product_tag":[],"class_list":{"0":"post-36831","1":"product","2":"type-product","3":"status-publish","4":"has-post-thumbnail","6":"product_brand-bosch","7":"product_cat-maza-sadzives-tehnika-galas-masinas","9":"first","10":"instock","11":"shipping-taxable","12":"purchasable","13":"product-type-simple"},"_links":{"self":[{"href":"https:\/\/emeniro.lovehorses.lv\/ru\/wp-json\/wp\/v2\/product\/36831","targetHints":{"allow":["GET"]}}],"collection":[{"href":"https:\/\/emeniro.lovehorses.lv\/ru\/wp-json\/wp\/v2\/product"}],"about":[{"href":"https:\/\/emeniro.lovehorses.lv\/ru\/wp-json\/wp\/v2\/types\/product"}],"replies":[{"embeddable":true,"href":"https:\/\/emeniro.lovehorses.lv\/ru\/wp-json\/wp\/v2\/comments?post=36831"}],"wp:featuredmedia":[{"embeddable":true,"href":"https:\/\/emeniro.lovehorses.lv\/ru\/wp-json\/wp\/v2\/media\/36826"}],"wp:attachment":[{"href":"https:\/\/emeniro.lovehorses.lv\/ru\/wp-json\/wp\/v2\/media?parent=36831"}],"wp:term":[{"taxonomy":"product_brand","embeddable":true,"href":"https:\/\/emeniro.lovehorses.lv\/ru\/wp-json\/wp\/v2\/product_brand?post=36831"},{"taxonomy":"product_cat","embeddable":true,"href":"https:\/\/emeniro.lovehorses.lv\/ru\/wp-json\/wp\/v2\/product_cat?post=36831"},{"taxonomy":"product_tag","embeddable":true,"href":"https:\/\/emeniro.lovehorses.lv\/ru\/wp-json\/wp\/v2\/product_tag?post=36831"}],"curies":[{"name":"wp","href":"https:\/\/api.w.org\/{rel}","templated":true}]}}