{"id":36926,"date":"2026-05-01T03:41:31","date_gmt":"2026-05-01T03:41:31","guid":{"rendered":"https:\/\/emeniro.lovehorses.lv\/product\/bosch-gin81vee0\/"},"modified":"2026-05-01T03:41:31","modified_gmt":"2026-05-01T03:41:31","slug":"bosch-gin81vee0","status":"publish","type":"product","link":"https:\/\/emeniro.lovehorses.lv\/ru\/product\/bosch-gin81vee0\/","title":{"rendered":"Bosch GIN81VEE0"},"content":{"rendered":"<table width=\"70%\">\n<tbody>\n<tr>\n<td>\n<table class=\"spec\">\n<tbody>\n<tr class=\"odd\">\n<td class=\"specleft\">\u041e\u0441\u043e\u0431\u044b\u0435 \u0445\u0430\u0440\u0430\u043a\u0442\u0435\u0440\u0438\u0441\u0442\u0438\u043a\u0438<\/td>\n<td class=\"specright\">VarioZone, \u044f\u0449\u0438\u043a BigBox \u0434\u043b\u044f \u0437\u0430\u043c\u043e\u0440\u043e\u0436\u0435\u043d\u043d\u044b\u0445 \u043f\u0440\u043e\u0434\u0443\u043a\u0442\u043e\u0432, \u0430\u0432\u0442\u043e\u043c\u0430\u0442\u0438\u0447\u0435\u0441\u043a\u0430\u044f \u0441\u0443\u043f\u0435\u0440\u0437\u0430\u043c\u043e\u0440\u043e\u0437\u043a\u0430<\/td>\n<\/tr>\n<tr class=\"even\">\n<td class=\"specleft\">\u0426\u0432\u0435\u0442<\/td>\n<td class=\"specright\">\u0411\u0435\u043b\u044b\u0439<\/td>\n<\/tr>\n<tr class=\"odd\">\n<td class=\"specleft\">\u041c\u0435\u0442\u043e\u0434 \u0440\u0430\u0437\u043c\u043e\u0440\u043e\u0437\u043a\u0438<\/td>\n<td class=\"specright\">No Frost (\u0411\u0435\u0437 \u0438\u043d\u0435\u044f)<\/td>\n<\/tr>\n<tr class=\"even\">\n<td class=\"specleft\">\u0413\u043b\u0443\u0431\u0438\u043d\u0430 (\u0441\u043c)<\/td>\n<td class=\"specright\">54,5<\/td>\n<\/tr>\n<tr class=\"odd\">\n<td class=\"specleft\">\u041a\u043b\u0430\u0441\u0441 \u044d\u043d\u0435\u0440\u0433\u043e\u044d\u0444\u0444\u0435\u043a\u0442\u0438\u0432\u043d\u043e\u0441\u0442\u0438<\/td>\n<td class=\"specright\">E<\/td>\n<\/tr>\n<tr class=\"even\">\n<td class=\"specleft\">\u041e\u0431\u044a\u0435\u043c \u043c\u043e\u0440\u043e\u0437\u0438\u043b\u044c\u043d\u043e\u0439 \u043a\u0430\u043c\u0435\u0440\u044b, \u043d\u0435\u0442\u0442\u043e (\u043b)<\/td>\n<td class=\"specright\">212<\/td>\n<\/tr>\n<tr class=\"odd\">\n<td class=\"specleft\">\u0422\u0438\u043f \u0445\u043e\u043b\u043e\u0434\u0438\u043b\u044c\u043d\u0438\u043a\u0430<\/td>\n<td class=\"specright\">\u041c\u043e\u0440\u043e\u0437\u0438\u043b\u044c\u043d\u044b\u0439 \u0448\u043a\u0430\u0444<\/td>\n<\/tr>\n<tr class=\"even\">\n<td class=\"specleft\">\u0412\u044b\u0441\u043e\u0442\u0430 (\u0441\u043c)<\/td>\n<td class=\"specright\">177,2<\/td>\n<\/tr>\n<tr class=\"odd\">\n<td class=\"specleft\">\u0423\u0440\u043e\u0432\u0435\u043d\u044c \u0448\u0443\u043c\u0430 (\u043a\u043b\u0430\u0441\u0441)<\/td>\n<td class=\"specright\">B<\/td>\n<\/tr>\n<tr class=\"even\">\n<td class=\"specleft\">\u0423\u0440\u043e\u0432\u0435\u043d\u044c \u0448\u0443\u043c\u0430 (\u0434\u0411)<\/td>\n<td class=\"specright\">35<\/td>\n<\/tr>\n<tr class=\"odd\">\n<td class=\"specleft\">\u041f\u0435\u0440\u0435\u0432\u0435\u0448\u0438\u0432\u0430\u0435\u043c\u0430\u044f \u0434\u0432\u0435\u0440\u044c<\/td>\n<td class=\"specright\">+<\/td>\n<\/tr>\n<tr class=\"even\">\n<td class=\"specleft\">\u0421\u0440\u043e\u043a \u0445\u0440\u0430\u043d\u0435\u043d\u0438\u044f \u043f\u0440\u0438 \u043e\u0442\u043a\u043b\u044e\u0447\u0435\u043d\u0438\u0438 \u044d\u043b\u0435\u043a\u0442\u0440\u0438\u0447\u0435\u0441\u0442\u0432\u0430 (\u0447)<\/td>\n<td class=\"specright\">8<\/td>\n<\/tr>\n<tr class=\"odd\">\n<td class=\"specleft\">\u041e\u0431\u0449\u0438\u0439 \u043e\u0431\u044a\u0435\u043c, \u043d\u0435\u0442\u0442\u043e (\u043b)<\/td>\n<td class=\"specright\">212<\/td>\n<\/tr>\n<tr class=\"even\">\n<td class=\"specleft\">\u0412\u0435\u0441 (\u043a\u0433)<\/td>\n<td class=\"specright\">63,9<\/td>\n<\/tr>\n<tr class=\"odd\">\n<td class=\"specleft\">\u0428\u0438\u0440\u0438\u043d\u0430(\u0441\u043c)<\/td>\n<td class=\"specright\">55,8<\/td>\n<\/tr>\n<tr class=\"even\">\n<td class=\"specleft\">\u0413\u043e\u0434\u043e\u0432\u043e\u0435 \u044d\u043d\u0435\u0440\u0433\u043e\u043f\u043e\u0442\u0440\u0435\u0431\u043b\u0435\u043d\u0438\u0435 (\u043a\u0412\u0442\u00b7\u0447)<\/td>\n<td class=\"specright\">235<\/td>\n<\/tr>\n<\/tbody>\n<\/table>\n<\/td>\n<\/tr>\n<\/tbody>\n<\/table>","protected":false},"excerpt":{"rendered":"<p>Special features VarioZone, BigBox-sahtel k\u00fclmutatud toidule, automaatne superk\u00fclmutamine Color White Defrosting method No Frost (Frost free) Depth (cm) 54,5 Energoefektivit\u0101tes klase E Freezer volume, net (l) 212 Fridge type Freezer cabinet Height (cm) 177,2 Noise level (class) B Noise level (dB) 35 Reversible door + Shelf life during power failure (h) 8 Total volume, net [&hellip;]<\/p>\n","protected":false},"featured_media":36921,"comment_status":"open","ping_status":"closed","template":"","meta":{"_joinchat":[]},"product_brand":[281],"product_cat":[295],"product_tag":[],"class_list":{"0":"post-36926","1":"product","2":"type-product","3":"status-publish","4":"has-post-thumbnail","6":"product_brand-bosch","7":"product_cat-iebuvejama-sadzives-tehnika-iebuvejamas-saldetavas","9":"first","10":"instock","11":"shipping-taxable","12":"purchasable","13":"product-type-simple"},"_links":{"self":[{"href":"https:\/\/emeniro.lovehorses.lv\/ru\/wp-json\/wp\/v2\/product\/36926","targetHints":{"allow":["GET"]}}],"collection":[{"href":"https:\/\/emeniro.lovehorses.lv\/ru\/wp-json\/wp\/v2\/product"}],"about":[{"href":"https:\/\/emeniro.lovehorses.lv\/ru\/wp-json\/wp\/v2\/types\/product"}],"replies":[{"embeddable":true,"href":"https:\/\/emeniro.lovehorses.lv\/ru\/wp-json\/wp\/v2\/comments?post=36926"}],"wp:featuredmedia":[{"embeddable":true,"href":"https:\/\/emeniro.lovehorses.lv\/ru\/wp-json\/wp\/v2\/media\/36921"}],"wp:attachment":[{"href":"https:\/\/emeniro.lovehorses.lv\/ru\/wp-json\/wp\/v2\/media?parent=36926"}],"wp:term":[{"taxonomy":"product_brand","embeddable":true,"href":"https:\/\/emeniro.lovehorses.lv\/ru\/wp-json\/wp\/v2\/product_brand?post=36926"},{"taxonomy":"product_cat","embeddable":true,"href":"https:\/\/emeniro.lovehorses.lv\/ru\/wp-json\/wp\/v2\/product_cat?post=36926"},{"taxonomy":"product_tag","embeddable":true,"href":"https:\/\/emeniro.lovehorses.lv\/ru\/wp-json\/wp\/v2\/product_tag?post=36926"}],"curies":[{"name":"wp","href":"https:\/\/api.w.org\/{rel}","templated":true}]}}