{"id":37136,"date":"2026-05-01T03:46:59","date_gmt":"2026-05-01T03:46:59","guid":{"rendered":"https:\/\/emeniro.lovehorses.lv\/product\/samsung-freestyle-2-sp-lff3claxxxh\/"},"modified":"2026-05-01T03:46:59","modified_gmt":"2026-05-01T03:46:59","slug":"samsung-freestyle-2-sp-lff3claxxxh","status":"publish","type":"product","link":"https:\/\/emeniro.lovehorses.lv\/ru\/product\/samsung-freestyle-2-sp-lff3claxxxh\/","title":{"rendered":"Samsung Freestyle 2 SP-LFF3CLAXXXH"},"content":{"rendered":"<p>Ekr\u0101na izm\u0113ra sader\u012bba:762 \u2013 2540<\/p>\n<p>\u0412\u0435\u0441: 1.4 \u043a\u0433<br \/>\u0426\u0432\u0435\u0442 \u0438\u0437\u0434\u0435\u043b\u0438\u044f: \u0411\u0435\u043b\u044b\u0439<\/p><\/p>","protected":false},"excerpt":{"rendered":"<p>Ekr\u0101na izm\u0113ra sader\u012bba:762 \u2013 2540 Svars:1.4 kgProdukta kr\u0101sa:Balts<\/p>","protected":false},"featured_media":37132,"comment_status":"open","ping_status":"closed","template":"","meta":{"_joinchat":[]},"product_brand":[139],"product_cat":[294],"product_tag":[],"class_list":{"0":"post-37136","1":"product","2":"type-product","3":"status-publish","4":"has-post-thumbnail","6":"product_brand-samsung","7":"product_cat-tv-foto-video-audio-televizori-un-aksesuari-led-televizori","9":"first","10":"instock","11":"shipping-taxable","12":"purchasable","13":"product-type-simple"},"_links":{"self":[{"href":"https:\/\/emeniro.lovehorses.lv\/ru\/wp-json\/wp\/v2\/product\/37136","targetHints":{"allow":["GET"]}}],"collection":[{"href":"https:\/\/emeniro.lovehorses.lv\/ru\/wp-json\/wp\/v2\/product"}],"about":[{"href":"https:\/\/emeniro.lovehorses.lv\/ru\/wp-json\/wp\/v2\/types\/product"}],"replies":[{"embeddable":true,"href":"https:\/\/emeniro.lovehorses.lv\/ru\/wp-json\/wp\/v2\/comments?post=37136"}],"wp:featuredmedia":[{"embeddable":true,"href":"https:\/\/emeniro.lovehorses.lv\/ru\/wp-json\/wp\/v2\/media\/37132"}],"wp:attachment":[{"href":"https:\/\/emeniro.lovehorses.lv\/ru\/wp-json\/wp\/v2\/media?parent=37136"}],"wp:term":[{"taxonomy":"product_brand","embeddable":true,"href":"https:\/\/emeniro.lovehorses.lv\/ru\/wp-json\/wp\/v2\/product_brand?post=37136"},{"taxonomy":"product_cat","embeddable":true,"href":"https:\/\/emeniro.lovehorses.lv\/ru\/wp-json\/wp\/v2\/product_cat?post=37136"},{"taxonomy":"product_tag","embeddable":true,"href":"https:\/\/emeniro.lovehorses.lv\/ru\/wp-json\/wp\/v2\/product_tag?post=37136"}],"curies":[{"name":"wp","href":"https:\/\/api.w.org\/{rel}","templated":true}]}}