{"id":37352,"date":"2026-05-01T03:51:58","date_gmt":"2026-05-01T03:51:58","guid":{"rendered":"https:\/\/emeniro.lovehorses.lv\/product\/candy-ch64ccb-4u2\/"},"modified":"2026-05-01T03:51:58","modified_gmt":"2026-05-01T03:51:58","slug":"candy-ch64ccb-4u2","status":"publish","type":"product","link":"https:\/\/emeniro.lovehorses.lv\/ru\/product\/candy-ch64ccb-4u2\/","title":{"rendered":"Candy CH64CCB\/4U2"},"content":{"rendered":"<p>Pre\u010du z\u012bme\u00a0 \u00a0 Candy<\/p>\n<p>\u00a0 \u00a0 Virsma\u00a0 \u00a0 Elektrisk\u0101<br \/>\u00a0 \u00a0 Kr\u0101sa\u00a0 \u00a0 Melna<br \/>\u00a0 \u00a0 Sildri\u0146\u0137u skaits\u00a0 \u00a0 4<br \/>\u00a0 \u00a0 EAN\u00a0 \u00a0 8059019059129<br \/>\u0423\u043f\u0440\u0430\u0432\u043b\u0435\u043d\u0438\u0435<br \/>\u00a0 \u00a0 Vad\u012bba\u00a0 \u00a0 Sk\u0101rienvad\u012bba<br \/>\u0420\u0430\u0437\u043c\u0435\u0440\u044b, \u0432\u0435\u0441<br \/>\u00a0 \u00a0 Izm\u0113ri (cm)\u00a0 \u00a0 4.5x59x52<br \/>\u00a0 \u00a0 Svars\u00a0 \u00a0 7.4 kg<br \/>\u00a0 \u00a0 Svars ar iepakojumu\u00a0 \u00a0 8.3 kg<br \/>\u0414\u0440\u0443\u0433\u0438\u0435 \u043f\u0430\u0440\u0430\u043c\u0435\u0442\u0440\u044b<br \/>\u00a0 \u00a0 Kop\u0113j\u0101 jauda\u00a0 \u00a0 6.5 kW<\/p><\/p>","protected":false},"excerpt":{"rendered":"<p>Pre\u010du z\u012bme\u00a0 \u00a0 Candy \u00a0 \u00a0 Virsma\u00a0 \u00a0 Elektrisk\u0101\u00a0 \u00a0 Kr\u0101sa\u00a0 \u00a0 Melna\u00a0 \u00a0 Sildri\u0146\u0137u skaits\u00a0 \u00a0 4\u00a0 \u00a0 EAN\u00a0 \u00a0 8059019059129Vad\u012bba\u00a0 \u00a0 Vad\u012bba\u00a0 \u00a0 Sk\u0101rienvad\u012bbaIzm\u0113ri, svars\u00a0 \u00a0 Izm\u0113ri (cm)\u00a0 \u00a0 4.5x59x52\u00a0 \u00a0 Svars\u00a0 \u00a0 7.4 kg\u00a0 \u00a0 Svars ar iepakojumu\u00a0 \u00a0 8.3 kgCiti parametri\u00a0 \u00a0 Kop\u0113j\u0101 jauda\u00a0 \u00a0 6.5 kW<\/p>","protected":false},"featured_media":37344,"comment_status":"open","ping_status":"closed","template":"","meta":{"_joinchat":[]},"product_brand":[267],"product_cat":[264],"product_tag":[],"class_list":{"0":"post-37352","1":"product","2":"type-product","3":"status-publish","4":"has-post-thumbnail","6":"product_brand-candy","7":"product_cat-iebuvejama-sadzives-tehnika-iebuvejamas-elektriskas-plits-virsmas","9":"first","10":"instock","11":"shipping-taxable","12":"purchasable","13":"product-type-simple"},"_links":{"self":[{"href":"https:\/\/emeniro.lovehorses.lv\/ru\/wp-json\/wp\/v2\/product\/37352","targetHints":{"allow":["GET"]}}],"collection":[{"href":"https:\/\/emeniro.lovehorses.lv\/ru\/wp-json\/wp\/v2\/product"}],"about":[{"href":"https:\/\/emeniro.lovehorses.lv\/ru\/wp-json\/wp\/v2\/types\/product"}],"replies":[{"embeddable":true,"href":"https:\/\/emeniro.lovehorses.lv\/ru\/wp-json\/wp\/v2\/comments?post=37352"}],"wp:featuredmedia":[{"embeddable":true,"href":"https:\/\/emeniro.lovehorses.lv\/ru\/wp-json\/wp\/v2\/media\/37344"}],"wp:attachment":[{"href":"https:\/\/emeniro.lovehorses.lv\/ru\/wp-json\/wp\/v2\/media?parent=37352"}],"wp:term":[{"taxonomy":"product_brand","embeddable":true,"href":"https:\/\/emeniro.lovehorses.lv\/ru\/wp-json\/wp\/v2\/product_brand?post=37352"},{"taxonomy":"product_cat","embeddable":true,"href":"https:\/\/emeniro.lovehorses.lv\/ru\/wp-json\/wp\/v2\/product_cat?post=37352"},{"taxonomy":"product_tag","embeddable":true,"href":"https:\/\/emeniro.lovehorses.lv\/ru\/wp-json\/wp\/v2\/product_tag?post=37352"}],"curies":[{"name":"wp","href":"https:\/\/api.w.org\/{rel}","templated":true}]}}