{"id":37368,"date":"2026-05-01T03:52:24","date_gmt":"2026-05-01T03:52:24","guid":{"rendered":"https:\/\/emeniro.lovehorses.lv\/product\/sharp-sjfbb04dtxweeu-sj-fbb04dtxwe-eu\/"},"modified":"2026-05-01T03:52:24","modified_gmt":"2026-05-01T03:52:24","slug":"sharp-sjfbb04dtxweeu-sj-fbb04dtxwe-eu","status":"publish","type":"product","link":"https:\/\/emeniro.lovehorses.lv\/ru\/product\/sharp-sjfbb04dtxweeu-sj-fbb04dtxwe-eu\/","title":{"rendered":"Sharp SJFBB04DTXWEEU( SJ-FBB04DTXWE-EU)"},"content":{"rendered":"<p>Kop\u0113js ledusskapja tilpums (litri)\u00a0\u00a0\u00a0\u00a0 268<\/p>\n<p>Sald\u0113tavas tilpums (litri)\u00a0\u00a0\u00a0\u00a0 84<br \/>Elektroener\u0123ijas klase\u00a0\u00a0\u00a0\u00a0 E<br \/>Elektroener\u0123ijas pat\u0113ri\u0146\u0161 dien\u0101 (kw\/24 h)\u00a0\u00a0\u00a0\u00a0 221 kWh gad\u0101<br \/>Sasald\u0113\u0161anas jauda (kg\/24 h)\u00a0\u00a0\u00a0\u00a0 3.9<br \/>Durvju skaits\u00a0\u00a0\u00a0\u00a0 2<br \/>Sald\u0113tavas izvietojums\u00a0\u00a0\u00a0\u00a0 Apak\u0161\u0101<br \/>Atvilktnes sald\u0113tav\u0101\u00a0\u00a0\u00a0\u00a0 3<br \/>Stikla plaukti\u00a0\u00a0\u00a0\u00a0 +<br \/>Korpusa kr\u0101sa\u00a0\u00a0\u00a0\u00a0 Balta<br \/>Divpus\u0113j\u0101 durvju mont\u0101\u017eas iesp\u0113ja\u00a0\u00a0\u00a0\u00a0 +<br \/>Izm\u0113ri (P x A x D) (cm):\u00a0\u00a0\u00a0\u00a0 54 x 170 x 59.5<br \/>Garantija (gadi)\u00a0\u00a0\u00a0\u00a0 2<\/p><\/p>","protected":false},"excerpt":{"rendered":"<p>Kop\u0113js ledusskapja tilpums (litri)\u00a0\u00a0\u00a0\u00a0 268 Sald\u0113tavas tilpums (litri)\u00a0\u00a0\u00a0\u00a0 84Elektroener\u0123ijas klase\u00a0\u00a0\u00a0\u00a0 EElektroener\u0123ijas pat\u0113ri\u0146\u0161 dien\u0101 (kw\/24 h)\u00a0\u00a0\u00a0\u00a0 221 kWh gad\u0101Sasald\u0113\u0161anas jauda (kg\/24 h)\u00a0\u00a0\u00a0\u00a0 3.9Durvju skaits\u00a0\u00a0\u00a0\u00a0 2Sald\u0113tavas izvietojums\u00a0\u00a0\u00a0\u00a0 Apak\u0161\u0101Atvilktnes sald\u0113tav\u0101\u00a0\u00a0\u00a0\u00a0 3Stikla plaukti\u00a0\u00a0\u00a0\u00a0 +Korpusa kr\u0101sa\u00a0\u00a0\u00a0\u00a0 BaltaDivpus\u0113j\u0101 durvju mont\u0101\u017eas iesp\u0113ja\u00a0\u00a0\u00a0\u00a0 +Izm\u0113ri (P x A x D) (cm):\u00a0\u00a0\u00a0\u00a0 54 x 170 x 59.5Garantija (gadi)\u00a0\u00a0\u00a0\u00a0 2<\/p>","protected":false},"featured_media":37365,"comment_status":"open","ping_status":"closed","template":"","meta":{"_joinchat":[]},"product_brand":[339],"product_cat":[272],"product_tag":[],"class_list":{"0":"post-37368","1":"product","2":"type-product","3":"status-publish","4":"has-post-thumbnail","6":"product_brand-sharp","7":"product_cat-sadzives-tehnika-ledusskapji","9":"first","10":"instock","11":"shipping-taxable","12":"purchasable","13":"product-type-simple"},"_links":{"self":[{"href":"https:\/\/emeniro.lovehorses.lv\/ru\/wp-json\/wp\/v2\/product\/37368","targetHints":{"allow":["GET"]}}],"collection":[{"href":"https:\/\/emeniro.lovehorses.lv\/ru\/wp-json\/wp\/v2\/product"}],"about":[{"href":"https:\/\/emeniro.lovehorses.lv\/ru\/wp-json\/wp\/v2\/types\/product"}],"replies":[{"embeddable":true,"href":"https:\/\/emeniro.lovehorses.lv\/ru\/wp-json\/wp\/v2\/comments?post=37368"}],"wp:featuredmedia":[{"embeddable":true,"href":"https:\/\/emeniro.lovehorses.lv\/ru\/wp-json\/wp\/v2\/media\/37365"}],"wp:attachment":[{"href":"https:\/\/emeniro.lovehorses.lv\/ru\/wp-json\/wp\/v2\/media?parent=37368"}],"wp:term":[{"taxonomy":"product_brand","embeddable":true,"href":"https:\/\/emeniro.lovehorses.lv\/ru\/wp-json\/wp\/v2\/product_brand?post=37368"},{"taxonomy":"product_cat","embeddable":true,"href":"https:\/\/emeniro.lovehorses.lv\/ru\/wp-json\/wp\/v2\/product_cat?post=37368"},{"taxonomy":"product_tag","embeddable":true,"href":"https:\/\/emeniro.lovehorses.lv\/ru\/wp-json\/wp\/v2\/product_tag?post=37368"}],"curies":[{"name":"wp","href":"https:\/\/api.w.org\/{rel}","templated":true}]}}