{"id":37395,"date":"2026-05-01T03:53:06","date_gmt":"2026-05-01T03:53:06","guid":{"rendered":"https:\/\/emeniro.lovehorses.lv\/product\/ravanson-kwg-k50n\/"},"modified":"2026-05-01T03:53:06","modified_gmt":"2026-05-01T03:53:06","slug":"ravanson-kwg-k50n","status":"publish","type":"product","link":"https:\/\/emeniro.lovehorses.lv\/ru\/product\/ravanson-kwg-k50n\/","title":{"rendered":"Ravanson KWG-K50N"},"content":{"rendered":"<p>Ra\u017eot\u0101js\u00a0\u00a0\u00a0\u00a0 Ravanson<\/p>\n<p>Produkta kr\u0101sa\u00a0\u00a0\u00a0\u00a0 Balts<br \/>Kontroles tips\u00a0\u00a0\u00a0\u00a0 Rot\u0113jo\u0161s<br \/>Ieb\u016bv\u0113ts displejs\u00a0\u00a0\u00a0 \u00a0<br \/>Skaits cepe\u0161kr\u0101snis\u00a0\u00a0\u00a0\u00a0 1<br \/>Aug\u0161\u0113j\u0101s virsmas tips\u00a0\u00a0\u00a0\u00a0 Emalj\u0113ts t\u0113rauds<br \/>\u0412\u0441\u0442\u0440\u043e\u0435\u043d\u043d\u044b\u0435 \u0447\u0430\u0441\u044b\u00a0\u00a0\u00a0 \u00a0<br \/>Kop\u0113j\u0101 kr\u0101sns jauda\u00a0\u00a0\u00a0\u00a0 2550 W<br \/>Pl\u012bts tips\u00a0\u00a0\u00a0\u00a0 G\u0101zes<br \/>Deg\u013cu\/virtuves zonu skaits\u00a0\u00a0\u00a0\u00a0 4 zone(s)<br \/>Vad\u012bbas novietojums\u00a0\u00a0\u00a0\u00a0 Priek\u0161puse<br \/>G\u0101zes deg\u013cu skaits\u00a0\u00a0\u00a0\u00a0 4 zone(s)<br \/>Produkta veids\u00a0\u00a0\u00a0\u00a0 Br\u012bvi st\u0101vo\u0161a pl\u012bts<br \/>Kr\u0101sns jauda\u00a0\u00a0\u00a0\u00a0 2550 W<br \/>Cepe\u0161kr\u0101sns ener\u0123ijas avots\u00a0\u00a0\u00a0\u00a0 Dabasg\u0101ze<br \/>1. deg\u013ca\/gatavo\u0161anas zonas jauda\u00a0\u00a0\u00a0\u00a0 890 W<br \/>2. deg\u013ca\/gatavo\u0161anas zonas jauda\u00a0\u00a0\u00a0\u00a0 1780 W<br \/>4. deg\u013ca\/gatavo\u0161anas zonas jauda\u00a0\u00a0\u00a0\u00a0 2440 W<br \/>1. deg\u013ca\/gatavo\u0161anas zonas veids\u00a0\u00a0\u00a0\u00a0 Mazs<br \/>2. deg\u013ca\/gatavo\u0161anas zonas veids\u00a0\u00a0\u00a0\u00a0 Vid\u0113js<br \/>4. deg\u013ca\/gatavo\u0161anas zonas veids\u00a0\u00a0\u00a0\u00a0 \u013boti liels<\/p><\/p>","protected":false},"excerpt":{"rendered":"<p>Ra\u017eot\u0101js\u00a0\u00a0\u00a0\u00a0 Ravanson Produkta kr\u0101sa\u00a0\u00a0\u00a0\u00a0 BaltsKontroles tips\u00a0\u00a0\u00a0\u00a0 Rot\u0113jo\u0161sIeb\u016bv\u0113ts displejs\u00a0\u00a0\u00a0 \u00a0Skaits cepe\u0161kr\u0101snis\u00a0\u00a0\u00a0\u00a0 1Aug\u0161\u0113j\u0101s virsmas tips\u00a0\u00a0\u00a0\u00a0 Emalj\u0113ts t\u0113raudsIntegr\u0113ts pulkstenis\u00a0\u00a0\u00a0 \u00a0Kop\u0113j\u0101 kr\u0101sns jauda\u00a0\u00a0\u00a0\u00a0 2550 WPl\u012bts tips\u00a0\u00a0\u00a0\u00a0 G\u0101zesDeg\u013cu\/virtuves zonu skaits\u00a0\u00a0\u00a0\u00a0 4 zone(s)Vad\u012bbas novietojums\u00a0\u00a0\u00a0\u00a0 Priek\u0161puseG\u0101zes deg\u013cu skaits\u00a0\u00a0\u00a0\u00a0 4 zone(s)Produkta veids\u00a0\u00a0\u00a0\u00a0 Br\u012bvi st\u0101vo\u0161a pl\u012btsKr\u0101sns jauda\u00a0\u00a0\u00a0\u00a0 2550 WCepe\u0161kr\u0101sns ener\u0123ijas avots\u00a0\u00a0\u00a0\u00a0 Dabasg\u0101ze1. deg\u013ca\/gatavo\u0161anas zonas jauda\u00a0\u00a0\u00a0\u00a0 890 W2. deg\u013ca\/gatavo\u0161anas zonas jauda\u00a0\u00a0\u00a0\u00a0 1780 W4. deg\u013ca\/gatavo\u0161anas zonas [&hellip;]<\/p>\n","protected":false},"featured_media":37393,"comment_status":"open","ping_status":"closed","template":"","meta":{"_joinchat":[]},"product_brand":[],"product_cat":[277],"product_tag":[],"class_list":{"0":"post-37395","1":"product","2":"type-product","3":"status-publish","4":"has-post-thumbnail","6":"product_cat-sadzives-tehnika-gazes-plitis","8":"first","9":"instock","10":"shipping-taxable","11":"purchasable","12":"product-type-simple"},"_links":{"self":[{"href":"https:\/\/emeniro.lovehorses.lv\/ru\/wp-json\/wp\/v2\/product\/37395","targetHints":{"allow":["GET"]}}],"collection":[{"href":"https:\/\/emeniro.lovehorses.lv\/ru\/wp-json\/wp\/v2\/product"}],"about":[{"href":"https:\/\/emeniro.lovehorses.lv\/ru\/wp-json\/wp\/v2\/types\/product"}],"replies":[{"embeddable":true,"href":"https:\/\/emeniro.lovehorses.lv\/ru\/wp-json\/wp\/v2\/comments?post=37395"}],"wp:featuredmedia":[{"embeddable":true,"href":"https:\/\/emeniro.lovehorses.lv\/ru\/wp-json\/wp\/v2\/media\/37393"}],"wp:attachment":[{"href":"https:\/\/emeniro.lovehorses.lv\/ru\/wp-json\/wp\/v2\/media?parent=37395"}],"wp:term":[{"taxonomy":"product_brand","embeddable":true,"href":"https:\/\/emeniro.lovehorses.lv\/ru\/wp-json\/wp\/v2\/product_brand?post=37395"},{"taxonomy":"product_cat","embeddable":true,"href":"https:\/\/emeniro.lovehorses.lv\/ru\/wp-json\/wp\/v2\/product_cat?post=37395"},{"taxonomy":"product_tag","embeddable":true,"href":"https:\/\/emeniro.lovehorses.lv\/ru\/wp-json\/wp\/v2\/product_tag?post=37395"}],"curies":[{"name":"wp","href":"https:\/\/api.w.org\/{rel}","templated":true}]}}