{"id":37555,"date":"2026-05-01T03:57:39","date_gmt":"2026-05-01T03:57:39","guid":{"rendered":"https:\/\/emeniro.lovehorses.lv\/product\/ninja-foodi-smart-xl-6-in-1-dg551eu\/"},"modified":"2026-05-01T03:57:39","modified_gmt":"2026-05-01T03:57:39","slug":"ninja-foodi-smart-xl-6-in-1-dg551eu","status":"publish","type":"product","link":"https:\/\/emeniro.lovehorses.lv\/ru\/product\/ninja-foodi-smart-xl-6-in-1-dg551eu\/","title":{"rendered":"Ninja Foodi Smart XL 6-\u0432-1 DG551EU"},"content":{"rendered":"<p><span class=\"HwtZe\" lang=\"lv\"><span class=\"jCAhz\"><span class=\"ryNqvb\">Ninja Foodi Smart XL 6-\u0432-1 \u2014 \u0441\u043e\u0432\u0440\u0435\u043c\u0435\u043d\u043d\u043e\u0435 \u0443\u0441\u0442\u0440\u043e\u0439\u0441\u0442\u0432\u043e, \u043e\u0431\u044a\u0435\u0434\u0438\u043d\u044f\u044e\u0449\u0435\u0435 \u0444\u0443\u043d\u043a\u0446\u0438\u0438 \u0433\u0440\u0438\u043b\u044f \u0438 \u0430\u044d\u0440\u043e\u0433\u0440\u0438\u043b\u044f, \u043f\u0440\u0435\u0434\u043b\u0430\u0433\u0430\u044e\u0449\u0435\u0435 \u0436\u0430\u0440\u043a\u0443, \u0434\u0435\u0433\u0438\u0434\u0440\u0430\u0442\u0430\u0446\u0438\u044e \u0438 \u043f\u043e\u0432\u0442\u043e\u0440\u043d\u044b\u0439 \u043f\u043e\u0434\u043e\u0433\u0440\u0435\u0432.<\/span><\/span> <span class=\"jCAhz\"><span class=\"ryNqvb\">\u041e\u043d\u043e \u043f\u043e\u0437\u0432\u043e\u043b\u044f\u0435\u0442 \u0433\u043e\u0442\u043e\u0432\u0438\u0442\u044c \u0440\u0430\u0437\u043d\u043e\u043e\u0431\u0440\u0430\u0437\u043d\u044b\u0435 \u0431\u043b\u044e\u0434\u0430 \u0432 \u043e\u0434\u043d\u043e\u043c \u043f\u0440\u0438\u0431\u043e\u0440\u0435, \u044d\u043a\u043e\u043d\u043e\u043c\u044f \u0432\u0440\u0435\u043c\u044f \u0438 \u043c\u0435\u0441\u0442\u043e \u043d\u0430 \u043a\u0443\u0445\u043d\u0435.<\/span><\/span><span class=\"jCAhz ChMk0b\"><span class=\"ryNqvb\"><\/span><\/span><\/span><\/p>\n<p>\u0428\u0435\u0441\u0442\u044c \u0444\u0443\u043d\u043a\u0446\u0438\u0439 \u043f\u0440\u0438\u0433\u043e\u0442\u043e\u0432\u043b\u0435\u043d\u0438\u044f \u0432 \u043e\u0434\u043d\u043e\u043c \u0443\u0441\u0442\u0440\u043e\u0439\u0441\u0442\u0432\u0435<\/p>\n<p>\u042d\u0442\u043e \u0443\u043d\u0438\u0432\u0435\u0440\u0441\u0430\u043b\u044c\u043d\u043e\u0435 \u0443\u0441\u0442\u0440\u043e\u0439\u0441\u0442\u0432\u043e \u043f\u0440\u0435\u0434\u043b\u0430\u0433\u0430\u0435\u0442 \u0448\u0435\u0441\u0442\u044c \u043f\u0440\u043e\u0433\u0440\u0430\u043c\u043c \u043f\u0440\u0438\u0433\u043e\u0442\u043e\u0432\u043b\u0435\u043d\u0438\u044f: \u0433\u0440\u0438\u043b\u044c, \u0430\u044d\u0440\u043e\u0436\u0430\u0440\u043a\u0443, \u0432\u044b\u043f\u0435\u043a\u0430\u043d\u0438\u0435, \u0437\u0430\u043f\u0435\u043a\u0430\u043d\u0438\u0435 \u0432 \u0434\u0443\u0445\u043e\u0432\u043a\u0435, \u0434\u0435\u0433\u0438\u0434\u0440\u0430\u0442\u0430\u0446\u0438\u044e \u0438 \u043f\u043e\u0432\u0442\u043e\u0440\u043d\u044b\u0439 \u043f\u043e\u0434\u043e\u0433\u0440\u0435\u0432. <span class=\"jCAhz ChMk0b\"><span class=\"ryNqvb\">\u041d\u0430\u0441\u043b\u0430\u0436\u0434\u0430\u0439\u0442\u0435\u0441\u044c \u0440\u0430\u0437\u043d\u043e\u043e\u0431\u0440\u0430\u0437\u0438\u0435\u043c \u0431\u043b\u044e\u0434 \u2014 \u043e\u0442 \u0441\u043e\u0447\u043d\u043e\u0433\u043e \u043c\u044f\u0441\u0430 \u0434\u043e \u0445\u0440\u0443\u0441\u0442\u044f\u0449\u0435\u0433\u043e \u043a\u0430\u0440\u0442\u043e\u0444\u0435\u043b\u044f \u0444\u0440\u0438, \u0432\u0441\u0451 \u0432 \u043e\u0434\u043d\u043e\u043c \u043f\u0440\u0438\u0431\u043e\u0440\u0435.<\/span><\/span><span class=\"jCAhz ChMk0b\"><span class=\"ryNqvb\"><br \/>\u0426\u0438\u043a\u043b\u043e\u043d\u043d\u0430\u044f \u0432\u043e\u0437\u0434\u0443\u0448\u043d\u0430\u044f \u0442\u0435\u0445\u043d\u043e\u043b\u043e\u0433\u0438\u044f \u2014 \u0431\u044b\u0441\u0442\u0440\u043e\u0435 \u0438 \u0440\u0430\u0432\u043d\u043e\u043c\u0435\u0440\u043d\u043e\u0435 \u0433\u0440\u0438\u043b\u0435\u0432\u0430\u043d\u0438\u0435<\/span><\/span><\/p>\n<p>Ninja Foodi Smart XL \u0438\u0441\u043f\u043e\u043b\u044c\u0437\u0443\u0435\u0442 \u0438\u043d\u043d\u043e\u0432\u0430\u0446\u0438\u043e\u043d\u043d\u0443\u044e \u0446\u0438\u043a\u043b\u043e\u043d\u043d\u0443\u044e \u0432\u043e\u0437\u0434\u0443\u0448\u043d\u0443\u044e \u0442\u0435\u0445\u043d\u043e\u043b\u043e\u0433\u0438\u044e \u0434\u043b\u044f \u0431\u044b\u0441\u0442\u0440\u043e\u0433\u043e \u0438 \u0440\u0430\u0432\u043d\u043e\u043c\u0435\u0440\u043d\u043e\u0433\u043e \u043f\u0440\u0438\u0433\u043e\u0442\u043e\u0432\u043b\u0435\u043d\u0438\u044f. <span class=\"jCAhz\"><span class=\"ryNqvb\">\u042d\u0442\u043e \u043e\u0431\u0435\u0441\u043f\u0435\u0447\u0438\u0432\u0430\u0435\u0442 \u0441\u043e\u0445\u0440\u0430\u043d\u0435\u043d\u0438\u0435 \u0430\u0443\u0442\u0435\u043d\u0442\u0438\u0447\u043d\u043e\u0433\u043e \u0432\u043a\u0443\u0441\u0430 \u0436\u0430\u0440\u0435\u043d\u043e\u0433\u043e \u043c\u044f\u0441\u0430, \u0440\u044b\u0431\u044b \u0438 \u043e\u0432\u043e\u0449\u0435\u0439, \u043f\u043e\u0437\u0432\u043e\u043b\u044f\u044f \u0432\u0430\u043c \u043d\u0430\u0441\u043b\u0430\u0436\u0434\u0430\u0442\u044c\u0441\u044f \u0438\u0434\u0435\u0430\u043b\u044c\u043d\u044b\u043c\u0438 \u0440\u0435\u0437\u0443\u043b\u044c\u0442\u0430\u0442\u0430\u043c\u0438 \u043a\u0430\u0436\u0434\u044b\u0439 \u0440\u0430\u0437.<\/span><\/span><span class=\"jCAhz\"><span class=\"ryNqvb\"><br \/>\u0417\u0434\u043e\u0440\u043e\u0432\u0430\u044f \u0436\u0430\u0440\u043a\u0430 \u0441 \u043c\u0438\u043d\u0438\u043c\u0430\u043b\u044c\u043d\u044b\u043c \u043a\u043e\u043b\u0438\u0447\u0435\u0441\u0442\u0432\u043e\u043c \u0436\u0438\u0440\u0430<\/span><\/span><\/p>\n<p>\u0410\u044d\u0440\u043e\u0433\u0440\u0438\u043b\u044c \u043f\u043e\u0437\u0432\u043e\u043b\u044f\u0435\u0442 \u0433\u043e\u0442\u043e\u0432\u0438\u0442\u044c \u043b\u044e\u0431\u0438\u043c\u044b\u0435 \u0431\u043b\u044e\u0434\u0430 \u0441 \u043c\u0438\u043d\u0438\u043c\u0430\u043b\u044c\u043d\u044b\u043c \u0441\u043e\u0434\u0435\u0440\u0436\u0430\u043d\u0438\u0435\u043c \u0436\u0438\u0440\u0430, \u0434\u0435\u043b\u0430\u044f \u0438\u0445 \u0431\u043e\u043b\u0435\u0435 \u043f\u043e\u043b\u0435\u0437\u043d\u044b\u043c\u0438. <span class=\"jCAhz\"><span class=\"ryNqvb\">\u041d\u0430\u0441\u043b\u0430\u0436\u0434\u0430\u0439\u0442\u0435\u0441\u044c \u0432\u043a\u0443\u0441\u043e\u043c \u043a\u0430\u0440\u0442\u043e\u0444\u0435\u043b\u044f \u0444\u0440\u0438 \u0438\u043b\u0438 \u043a\u0440\u044b\u043b\u044b\u0448\u0435\u043a \u0431\u0435\u0437 \u0443\u0433\u0440\u044b\u0437\u0435\u043d\u0438\u0439 \u0441\u043e\u0432\u0435\u0441\u0442\u0438!<\/span><\/span> <span class=\"jCAhz\"><span class=\"ryNqvb\">\u041e\u0442\u043b\u0438\u0447\u043d\u043e \u043f\u043e\u0434\u0445\u043e\u0434\u0438\u0442 \u0434\u043b\u044f \u0441\u0435\u043c\u0435\u0439 \u2014 \u0432\u043c\u0435\u0441\u0442\u0438\u043c\u043e\u0441\u0442\u044c \u0434\u043e 6 \u043f\u043e\u0440\u0446\u0438\u0439<\/span><\/span><\/p>\n<p>Ninja Foodi Smart XL \u043e\u0431\u043b\u0430\u0434\u0430\u0435\u0442 \u043e\u0431\u044a\u0435\u043c\u043e\u043c 3,8 \u043b\u0438\u0442\u0440\u0430, \u0447\u0442\u043e \u043f\u043e\u0437\u0432\u043e\u043b\u044f\u0435\u0442 \u043f\u0440\u0438\u0433\u043e\u0442\u043e\u0432\u0438\u0442\u044c \u0434\u043e 6 \u043f\u043e\u0440\u0446\u0438\u0439. <span class=\"jCAhz\"><span class=\"ryNqvb\">\u0412\u044b \u043c\u043e\u0436\u0435\u0442\u0435 \u0437\u0430\u043f\u0435\u0447\u044c \u043a\u0443\u0440\u0438\u0446\u0443 \u0432\u0435\u0441\u043e\u043c \u0434\u043e 1,4 \u043a\u0433, \u043f\u0440\u0438\u0433\u043e\u0442\u043e\u0432\u0438\u0442\u044c \u0434\u043e 6 \u0431\u0443\u0440\u0433\u0435\u0440\u043e\u0432 \u0438\u043b\u0438 1 \u043a\u0433 \u043a\u0430\u0440\u0442\u043e\u0444\u0435\u043b\u044f \u0444\u0440\u0438, \u0447\u0442\u043e \u0434\u0435\u043b\u0430\u0435\u0442 \u0443\u0441\u0442\u0440\u043e\u0439\u0441\u0442\u0432\u043e \u0438\u0434\u0435\u0430\u043b\u044c\u043d\u044b\u043c \u0440\u0435\u0448\u0435\u043d\u0438\u0435\u043c \u0434\u043b\u044f \u0441\u0435\u043c\u0435\u0439.<\/span><\/span><span class=\"jCAhz\"><span class=\"ryNqvb\"><br \/>\u0418\u043d\u0442\u0443\u0438\u0442\u0438\u0432\u043d\u043e\u0435 \u0443\u043f\u0440\u0430\u0432\u043b\u0435\u043d\u0438\u0435 \u0438 \u043f\u0440\u043e\u0433\u0440\u0430\u043c\u043c\u044b \u043f\u0440\u0438\u0433\u043e\u0442\u043e\u0432\u043b\u0435\u043d\u0438\u044f<\/span><\/span><\/p>\n<p>\u0423\u0441\u0442\u0440\u043e\u0439\u0441\u0442\u0432\u043e \u043e\u0441\u043d\u0430\u0449\u0435\u043d\u043e \u0441\u0435\u043d\u0441\u043e\u0440\u043d\u043e\u0439 \u043f\u0430\u043d\u0435\u043b\u044c\u044e \u0443\u043f\u0440\u0430\u0432\u043b\u0435\u043d\u0438\u044f, \u043a\u043e\u0442\u043e\u0440\u0430\u044f \u043f\u043e\u0437\u0432\u043e\u043b\u044f\u0435\u0442 \u043b\u0435\u0433\u043a\u043e \u0432\u044b\u0431\u0438\u0440\u0430\u0442\u044c \u043f\u0440\u043e\u0433\u0440\u0430\u043c\u043c\u044b \u043f\u0440\u0438\u0433\u043e\u0442\u043e\u0432\u043b\u0435\u043d\u0438\u044f. <span class=\"jCAhz\"><span class=\"ryNqvb\">\u042d\u0442\u043e \u0434\u0430\u0451\u0442 \u0432\u043e\u0437\u043c\u043e\u0436\u043d\u043e\u0441\u0442\u044c \u043b\u044e\u0431\u043e\u043c\u0443 \u043f\u043e\u043b\u044c\u0437\u043e\u0432\u0430\u0442\u0435\u043b\u044e, \u043d\u0435\u0437\u0430\u0432\u0438\u0441\u0438\u043c\u043e \u043e\u0442 \u0443\u0440\u043e\u0432\u043d\u044f \u043d\u0430\u0432\u044b\u043a\u043e\u0432, \u043b\u0435\u0433\u043a\u043e \u043f\u0435\u0440\u0435\u043a\u043b\u044e\u0447\u0430\u0442\u044c\u0441\u044f \u043c\u0435\u0436\u0434\u0443 \u0444\u0443\u043d\u043a\u0446\u0438\u044f\u043c\u0438.<\/span><\/span><span class=\"jCAhz\"><span class=\"ryNqvb\"><br \/>\u0412\u0441\u0442\u0440\u043e\u0435\u043d\u043d\u044b\u0439 \u0446\u0438\u0444\u0440\u043e\u0432\u043e\u0439 \u0442\u0435\u0440\u043c\u043e\u043c\u0435\u0442\u0440 \u2014 \u0438\u0434\u0435\u0430\u043b\u044c\u043d\u044b\u0439 \u0440\u0435\u0437\u0443\u043b\u044c\u0442\u0430\u0442<\/span><\/span><\/p>\n<p>Ninja Foodi Smart XL \u043e\u0441\u043d\u0430\u0449\u0451\u043d \u0432\u0441\u0442\u0440\u043e\u0435\u043d\u043d\u044b\u043c \u0446\u0438\u0444\u0440\u043e\u0432\u044b\u043c \u0442\u0435\u0440\u043c\u043e\u043c\u0435\u0442\u0440\u043e\u043c \u0441 \u0434\u0432\u0443\u043c\u044f \u0434\u0430\u0442\u0447\u0438\u043a\u0430\u043c\u0438, \u043a\u043e\u0442\u043e\u0440\u044b\u0439 \u043f\u043e\u0437\u0432\u043e\u043b\u044f\u0435\u0442 \u0442\u043e\u0447\u043d\u043e \u043a\u043e\u043d\u0442\u0440\u043e\u043b\u0438\u0440\u043e\u0432\u0430\u0442\u044c \u0442\u0435\u043c\u043f\u0435\u0440\u0430\u0442\u0443\u0440\u0443 \u0431\u043b\u044e\u0434\u0430. <span class=\"jCAhz\"><span class=\"ryNqvb\">\u0423\u0441\u0442\u0440\u043e\u0439\u0441\u0442\u0432\u043e \u0443\u0432\u0435\u0434\u043e\u043c\u043b\u044f\u0435\u0442, \u043a\u043e\u0433\u0434\u0430 \u0435\u0434\u0430 \u0433\u043e\u0442\u043e\u0432\u0430 \u0434\u043b\u044f \u043e\u0442\u0434\u044b\u0445\u0430, \u043e\u0431\u0435\u0441\u043f\u0435\u0447\u0438\u0432\u0430\u044f \u0438\u0434\u0435\u0430\u043b\u044c\u043d\u044b\u0435 \u0440\u0435\u0437\u0443\u043b\u044c\u0442\u0430\u0442\u044b \u043f\u0440\u0438\u0433\u043e\u0442\u043e\u0432\u043b\u0435\u043d\u0438\u044f.<\/span><\/span><span class=\"jCAhz\"><span class=\"ryNqvb\"><br \/>\u041f\u0440\u043e\u0441\u0442\u0430\u044f \u043e\u0447\u0438\u0441\u0442\u043a\u0430 \u0431\u043b\u0430\u0433\u043e\u0434\u0430\u0440\u044f \u043a\u0435\u0440\u0430\u043c\u0438\u0447\u0435\u0441\u043a\u043e\u043c\u0443 \u043f\u043e\u043a\u0440\u044b\u0442\u0438\u044e<\/span><\/span><\/p>\n<p>\u0411\u043b\u0430\u0433\u043e\u0434\u0430\u0440\u044f \u043a\u0435\u0440\u0430\u043c\u0438\u0447\u0435\u0441\u043a\u043e\u043c\u0443 \u043f\u043e\u043a\u0440\u044b\u0442\u0438\u044e, \u043e\u0447\u0438\u0441\u0442\u043a\u0430 \u0443\u0441\u0442\u0440\u043e\u0439\u0441\u0442\u0432\u0430 \u0431\u044b\u0441\u0442\u0440\u0430\u044f \u0438 \u043f\u0440\u043e\u0441\u0442\u0430\u044f. <span class=\"jCAhz\"><span class=\"ryNqvb\">\u041a\u0440\u043e\u043c\u0435 \u0442\u043e\u0433\u043e, \u0434\u0435\u0442\u0430\u043b\u0438 \u043f\u043e\u0434\u0445\u043e\u0434\u044f\u0442 \u0434\u043b\u044f \u043c\u044b\u0442\u044c\u044f \u0432 \u043f\u043e\u0441\u0443\u0434\u043e\u043c\u043e\u0435\u0447\u043d\u043e\u0439 \u043c\u0430\u0448\u0438\u043d\u0435, \u0447\u0442\u043e \u0434\u0435\u043b\u0430\u0435\u0442 \u0443\u0431\u043e\u0440\u043a\u0443 \u0435\u0449\u0451 \u0443\u0434\u043e\u0431\u043d\u0435\u0435.<\/span><\/span><span class=\"jCAhz\"><span class=\"ryNqvb\"><br \/>\u0422\u0435\u0445\u043d\u0438\u0447\u0435\u0441\u043a\u0438\u0435 \u0445\u0430\u0440\u0430\u043a\u0442\u0435\u0440\u0438\u0441\u0442\u0438\u043a\u0438 Ninja Foodi Smart XL 6-\u0432-1 DG551EU<\/span><\/span><\/p>\n<p>\u0422\u0438\u043f \u043f\u0440\u043e\u0434\u0443\u043a\u0442\u0430: \u0410\u044d\u0440\u043e\u0433\u0440\u0438\u043b\u044c<br \/>\u041e\u0431\u044a\u0435\u043c: 3,8 \u043b<br \/>\u0422\u0438\u043f \u043a\u043e\u043d\u0441\u0442\u0440\u0443\u043a\u0446\u0438\u0438: \u041e\u0434\u0438\u043d<br \/>\u0426\u0432\u0435\u0442 \u043f\u0440\u043e\u0434\u0443\u043a\u0442\u0430: \u0421\u0435\u0440\u044b\u0439\/\u0441\u0435\u0440\u0435\u0431\u0440\u0438\u0441\u0442\u044b\u0439<br \/>\u0422\u0438\u043f \u0443\u043f\u0440\u0430\u0432\u043b\u0435\u043d\u0438\u044f: \u0421\u0435\u043d\u0441\u043e\u0440\u043d\u044b\u0439<br \/>\u041c\u043e\u0449\u043d\u043e\u0441\u0442\u044c: 1760 \u0412\u0442<br \/>\u0420\u0430\u0437\u043c\u0435\u0440\u044b (\u0412 x \u0428 x \u0413): 40 \u0441\u043c x 28,2 \u0441\u043c x 42 \u0441\u043c<br \/>\u0412\u0435\u0441: 7,5 \u043a\u0433<br \/>\u041f\u0440\u043e\u0433\u0440\u0430\u043c\u043c\u044b \u043f\u0440\u0438\u0433\u043e\u0442\u043e\u0432\u043b\u0435\u043d\u0438\u044f: 6 (\u0433\u0440\u0438\u043b\u044c, \u0430\u044d\u0440\u043e\u0436\u0430\u0440\u043a\u0430, \u0432\u044b\u043f\u0435\u043a\u0430\u043d\u0438\u0435, \u0437\u0430\u043f\u0435\u043a\u0430\u043d\u0438\u0435 \u0432 \u0434\u0443\u0445\u043e\u0432\u043a\u0435, \u0434\u0435\u0433\u0438\u0434\u0440\u0430\u0442\u0430\u0446\u0438\u044f, \u043f\u043e\u0432\u0442\u043e\u0440\u043d\u044b\u0439 \u043f\u043e\u0434\u043e\u0433\u0440\u0435\u0432)<br \/>\u0412\u0441\u0442\u0440\u043e\u0435\u043d\u043d\u044b\u0439 \u0442\u0435\u0440\u043c\u043e\u043c\u0435\u0442\u0440: \u0414\u0430<br \/>\u041a\u0435\u0440\u0430\u043c\u0438\u0447\u0435\u0441\u043a\u043e\u0435 \u043f\u043e\u043a\u0440\u044b\u0442\u0438\u0435: \u0414\u0430<br \/>\u041f\u043e\u0434\u0445\u043e\u0434\u0438\u0442 \u0434\u043b\u044f \u043c\u044b\u0442\u044c\u044f \u0432 \u043f\u043e\u0441\u0443\u0434\u043e\u043c\u043e\u0435\u0447\u043d\u043e\u0439 \u043c\u0430\u0448\u0438\u043d\u0435: \u0414\u0430<br \/>\u0412 \u043a\u043e\u043c\u043f\u043b\u0435\u043a\u0442\u0435: \u043a\u0430\u0441\u0442\u0440\u044e\u043b\u044f \u0434\u043b\u044f \u043f\u0440\u0438\u0433\u043e\u0442\u043e\u0432\u043b\u0435\u043d\u0438\u044f 3,8 \u043b, \u043a\u043e\u0440\u0437\u0438\u043d\u0430 \u0434\u043b\u044f \u0433\u0440\u0438\u043b\u044f 3,8 \u043b, XL \u0433\u0440\u0438\u043b\u044c-\u043f\u043b\u0430\u0441\u0442\u0438\u043d\u0430, \u0446\u0438\u0444\u0440\u043e\u0432\u043e\u0439 \u0442\u0435\u0440\u043c\u043e\u043c\u0435\u0442\u0440, \u0449\u0451\u0442\u043a\u0430 \u0434\u043b\u044f \u0447\u0438\u0441\u0442\u043a\u0438, \u043a\u043d\u0438\u0433\u0430 \u0440\u0435\u0446\u0435\u043f\u0442\u043e\u0432.<\/p>\n<p><span class=\"ZSCsVd\"><\/span><span class=\"LdhArd\" aria-expanded=\"true\"><\/span><\/p>\n<p><span><\/span><span><\/span><\/p>\n<p><span><\/span><span><\/span><span><\/span><span><\/span><\/p>\n<p><a href=\"https:\/\/translate.google.com\/history\" class=\"mqNsCe\" data-probe-id=\"translation_history_footer_button\"><br \/><\/a><a href=\"https:\/\/translate.google.com\/saved\" class=\"mqNsCe\" data-probe-id=\"saved_translations_footer_button\"><br \/><\/a><\/p>\n<pre><\/pre>\n<p>\u041d\u0430\u0436\u043c\u0438\u0442\u0435 \u043d\u0430 \u0432\u043a\u043b\u0430\u0434\u043a\u0443<\/p>\n<p><span class=\"MIHGm VMyXr\"><span class=\"TMgxcd\"><\/span><\/span><\/p>\n<p><span class=\"MMvswb\"><span class=\"OLCwg\"><\/span><\/span><span><\/span><span><\/span><\/p>\n<p><span><\/span><span><\/span><\/p>\n<p><span><\/span><\/p>","protected":false},"excerpt":{"rendered":"<p>Ninja Foodi Smart XL 6-in-1 ir moderna ier\u012bce, kas apvieno grila un gaisa frit\u0113tavas funkcijas, pied\u0101v\u0101jot cep\u0161anu, dehidrat\u0101ciju un atk\u0101rtotu uzsild\u012b\u0161anu. Tas \u013cauj pagatavot da\u017e\u0101dus \u0113dienus vienuviet, ietaupot laiku un vietu virtuv\u0113. Se\u0161as gatavo\u0161anas funkcijas vien\u0101 \u0160\u012b daudzpus\u012bg\u0101 ier\u012bce pied\u0101v\u0101 se\u0161as gatavo\u0161anas programmas: gril\u0113\u0161anu, cep\u0161anu gais\u0101, cep\u0161anu, cep\u0161anu cepe\u0161kr\u0101sn\u012b, dehidrat\u0101ciju un atk\u0101rtotu uzsild\u012b\u0161anu. Izbaudiet da\u017e\u0101dus [&hellip;]<\/p>\n","protected":false},"featured_media":37553,"comment_status":"open","ping_status":"closed","template":"","meta":{"_joinchat":[]},"product_brand":[350],"product_cat":[349],"product_tag":[],"class_list":{"0":"post-37555","1":"product","2":"type-product","3":"status-publish","4":"has-post-thumbnail","6":"product_brand-ninja","7":"product_cat-maza-sadzives-tehnika-aerogrili-karsta-gaisa-friteri-taukvares-katli","9":"first","10":"instock","11":"shipping-taxable","12":"purchasable","13":"product-type-simple"},"_links":{"self":[{"href":"https:\/\/emeniro.lovehorses.lv\/ru\/wp-json\/wp\/v2\/product\/37555","targetHints":{"allow":["GET"]}}],"collection":[{"href":"https:\/\/emeniro.lovehorses.lv\/ru\/wp-json\/wp\/v2\/product"}],"about":[{"href":"https:\/\/emeniro.lovehorses.lv\/ru\/wp-json\/wp\/v2\/types\/product"}],"replies":[{"embeddable":true,"href":"https:\/\/emeniro.lovehorses.lv\/ru\/wp-json\/wp\/v2\/comments?post=37555"}],"wp:featuredmedia":[{"embeddable":true,"href":"https:\/\/emeniro.lovehorses.lv\/ru\/wp-json\/wp\/v2\/media\/37553"}],"wp:attachment":[{"href":"https:\/\/emeniro.lovehorses.lv\/ru\/wp-json\/wp\/v2\/media?parent=37555"}],"wp:term":[{"taxonomy":"product_brand","embeddable":true,"href":"https:\/\/emeniro.lovehorses.lv\/ru\/wp-json\/wp\/v2\/product_brand?post=37555"},{"taxonomy":"product_cat","embeddable":true,"href":"https:\/\/emeniro.lovehorses.lv\/ru\/wp-json\/wp\/v2\/product_cat?post=37555"},{"taxonomy":"product_tag","embeddable":true,"href":"https:\/\/emeniro.lovehorses.lv\/ru\/wp-json\/wp\/v2\/product_tag?post=37555"}],"curies":[{"name":"wp","href":"https:\/\/api.w.org\/{rel}","templated":true}]}}