{"id":37620,"date":"2026-05-01T03:59:22","date_gmt":"2026-05-01T03:59:22","guid":{"rendered":"https:\/\/emeniro.lovehorses.lv\/product\/samsung-hw-s800d-en\/"},"modified":"2026-05-01T03:59:22","modified_gmt":"2026-05-01T03:59:22","slug":"samsung-hw-s800d-en","status":"publish","type":"product","link":"https:\/\/emeniro.lovehorses.lv\/ru\/product\/samsung-hw-s800d-en\/","title":{"rendered":"Samsung HW-S800D EN"},"content":{"rendered":"<p>Ra\u017eot\u0101js\u00a0\u00a0\u00a0\u00a0 Samsung<\/p>\n<p>Zemfrekvences ska\u013crunis\u00a0\u00a0\u00a0\u00a0 Tur ir<br \/>Ska\u0146as jauda (RMS)\u00a0\u00a0\u00a0\u00a0 330 W<br \/>Bluetooth savienojums\u00a0\u00a0\u00a0\u00a0 J\u0101<br \/>Ska\u013cru\u0146a tips +\u00a0\u00a0\u00a0\u00a0 3.1.2<br \/>Bezvadu savienojums +\u00a0\u00a0\u00a0\u00a0 J\u0101<br \/>Ska\u013cru\u0146a savienojam\u012bba +\u00a0\u00a0\u00a0\u00a0 Bezvadu<br \/>Produkta kategorija\u00a0\u00a0\u00a0\u00a0 M\u0101jas kino sist\u0113ma<br \/>Kr\u0101sa\u00a0\u00a0\u00a0\u00a0 Melns<br \/>Dzi\u013cums\u00a0\u00a0\u00a0\u00a0 39.9 mm<br \/>Platums\u00a0\u00a0\u00a0\u00a0 1160 mm<br \/>Augstums\u00a0\u00a0\u00a0\u00a0 38 mm<br \/>Garantijas laiks\u00a0\u00a0\u00a0\u00a0 24 m\u0113n.<\/p><\/p>","protected":false},"excerpt":{"rendered":"<p>Ra\u017eot\u0101js\u00a0\u00a0\u00a0\u00a0 Samsung Zemfrekvences ska\u013crunis\u00a0\u00a0\u00a0\u00a0 Tur irSka\u0146as jauda (RMS)\u00a0\u00a0\u00a0\u00a0 330 WBluetooth savienojums\u00a0\u00a0\u00a0\u00a0 J\u0101Ska\u013cru\u0146a tips +\u00a0\u00a0\u00a0\u00a0 3.1.2Bezvadu savienojums +\u00a0\u00a0\u00a0\u00a0 J\u0101Ska\u013cru\u0146a savienojam\u012bba +\u00a0\u00a0\u00a0\u00a0 BezvaduProdukta kategorija\u00a0\u00a0\u00a0\u00a0 M\u0101jas kino sist\u0113maKr\u0101sa\u00a0\u00a0\u00a0\u00a0 MelnsDzi\u013cums\u00a0\u00a0\u00a0\u00a0 39.9 mmPlatums\u00a0\u00a0\u00a0\u00a0 1160 mmAugstums\u00a0\u00a0\u00a0\u00a0 38 mmGarantijas laiks\u00a0\u00a0\u00a0\u00a0 24 m\u0113n.<\/p>","protected":false},"featured_media":37617,"comment_status":"open","ping_status":"closed","template":"","meta":{"_joinchat":[]},"product_brand":[139],"product_cat":[304],"product_tag":[],"class_list":{"0":"post-37620","1":"product","2":"type-product","3":"status-publish","4":"has-post-thumbnail","6":"product_brand-samsung","7":"product_cat-tv-foto-video-audio-audio-aparatura-skalruni","9":"first","10":"instock","11":"shipping-taxable","12":"purchasable","13":"product-type-simple"},"_links":{"self":[{"href":"https:\/\/emeniro.lovehorses.lv\/ru\/wp-json\/wp\/v2\/product\/37620","targetHints":{"allow":["GET"]}}],"collection":[{"href":"https:\/\/emeniro.lovehorses.lv\/ru\/wp-json\/wp\/v2\/product"}],"about":[{"href":"https:\/\/emeniro.lovehorses.lv\/ru\/wp-json\/wp\/v2\/types\/product"}],"replies":[{"embeddable":true,"href":"https:\/\/emeniro.lovehorses.lv\/ru\/wp-json\/wp\/v2\/comments?post=37620"}],"wp:featuredmedia":[{"embeddable":true,"href":"https:\/\/emeniro.lovehorses.lv\/ru\/wp-json\/wp\/v2\/media\/37617"}],"wp:attachment":[{"href":"https:\/\/emeniro.lovehorses.lv\/ru\/wp-json\/wp\/v2\/media?parent=37620"}],"wp:term":[{"taxonomy":"product_brand","embeddable":true,"href":"https:\/\/emeniro.lovehorses.lv\/ru\/wp-json\/wp\/v2\/product_brand?post=37620"},{"taxonomy":"product_cat","embeddable":true,"href":"https:\/\/emeniro.lovehorses.lv\/ru\/wp-json\/wp\/v2\/product_cat?post=37620"},{"taxonomy":"product_tag","embeddable":true,"href":"https:\/\/emeniro.lovehorses.lv\/ru\/wp-json\/wp\/v2\/product_tag?post=37620"}],"curies":[{"name":"wp","href":"https:\/\/api.w.org\/{rel}","templated":true}]}}