{"id":37675,"date":"2026-05-01T04:01:11","date_gmt":"2026-05-01T04:01:11","guid":{"rendered":"https:\/\/emeniro.lovehorses.lv\/product\/candy-brs-8n2bx-s-8kg-46cm\/"},"modified":"2026-05-01T04:01:11","modified_gmt":"2026-05-01T04:01:11","slug":"candy-brs-8n2bx-s-8kg-46cm","status":"publish","type":"product","link":"https:\/\/emeniro.lovehorses.lv\/ru\/product\/candy-brs-8n2bx-s-8kg-46cm\/","title":{"rendered":"Candy BRS 8N2BX-S 8 \u043a\u0433, 46 \u0441\u043c"},"content":{"rendered":"<\/p>\n<p class=\"translation-block\"><p><\/p><p>\u0422\u043e\u0440\u0433\u043e\u0432\u0430\u044f \u043c\u0430\u0440\u043a\u0430&nbsp; &nbsp; Candy<br>&nbsp; &nbsp; \u0426\u0432\u0435\u0442&nbsp; &nbsp; \u0411\u0435\u043b\u044b\u0439<br>&nbsp; &nbsp; EAN&nbsp; &nbsp; 8059019116228<br>\u0401\u043c\u043a\u043e\u0441\u0442\u044c<br>&nbsp; &nbsp; \u0412\u043c\u0435\u0441\u0442\u0438\u043c\u043e\u0441\u0442\u044c \u0431\u0435\u043b\u044c\u044f \u043f\u0440\u0438 \u0441\u0443\u0448\u043a\u0435&nbsp; &nbsp; 8 \u043a\u0433<br>\u041f\u043e\u0442\u0440\u0435\u0431\u043b\u0435\u043d\u0438\u0435 \u044d\u043b\u0435\u043a\u0442\u0440\u043e\u044d\u043d\u0435\u0440\u0433\u0438\u0438<br>&nbsp; &nbsp; \u041a\u043b\u0430\u0441\u0441 \u044d\u043d\u0435\u0440\u0433\u043e\u044d\u0444\u0444\u0435\u043a\u0442\u0438\u0432\u043d\u043e\u0441\u0442\u0438&nbsp; &nbsp; D<br>&nbsp; &nbsp; \u041f\u043e\u0442\u0440\u0435\u0431\u043b\u0435\u043d\u0438\u0435 \u044d\u043b\u0435\u043a\u0442\u0440\u043e\u044d\u043d\u0435\u0440\u0433\u0438\u0438 \u0437\u0430 100 \u0446\u0438\u043a\u043b\u043e\u0432 \u0441\u0443\u0448\u043a\u0438&nbsp; &nbsp; 119 \u043a\u0412\u0442\u0447<br>\u0421\u0443\u0448\u043a\u0430<br>&nbsp; &nbsp; \u041a\u043b\u0430\u0441\u0441 \u044d\u0444\u0444\u0435\u043a\u0442\u0438\u0432\u043d\u043e\u0441\u0442\u0438 \u043a\u043e\u043d\u0434\u0435\u043d\u0441\u0430\u0446\u0438\u0438&nbsp; &nbsp; B<br>&nbsp; &nbsp; \u042d\u0444\u0444\u0435\u043a\u0442\u0438\u0432\u043d\u043e\u0441\u0442\u044c \u043a\u043e\u043d\u0434\u0435\u043d\u0441\u0430\u0446\u0438\u0438&nbsp; &nbsp; 88%<br>&nbsp; &nbsp; \u041a\u043b\u0430\u0441\u0441 \u0430\u043a\u0443\u0441\u0442\u0438\u0447\u0435\u0441\u043a\u043e\u0433\u043e \u0448\u0443\u043c\u0430&nbsp; &nbsp; B<br>&nbsp; &nbsp; \u0423\u0440\u043e\u0432\u0435\u043d\u044c \u0448\u0443\u043c\u0430&nbsp; &nbsp; 64 \u0434\u0411<br>&nbsp; &nbsp; \u041f\u0440\u043e\u0434\u043e\u043b\u0436\u0438\u0442\u0435\u043b\u044c\u043d\u043e\u0441\u0442\u044c \u0446\u0438\u043a\u043b\u0430 \u0441\u0443\u0448\u043a\u0438 \u00ab\u042d\u043a\u043e\u043f\u0440\u043e\u0433\u0440\u0430\u043c\u043c\u0430\u00bb&nbsp; &nbsp; 3:15<br>\u0420\u0430\u0437\u043c\u0435\u0440\u044b, \u0432\u0435\u0441<br>&nbsp; &nbsp; \u0412\u044b\u0441\u043e\u0442\u0430&nbsp; &nbsp; 84.5 \u0441\u043c<br>&nbsp; &nbsp; \u0428\u0438\u0440\u0438\u043d\u0430&nbsp; &nbsp; 59.5 \u0441\u043c<br>&nbsp; &nbsp; \u0413\u043b\u0443\u0431\u0438\u043d\u0430&nbsp; &nbsp; 46 \u0441\u043c<br>&nbsp; &nbsp; \u0413\u043b\u0443\u0431\u0438\u043d\u0430 \u0441 \u0434\u0432\u0435\u0440\u0446\u0435\u0439&nbsp; &nbsp; 52.4 \u0441\u043c<br>&nbsp; &nbsp; \u0412\u0435\u0441&nbsp; &nbsp; 37 \u043a\u0433<br>&nbsp; &nbsp; \u0412\u0435\u0441 \u0441 \u0443\u043f\u0430\u043a\u043e\u0432\u043a\u043e\u0439&nbsp; &nbsp; 37 \u043a\u0433<br>\u0423\u043f\u0440\u0430\u0432\u043b\u0435\u043d\u0438\u0435<br>&nbsp; &nbsp; \u0423\u043f\u0440\u0430\u0432\u043b\u0435\u043d\u0438\u0435&nbsp; &nbsp; \u042d\u043b\u0435\u043a\u0442\u0440\u043e\u043d\u043d\u043e\u0435<br>&nbsp; &nbsp; \u0414\u0438\u0441\u043f\u043b\u0435\u0439&nbsp; &nbsp; \u0415\u0441\u0442\u044c<br>&nbsp; &nbsp; Wi-Fi&nbsp; &nbsp; \u0415\u0441\u0442\u044c<br>\u0414\u0440\u0443\u0433\u0438\u0435 \u043f\u0430\u0440\u0430\u043c\u0435\u0442\u0440\u044b<br>&nbsp; &nbsp; \u041e\u0431\u0440\u0430\u0431\u043e\u0442\u043a\u0430 \u043f\u0430\u0440\u043e\u043c&nbsp; &nbsp; \u041d\u0435\u0442<br>&nbsp; &nbsp; \u041e\u0442\u043b\u043e\u0436\u0435\u043d\u043d\u044b\u0439 \u0441\u0442\u0430\u0440\u0442&nbsp; &nbsp; \u0434\u043e 24 \u0447<\/p><p><\/p><\/p><\/p>","protected":false},"excerpt":{"rendered":"<p>Pre\u010du z\u012bme\u00a0 \u00a0 Candy\u00a0 \u00a0 Kr\u0101sa\u00a0 \u00a0 Balta\u00a0 \u00a0 EAN\u00a0 \u00a0 8059019116228Ietilp\u012bba\u00a0 \u00a0 Ve\u013cas ietilp\u012bba \u017e\u0101v\u0113jot\u00a0 \u00a0 8 kgElektroener\u0123ijas pat\u0113ri\u0146\u0161\u00a0 \u00a0 Energoefektivit\u0101tes klase\u00a0 \u00a0 D\u00a0 \u00a0 Elektroener\u0123ijas pat\u0113ri\u0146\u0161 100 \u017e\u0101v\u0113\u0161anas ciklos\u00a0 \u00a0 119 kWh\u017d\u0101v\u0113\u0161ana\u00a0 \u00a0 Kondens\u0101cijas efektivit\u0101tes klase\u00a0 \u00a0 B\u00a0 \u00a0 Kondens\u0101cijas efektivit\u0101te\u00a0 \u00a0 88%\u00a0 \u00a0 Akustisk\u0101 trok\u0161\u0146a emisijas klase\u00a0 \u00a0 B\u00a0 \u00a0 Trok\u0161\u0146a l\u012bmenis\u00a0 [&hellip;]<\/p>\n","protected":false},"featured_media":37669,"comment_status":"open","ping_status":"closed","template":"","meta":{"_joinchat":[]},"product_brand":[267],"product_cat":[261],"product_tag":[],"class_list":{"0":"post-37675","1":"product","2":"type-product","3":"status-publish","4":"has-post-thumbnail","6":"product_brand-candy","7":"product_cat-sadzives-tehnika-velas-zavetaji","9":"first","10":"instock","11":"shipping-taxable","12":"purchasable","13":"product-type-simple"},"_links":{"self":[{"href":"https:\/\/emeniro.lovehorses.lv\/ru\/wp-json\/wp\/v2\/product\/37675","targetHints":{"allow":["GET"]}}],"collection":[{"href":"https:\/\/emeniro.lovehorses.lv\/ru\/wp-json\/wp\/v2\/product"}],"about":[{"href":"https:\/\/emeniro.lovehorses.lv\/ru\/wp-json\/wp\/v2\/types\/product"}],"replies":[{"embeddable":true,"href":"https:\/\/emeniro.lovehorses.lv\/ru\/wp-json\/wp\/v2\/comments?post=37675"}],"wp:featuredmedia":[{"embeddable":true,"href":"https:\/\/emeniro.lovehorses.lv\/ru\/wp-json\/wp\/v2\/media\/37669"}],"wp:attachment":[{"href":"https:\/\/emeniro.lovehorses.lv\/ru\/wp-json\/wp\/v2\/media?parent=37675"}],"wp:term":[{"taxonomy":"product_brand","embeddable":true,"href":"https:\/\/emeniro.lovehorses.lv\/ru\/wp-json\/wp\/v2\/product_brand?post=37675"},{"taxonomy":"product_cat","embeddable":true,"href":"https:\/\/emeniro.lovehorses.lv\/ru\/wp-json\/wp\/v2\/product_cat?post=37675"},{"taxonomy":"product_tag","embeddable":true,"href":"https:\/\/emeniro.lovehorses.lv\/ru\/wp-json\/wp\/v2\/product_tag?post=37675"}],"curies":[{"name":"wp","href":"https:\/\/api.w.org\/{rel}","templated":true}]}}