{"id":37801,"date":"2026-05-01T04:04:59","date_gmt":"2026-05-01T04:04:59","guid":{"rendered":"https:\/\/emeniro.lovehorses.lv\/product\/lg-55qned86a3a-qned-wifi-2025\/"},"modified":"2026-05-01T04:04:59","modified_gmt":"2026-05-01T04:04:59","slug":"lg-55qned86a3a-qned-wifi-2025","status":"publish","type":"product","link":"https:\/\/emeniro.lovehorses.lv\/ru\/product\/lg-55qned86a3a-qned-wifi-2025\/","title":{"rendered":"LG 55QNED86A3A QNED WiFi 2025"},"content":{"rendered":"<\/p>\n<p>\u0422\u043e\u0440\u0433\u043e\u0432\u0430\u044f \u043c\u0430\u0440\u043a\u0430 LG<br \/>\u041e\u043f\u0435\u0440\u0430\u0446\u0438\u043e\u043d\u043d\u0430\u044f \u0441\u0438\u0441\u0442\u0435\u043c\u0430 webOS<br \/>\u041a\u043e\u043b\u0438\u0447\u0435\u0441\u0442\u0432\u043e \u044f\u0434\u0435\u0440 \u043f\u0440\u043e\u0446\u0435\u0441\u0441\u043e\u0440\u0430 4<br \/>\u0426\u0432\u0435\u0442 \u0427\u0435\u0440\u043d\u044b\u0439<br \/>EAN 8806096309650<br \/>\u041d\u043e\u0432\u0430\u044f \u044d\u043d\u0435\u0440\u0433\u0435\u0442\u0438\u0447\u0435\u0441\u043a\u0430\u044f \u043c\u0430\u0440\u043a\u0438\u0440\u043e\u0432\u043a\u0430 \u0441 2021 \u0433\u043e\u0434\u0430<br \/>\u041a\u043b\u0430\u0441\u0441 \u044d\u043d\u0435\u0440\u0433\u043e\u044d\u0444\u0444\u0435\u043a\u0442\u0438\u0432\u043d\u043e\u0441\u0442\u0438 (SDR) E<br \/>\u041f\u043e\u0442\u0440\u0435\u0431\u043b\u0435\u043d\u0438\u0435 \u044d\u043d\u0435\u0440\u0433\u0438\u0438 \u0432 \u0440\u0435\u0436\u0438\u043c\u0435 \u0441\u0442\u0430\u043d\u0434\u0430\u0440\u0442\u043d\u043e\u0433\u043e \u0434\u0438\u043d\u0430\u043c\u0438\u0447\u0435\u0441\u043a\u043e\u0433\u043e \u0434\u0438\u0430\u043f\u0430\u0437\u043e\u043d\u0430 (SDR), 1000 \u0447 64 \u043a\u0412\u0442\u22c5\u0447<br \/>\u041a\u043b\u0430\u0441\u0441 \u044d\u043d\u0435\u0440\u0433\u043e\u044d\u0444\u0444\u0435\u043a\u0442\u0438\u0432\u043d\u043e\u0441\u0442\u0438 (HDR) G<br \/>\u041f\u043e\u0442\u0440\u0435\u0431\u043b\u0435\u043d\u0438\u0435 \u044d\u043d\u0435\u0440\u0433\u0438\u0438 \u0432 \u0440\u0435\u0436\u0438\u043c\u0435 \u0432\u044b\u0441\u043e\u043a\u043e\u0433\u043e \u0434\u0438\u043d\u0430\u043c\u0438\u0447\u0435\u0441\u043a\u043e\u0433\u043e \u0434\u0438\u0430\u043f\u0430\u0437\u043e\u043d\u0430 (HDR), 1000 \u0447 113 \u043a\u0412\u0442\u22c5\u0447<br \/>\u0420\u0430\u0437\u043c\u0435\u0440 \u044d\u043a\u0440\u0430\u043d\u0430 (\u0434\u044e\u0439\u043c\u044b\/\u0441\u043c) 55\/139<br \/>\u0420\u0430\u0437\u0440\u0435\u0448\u0435\u043d\u0438\u0435 \u044d\u043a\u0440\u0430\u043d\u0430 3840 x 2160 (Ultra HD)<br \/>\u042d\u043a\u0440\u0430\u043d<br \/>\u0422\u0438\u043f \u044d\u043a\u0440\u0430\u043d\u0430 \u041f\u043b\u043e\u0441\u043a\u0438\u0439 (Flat)<br \/>\u0421\u043e\u0435\u0434\u0438\u043d\u0435\u043d\u0438\u044f<br \/>HDMI 3<br \/>USB 2<br \/>\u0421\u043b\u043e\u0442\u044b CI \u0438\u0440<br \/>Ethernet (RJ45) \u0415\u0441\u0442\u044c<br \/>\u041e\u043f\u0442\u0438\u0447\u0435\u0441\u043a\u0438\u0439 \u0430\u0443\u0434\u0438\u043e\u0432\u044b\u0445\u043e\u0434 \u0415\u0441\u0442\u044c<br \/>\u0411\u0435\u0441\u043f\u0440\u043e\u0432\u043e\u0434\u043d\u044b\u0435 \u0441\u043e\u0435\u0434\u0438\u043d\u0435\u043d\u0438\u044f<br \/>Wi-Fi \u0415\u0441\u0442\u044c<br \/>Bluetooth \u0412\u043a\u043b.<br \/>\u041f\u0440\u0438\u0435\u043c\u043d\u0438\u043a\u0438<br \/>DVB-T \u0415\u0441\u0442\u044c<br \/>DVB-T2 \u0415\u0441\u0442\u044c<br \/>DVB-C \u0418\u0440<br \/>DVB-S \u0435\u0441\u0442\u044c<br \/>DVB-S2 \u0415\u0441\u0442\u044c<br \/>\u0420\u0430\u0437\u043c\u0435\u0440\u044b, \u0432\u0435\u0441<br \/>\u0412\u044b\u0441\u043e\u0442\u0430 72 \u0441\u043c<br \/>\u0412\u044b\u0441\u043e\u0442\u0430 \u0441 \u043f\u043e\u0434\u0441\u0442\u0430\u0432\u043a\u043e\u0439 75 \u0441\u043c<br \/>\u0428\u0438\u0440\u0438\u043d\u0430 124 \u0441\u043c<br \/>\u0413\u043b\u0443\u0431\u0438\u043d\u0430 3 \u0441\u043c<br \/>\u0413\u043b\u0443\u0431\u0438\u043d\u0430 \u0441 \u043f\u043e\u0434\u0441\u0442\u0430\u0432\u043a\u043e\u0439 30 \u0441\u043c<br \/>\u0412\u0435\u0441 19.3 \u043a\u0433<br \/>\u0412\u0435\u0441 \u0441 \u0443\u043f\u0430\u043a\u043e\u0432\u043a\u043e\u0439 24 \u043a\u0433<br \/>\u0414\u0440\u0443\u0433\u0438\u0435 \u043f\u0430\u0440\u0430\u043c\u0435\u0442\u0440\u044b<br \/>Att\u0101lums starp skr\u016bvju viet\u0101m stiprin\u0101\u0161ainai pie sienas (mm) 300\u00d7300<\/p>","protected":false},"excerpt":{"rendered":"<p>Pre\u010du z\u012bme LGOper\u0113t\u0101jsist\u0113ma webOSProcesora kodolu skaits 4Kr\u0101sa MelnaEAN 8806096309650Jaunais energomar\u0137\u0113jums no 2021.gadaEnergoefektivit\u0101tes klase (SDR) EEner\u0123ijas pat\u0113ri\u0146\u0161 standarta dinamisk\u0101 diapazona re\u017e\u012bm\u0101 (SDR), 1000 h 64 kWhEnergoefektivit\u0101tes klase (HDR) GEner\u0123ijas pat\u0113ri\u0146\u0161 augsta dinamisk\u0101 diapazona re\u017e\u012bm\u0101 (HDR), 1000 h 113 kWhEkr\u0101na izm\u0113rs (collas\/cm) 55\/139Ekr\u0101na iz\u0161\u0137irtsp\u0113ja 3840 x 2160 (Ultra HD)Ekr\u0101nsEkr\u0101na tips Plakans (Flat)SavienojumiHDMI 3USB 2CI slots IrEthernet (RJ45) [&hellip;]<\/p>\n","protected":false},"featured_media":37794,"comment_status":"open","ping_status":"closed","template":"","meta":{"_joinchat":[]},"product_brand":[112],"product_cat":[294],"product_tag":[],"class_list":{"0":"post-37801","1":"product","2":"type-product","3":"status-publish","4":"has-post-thumbnail","6":"product_brand-lg","7":"product_cat-tv-foto-video-audio-televizori-un-aksesuari-led-televizori","9":"first","10":"instock","11":"shipping-taxable","12":"purchasable","13":"product-type-simple"},"_links":{"self":[{"href":"https:\/\/emeniro.lovehorses.lv\/ru\/wp-json\/wp\/v2\/product\/37801","targetHints":{"allow":["GET"]}}],"collection":[{"href":"https:\/\/emeniro.lovehorses.lv\/ru\/wp-json\/wp\/v2\/product"}],"about":[{"href":"https:\/\/emeniro.lovehorses.lv\/ru\/wp-json\/wp\/v2\/types\/product"}],"replies":[{"embeddable":true,"href":"https:\/\/emeniro.lovehorses.lv\/ru\/wp-json\/wp\/v2\/comments?post=37801"}],"wp:featuredmedia":[{"embeddable":true,"href":"https:\/\/emeniro.lovehorses.lv\/ru\/wp-json\/wp\/v2\/media\/37794"}],"wp:attachment":[{"href":"https:\/\/emeniro.lovehorses.lv\/ru\/wp-json\/wp\/v2\/media?parent=37801"}],"wp:term":[{"taxonomy":"product_brand","embeddable":true,"href":"https:\/\/emeniro.lovehorses.lv\/ru\/wp-json\/wp\/v2\/product_brand?post=37801"},{"taxonomy":"product_cat","embeddable":true,"href":"https:\/\/emeniro.lovehorses.lv\/ru\/wp-json\/wp\/v2\/product_cat?post=37801"},{"taxonomy":"product_tag","embeddable":true,"href":"https:\/\/emeniro.lovehorses.lv\/ru\/wp-json\/wp\/v2\/product_tag?post=37801"}],"curies":[{"name":"wp","href":"https:\/\/api.w.org\/{rel}","templated":true}]}}