{"id":37846,"date":"2026-05-01T04:06:18","date_gmt":"2026-05-01T04:06:18","guid":{"rendered":"https:\/\/emeniro.lovehorses.lv\/product\/stanley-fatmax-scsnp460r2-qw\/"},"modified":"2026-05-01T04:06:18","modified_gmt":"2026-05-01T04:06:18","slug":"stanley-fatmax-scsnp460r2-qw","status":"publish","type":"product","link":"https:\/\/emeniro.lovehorses.lv\/ru\/product\/stanley-fatmax-scsnp460r2-qw\/","title":{"rendered":"Stanley Fatmax SCSNP460R2-QW"},"content":{"rendered":"<p><span class=\"HwtZe\" lang=\"lv\"><span class=\"jCAhz ChMk0b\"><span class=\"ryNqvb\">Stanley Fatmax SCSNP460R2-QW sniega p\u016bt\u0113ja tehnisk\u0101s specifik\u0101cijas<\/span><\/span><\/span><\/p>\n<p>Baro\u0161anas avots \u2013 bezvadu<br \/>Baro\u0161anas spriegums \u2013 2 x 18 V<br \/>S\u0113rija \u2013 Stanley Fatmax V20<br \/>Iek\u013cauto akumulatoru skaits \u2013 2<br \/>Akumulatora ietilp\u012bba \u2013 2 x 6,0 Ah<br \/>L\u0101d\u0113t\u0101js iek\u013cauts \u2013 j\u0101, divu portu<br \/>Darba platums \u2013 46 cm<br \/>Maksim\u0101lais darba augstums \u2013 28 cm<br \/>Izl\u0101des diapazons \u2013 9,1 m<br \/>Ra\u017eot\u0101js \u2013 Stanley Fatmax<br \/>Motors \u2013 bezsuku<br \/>Groz\u0101ma izvade \u2013 j\u0101, ar manu\u0101lu regul\u0113\u0161anu<br \/>LED apgaismojums \u2013 j\u0101<br \/>Dro\u0161\u012bbas atsl\u0113ga \u2013 j\u0101<br \/>T\u0113rauda urbis \u2013 diametrs 18 cm<\/p>\n<p><span class=\"ZSCsVd\"><\/span><span class=\"LdhArd\" aria-expanded=\"true\"><\/span><\/p>","protected":false},"excerpt":{"rendered":"<p>Stanley Fatmax SCSNP460R2-QW sniega p\u016bt\u0113ja tehnisk\u0101s specifik\u0101cijas Baro\u0161anas avots \u2013 bezvaduBaro\u0161anas spriegums \u2013 2 x 18 VS\u0113rija \u2013 Stanley Fatmax V20Iek\u013cauto akumulatoru skaits \u2013 2Akumulatora ietilp\u012bba \u2013 2 x 6,0 AhL\u0101d\u0113t\u0101js iek\u013cauts \u2013 j\u0101, divu portuDarba platums \u2013 46 cmMaksim\u0101lais darba augstums \u2013 28 cmIzl\u0101des diapazons \u2013 9,1 mRa\u017eot\u0101js \u2013 Stanley FatmaxMotors \u2013 bezsukuGroz\u0101ma izvade [&hellip;]<\/p>\n","protected":false},"featured_media":37841,"comment_status":"open","ping_status":"closed","template":"","meta":[],"product_brand":[],"product_cat":[300],"product_tag":[],"class_list":{"0":"post-37846","1":"product","2":"type-product","3":"status-publish","4":"has-post-thumbnail","6":"product_cat-darza-tehnika-sniega-puteji","8":"first","9":"instock","10":"shipping-taxable","11":"purchasable","12":"product-type-simple"},"_links":{"self":[{"href":"https:\/\/emeniro.lovehorses.lv\/ru\/wp-json\/wp\/v2\/product\/37846","targetHints":{"allow":["GET"]}}],"collection":[{"href":"https:\/\/emeniro.lovehorses.lv\/ru\/wp-json\/wp\/v2\/product"}],"about":[{"href":"https:\/\/emeniro.lovehorses.lv\/ru\/wp-json\/wp\/v2\/types\/product"}],"replies":[{"embeddable":true,"href":"https:\/\/emeniro.lovehorses.lv\/ru\/wp-json\/wp\/v2\/comments?post=37846"}],"wp:featuredmedia":[{"embeddable":true,"href":"https:\/\/emeniro.lovehorses.lv\/ru\/wp-json\/wp\/v2\/media\/37841"}],"wp:attachment":[{"href":"https:\/\/emeniro.lovehorses.lv\/ru\/wp-json\/wp\/v2\/media?parent=37846"}],"wp:term":[{"taxonomy":"product_brand","embeddable":true,"href":"https:\/\/emeniro.lovehorses.lv\/ru\/wp-json\/wp\/v2\/product_brand?post=37846"},{"taxonomy":"product_cat","embeddable":true,"href":"https:\/\/emeniro.lovehorses.lv\/ru\/wp-json\/wp\/v2\/product_cat?post=37846"},{"taxonomy":"product_tag","embeddable":true,"href":"https:\/\/emeniro.lovehorses.lv\/ru\/wp-json\/wp\/v2\/product_tag?post=37846"}],"curies":[{"name":"wp","href":"https:\/\/api.w.org\/{rel}","templated":true}]}}