{"id":38172,"date":"2026-05-01T04:16:23","date_gmt":"2026-05-01T04:16:23","guid":{"rendered":"https:\/\/emeniro.lovehorses.lv\/product\/philips-ovi-smart-xxl-hd9876-20\/"},"modified":"2026-05-01T04:16:23","modified_gmt":"2026-05-01T04:16:23","slug":"philips-ovi-smart-xxl-hd9876-20","status":"publish","type":"product","link":"https:\/\/emeniro.lovehorses.lv\/ru\/product\/philips-ovi-smart-xxl-hd9876-20\/","title":{"rendered":"Philips Ovi Smart XXL HD9876\/20"},"content":{"rendered":"<p><span class=\"HwtZe\" lang=\"lv\"><span class=\"jCAhz ChMk0b\"><span class=\"ryNqvb\">Ier\u012bces tips: Gaisa fritieri<\/span><\/span><\/span><\/p>\n<p><span class=\"HwtZe\" lang=\"lv\"><span class=\"jCAhz ChMk0b\"><span class=\"ryNqvb\">Ra\u017eot\u0101js: Philips<br \/>\u0426\u0432\u0435\u0442: \u0411\u0435\u043b\u044b\u0439<br \/>Maksim\u0101l\u0101 jauda: 2200 W<br \/>Groza ietilp\u012bba: 2 kg<br \/>E\u013c\u013cas pannas ietilp\u012bba: 8,3 l<br \/>Maks. temperat\u016bra: 200 \u00b0C<br \/>Min. temperat\u016bra: 40 \u00b0C<br \/>Vad\u012bba: Receptes lietotne, Sk\u0101rienekr\u0101ns<br \/>Grozu skaits: 1<br \/>\u0422\u0435\u0440\u043c\u043e\u0441\u0442\u0430\u0442: \u042d\u043b\u0435\u043a\u0442\u0440\u043e\u043d\u043d\u044b\u0439<br \/>Nepiedego\u0161a b\u013coda: J\u0101<br \/>Trauku mazg\u0101jamaj\u0101 ma\u0161\u012bn\u0101 mazg\u0101jamas deta\u013cas: J\u0101<br \/>Aizsardz\u012bba pret p\u0101rkar\u0161anu: J\u0101<br \/>Programmas: Gatavo\u0161anas pal\u012bgs, Interakt\u012bva pav\u0101rgr\u0101mata, Autom\u0101tisk\u0101s programmas<br \/>Izm\u0113ri (platums x augstums x dzi\u013cums): 33,5 cm x 35,1 cm x 44,7 cm<br \/>Svars: 9,4 kg<br \/>Izcelsmes valsts: \u0136\u012bna<\/span><\/span><\/span><\/p><\/p>","protected":false},"excerpt":{"rendered":"<p>Ier\u012bces tips: Gaisa fritieri Ra\u017eot\u0101js: PhilipsKr\u0101sa: BaltaMaksim\u0101l\u0101 jauda: 2200 WGroza ietilp\u012bba: 2 kgE\u013c\u013cas pannas ietilp\u012bba: 8,3 lMaks. temperat\u016bra: 200 \u00b0CMin. temperat\u016bra: 40 \u00b0CVad\u012bba: Receptes lietotne, Sk\u0101rienekr\u0101nsGrozu skaits: 1Termostats: ElektronisksNepiedego\u0161a b\u013coda: J\u0101Trauku mazg\u0101jamaj\u0101 ma\u0161\u012bn\u0101 mazg\u0101jamas deta\u013cas: J\u0101Aizsardz\u012bba pret p\u0101rkar\u0161anu: J\u0101Programmas: Gatavo\u0161anas pal\u012bgs, Interakt\u012bva pav\u0101rgr\u0101mata, Autom\u0101tisk\u0101s programmasIzm\u0113ri (platums x augstums x dzi\u013cums): 33,5 cm x 35,1 cm [&hellip;]<\/p>\n","protected":false},"featured_media":38169,"comment_status":"open","ping_status":"closed","template":"","meta":[],"product_brand":[307],"product_cat":[349],"product_tag":[],"class_list":{"0":"post-38172","1":"product","2":"type-product","3":"status-publish","4":"has-post-thumbnail","6":"product_brand-philips","7":"product_cat-maza-sadzives-tehnika-aerogrili-karsta-gaisa-friteri-taukvares-katli","9":"first","10":"instock","11":"shipping-taxable","12":"purchasable","13":"product-type-simple"},"_links":{"self":[{"href":"https:\/\/emeniro.lovehorses.lv\/ru\/wp-json\/wp\/v2\/product\/38172","targetHints":{"allow":["GET"]}}],"collection":[{"href":"https:\/\/emeniro.lovehorses.lv\/ru\/wp-json\/wp\/v2\/product"}],"about":[{"href":"https:\/\/emeniro.lovehorses.lv\/ru\/wp-json\/wp\/v2\/types\/product"}],"replies":[{"embeddable":true,"href":"https:\/\/emeniro.lovehorses.lv\/ru\/wp-json\/wp\/v2\/comments?post=38172"}],"wp:featuredmedia":[{"embeddable":true,"href":"https:\/\/emeniro.lovehorses.lv\/ru\/wp-json\/wp\/v2\/media\/38169"}],"wp:attachment":[{"href":"https:\/\/emeniro.lovehorses.lv\/ru\/wp-json\/wp\/v2\/media?parent=38172"}],"wp:term":[{"taxonomy":"product_brand","embeddable":true,"href":"https:\/\/emeniro.lovehorses.lv\/ru\/wp-json\/wp\/v2\/product_brand?post=38172"},{"taxonomy":"product_cat","embeddable":true,"href":"https:\/\/emeniro.lovehorses.lv\/ru\/wp-json\/wp\/v2\/product_cat?post=38172"},{"taxonomy":"product_tag","embeddable":true,"href":"https:\/\/emeniro.lovehorses.lv\/ru\/wp-json\/wp\/v2\/product_tag?post=38172"}],"curies":[{"name":"wp","href":"https:\/\/api.w.org\/{rel}","templated":true}]}}