{"id":38960,"date":"2026-05-01T04:43:33","date_gmt":"2026-05-01T04:43:33","guid":{"rendered":"https:\/\/emeniro.lovehorses.lv\/product\/ir-veikalalg-gbv5240cpy-no-frost-203cm\/"},"modified":"2026-05-01T04:43:33","modified_gmt":"2026-05-01T04:43:33","slug":"ir-veikalalg-gbv5240cpy-no-frost-203cm","status":"publish","type":"product","link":"https:\/\/emeniro.lovehorses.lv\/ru\/product\/ir-veikalalg-gbv5240cpy-no-frost-203cm\/","title":{"rendered":"(\u0412 \u043d\u0430\u043b\u0438\u0447\u0438\u0438!)LG GBV5240CPY No Frost 203 \u0441\u043c"},"content":{"rendered":"<p><strong><em>Ir veikal\u0101!<\/em><\/strong><\/p>\n<p>\u0425\u0430\u0440\u0430\u043a\u0442\u0435\u0440\u0438\u0441\u0442\u0438\u043a\u0438 \u0438\u0437\u0434\u0435\u043b\u0438\u044f<\/p>\n<p>\u041e\u0431\u0449\u0438\u0435 \u043f\u0430\u0440\u0430\u043c\u0435\u0442\u0440\u044b<br \/>Produkta veids\u00a0 \u00a0 \u00a0Ledusskapji<br \/>Ledusskapja veids\u00a0 \u00a0 Sald\u0113tava apak\u0161\u0101<br \/>Z\u012bmols\u00a0 \u00a0 \u00a0LG<br \/>Modelis\u00a0 \u00a0 \u00a0GBV5240CPY<br \/>Kr\u0101sas nosaukums\u00a0 \u00a0 \u00a0Ner\u016bs\u0113jo\u0161\u0101 t\u0113rauda<br \/>Kr\u0101sa\u00a0 \u00a0 \u00a0Pel\u0113ka<br \/>\u0420\u0430\u0437\u043c\u0435\u0440\u044b \u0438 \u0432\u0435\u0441<br \/>Augstums\u00a0 \u00a0 203 cm<br \/>Platums\u00a0 \u00a0 \u00a059.5 cm<br \/>Dzi\u013cums\u00a0 \u00a0 \u00a067.5 cm<br \/>Svars\u00a0 \u00a0 \u00a079 kg<br \/>\u042d\u043d\u0435\u0440\u0433\u043e\u043f\u043e\u0442\u0440\u0435\u0431\u043b\u0435\u043d\u0438\u0435<br \/>Energoefektivit\u0101tes klase\u00a0 \u00a0 C<br \/>Energoefektivit\u0101tes kla\u0161u skala\u00a0 \u00a0 \u00a0A \u2013 G<br \/>Gada ener\u0123ijas pat\u0113ri\u0146\u0161\u00a0 \u00a0 174 kWh<br \/>\u041a\u0430\u043c\u0435\u0440\u0430 \u0445\u043e\u043b\u043e\u0434\u0438\u043b\u044c\u043d\u0438\u043a\u0430<br \/>Kop\u0113jais ledusskapja tilpums\u00a0 \u00a0 \u00a0277 l<br \/>Plauktu skaits\u00a0 \u00a0 \u00a03<br \/>Plauktu materi\u0101ls\u00a0 \u00a0 R\u016bd\u012btais stikls<br \/>D\u0101rze\u0146u un aug\u013cu nodal\u012bjums\u00a0 \u00a0 \u00a0J\u0101<br \/>Ar apgaismojumu\u00a0 \u00a0 \u00a0J\u0101<br \/>Apgaismojuma tips\u00a0 \u00a0 \u00a0LED<br \/>\u041a\u0430\u043c\u0435\u0440\u0430 \u043c\u043e\u0440\u043e\u0437\u0438\u043b\u044c\u043d\u0438\u043a\u0430<br \/>Kop\u0113jais sald\u0113tavas tilpums\u00a0 \u00a0 \u00a0110 l<br \/>Sald\u0113\u0161anas atvilkt\u0146u skaits\u00a0 \u00a0 \u00a03<br \/>\u0421\u0438\u0441\u0442\u0435\u043c\u0430 \u0440\u0430\u0437\u043c\u043e\u0440\u0430\u0436\u0438\u0432\u0430\u043d\u0438\u044f \u0438 \u0437\u0430\u043c\u043e\u0440\u043e\u0437\u043a\u0438<br \/>Ledusskapja sald\u0113\u0161anas sist\u0113ma\u00a0 \u00a0 \u00a0No frost<br \/>Termostats\u00a0 \u00a0 J\u0101<br \/>Termostata tips\u00a0 \u00a0 \u00a0Elektronisks<br \/>Autom\u0101tisk\u0101 atkaus\u0113\u0161ana\u00a0 \u00a0 J\u0101<br \/>Sald\u0113\u0161anas sist\u0113ma sald\u0113tav\u0101\u00a0 \u00a0 \u00a0No frost<br \/>Sald\u0113\u0161anas jauda, kg\/24h\u00a0 \u00a0 10<br \/>\u0100tr\u0101 sasald\u0113\u0161ana\u00a0 \u00a0 \u00a0J\u0101<br \/>Sald\u0113tavas autom\u0101tisk\u0101 atkaus\u0113\u0161ana\u00a0 \u00a0 \u00a0J\u0101<br \/>\u0423\u043f\u0440\u0430\u0432\u043b\u0435\u043d\u0438\u0435<br \/>Durvju atv\u0113r\u0161anas virzienu mai\u0146a\u00a0 \u00a0 J\u0101<br \/>Vad\u012bba\u00a0 \u00a0 Sensoru<br \/>Ekr\u0101ns\u00a0 \u00a0 \u00a0J\u0101<br \/>B\u0113rnu dro\u0161\u012bbas funkcija\u00a0 \u00a0 \u00a0N\u0113<br \/>\u0414\u043e\u043f\u043e\u043b\u043d\u0438\u0442\u0435\u043b\u044c\u043d\u043e<br \/>Trok\u0161\u0146a l\u012bmenis\u00a0 \u00a0 35 dB<br \/>Mont\u0101\u017eas tips\u00a0 \u00a0 \u00a0Br\u012bvi st\u0101vo\u0161s<br \/>\u016adens un ledus vien\u012bbas\u00a0 \u00a0 \u00a0N\u0113\u00a0<\/p><\/p>","protected":false},"excerpt":{"rendered":"<p>Ir veikal\u0101! Izstr\u0101d\u0101juma \u012bpa\u0161\u012bbas Kop\u0113jie parametriProdukta veids\u00a0 \u00a0 \u00a0LedusskapjiLedusskapja veids\u00a0 \u00a0 Sald\u0113tava apak\u0161\u0101Z\u012bmols\u00a0 \u00a0 \u00a0LGModelis\u00a0 \u00a0 \u00a0GBV5240CPYKr\u0101sas nosaukums\u00a0 \u00a0 \u00a0Ner\u016bs\u0113jo\u0161\u0101 t\u0113raudaKr\u0101sa\u00a0 \u00a0 \u00a0Pel\u0113kaIzm\u0113ri un svarsAugstums\u00a0 \u00a0 203 cmPlatums\u00a0 \u00a0 \u00a059.5 cmDzi\u013cums\u00a0 \u00a0 \u00a067.5 cmSvars\u00a0 \u00a0 \u00a079 kgEner\u0123ijas pat\u0113ri\u0146\u0161Energoefektivit\u0101tes klase\u00a0 \u00a0 CEnergoefektivit\u0101tes kla\u0161u skala\u00a0 \u00a0 \u00a0A \u2013 GGada ener\u0123ijas pat\u0113ri\u0146\u0161\u00a0 \u00a0 174 kWhLedusskapja kameraKop\u0113jais ledusskapja tilpums\u00a0 [&hellip;]<\/p>\n","protected":false},"featured_media":38956,"comment_status":"open","ping_status":"closed","template":"","meta":{"_joinchat":[]},"product_brand":[],"product_cat":[272],"product_tag":[],"class_list":{"0":"post-38960","1":"product","2":"type-product","3":"status-publish","4":"has-post-thumbnail","6":"product_cat-sadzives-tehnika-ledusskapji","8":"first","9":"instock","10":"shipping-taxable","11":"purchasable","12":"product-type-simple"},"_links":{"self":[{"href":"https:\/\/emeniro.lovehorses.lv\/ru\/wp-json\/wp\/v2\/product\/38960","targetHints":{"allow":["GET"]}}],"collection":[{"href":"https:\/\/emeniro.lovehorses.lv\/ru\/wp-json\/wp\/v2\/product"}],"about":[{"href":"https:\/\/emeniro.lovehorses.lv\/ru\/wp-json\/wp\/v2\/types\/product"}],"replies":[{"embeddable":true,"href":"https:\/\/emeniro.lovehorses.lv\/ru\/wp-json\/wp\/v2\/comments?post=38960"}],"wp:featuredmedia":[{"embeddable":true,"href":"https:\/\/emeniro.lovehorses.lv\/ru\/wp-json\/wp\/v2\/media\/38956"}],"wp:attachment":[{"href":"https:\/\/emeniro.lovehorses.lv\/ru\/wp-json\/wp\/v2\/media?parent=38960"}],"wp:term":[{"taxonomy":"product_brand","embeddable":true,"href":"https:\/\/emeniro.lovehorses.lv\/ru\/wp-json\/wp\/v2\/product_brand?post=38960"},{"taxonomy":"product_cat","embeddable":true,"href":"https:\/\/emeniro.lovehorses.lv\/ru\/wp-json\/wp\/v2\/product_cat?post=38960"},{"taxonomy":"product_tag","embeddable":true,"href":"https:\/\/emeniro.lovehorses.lv\/ru\/wp-json\/wp\/v2\/product_tag?post=38960"}],"curies":[{"name":"wp","href":"https:\/\/api.w.org\/{rel}","templated":true}]}}