{"id":39021,"date":"2026-05-01T04:45:17","date_gmt":"2026-05-01T04:45:17","guid":{"rendered":"https:\/\/emeniro.lovehorses.lv\/product\/makita-dur193z\/"},"modified":"2026-05-01T04:45:17","modified_gmt":"2026-05-01T04:45:17","slug":"makita-dur193z","status":"publish","type":"product","link":"https:\/\/emeniro.lovehorses.lv\/ru\/product\/makita-dur193z\/","title":{"rendered":"Makita DUR193Z"},"content":{"rendered":"<p>Produkta veids\u00a0\u00a0\u00a0\u00a0 Trimmeri<\/p>\n<p>Z\u012bmols\u00a0\u00a0\u00a0\u00a0 Makita<br \/>Modelis\u00a0\u00a0\u00a0\u00a0 DUR193Z<br \/>P\u013cau\u0161anas veids\u00a0\u00a0\u00a0\u00a0 Aukla<br \/>\u0420\u0430\u0437\u043c\u0435\u0440\u044b, \u0432\u0435\u0441 \u0438 \u0446\u0432\u0435\u0442<br \/>Garums\u00a0\u00a0\u00a0\u00a0 1330 mm<br \/>Svars\u00a0\u00a0\u00a0\u00a0 3 kg<br \/>Kr\u0101sa\u00a0\u00a0\u00a0\u00a0 Zila<br \/>\u041f\u0438\u0442\u0430\u043d\u0438\u0435<br \/>Akumulatora tips\u00a0\u00a0\u00a0\u00a0 Li-Ion<br \/>Nepiecie\u0161amais akumulatoru skaits\u00a0\u00a0\u00a0\u00a0 1<br \/>Akumulators iek\u013cauts komplekt\u0101\u00a0\u00a0\u00a0\u00a0 N\u0113<br \/>Akumulatora spriegums\u00a0\u00a0\u00a0\u00a0 18 V<br \/>L\u0101d\u0113t\u0101js iek\u013cauts\u00a0\u00a0\u00a0\u00a0 N\u0113<br \/>\u041c\u043e\u0449\u043d\u043e\u0441\u0442\u044c \u0438 \u043f\u0440\u043e\u0438\u0437\u0432\u043e\u0434\u0438\u0442\u0435\u043b\u044c\u043d\u043e\u0441\u0442\u044c<br \/>Darba platums\u00a0\u00a0\u00a0\u00a0 26 cm<br \/>Ieteicamais stiep\u013cu virves grie\u0161anas diametrs\u00a0\u00a0\u00a0\u00a0 1.65 mm<br \/>Elektrisk\u0101 dzin\u0113ja tips\u00a0\u00a0\u00a0\u00a0 Ar suk\u0101m<br \/>Maksim\u0101lais motora darb\u012bbas \u0101trums\u00a0\u00a0\u00a0\u00a0 7800 rpm<br \/>Trok\u0161\u0146a l\u012bmenis\u00a0\u00a0\u00a0\u00a0 89 dB<br \/>V\u0101rpstas tips\u00a0\u00a0\u00a0\u00a0 Teleskopiska caurule<br \/>\u0414\u043e\u043f\u043e\u043b\u043d\u0438\u0442\u0435\u043b\u044c\u043d\u043e<br \/>Roktura veids\u00a0\u00a0\u00a0\u00a0 Cilpa<br \/>Ar dro\u0161\u012bbas jostu\u00a0\u00a0\u00a0\u00a0 N\u0113<br \/>Garantija\u00a0\u00a0\u00a0\u00a0 24 m\u0113n<br \/>Papildus inform\u0101cija\u00a0\u00a0\u00a0\u00a0 Regul\u0113jams rokturis<br \/>Izcelsmes valsts\u00a0\u00a0\u00a0\u00a0 \u0136\u012bna<\/p><\/p>","protected":false},"excerpt":{"rendered":"<p>Produkta veids\u00a0\u00a0\u00a0\u00a0 Trimmeri Z\u012bmols\u00a0\u00a0\u00a0\u00a0 MakitaModelis\u00a0\u00a0\u00a0\u00a0 DUR193ZP\u013cau\u0161anas veids\u00a0\u00a0\u00a0\u00a0 AuklaIzm\u0113ri, svars un kr\u0101saGarums\u00a0\u00a0\u00a0\u00a0 1330 mmSvars\u00a0\u00a0\u00a0\u00a0 3 kgKr\u0101sa\u00a0\u00a0\u00a0\u00a0 ZilaBaro\u0161anaAkumulatora tips\u00a0\u00a0\u00a0\u00a0 Li-IonNepiecie\u0161amais akumulatoru skaits\u00a0\u00a0\u00a0\u00a0 1Akumulators iek\u013cauts komplekt\u0101\u00a0\u00a0\u00a0\u00a0 N\u0113Akumulatora spriegums\u00a0\u00a0\u00a0\u00a0 18 VL\u0101d\u0113t\u0101js iek\u013cauts\u00a0\u00a0\u00a0\u00a0 N\u0113Jauda un veiktsp\u0113jaDarba platums\u00a0\u00a0\u00a0\u00a0 26 cmIeteicamais stiep\u013cu virves grie\u0161anas diametrs\u00a0\u00a0\u00a0\u00a0 1.65 mmElektrisk\u0101 dzin\u0113ja tips\u00a0\u00a0\u00a0\u00a0 Ar suk\u0101mMaksim\u0101lais motora darb\u012bbas \u0101trums\u00a0\u00a0\u00a0\u00a0 7800 rpmTrok\u0161\u0146a l\u012bmenis\u00a0\u00a0\u00a0\u00a0 89 dBV\u0101rpstas tips\u00a0\u00a0\u00a0\u00a0 Teleskopiska caurulePapildusRoktura [&hellip;]<\/p>\n","protected":false},"featured_media":39008,"comment_status":"open","ping_status":"closed","template":"","meta":{"_joinchat":[]},"product_brand":[],"product_cat":[312],"product_tag":[],"class_list":{"0":"post-39021","1":"product","2":"type-product","3":"status-publish","4":"has-post-thumbnail","6":"product_cat-darza-tehnika-trimmeri","8":"first","9":"instock","10":"shipping-taxable","11":"purchasable","12":"product-type-simple"},"_links":{"self":[{"href":"https:\/\/emeniro.lovehorses.lv\/ru\/wp-json\/wp\/v2\/product\/39021","targetHints":{"allow":["GET"]}}],"collection":[{"href":"https:\/\/emeniro.lovehorses.lv\/ru\/wp-json\/wp\/v2\/product"}],"about":[{"href":"https:\/\/emeniro.lovehorses.lv\/ru\/wp-json\/wp\/v2\/types\/product"}],"replies":[{"embeddable":true,"href":"https:\/\/emeniro.lovehorses.lv\/ru\/wp-json\/wp\/v2\/comments?post=39021"}],"wp:featuredmedia":[{"embeddable":true,"href":"https:\/\/emeniro.lovehorses.lv\/ru\/wp-json\/wp\/v2\/media\/39008"}],"wp:attachment":[{"href":"https:\/\/emeniro.lovehorses.lv\/ru\/wp-json\/wp\/v2\/media?parent=39021"}],"wp:term":[{"taxonomy":"product_brand","embeddable":true,"href":"https:\/\/emeniro.lovehorses.lv\/ru\/wp-json\/wp\/v2\/product_brand?post=39021"},{"taxonomy":"product_cat","embeddable":true,"href":"https:\/\/emeniro.lovehorses.lv\/ru\/wp-json\/wp\/v2\/product_cat?post=39021"},{"taxonomy":"product_tag","embeddable":true,"href":"https:\/\/emeniro.lovehorses.lv\/ru\/wp-json\/wp\/v2\/product_tag?post=39021"}],"curies":[{"name":"wp","href":"https:\/\/api.w.org\/{rel}","templated":true}]}}