{"id":39217,"date":"2026-05-01T04:50:46","date_gmt":"2026-05-01T04:50:46","guid":{"rendered":"https:\/\/emeniro.lovehorses.lv\/product\/dyson-hs09-airwrap-co-anda2x-straightwavy-ceramic-pink-rose-gold\/"},"modified":"2026-05-01T04:50:46","modified_gmt":"2026-05-01T04:50:46","slug":"dyson-hs09-airwrap-co-anda2x-straightwavy-ceramic-pink-rose-gold","status":"publish","type":"product","link":"https:\/\/emeniro.lovehorses.lv\/ru\/product\/dyson-hs09-airwrap-co-anda2x-straightwavy-ceramic-pink-rose-gold\/","title":{"rendered":"Dyson HS09 Airwrap Co-anda2x \u0412\u044b\u043f\u0440\u044f\u043c\u0438\u0442\u0435\u043b\u044c+\u0412\u043e\u043b\u043d\u0438\u0441\u0442\u044b\u0435 \u041a\u0435\u0440\u0430\u043c\u0438\u0447\u0435\u0441\u043a\u0438\u0435 \u0420\u043e\u0437\u043e\u0432\u044b\u0439 \/ \u0420\u043e\u0437\u043e\u0432\u043e\u0435 \u0417\u043e\u043b\u043e\u0442\u043e"},"content":{"rendered":"<p>\u0421\u0435\u0440\u0438\u044f \/ \u043c\u043e\u0434\u0435\u043b\u044c:<\/p>\n<p>Dyson HS09 Airwrap<br \/>\u0422\u0438\u043f:\u0421\u0442\u0430\u0439\u043b\u0435\u0440 \u0434\u043b\u044f \u0432\u043e\u043b\u043e\u0441<br \/>\u0423\u043f\u0440\u0430\u0432\u043b\u0435\u043d\u0438\u0435:\u041c\u0435\u0445\u0430\u043d\u0438\u0447\u0435\u0441\u043a\u043e\u0435<br \/>\u041c\u043e\u0449\u043d\u043e\u0441\u0442\u044c (W):1700<br \/>\u041f\u043e\u0434\u0430\u0447\u0430 \u0445\u043e\u043b\u043e\u0434\u043d\u043e\u0433\u043e \u0432\u043e\u0437\u0434\u0443\u0445\u0430:\u0415\u0441\u0442\u044c<br \/>\u0420\u0435\u0433\u0443\u043b\u0438\u0440\u043e\u0432\u043a\u0430 \u0432\u043e\u0437\u0434\u0443\u0448\u043d\u043e\u0433\u043e \u043f\u043e\u0442\u043e\u043a\u0430:\u0415\u0441\u0442\u044c<br \/>\u0424\u0443\u043d\u043a\u0446\u0438\u0438 \u0438 \u043a\u043e\u043c\u043f\u043b\u0435\u043a\u0442\u0430\u0446\u0438\u044f<br \/>\u0411\u043e\u043b\u044c\u0448\u0430\u044f \u043a\u0440\u0443\u0433\u043b\u0430\u044f \u0449\u0435\u0442\u043a\u0430:\u0415\u0441\u0442\u044c<br \/>\u0421\u0440\u0435\u0434\u043d\u044f\u044f \u043a\u0440\u0443\u0433\u043b\u0430\u044f \u0449\u0435\u0442\u043a\u0430:\u0415\u0441\u0442\u044c<br \/>\u041c\u0430\u043b\u0435\u043d\u044c\u043a\u0430\u044f \u043a\u0440\u0443\u0433\u043b\u0430\u044f \u0449\u0435\u0442\u043a\u0430:\u0415\u0441\u0442\u044c<br \/>\u0429\u0435\u0442\u043a\u0430 \u0434\u043b\u044f \u043e\u0431\u044a\u0435\u043c\u0430:\u041d\u0435\u0442<br \/>\u0423\u0437\u043a\u0438\u0439 \u043a\u043e\u043d\u0446\u0435\u043d\u0442\u0440\u0430\u0442\u043e\u0440:\u041d\u0435\u0442<br \/>\u041f\u043b\u043e\u0439\u043a\u0430:\u041d\u0435\u0442<br \/>\u0418\u043e\u043d\u0438\u0437\u0430\u0446\u0438\u044f:\u041d\u0435\u0442<br \/>\u0410\u0432\u0442\u043e\u043c\u0430\u0442\u0438\u0447\u0435\u0441\u043a\u043e\u0435 \u0432\u0440\u0430\u0449\u0435\u043d\u0438\u0435 \u043d\u0430\u0441\u0430\u0434\u043e\u043a:\u041d\u0435\u0442<br \/>\u041e\u0442\u043a\u043b\u044e\u0447\u0435\u043d\u0438\u0435 \u043f\u0440\u0438 \u043f\u0435\u0440\u0435\u0433\u0440\u0443\u0437\u043a\u0435:\u041d\u0435\u0442<br \/>\u041a\u043e\u043c\u043f\u043b\u0435\u043a\u0442\u0430\u0446\u0438\u044f:<br \/>2x \u0431\u044b\u0441\u0442\u0440\u044b\u0439 \u0444\u0435\u043d, 2x \u043a\u0440\u0443\u0433\u043b\u0430\u044f \u0449\u0435\u0442\u043a\u0430 \u0434\u043b\u044f \u043e\u0431\u044a\u0435\u043c\u0430, 2x \u0449\u0435\u0442\u043a\u0430 \u043f\u0440\u043e\u0442\u0438\u0432 \u0441\u043f\u0443\u0442\u044b\u0432\u0430\u043d\u0438\u044f \u0432\u043e\u043b\u043e\u0441, \u043d\u0430\u0441\u0430\u0434\u043a\u0430 AirSmooth2x, 40 \u043c\u043c Co-anda2x \u0440\u043e\u043b\u0438\u043a \u0434\u043b\u044f \u0437\u0430\u0432\u0438\u0432\u043a\u0438, 30 \u043c\u043c Co-anda2x \u0440\u043e\u043b\u0438\u043a \u0434\u043b\u044f \u0437\u0430\u0432\u0438\u0432\u043a\u0438, \u0441\u0443\u043c\u043a\u0430 \u0434\u043b\u044f \u0445\u0440\u0430\u043d\u0435\u043d\u0438\u044f\u00a0<\/p><\/p>","protected":false},"excerpt":{"rendered":"<p>S\u0113rija \/ modelis: Dyson HS09 AirwrapTips:Matu veidot\u0101jsVad\u012bba:Meh\u0101niskaJauda (W):1700V\u0113s\u0101 gaisa pl\u016bsma:IrGaisa pl\u016bsmas regul\u0113\u0161ana:IrFunkcijas un komplekt\u0101cijaLiela apa\u013ca \u0137emme:IrVid\u0113ja apa\u013ca \u0137emme:IrMaza apa\u013ca \u0137emme:Ir\u0136emme apjoma palielin\u0101\u0161anai:Nav\u0160aurs koncentrators:NavLok\u0161\u0137\u0113res:NavIoniz\u0101cija:NavAutom\u0101tiska uzga\u013cu rot\u0113\u0161ana:NavAtsl\u0113g\u0161an\u0101s p\u0101rslodzes gad\u012bjum\u0101:NavKomplekt\u0101cija:2x \u0101trais matu \u017e\u0101v\u0113t\u0101js, 2x apa\u013c\u0101 suka apjomam, 2x suka, kas nov\u0113r\u0161 matu pinko\u0161anos, AirSmooth2x uzgalis, 40 mm Co-anda2x matu cirto\u0161anas rullis, 30 mm Co-anda2x matu cirto\u0161anas rullis, Uzglab\u0101\u0161anas [&hellip;]<\/p>\n","protected":false},"featured_media":39208,"comment_status":"open","ping_status":"closed","template":"","meta":{"_joinchat":[]},"product_brand":[356],"product_cat":[373],"product_tag":[],"class_list":{"0":"post-39217","1":"product","2":"type-product","3":"status-publish","4":"has-post-thumbnail","6":"product_brand-dyson","7":"product_cat-skaistumam-matu-feni","9":"first","10":"instock","11":"shipping-taxable","12":"purchasable","13":"product-type-simple"},"_links":{"self":[{"href":"https:\/\/emeniro.lovehorses.lv\/ru\/wp-json\/wp\/v2\/product\/39217","targetHints":{"allow":["GET"]}}],"collection":[{"href":"https:\/\/emeniro.lovehorses.lv\/ru\/wp-json\/wp\/v2\/product"}],"about":[{"href":"https:\/\/emeniro.lovehorses.lv\/ru\/wp-json\/wp\/v2\/types\/product"}],"replies":[{"embeddable":true,"href":"https:\/\/emeniro.lovehorses.lv\/ru\/wp-json\/wp\/v2\/comments?post=39217"}],"wp:featuredmedia":[{"embeddable":true,"href":"https:\/\/emeniro.lovehorses.lv\/ru\/wp-json\/wp\/v2\/media\/39208"}],"wp:attachment":[{"href":"https:\/\/emeniro.lovehorses.lv\/ru\/wp-json\/wp\/v2\/media?parent=39217"}],"wp:term":[{"taxonomy":"product_brand","embeddable":true,"href":"https:\/\/emeniro.lovehorses.lv\/ru\/wp-json\/wp\/v2\/product_brand?post=39217"},{"taxonomy":"product_cat","embeddable":true,"href":"https:\/\/emeniro.lovehorses.lv\/ru\/wp-json\/wp\/v2\/product_cat?post=39217"},{"taxonomy":"product_tag","embeddable":true,"href":"https:\/\/emeniro.lovehorses.lv\/ru\/wp-json\/wp\/v2\/product_tag?post=39217"}],"curies":[{"name":"wp","href":"https:\/\/api.w.org\/{rel}","templated":true}]}}