{"id":40052,"date":"2026-05-01T05:16:31","date_gmt":"2026-05-01T05:16:31","guid":{"rendered":"https:\/\/emeniro.lovehorses.lv\/product\/philips-ovi-smart-xxl-hd9876-90\/"},"modified":"2026-05-01T05:16:31","modified_gmt":"2026-05-01T05:16:31","slug":"philips-ovi-smart-xxl-hd9876-90","status":"publish","type":"product","link":"https:\/\/emeniro.lovehorses.lv\/ru\/product\/philips-ovi-smart-xxl-hd9876-90\/","title":{"rendered":"Philips Ovi Smart XXL HD9876\/90"},"content":{"rendered":"<p><span class=\"HwtZe\" lang=\"lv\"><span class=\"jCAhz ChMk0b\"><span class=\"ryNqvb\">\u0422\u0438\u043f \u043f\u0440\u043e\u0434\u0443\u043a\u0442\u0430: \u0410\u044d\u0440\u043e\u0433\u0440\u0438\u043b\u044c<\/span><\/span><\/span><\/p>\n<p><span class=\"HwtZe\" lang=\"lv\"><span class=\"jCAhz ChMk0b\"><span class=\"ryNqvb\">\u041e\u0431\u044a\u0435\u043c: 8,3 \u043b<br \/>\u0412\u043c\u0435\u0441\u0442\u0438\u043c\u043e\u0441\u0442\u044c \u0434\u043b\u044f \u0437\u0430\u043f\u0435\u043a\u0430\u043d\u0438\u044f: 2 \u043a\u0433<br \/>\u041c\u043e\u0449\u043d\u043e\u0441\u0442\u044c: 2200 \u0412\u0442<br \/>\u0422\u0438\u043f \u043a\u043e\u043d\u0441\u0442\u0440\u0443\u043a\u0446\u0438\u0438: \u041e\u0434\u0438\u043d<br \/>\u0426\u0432\u0435\u0442 \u0438\u0437\u0434\u0435\u043b\u0438\u044f: \u0427\u0435\u0440\u043d\u044b\u0439<br \/>\u0422\u0438\u043f \u0443\u043f\u0440\u0430\u0432\u043b\u0435\u043d\u0438\u044f: \u041f\u043e\u0432\u043e\u0440\u043e\u0442\u043d\u044b\u0439, \u0421\u0435\u043d\u0441\u043e\u0440\u043d\u044b\u0439 \u044d\u043a\u0440\u0430\u043d<br \/>\u0422\u0438\u043f \u0434\u0438\u0441\u043f\u043b\u0435\u044f: LED<br \/>\u0426\u0438\u0444\u0440\u043e\u0432\u044b\u0435 \u0447\u0430\u0441\u044b: \u0414\u0430<br \/>\u041a\u043e\u043b\u0438\u0447\u0435\u0441\u0442\u0432\u043e \u043f\u0440\u043e\u0433\u0440\u0430\u043c\u043c: 22<br \/>\u0424\u0443\u043d\u043a\u0446\u0438\u044f \u0437\u0430\u043f\u0435\u043a\u0430\u043d\u0438\u044f: \u0414\u0430<br \/>\u0424\u0443\u043d\u043a\u0446\u0438\u044f \u0437\u0430\u043f\u0435\u043a\u0430\u043d\u0438\u044f: \u0414\u0430<br \/>\u0413\u0440\u0438\u043b\u044c \u0444\u0443\u043d\u043a\u0446\u0438\u044f: \u0414\u0430<br \/>\u0424\u0443\u043d\u043a\u0446\u0438\u044f \u0434\u0435\u0433\u0438\u0434\u0440\u0430\u0442\u0430\u0446\u0438\u0438: \u0414\u0430<br \/>\u0420\u0435\u0433\u0443\u043b\u0438\u0440\u0443\u0435\u043c\u044b\u0439 \u0442\u0435\u0440\u043c\u043e\u0441\u0442\u0430\u0442: \u0414\u0430<br \/>\u0410\u0432\u0442\u043e\u043c\u0430\u0442\u0438\u0447\u0435\u0441\u043a\u043e\u0435 \u0432\u044b\u043a\u043b\u044e\u0447\u0435\u043d\u0438\u0435: \u0414\u0430<br \/>\u041a\u043e\u0440\u043f\u0443\u0441 \u0441 \u0445\u043e\u043b\u043e\u0434\u043d\u043e\u0439 \u0441\u0435\u043d\u0441\u043e\u0440\u043d\u043e\u0439 \u043f\u043e\u0432\u0435\u0440\u0445\u043d\u043e\u0441\u0442\u044c\u044e: \u0414\u0430<br \/>\u0421\u044a\u0435\u043c\u043d\u0430\u044f \u0447\u0430\u0448\u0430: \u0414\u0430<br \/>\u0414\u043b\u0438\u043d\u0430 \u0448\u043d\u0443\u0440\u0430: 1 \u043c<br \/>\u0412\u0435\u0441 \u0438\u0437\u0434\u0435\u043b\u0438\u044f: 9,4 \u043a\u0433<br \/>\u0420\u0430\u0437\u043c\u0435\u0440\u044b (\u0428 x \u0412 x \u0413): 335 \u043c\u043c x 351 \u043c\u043c x 447 \u043c\u043c<br \/>\u0412\u043e\u0434\u043e\u043d\u0435\u043f\u0440\u043e\u043d\u0438\u0446\u0430\u0435\u043c\u044b\u0435 \u0434\u0435\u0442\u0430\u043b\u0438: \u0414\u0430<br \/>\u041b\u0435\u0433\u043a\u043e \u0447\u0438\u0441\u0442\u0438\u0442\u0441\u044f: \u0414\u0430<br \/>\u0424\u0443\u043d\u043a\u0446\u0438\u044f \u043f\u043e\u0434\u0434\u0435\u0440\u0436\u0430\u043d\u0438\u044f \u0442\u0435\u043f\u043b\u0430: \u0414\u0430<\/span><\/span><\/span><\/p><\/p>","protected":false},"excerpt":{"rendered":"<p>Produkta veids: Aerogrils Tilpums: 8,3 lCep\u0161anas jauda: 2 kgJauda: 2200 WKonstrukcijas veids: ViensProdukta kr\u0101sa: MelnaVad\u012bbas veids: Rot\u0101cijas, Sk\u0101rienekr\u0101nsDispleja veids: LEDDigit\u0101lais pulkstenis: J\u0101Programmu skaits: 22Cep\u0161anas funkcija: J\u0101Cep\u0161anas funkcija: J\u0101Grila funkcija: J\u0101Dehidrat\u0101cijas funkcija: J\u0101Regul\u0113jams termostats: J\u0101Autom\u0101tiska izsl\u0113g\u0161an\u0101s: J\u0101V\u0113ss-sk\u0101rienj\u016bt\u012bgs korpuss: J\u0101No\u0146emama b\u013coda: J\u0101Vada garums: 1 mProdukta svars: 9,4 kgIzm\u0113ri (P x A x Dz): 335 mm x 351 [&hellip;]<\/p>\n","protected":false},"featured_media":40045,"comment_status":"open","ping_status":"closed","template":"","meta":{"_joinchat":[]},"product_brand":[307],"product_cat":[349],"product_tag":[],"class_list":{"0":"post-40052","1":"product","2":"type-product","3":"status-publish","4":"has-post-thumbnail","6":"product_brand-philips","7":"product_cat-maza-sadzives-tehnika-aerogrili-karsta-gaisa-friteri-taukvares-katli","9":"first","10":"instock","11":"shipping-taxable","12":"purchasable","13":"product-type-simple"},"_links":{"self":[{"href":"https:\/\/emeniro.lovehorses.lv\/ru\/wp-json\/wp\/v2\/product\/40052","targetHints":{"allow":["GET"]}}],"collection":[{"href":"https:\/\/emeniro.lovehorses.lv\/ru\/wp-json\/wp\/v2\/product"}],"about":[{"href":"https:\/\/emeniro.lovehorses.lv\/ru\/wp-json\/wp\/v2\/types\/product"}],"replies":[{"embeddable":true,"href":"https:\/\/emeniro.lovehorses.lv\/ru\/wp-json\/wp\/v2\/comments?post=40052"}],"wp:featuredmedia":[{"embeddable":true,"href":"https:\/\/emeniro.lovehorses.lv\/ru\/wp-json\/wp\/v2\/media\/40045"}],"wp:attachment":[{"href":"https:\/\/emeniro.lovehorses.lv\/ru\/wp-json\/wp\/v2\/media?parent=40052"}],"wp:term":[{"taxonomy":"product_brand","embeddable":true,"href":"https:\/\/emeniro.lovehorses.lv\/ru\/wp-json\/wp\/v2\/product_brand?post=40052"},{"taxonomy":"product_cat","embeddable":true,"href":"https:\/\/emeniro.lovehorses.lv\/ru\/wp-json\/wp\/v2\/product_cat?post=40052"},{"taxonomy":"product_tag","embeddable":true,"href":"https:\/\/emeniro.lovehorses.lv\/ru\/wp-json\/wp\/v2\/product_tag?post=40052"}],"curies":[{"name":"wp","href":"https:\/\/api.w.org\/{rel}","templated":true}]}}