{"id":40191,"date":"2026-05-01T05:21:51","date_gmt":"2026-05-01T05:21:51","guid":{"rendered":"https:\/\/emeniro.lovehorses.lv\/product\/delonghi-ecam290-61-b\/"},"modified":"2026-05-01T05:21:51","modified_gmt":"2026-05-01T05:21:51","slug":"delonghi-ecam290-61-b","status":"publish","type":"product","link":"https:\/\/emeniro.lovehorses.lv\/ru\/product\/delonghi-ecam290-61-b\/","title":{"rendered":"DeLonghi ECAM290.61.B"},"content":{"rendered":"<p>Produkta veids\u00a0 \u00a0 \u00a0Autom\u0101tiskie kafijas autom\u0101ti<\/p>\n<p>Z\u012bmols\u00a0 \u00a0 \u00a0DeLonghi<br \/>Modelis\u00a0 \u00a0 \u00a0ECAM290.61.B<br \/>Kafijas autom\u0101ta veids\u00a0 \u00a0 \u00a0Autom\u0101tisks<br \/>Piena sist\u0113mas tips\u00a0 \u00a0 \u00a0Integr\u0113ta piena tvertne<br \/>Jauda\u00a0 \u00a0 1450 W<br \/>Maksim\u0101lais darba spiediens\u00a0 \u00a0 15 Bar<br \/>Korpusa materi\u0101ls\u00a0 \u00a0 \u00a0Plastmasa<br \/>Izcelsmes valsts\u00a0 \u00a0 \u00a0Rum\u0101nija<br \/>\u016adens filtrs\u00a0 \u00a0 J\u0101<br \/>Kr\u0101sa\u00a0 \u00a0 \u00a0Melna<br \/>Ekr\u0101ns\u00a0 \u00a0 \u00a0J\u0101<br \/>Ekr\u0101na tips\u00a0 \u00a0 \u00a0Kr\u0101su sk\u0101rienj\u016bt\u012bgs ekr\u0101ns<br \/>\u0412\u0438\u0434\u044b \u043a\u043e\u0444\u0435 \u0438 \u043f\u0440\u0438\u0433\u043e\u0442\u043e\u0432\u043b\u0435\u043d\u0438\u0435<br \/>Kafijas veids\u00a0 \u00a0 Kafijas pupi\u0146as, Malta kafija<br \/>Kafijas pagatavo\u0161anas metodes\u00a0 \u00a0 Caff\u00e8 latte, Espresso, Kafija, Kapu\u010dino<br \/>Kafijas stipruma regul\u0113\u0161ana\u00a0 \u00a0 J\u0101<br \/>Iestat\u0101mi un individu\u0101li piel\u0101gojami kafijas stipruma l\u012bme\u0146i\u00a0 \u00a0 \u00a03<br \/>\u0424\u0443\u043d\u043a\u0446\u0438\u0438 \u0438 \u0432\u043e\u0437\u043c\u043e\u0436\u043d\u043e\u0441\u0442\u0438<br \/>\u016adens ciet\u012bbas regul\u0113\u0161ana\u00a0 \u00a0 N\u0113<br \/>Vienlaic\u012bgi sagatavo vair\u0101kas devas\u00a0 \u00a0 J\u0101<br \/>Kr\u016bzes uzsild\u012b\u0161ana\u00a0 \u00a0 N\u0113<br \/>Tvaika uzgalis\u00a0 \u00a0 J\u0101<br \/>Saglab\u0101 kafijas veidus\u00a0 \u00a0 J\u0101<br \/>Programm\u0113jama \u016bdens temperat\u016bra\u00a0 \u00a0 \u00a0J\u0101<br \/>Programm\u0113jams kafijas daudzums\u00a0 \u00a0 \u00a0J\u0101<br \/>Ar manometru\u00a0 \u00a0 N\u0113<br \/>Autom\u0101tisk\u0101 izsl\u0113g\u0161an\u0101s\u00a0 \u00a0 \u00a0J\u0101<br \/>Aukstu dz\u0113rienu pagatavo\u0161ana\u00a0 \u00a0 \u00a0N\u0113<br \/>Pulvera tekne maltai kafijai\u00a0 \u00a0 \u00a0J\u0101<br \/>Porcijas izv\u0113le melnai kafijai\u00a0 \u00a0 \u00a02<br \/>Porcijas izv\u0113le kafijai ar pienu\u00a0 \u00a0 \u00a01<br \/>Programm\u0113jams porcijas lielums\u00a0 \u00a0 \u00a0J\u0101<br \/>Karst\u0101 \u016bdens sagatavo\u0161ana\u00a0 \u00a0 \u00a0J\u0101<br \/>Karst\u0101 piena pagatavo\u0161ana\u00a0 \u00a0 \u00a0J\u0101<br \/>Vad\u012bbas tips\u00a0 \u00a0 \u00a0Autom\u0101tisk\u0101<br \/>Kafijas pagatavo\u0161anas temperat\u016bru iesp\u0113jams uzst\u0101d\u012bt vair\u0101k\u0101s pak\u0101p\u0113s\u00a0 \u00a0 \u00a03<br \/>\u041a\u043e\u0444\u0435\u043c\u043e\u043b\u043a\u0430<br \/>Kafijas dzirnavi\u0146as\u00a0 \u00a0 J\u0101<br \/>Regul\u0113jama kafijas smalcin\u0101\u0161ana\u00a0 \u00a0 J\u0101<br \/>Kafijas pupi\u0146u ietilp\u012bba\u00a0 \u00a0 \u00a0250 g<br \/>Piena trauka tilpums\u00a0 \u00a0 \u00a00.22 l<br \/>Kafijas padeves kr\u0101na augstums\u00a0 \u00a0 \u00a086 \u2013 140 mm<br \/>Arom\u0101ta saglab\u0101\u0161anas v\u0101ks\u00a0 \u00a0 \u00a0J\u0101<br \/>\u0420\u0435\u0437\u0435\u0440\u0432\u0443\u0430\u0440\u044b<br \/>\u016adens tvertne\u00a0 \u00a0 \u00a01.8 l<br \/>Kafijas konteiners (trauks)\u00a0 \u00a0 14<br \/>Piena trauks\u00a0 \u00a0 J\u0101<br \/>\u041e\u0447\u0438\u0441\u0442\u043a\u0430<br \/>Autom\u0101tiska mazg\u0101\u0161ana\u00a0 \u00a0 J\u0101<br \/>Autom\u0101tisk\u0101 atka\u013c\u0137o\u0161an\u0101s\u00a0 \u00a0 J\u0101<br \/>Autom\u0101tiska piena sist\u0113mas t\u012br\u012b\u0161ana\u00a0 \u00a0 \u00a0J\u0101<br \/>Integr\u0113tas skalo\u0161anas, t\u012br\u012b\u0161anas un ka\u013c\u0137akmens no\u0146em\u0161anas programmas\u00a0 \u00a0 \u00a0J\u0101<br \/>\u0420\u0430\u0437\u043c\u0435\u0440\u044b \u0438 \u0432\u0435\u0441<br \/>Dzi\u013cums\u00a0 \u00a0 \u00a036 cm<br \/>Platums\u00a0 \u00a0 \u00a024 cm<br \/>Augstums\u00a0 \u00a0 \u00a044 cm<br \/>Svars\u00a0 \u00a0 \u00a09.6 kg<br \/>\u0414\u043e\u043f\u043e\u043b\u043d\u0438\u0442\u0435\u043b\u044c\u043d\u043e<br \/>Komplekt\u0101cija\u00a0 \u00a0 \u00a0M\u0113rkarote maltai kafijai, Atka\u013c\u0137o\u0161anas \u0161\u0137idrums, Piena trauks, \u016adens filtrs, \u016adens ciet\u012bbas p\u0101rbaudes sloksne\u00a0<\/p><\/p>","protected":false},"excerpt":{"rendered":"<p>Produkta veids\u00a0 \u00a0 \u00a0Autom\u0101tiskie kafijas autom\u0101ti Z\u012bmols\u00a0 \u00a0 \u00a0DeLonghiModelis\u00a0 \u00a0 \u00a0ECAM290.61.BKafijas autom\u0101ta veids\u00a0 \u00a0 \u00a0Autom\u0101tisksPiena sist\u0113mas tips\u00a0 \u00a0 \u00a0Integr\u0113ta piena tvertneJauda\u00a0 \u00a0 1450 WMaksim\u0101lais darba spiediens\u00a0 \u00a0 15 BarKorpusa materi\u0101ls\u00a0 \u00a0 \u00a0PlastmasaIzcelsmes valsts\u00a0 \u00a0 \u00a0Rum\u0101nija\u016adens filtrs\u00a0 \u00a0 J\u0101Kr\u0101sa\u00a0 \u00a0 \u00a0MelnaEkr\u0101ns\u00a0 \u00a0 \u00a0J\u0101Ekr\u0101na tips\u00a0 \u00a0 \u00a0Kr\u0101su sk\u0101rienj\u016bt\u012bgs ekr\u0101nsKafijas veidi un pagatavo\u0161anaKafijas veids\u00a0 \u00a0 Kafijas pupi\u0146as, Malta [&hellip;]<\/p>\n","protected":false},"featured_media":40179,"comment_status":"open","ping_status":"closed","template":"","meta":{"_joinchat":[]},"product_brand":[],"product_cat":[314],"product_tag":[],"class_list":{"0":"post-40191","1":"product","2":"type-product","3":"status-publish","4":"has-post-thumbnail","6":"product_cat-maza-sadzives-tehnika-kafijas-automati","8":"first","9":"instock","10":"shipping-taxable","11":"purchasable","12":"product-type-simple"},"_links":{"self":[{"href":"https:\/\/emeniro.lovehorses.lv\/ru\/wp-json\/wp\/v2\/product\/40191","targetHints":{"allow":["GET"]}}],"collection":[{"href":"https:\/\/emeniro.lovehorses.lv\/ru\/wp-json\/wp\/v2\/product"}],"about":[{"href":"https:\/\/emeniro.lovehorses.lv\/ru\/wp-json\/wp\/v2\/types\/product"}],"replies":[{"embeddable":true,"href":"https:\/\/emeniro.lovehorses.lv\/ru\/wp-json\/wp\/v2\/comments?post=40191"}],"wp:featuredmedia":[{"embeddable":true,"href":"https:\/\/emeniro.lovehorses.lv\/ru\/wp-json\/wp\/v2\/media\/40179"}],"wp:attachment":[{"href":"https:\/\/emeniro.lovehorses.lv\/ru\/wp-json\/wp\/v2\/media?parent=40191"}],"wp:term":[{"taxonomy":"product_brand","embeddable":true,"href":"https:\/\/emeniro.lovehorses.lv\/ru\/wp-json\/wp\/v2\/product_brand?post=40191"},{"taxonomy":"product_cat","embeddable":true,"href":"https:\/\/emeniro.lovehorses.lv\/ru\/wp-json\/wp\/v2\/product_cat?post=40191"},{"taxonomy":"product_tag","embeddable":true,"href":"https:\/\/emeniro.lovehorses.lv\/ru\/wp-json\/wp\/v2\/product_tag?post=40191"}],"curies":[{"name":"wp","href":"https:\/\/api.w.org\/{rel}","templated":true}]}}