{"id":40529,"date":"2026-05-01T05:32:44","date_gmt":"2026-05-01T05:32:44","guid":{"rendered":"https:\/\/emeniro.lovehorses.lv\/product\/bosch-twk1m124\/"},"modified":"2026-05-01T05:32:44","modified_gmt":"2026-05-01T05:32:44","slug":"bosch-twk1m124","status":"publish","type":"product","link":"https:\/\/emeniro.lovehorses.lv\/ru\/product\/bosch-twk1m124\/","title":{"rendered":"Bosch TWK1M124"},"content":{"rendered":"<table width=\"70%\">\n<tr>\n<td>\n<table class=\"spec\">\n<tr class=\"odd\">\n<td class=\"specleft\">\u041e\u0441\u043e\u0431\u044b\u0435 \u0445\u0430\u0440\u0430\u043a\u0442\u0435\u0440\u0438\u0441\u0442\u0438\u043a\u0438<\/td>\n<td class=\"specright\">\u0422\u0440\u043e\u0439\u043d\u0430\u044f \u0431\u0435\u0437\u043e\u043f\u0430\u0441\u043d\u043e\u0441\u0442\u044c \u2013 \u0430\u0432\u0442\u043e\u043c\u0430\u0442\u0438\u0447\u0435\u0441\u043a\u043e\u0435 \u043e\u0442\u043a\u043b\u044e\u0447\u0435\u043d\u0438\u0435, \u0437\u0430\u0449\u0438\u0442\u0430 \u043e\u0442 \u043f\u0435\u0440\u0435\u0433\u0440\u0435\u0432\u0430 \u0438 \u0432\u043a\u043b\u044e\u0447\u0435\u043d\u0438\u044f \u0431\u0435\u0437 \u0432\u043e\u0434\u044b, \u043e\u0442\u043a\u043b\u044e\u0447\u0435\u043d\u0438\u0435 \u043f\u0440\u0438 \u0441\u043d\u044f\u0442\u0438\u0438 \u0447\u0430\u0439\u043d\u0438\u043a\u0430 \u0441 \u0431\u0430\u0437\u044b. \u0424\u0438\u043b\u044c\u0442\u0440 \u043e\u0442 \u043d\u0430\u043a\u0438\u043f\u0438, \u0438\u043d\u0434\u0438\u043a\u0430\u0442\u043e\u0440 \u0443\u0440\u043e\u0432\u043d\u044f \u0432\u043e\u0434\u044b, \u044d\u0440\u0433\u043e\u043d\u043e\u043c\u0438\u0447\u043d\u043e\u0435 \u0438\u0441\u043f\u043e\u043b\u044c\u0437\u043e\u0432\u0430\u043d\u0438\u0435<\/td>\n<\/tr>\n<tr class=\"even\">\n<td class=\"specleft\">\u0426\u0432\u0435\u0442<\/td>\n<td class=\"specright\">\u041a\u0440\u0430\u0441\u043d\u044b\u0439<\/td>\n<\/tr>\n<tr class=\"odd\">\n<td class=\"specleft\">\u0411\u0435\u0441\u043f\u0440\u043e\u0432\u043e\u0434\u043d\u0430\u044f \u0431\u0430\u0437\u0430 \u0441 \u043f\u043e\u0432\u043e\u0440\u043e\u0442\u043d\u043e\u0439 \u043f\u043e\u0434\u0441\u0442\u0430\u0432\u043a\u043e\u0439<\/td>\n<td class=\"specright\">+<\/td>\n<\/tr>\n<tr class=\"even\">\n<td class=\"specleft\">\u041c\u0430\u0442\u0435\u0440\u0438\u0430\u043b \u043a\u0443\u0432\u0448\u0438\u043d\u0430<\/td>\n<td class=\"specright\">\u041f\u043b\u0430\u0441\u0442\u0438\u043a<\/td>\n<\/tr>\n<tr class=\"odd\">\n<td class=\"specleft\">\u0414\u043b\u0438\u043d\u0430 \u044d\u043b\u0435\u043a\u0442\u0440\u0438\u0447\u0435\u0441\u043a\u043e\u0433\u043e \u0448\u043d\u0443\u0440\u0430 (\u043c)<\/td>\n<td class=\"specright\">0,8<\/td>\n<\/tr>\n<tr class=\"even\">\n<td class=\"specleft\">\u041c\u043e\u0449\u043d\u043e\u0441\u0442\u044c (\u0412\u0442)<\/td>\n<td class=\"specright\">2400<\/td>\n<\/tr>\n<tr class=\"odd\">\n<td class=\"specleft\">\u0420\u0435\u0433\u0443\u043b\u0438\u0440\u0443\u0435\u043c\u044b\u0439 \u0442\u0435\u0440\u043c\u043e\u0441\u0442\u0430\u0442<\/td>\n<td class=\"specright\">\u2013<\/td>\n<\/tr>\n<tr class=\"even\">\n<td class=\"specleft\">\u041e\u0431\u044a\u0435\u043c (\u043b)<\/td>\n<td class=\"specright\">1,7<\/td>\n<\/tr>\n<tr class=\"odd\">\n<td class=\"specleft\">\u0412\u0435\u0441 (\u043a\u0433)<\/td>\n<td class=\"specright\">1,2<\/td>\n<\/tr>\n<\/table>\n<\/td>\n<\/tr>\n<\/table>","protected":false},"excerpt":{"rendered":"<p>Special features Kolmekordne ohutus \u2013 automaatne v\u00e4ljal\u00fclitamine, \u00fclekuumenemise ja kuivalt keetmise kaitse ning v\u00e4ljal\u00fclitamine kannu t\u00f5stmisel. Katlakivifilter, tassin\u00e4idik, ergonoomiline kasutamine Color Red Cordless base with swivel base + Jug material Plastic Length electrical cord (m) 0,8 Jauda (W) 2400 Variable thermostat \u2013 Volume (l) 1,7 Svars (kg) 1,2<\/p>","protected":false},"featured_media":40524,"comment_status":"open","ping_status":"closed","template":"","meta":{"_joinchat":[]},"product_brand":[281],"product_cat":[333],"product_tag":[],"class_list":{"0":"post-40529","1":"product","2":"type-product","3":"status-publish","4":"has-post-thumbnail","6":"product_brand-bosch","7":"product_cat-maza-sadzives-tehnika-elektriskas-tejkannas","9":"first","10":"instock","11":"shipping-taxable","12":"purchasable","13":"product-type-simple"},"_links":{"self":[{"href":"https:\/\/emeniro.lovehorses.lv\/ru\/wp-json\/wp\/v2\/product\/40529","targetHints":{"allow":["GET"]}}],"collection":[{"href":"https:\/\/emeniro.lovehorses.lv\/ru\/wp-json\/wp\/v2\/product"}],"about":[{"href":"https:\/\/emeniro.lovehorses.lv\/ru\/wp-json\/wp\/v2\/types\/product"}],"replies":[{"embeddable":true,"href":"https:\/\/emeniro.lovehorses.lv\/ru\/wp-json\/wp\/v2\/comments?post=40529"}],"wp:featuredmedia":[{"embeddable":true,"href":"https:\/\/emeniro.lovehorses.lv\/ru\/wp-json\/wp\/v2\/media\/40524"}],"wp:attachment":[{"href":"https:\/\/emeniro.lovehorses.lv\/ru\/wp-json\/wp\/v2\/media?parent=40529"}],"wp:term":[{"taxonomy":"product_brand","embeddable":true,"href":"https:\/\/emeniro.lovehorses.lv\/ru\/wp-json\/wp\/v2\/product_brand?post=40529"},{"taxonomy":"product_cat","embeddable":true,"href":"https:\/\/emeniro.lovehorses.lv\/ru\/wp-json\/wp\/v2\/product_cat?post=40529"},{"taxonomy":"product_tag","embeddable":true,"href":"https:\/\/emeniro.lovehorses.lv\/ru\/wp-json\/wp\/v2\/product_tag?post=40529"}],"curies":[{"name":"wp","href":"https:\/\/api.w.org\/{rel}","templated":true}]}}