{"id":40929,"date":"2026-05-01T05:45:48","date_gmt":"2026-05-01T05:45:48","guid":{"rendered":"https:\/\/emeniro.lovehorses.lv\/product\/aeg-ta5pb531ab\/"},"modified":"2026-05-01T05:45:48","modified_gmt":"2026-05-01T05:45:48","slug":"aeg-ta5pb531ab","status":"publish","type":"product","link":"https:\/\/emeniro.lovehorses.lv\/ru\/product\/aeg-ta5pb531ab\/","title":{"rendered":"AEG TA5PB531AB"},"content":{"rendered":"<p>Izcelsmes valsts:\u00a0 \u00a0 V\u0101cija<\/p>\n<p>Ener\u0123ijas avots:\u00a0 \u00a0 Electric<br \/>Cepe\u0161kr\u0101sns veids:\u00a0 \u00a0 Independent<br \/>Cepe\u0161kr\u0101sns t\u012br\u012b\u0161anas funkcija:\u00a0 \u00a0 Pyroluxe<br \/>Tvaika veids:\u00a0 \u00a0 Added steam (without steam generator)<br \/>Kr\u0101sa:\u00a0 \u00a0 Black<br \/>Vad\u012bba:\u00a0 \u00a0 Push in push out knobs (PIPO) \/ Touch control<br \/>Vad\u012bbas panelis:\u00a0 \u00a0 Glass<br \/>Mikrovi\u013c\u0146u funkcija:\u00a0 \u00a0 N\u0113<br \/>Teleskopisk\u0101s sliedes:\u00a0 \u00a0 1 level<br \/>Ga\u013cas termometrs:\u00a0 \u00a0 J\u0101<br \/>Viegla durvju aizv\u0113r\u0161ana:\u00a0 \u00a0 J\u0101<br \/>B\u0113rnu dro\u0161\u012bbas aizsardz\u012bba:\u00a0 \u00a0 J\u0101<br \/>Durti\u0146u atv\u0113r\u0161anas virziens:\u00a0 \u00a0 Regular<br \/>Cepe\u0161kr\u0101sns durvju stiklu skaits:\u00a0 \u00a0 4<br \/>\u0100tr\u0101s uzkars\u0113\u0161anas funkcija:\u00a0 \u00a0 J\u0101<br \/>Konvekcija:\u00a0 \u00a0 J\u0101<br \/>Energoefektivit\u0101tes klase:\u00a0 \u00a0 A+<br \/>Standartiz\u0113ts augstums:\u00a0 \u00a0 60 cm<br \/>Standartiz\u0113ts platums:\u00a0 \u00a0 60 cm<br \/>Wi-Fi:\u00a0 \u00a0 J\u0101<br \/>Ra\u017eot\u0101js:\u00a0 \u00a0 AEG<br \/>Standarta kars\u0113\u0161anas funkciju skaits:\u00a0 \u00a0 9<br \/>Ietilp\u012bba:\u00a0 \u00a0 71 l<br \/>Augstums:\u00a0 \u00a0 59.4 cm<br \/>Platums:\u00a0 \u00a0 59.5 cm<br \/>Dzi\u013cums:\u00a0 \u00a0 56.7 cm<br \/>Tvaika funkcija:\u00a0 \u00a0 J\u0101<br \/>Autom\u0101tisk\u0101s gatavo\u0161anas programmas:\u00a0 \u00a0 45<br \/>Aizkaves funkcija:\u00a0 \u00a0 Prad\u017eios ir pabaigos<br \/>Videokamera:\u00a0 \u00a0 N\u0113<\/p><\/p>","protected":false},"excerpt":{"rendered":"<p>Izcelsmes valsts:\u00a0 \u00a0 V\u0101cija Ener\u0123ijas avots:\u00a0 \u00a0 ElectricCepe\u0161kr\u0101sns veids:\u00a0 \u00a0 IndependentCepe\u0161kr\u0101sns t\u012br\u012b\u0161anas funkcija:\u00a0 \u00a0 PyroluxeTvaika veids:\u00a0 \u00a0 Added steam (without steam generator)Kr\u0101sa:\u00a0 \u00a0 BlackVad\u012bba:\u00a0 \u00a0 Push in push out knobs (PIPO) \/ Touch controlVad\u012bbas panelis:\u00a0 \u00a0 GlassMikrovi\u013c\u0146u funkcija:\u00a0 \u00a0 N\u0113Teleskopisk\u0101s sliedes:\u00a0 \u00a0 1 levelGa\u013cas termometrs:\u00a0 \u00a0 J\u0101Viegla durvju aizv\u0113r\u0161ana:\u00a0 \u00a0 J\u0101B\u0113rnu dro\u0161\u012bbas aizsardz\u012bba:\u00a0 \u00a0 J\u0101Durti\u0146u [&hellip;]<\/p>\n","protected":false},"featured_media":40926,"comment_status":"open","ping_status":"closed","template":"","meta":{"_joinchat":[]},"product_brand":[262],"product_cat":[266],"product_tag":[],"class_list":{"0":"post-40929","1":"product","2":"type-product","3":"status-publish","4":"has-post-thumbnail","6":"product_brand-aeg","7":"product_cat-iebuvejama-sadzives-tehnika-iebuvejamas-cepeskrasnis","9":"first","10":"instock","11":"shipping-taxable","12":"purchasable","13":"product-type-simple"},"_links":{"self":[{"href":"https:\/\/emeniro.lovehorses.lv\/ru\/wp-json\/wp\/v2\/product\/40929","targetHints":{"allow":["GET"]}}],"collection":[{"href":"https:\/\/emeniro.lovehorses.lv\/ru\/wp-json\/wp\/v2\/product"}],"about":[{"href":"https:\/\/emeniro.lovehorses.lv\/ru\/wp-json\/wp\/v2\/types\/product"}],"replies":[{"embeddable":true,"href":"https:\/\/emeniro.lovehorses.lv\/ru\/wp-json\/wp\/v2\/comments?post=40929"}],"wp:featuredmedia":[{"embeddable":true,"href":"https:\/\/emeniro.lovehorses.lv\/ru\/wp-json\/wp\/v2\/media\/40926"}],"wp:attachment":[{"href":"https:\/\/emeniro.lovehorses.lv\/ru\/wp-json\/wp\/v2\/media?parent=40929"}],"wp:term":[{"taxonomy":"product_brand","embeddable":true,"href":"https:\/\/emeniro.lovehorses.lv\/ru\/wp-json\/wp\/v2\/product_brand?post=40929"},{"taxonomy":"product_cat","embeddable":true,"href":"https:\/\/emeniro.lovehorses.lv\/ru\/wp-json\/wp\/v2\/product_cat?post=40929"},{"taxonomy":"product_tag","embeddable":true,"href":"https:\/\/emeniro.lovehorses.lv\/ru\/wp-json\/wp\/v2\/product_tag?post=40929"}],"curies":[{"name":"wp","href":"https:\/\/api.w.org\/{rel}","templated":true}]}}