{"id":40983,"date":"2026-05-01T05:47:39","date_gmt":"2026-05-01T05:47:39","guid":{"rendered":"https:\/\/emeniro.lovehorses.lv\/product\/ir-veikalalg-akb75675311\/"},"modified":"2026-05-01T05:47:39","modified_gmt":"2026-05-01T05:47:39","slug":"ir-veikalalg-akb75675311","status":"publish","type":"product","link":"https:\/\/emeniro.lovehorses.lv\/ru\/product\/ir-veikalalg-akb75675311\/","title":{"rendered":"(\u0412 \u043d\u0430\u043b\u0438\u0447\u0438\u0438!) LG AKB75675311"},"content":{"rendered":"<p><strong><em>\u0412 \u041d\u0410\u041b\u0418\u0427\u0418\u0418!<\/em><\/strong><\/p>\n<p>Tips:\u00a0 \u00a0 T\u0101lvad\u012bbas pults\u00a0\u00a0<\/p>\n<p>\u0421\u043e\u0432\u043c\u0435\u0441\u0442\u0438\u043c\u043e\u0441\u0442\u044c<br \/>Sader\u012bgs ar z\u012bmoliem:\u00a0 \u00a0 LG\u00a0\u00a0<br \/>Piem\u0113rots mode\u013ciem:\u00a0 \u00a0 \u201cLK\u201d, \u201cUK\u201d, \u201cUM\u201d serijam\u00a0 \u00a0<\/p><\/p>","protected":false},"excerpt":{"rendered":"<p>IR VEIKAL\u0100! Tips:\u00a0 \u00a0 T\u0101lvad\u012bbas pults\u00a0\u00a0 Sader\u012bbaSader\u012bgs ar z\u012bmoliem:\u00a0 \u00a0 LG\u00a0\u00a0Piem\u0113rots mode\u013ciem:\u00a0 \u00a0 \u201cLK\u201d, \u201cUK\u201d, \u201cUM\u201d serijam\u00a0 \u00a0<\/p>","protected":false},"featured_media":40982,"comment_status":"open","ping_status":"closed","template":"","meta":{"_joinchat":[]},"product_brand":[],"product_cat":[313],"product_tag":[],"class_list":{"0":"post-40983","1":"product","2":"type-product","3":"status-publish","4":"has-post-thumbnail","6":"product_cat-tv-foto-video-audio-televizori-un-aksesuari-televizoru-pultis-un-aksesuari","8":"first","9":"instock","10":"shipping-taxable","11":"purchasable","12":"product-type-simple"},"_links":{"self":[{"href":"https:\/\/emeniro.lovehorses.lv\/ru\/wp-json\/wp\/v2\/product\/40983","targetHints":{"allow":["GET"]}}],"collection":[{"href":"https:\/\/emeniro.lovehorses.lv\/ru\/wp-json\/wp\/v2\/product"}],"about":[{"href":"https:\/\/emeniro.lovehorses.lv\/ru\/wp-json\/wp\/v2\/types\/product"}],"replies":[{"embeddable":true,"href":"https:\/\/emeniro.lovehorses.lv\/ru\/wp-json\/wp\/v2\/comments?post=40983"}],"wp:featuredmedia":[{"embeddable":true,"href":"https:\/\/emeniro.lovehorses.lv\/ru\/wp-json\/wp\/v2\/media\/40982"}],"wp:attachment":[{"href":"https:\/\/emeniro.lovehorses.lv\/ru\/wp-json\/wp\/v2\/media?parent=40983"}],"wp:term":[{"taxonomy":"product_brand","embeddable":true,"href":"https:\/\/emeniro.lovehorses.lv\/ru\/wp-json\/wp\/v2\/product_brand?post=40983"},{"taxonomy":"product_cat","embeddable":true,"href":"https:\/\/emeniro.lovehorses.lv\/ru\/wp-json\/wp\/v2\/product_cat?post=40983"},{"taxonomy":"product_tag","embeddable":true,"href":"https:\/\/emeniro.lovehorses.lv\/ru\/wp-json\/wp\/v2\/product_tag?post=40983"}],"curies":[{"name":"wp","href":"https:\/\/api.w.org\/{rel}","templated":true}]}}