{"id":41072,"date":"2026-05-01T05:50:12","date_gmt":"2026-05-01T05:50:12","guid":{"rendered":"https:\/\/emeniro.lovehorses.lv\/product\/rowenta-digitalais-keramikas-silditajs-2000w-29db-so9361f0\/"},"modified":"2026-05-01T05:50:12","modified_gmt":"2026-05-01T05:50:12","slug":"rowenta-digitalais-keramikas-silditajs-2000w-29db-so9361f0","status":"publish","type":"product","link":"https:\/\/emeniro.lovehorses.lv\/ru\/product\/rowenta-digitalais-keramikas-silditajs-2000w-29db-so9361f0\/","title":{"rendered":"\u0426\u0438\u0444\u0440\u043e\u0432\u043e\u0439 \u043a\u0435\u0440\u0430\u043c\u0438\u0447\u0435\u0441\u043a\u0438\u0439 \u043e\u0431\u043e\u0433\u0440\u0435\u0432\u0430\u0442\u0435\u043b\u044c Rowenta 2000W 29dB SO9361F0"},"content":{"rendered":"<p><span class=\"HwtZe\" lang=\"lv\"><span class=\"jCAhz ChMk0b\"><span class=\"ryNqvb\">\u041f\u0440\u043e\u0434\u0443\u043a\u0442<\/span><\/span><\/span><\/p>\n<p><span class=\"HwtZe\" lang=\"lv\"><span class=\"jCAhz ChMk0b\"><span class=\"ryNqvb\">EAN3121040095768<br \/>\u041e\u0441\u043d\u043e\u0432\u043d\u0430\u044f \u0438\u043d\u0444\u043e\u0440\u043c\u0430\u0446\u0438\u044f<br \/>\u0422\u0438\u043f: \u041a\u043e\u043d\u0432\u0435\u043a\u0442\u043e\u0440<br \/>\u0426\u0432\u0435\u0442: \u0427\u0435\u0440\u043d\u044b\u0439<br \/>\u0422\u0435\u0445\u043d\u0438\u0447\u0435\u0441\u043a\u0438\u0435 \u0445\u0430\u0440\u0430\u043a\u0442\u0435\u0440\u0438\u0441\u0442\u0438\u043a\u0438<br \/>\u041c\u0430\u043a\u0441\u0438\u043c\u0430\u043b\u044c\u043d\u0430\u044f \u043c\u043e\u0449\u043d\u043e\u0441\u0442\u044c: 2000 W<br \/>\u041c\u0438\u043d\u0438\u043c\u0430\u043b\u044c\u043d\u0430\u044f \u043c\u043e\u0449\u043d\u043e\u0441\u0442\u044c: 1000 W<br \/>\u0424\u0443\u043d\u043a\u0446\u0438\u0438: \u0421 \u0442\u0430\u0439\u043c\u0435\u0440\u043e\u043c<br \/>\u0421 \u0442\u0435\u0440\u043c\u043e\u0441\u0442\u0430\u0442\u043e\u043c<br \/>\u041a\u043e\u043b\u0438\u0447\u0435\u0441\u0442\u0432\u043e \u0443\u0440\u043e\u0432\u043d\u0435\u0439 \u043c\u043e\u0449\u043d\u043e\u0441\u0442\u0438: 4<br \/>\u041a\u043e\u043b\u0435\u0441\u0430: \u0411\u0435\u0437 \u043a\u043e\u043b\u0435\u0441<br \/>\u041f\u0443\u043b\u044c\u0442 \u0434\u0438\u0441\u0442\u0430\u043d\u0446\u0438\u043e\u043d\u043d\u043e\u0433\u043e \u0443\u043f\u0440\u0430\u0432\u043b\u0435\u043d\u0438\u044f: \u0411\u0435\u0437 \u043f\u0443\u043b\u044c\u0442\u0430<br \/>\u0412\u0435\u043d\u0442\u0438\u043b\u044f\u0442\u043e\u0440: \u0411\u0435\u0437 \u0432\u0435\u043d\u0442\u0438\u043b\u044f\u0442\u043e\u0440\u0430<br \/>\u0423\u043f\u0440\u0430\u0432\u043b\u0435\u043d\u0438\u0435 \u0447\u0435\u0440\u0435\u0437 \u043f\u0440\u0438\u043b\u043e\u0436\u0435\u043d\u0438\u0435: \u041d\u0435\u0442<br \/>\u0424\u0438\u0437\u0438\u0447\u0435\u0441\u043a\u0438\u0435 \u043f\u0430\u0440\u0430\u043c\u0435\u0442\u0440\u044b<br \/>\u0428\u0438\u0440\u0438\u043d\u0430: 30 \u0441\u043c<br \/>\u0412\u044b\u0441\u043e\u0442\u0430: 70,5 \u0441\u043c<br \/>\u0413\u043b\u0443\u0431\u0438\u043d\u0430: 18,5 \u0441\u043c<br \/>\u0412\u0435\u0441: \u0414\u0430\u043d\u043d\u044b\u0435 \u043e\u0442\u0441\u0443\u0442\u0441\u0442\u0432\u0443\u044e\u0442<\/span><\/span><\/span><\/p><\/p>","protected":false},"excerpt":{"rendered":"<p>Produkts EAN3121040095768Pamatinform\u0101cijaTips: KonvektorsKr\u0101sa: MelnaTehniskie datiMaksim\u0101l\u0101 jauda: 2000 WMinim\u0101l\u0101 jauda: 1000 WFunkcijas: Ar taimeriAr termostatuJaudas l\u012bme\u0146u skaits: 4Rite\u0146i: Bez rite\u0146iemT\u0101lvad\u012bbas pults: Bez t\u0101lvad\u012bbas pultsVentilators: Bez ventilatoraLietotnes vad\u012bba: N\u0113Fiziskie parametriPlatums: 30 cmAugstums: 70,5 cmDzi\u013cums: 18,5 cmSvars: Nav datu<\/p>","protected":false},"featured_media":41068,"comment_status":"open","ping_status":"closed","template":"","meta":{"_joinchat":[]},"product_brand":[386],"product_cat":[288],"product_tag":[],"class_list":{"0":"post-41072","1":"product","2":"type-product","3":"status-publish","4":"has-post-thumbnail","6":"product_brand-rowenta","7":"product_cat-siltumtehnika-silditaji-ar-gaisu-sildelementu","9":"first","10":"instock","11":"shipping-taxable","12":"purchasable","13":"product-type-simple"},"_links":{"self":[{"href":"https:\/\/emeniro.lovehorses.lv\/ru\/wp-json\/wp\/v2\/product\/41072","targetHints":{"allow":["GET"]}}],"collection":[{"href":"https:\/\/emeniro.lovehorses.lv\/ru\/wp-json\/wp\/v2\/product"}],"about":[{"href":"https:\/\/emeniro.lovehorses.lv\/ru\/wp-json\/wp\/v2\/types\/product"}],"replies":[{"embeddable":true,"href":"https:\/\/emeniro.lovehorses.lv\/ru\/wp-json\/wp\/v2\/comments?post=41072"}],"wp:featuredmedia":[{"embeddable":true,"href":"https:\/\/emeniro.lovehorses.lv\/ru\/wp-json\/wp\/v2\/media\/41068"}],"wp:attachment":[{"href":"https:\/\/emeniro.lovehorses.lv\/ru\/wp-json\/wp\/v2\/media?parent=41072"}],"wp:term":[{"taxonomy":"product_brand","embeddable":true,"href":"https:\/\/emeniro.lovehorses.lv\/ru\/wp-json\/wp\/v2\/product_brand?post=41072"},{"taxonomy":"product_cat","embeddable":true,"href":"https:\/\/emeniro.lovehorses.lv\/ru\/wp-json\/wp\/v2\/product_cat?post=41072"},{"taxonomy":"product_tag","embeddable":true,"href":"https:\/\/emeniro.lovehorses.lv\/ru\/wp-json\/wp\/v2\/product_tag?post=41072"}],"curies":[{"name":"wp","href":"https:\/\/api.w.org\/{rel}","templated":true}]}}