{"id":41318,"date":"2026-05-01T05:56:32","date_gmt":"2026-05-01T05:56:32","guid":{"rendered":"https:\/\/emeniro.lovehorses.lv\/product\/electrolux-cis62450fw\/"},"modified":"2026-05-01T05:56:32","modified_gmt":"2026-05-01T05:56:32","slug":"electrolux-cis62450fw","status":"publish","type":"product","link":"https:\/\/emeniro.lovehorses.lv\/ru\/product\/electrolux-cis62450fw\/","title":{"rendered":"Electrolux CIS62450FW"},"content":{"rendered":"<p>Pre\u010du z\u012bme\u00a0\u00a0\u00a0 Electrolux<\/p>\n<p>\u00a0\u00a0\u00a0 Tips\u00a0\u00a0\u00a0 Elektrisk\u0101<br \/>\u00a0\u00a0\u00a0 Produkta kods\u00a0\u00a0\u00a0 949599329<br \/>\u00a0\u00a0\u00a0 Kr\u0101sa\u00a0\u00a0\u00a0 Balta<br \/>\u00a0\u00a0\u00a0 Sildri\u0146\u0137u skaits\u00a0\u00a0\u00a0 4<br \/>\u00a0\u00a0\u00a0 EAN\u00a0\u00a0\u00a0 7333394045856<br \/>\u0423\u043f\u0440\u0430\u0432\u043b\u0435\u043d\u0438\u0435<br \/>\u00a0\u00a0\u00a0 Vad\u012bba\u00a0\u00a0\u00a0 Sk\u0101rienvad\u012bba<br \/>\u00a0\u00a0\u00a0 Vad\u012bbas panelis\u00a0\u00a0\u00a0 Sk\u0101rienj\u016bt\u012bgs<br \/>\u0420\u0430\u0437\u043c\u0435\u0440\u044b \u0438 \u0432\u0435\u0441<br \/>\u00a0\u00a0\u00a0 Izm\u0113ri, cm\u00a0\u00a0\u00a0 4.4x71x52<br \/>\u00a0\u00a0\u00a0 Svars\u00a0\u00a0\u00a0 10.9 kg<br \/>\u00a0\u00a0\u00a0 Svars ar iepakojumu\u00a0\u00a0\u00a0 11.8 kg<br \/>\u0414\u0440\u0443\u0433\u0438\u0435 \u043f\u0430\u0440\u0430\u043c\u0435\u0442\u0440\u044b<br \/>\u00a0\u00a0\u00a0 Apmale\u00a0\u00a0\u00a0 Priek\u0161\u0113jais sl\u012bpums<br \/>\u00a0\u00a0\u00a0 Taimeris\u00a0\u00a0\u00a0 Ir<br \/>\u00a0\u00a0\u00a0 \u0417\u0430\u0449\u0438\u0442\u0430 \u0434\u0435\u0442\u0441\u043a\u043e\u0439 \u0431\u0435\u0437\u043e\u043f\u0430\u0441\u043d\u043e\u0441\u0442\u0438\u00a0\u00a0 \u00a0<br \/>\u00a0\u00a0\u00a0 Kop\u0113j\u0101 jauda\u00a0\u00a0\u00a0 7.4 kW<\/p><\/p>","protected":false},"excerpt":{"rendered":"<p>Pre\u010du z\u012bme\u00a0\u00a0\u00a0 Electrolux \u00a0\u00a0\u00a0 Tips\u00a0\u00a0\u00a0 Elektrisk\u0101\u00a0\u00a0\u00a0 Produkta kods\u00a0\u00a0\u00a0 949599329\u00a0\u00a0\u00a0 Kr\u0101sa\u00a0\u00a0\u00a0 Balta\u00a0\u00a0\u00a0 Sildri\u0146\u0137u skaits\u00a0\u00a0\u00a0 4\u00a0\u00a0\u00a0 EAN\u00a0\u00a0\u00a0 7333394045856Vad\u012bba\u00a0\u00a0\u00a0 Vad\u012bba\u00a0\u00a0\u00a0 Sk\u0101rienvad\u012bba\u00a0\u00a0\u00a0 Vad\u012bbas panelis\u00a0\u00a0\u00a0 Sk\u0101rienj\u016bt\u012bgsIzm\u0113rs, svars\u00a0\u00a0\u00a0 Izm\u0113ri, cm\u00a0\u00a0\u00a0 4.4x71x52\u00a0\u00a0\u00a0 Svars\u00a0\u00a0\u00a0 10.9 kg\u00a0\u00a0\u00a0 Svars ar iepakojumu\u00a0\u00a0\u00a0 11.8 kgCiti parametri\u00a0\u00a0\u00a0 Apmale\u00a0\u00a0\u00a0 Priek\u0161\u0113jais sl\u012bpums\u00a0\u00a0\u00a0 Taimeris\u00a0\u00a0\u00a0 Ir\u00a0\u00a0\u00a0 B\u0113rnu dro\u0161\u012bbas aizsardz\u012bba\u00a0\u00a0 \u00a0\u00a0\u00a0\u00a0 Kop\u0113j\u0101 jauda\u00a0\u00a0\u00a0 7.4 kW<\/p>","protected":false},"featured_media":41315,"comment_status":"open","ping_status":"closed","template":"","meta":{"_joinchat":[]},"product_brand":[265],"product_cat":[264],"product_tag":[],"class_list":{"0":"post-41318","1":"product","2":"type-product","3":"status-publish","4":"has-post-thumbnail","6":"product_brand-electrolux","7":"product_cat-iebuvejama-sadzives-tehnika-iebuvejamas-elektriskas-plits-virsmas","9":"first","10":"instock","11":"shipping-taxable","12":"purchasable","13":"product-type-simple"},"_links":{"self":[{"href":"https:\/\/emeniro.lovehorses.lv\/ru\/wp-json\/wp\/v2\/product\/41318","targetHints":{"allow":["GET"]}}],"collection":[{"href":"https:\/\/emeniro.lovehorses.lv\/ru\/wp-json\/wp\/v2\/product"}],"about":[{"href":"https:\/\/emeniro.lovehorses.lv\/ru\/wp-json\/wp\/v2\/types\/product"}],"replies":[{"embeddable":true,"href":"https:\/\/emeniro.lovehorses.lv\/ru\/wp-json\/wp\/v2\/comments?post=41318"}],"wp:featuredmedia":[{"embeddable":true,"href":"https:\/\/emeniro.lovehorses.lv\/ru\/wp-json\/wp\/v2\/media\/41315"}],"wp:attachment":[{"href":"https:\/\/emeniro.lovehorses.lv\/ru\/wp-json\/wp\/v2\/media?parent=41318"}],"wp:term":[{"taxonomy":"product_brand","embeddable":true,"href":"https:\/\/emeniro.lovehorses.lv\/ru\/wp-json\/wp\/v2\/product_brand?post=41318"},{"taxonomy":"product_cat","embeddable":true,"href":"https:\/\/emeniro.lovehorses.lv\/ru\/wp-json\/wp\/v2\/product_cat?post=41318"},{"taxonomy":"product_tag","embeddable":true,"href":"https:\/\/emeniro.lovehorses.lv\/ru\/wp-json\/wp\/v2\/product_tag?post=41318"}],"curies":[{"name":"wp","href":"https:\/\/api.w.org\/{rel}","templated":true}]}}